{"id":3816,"date":"2024-04-29T09:30:00","date_gmt":"2024-04-29T09:30:00","guid":{"rendered":"https:\/\/kifood.cn\/product\/zinc-alloy-multifunctional-vegetables-and-fruits-peeling-knife\/"},"modified":"2024-05-14T04:14:00","modified_gmt":"2024-05-14T04:14:00","slug":"zinc-alloy-multifunctional-vegetables-and-fruits-peeling-knife","status":"publish","type":"product","link":"https:\/\/kifood.cn\/fr\/produit\/zinc-alloy-multifunctional-vegetables-and-fruits-peeling-knife\/","title":{"rendered":"Couteau \u00e0 \u00e9plucher les l\u00e9gumes et les fruits multifonctionnels en alliage de zinc"},"content":{"rendered":"<p>&nbsp;<\/p>\n<p><img decoding=\"async\" src=\"https:\/\/ae01.alicdn.com\/kf\/S4e887056ab6f473992eb16b986fa3c56j.jpg\" \/><img decoding=\"async\" src=\"https:\/\/ae01.alicdn.com\/kf\/Sd423211d75074e17a9fbd8ca429e75dad.jpg\" \/><img decoding=\"async\" src=\"https:\/\/ae01.alicdn.com\/kf\/S72bfd6a96aaa47198ad775c3dde90049b.jpg\" \/><img decoding=\"async\" src=\"https:\/\/ae01.alicdn.com\/kf\/S3a61047947ef492b85da8c4d66c87558w.jpg\" \/><img decoding=\"async\" src=\"https:\/\/ae01.alicdn.com\/kf\/S8bbdd071fdfd4b2b8e3fae89112c5304n.jpg\" \/><img decoding=\"async\" src=\"https:\/\/ae01.alicdn.com\/kf\/S25b13fe244aa4497abd79edfa22237f45.jpg\" \/><img decoding=\"async\" src=\"https:\/\/ae01.alicdn.com\/kf\/Sd87d2523b24249aa90b0396b6cfeb1fbU.jpg\" \/><img decoding=\"async\" src=\"https:\/\/ae01.alicdn.com\/kf\/S33c2865b928046c5806731c3370fc4dfc.jpg\" \/><img decoding=\"async\" src=\"https:\/\/ae01.alicdn.com\/kf\/S1a02417a88f84c54b0f7bae7384bf39b8.jpg\" \/><img decoding=\"async\" src=\"https:\/\/ae01.alicdn.com\/kf\/S0bc3f60e4a4e40b09b3f7d7bc6f491aax.jpg\" \/><img decoding=\"async\" src=\"https:\/\/ae01.alicdn.com\/kf\/Sad0b1a8dc4ab405e851f33bd7844de67N.jpg\" \/><img decoding=\"async\" src=\"https:\/\/ae01.alicdn.com\/kf\/Sb801b6bdeb534dc2976ee29c4a69c2a7Q.jpg\" \/><img decoding=\"async\" src=\"https:\/\/ae01.alicdn.com\/kf\/Sab5933fdc1e140efa5ca9a2a40e298cfI.jpg\" \/><\/p>","protected":false},"excerpt":{"rendered":"<p>\u2022 Lame en alliage de zinc : Fabriqu\u00e9e en alliage de zinc, la lame de cet \u00e9plucheur est durable et r\u00e9sistante \u00e0 la rouille, garantissant une utilisation prolong\u00e9e et une coupe nette \u00e0 chaque fois.<\/p>\n<p>\u2022 Conception en deux parties : La conception en deux parties de cet \u00e9plucheur permet un rangement et un transport faciles, ce qui en fait un outil id\u00e9al pour une utilisation \u00e0 la maison comme en d\u00e9placement.<\/p>\n<p>\u2022 Utilisation multifonctionnelle : Cet \u00e9plucheur polyvalent convient non seulement aux l\u00e9gumes, mais aussi aux fruits, ce qui en fait un outil de cuisine indispensable pour tous vos besoins d&#039;\u00e9pluchage.<\/p>\n<p>\u2022 \u00c9cologique : Cet \u00e9plucheur r\u00e9utilisable contribue \u00e0 r\u00e9duire les d\u00e9chets et \u00e0 avoir une cuisine respectueuse de l&#039;environnement.<\/p>\n<p>\u2022 Certifi\u00e9 CE \/ UE : Gr\u00e2ce \u00e0 sa certification CE \/ UE, cet \u00e9plucheur r\u00e9pond \u00e0 des normes \u00e9lev\u00e9es de qualit\u00e9 et de s\u00e9curit\u00e9, vous assurant ainsi une utilisation en toute confiance.<\/p>\n<p>\u2022 Mat\u00e9riau en acier inoxydable : Fabriqu\u00e9 en acier inoxydable, cet \u00e9plucheur est facile \u00e0 nettoyer, robuste et con\u00e7u pour r\u00e9sister \u00e0 une utilisation intensive.<\/p>","protected":false},"featured_media":3810,"comment_status":"open","ping_status":"closed","template":"","meta":{"site-sidebar-layout":"default","site-content-layout":"","ast-site-content-layout":"default","site-content-style":"default","site-sidebar-style":"default","ast-global-header-display":"","ast-banner-title-visibility":"","ast-main-header-display":"","ast-hfb-above-header-display":"","ast-hfb-below-header-display":"","ast-hfb-mobile-header-display":"","site-post-title":"","ast-breadcrumbs-content":"","ast-featured-img":"","footer-sml-layout":"","ast-disable-related-posts":"","theme-transparent-header-meta":"default","adv-header-id-meta":"","stick-header-meta":"default","header-above-stick-meta":"","header-main-stick-meta":"","header-below-stick-meta":"","astra-migrate-meta-layouts":"set","ast-page-background-enabled":"default","ast-page-background-meta":{"desktop":{"background-color":"var(--ast-global-color-4)","background-image":"","background-repeat":"repeat","background-position":"center center","background-size":"auto","background-attachment":"scroll","background-type":"","background-media":"","overlay-type":"","overlay-color":"","overlay-opacity":"","overlay-gradient":""},"tablet":{"background-color":"","background-image":"","background-repeat":"repeat","background-position":"center center","background-size":"auto","background-attachment":"scroll","background-type":"","background-media":"","overlay-type":"","overlay-color":"","overlay-opacity":"","overlay-gradient":""},"mobile":{"background-color":"","background-image":"","background-repeat":"repeat","background-position":"center center","background-size":"auto","background-attachment":"scroll","background-type":"","background-media":"","overlay-type":"","overlay-color":"","overlay-opacity":"","overlay-gradient":""}},"ast-content-background-meta":{"desktop":{"background-color":"var(--ast-global-color-5)","background-image":"","background-repeat":"repeat","background-position":"center center","background-size":"auto","background-attachment":"scroll","background-type":"","background-media":"","overlay-type":"","overlay-color":"","overlay-opacity":"","overlay-gradient":""},"tablet":{"background-color":"var(--ast-global-color-5)","background-image":"","background-repeat":"repeat","background-position":"center center","background-size":"auto","background-attachment":"scroll","background-type":"","background-media":"","overlay-type":"","overlay-color":"","overlay-opacity":"","overlay-gradient":""},"mobile":{"background-color":"var(--ast-global-color-5)","background-image":"","background-repeat":"repeat","background-position":"center center","background-size":"auto","background-attachment":"scroll","background-type":"","background-media":"","overlay-type":"","overlay-color":"","overlay-opacity":"","overlay-gradient":""}}},"product_brand":[],"product_cat":[80],"product_tag":[],"class_list":{"0":"post-3816","1":"product","2":"type-product","3":"status-publish","4":"has-post-thumbnail","6":"product_cat-kitchen-gadgets","7":"product_shipping_class-shipping-time-15-20-days","8":"desktop-align-left","9":"tablet-align-left","10":"mobile-align-left","12":"first","13":"instock","14":"sale","15":"featured","16":"shipping-taxable","17":"purchasable","18":"product-type-variable"},"_links":{"self":[{"href":"https:\/\/kifood.cn\/fr\/wp-json\/wp\/v2\/product\/3816","targetHints":{"allow":["GET"]}}],"collection":[{"href":"https:\/\/kifood.cn\/fr\/wp-json\/wp\/v2\/product"}],"about":[{"href":"https:\/\/kifood.cn\/fr\/wp-json\/wp\/v2\/types\/product"}],"replies":[{"embeddable":true,"href":"https:\/\/kifood.cn\/fr\/wp-json\/wp\/v2\/comments?post=3816"}],"wp:featuredmedia":[{"embeddable":true,"href":"https:\/\/kifood.cn\/fr\/wp-json\/wp\/v2\/media\/3810"}],"wp:attachment":[{"href":"https:\/\/kifood.cn\/fr\/wp-json\/wp\/v2\/media?parent=3816"}],"wp:term":[{"taxonomy":"product_brand","embeddable":true,"href":"https:\/\/kifood.cn\/fr\/wp-json\/wp\/v2\/product_brand?post=3816"},{"taxonomy":"product_cat","embeddable":true,"href":"https:\/\/kifood.cn\/fr\/wp-json\/wp\/v2\/product_cat?post=3816"},{"taxonomy":"product_tag","embeddable":true,"href":"https:\/\/kifood.cn\/fr\/wp-json\/wp\/v2\/product_tag?post=3816"}],"curies":[{"name":"wp","href":"https:\/\/api.w.org\/{rel}","templated":true}]}}