{"id":3742,"date":"2024-04-25T13:12:00","date_gmt":"2024-04-25T13:12:00","guid":{"rendered":"https:\/\/kifood.cn\/?post_type=product&#038;p=3742"},"modified":"2024-05-09T06:22:41","modified_gmt":"2024-05-09T06:22:41","slug":"2l-microwave-rice-cooker-portable-bento-practical-lunch-box-multifunctional-rice-cooker-household-kitchen-tools","status":"publish","type":"product","link":"https:\/\/kifood.cn\/fr\/produit\/2l-microwave-rice-cooker-portable-bento-practical-lunch-box-multifunctional-rice-cooker-household-kitchen-tools\/","title":{"rendered":"Cuiseur \u00e0 riz multifonctionnel portable 2L"},"content":{"rendered":"<p>Description du produit<\/p>\n<p>mati\u00e8re : plastique<\/p>\n<p>Le paquet contient : 1 * bo\u00eete de rangement<\/p>\n<p>Remarques :<\/p>\n<p>En raison de la mesure manuelle, il peut y avoir une erreur de 0 \u00e0 1 cm. Attention. Veuillez v\u00e9rifier attentivement avant de prendre une d\u00e9cision d&#039;achat.<\/p>\n<p>En raison des diff\u00e9rents moniteurs, la couleur de la photo du produit peut \u00eatre diff\u00e9rente de la couleur r\u00e9elle.<\/p>\n<p><img decoding=\"async\" src=\"https:\/\/ae03.alicdn.com\/kf\/Scf764ef070e445ec93ed68b183929c207.jpg\" \/><\/p>\n<p><img decoding=\"async\" src=\"https:\/\/ae03.alicdn.com\/kf\/S895be8116f4842078c3c6d93b40b472fk.jpg\" \/><\/p>\n<p><img decoding=\"async\" src=\"https:\/\/ae03.alicdn.com\/kf\/Se1f136ec5cbc4039babf490752632a77H.jpg\" \/><\/p>\n<p><img decoding=\"async\" src=\"https:\/\/ae03.alicdn.com\/kf\/S994f3b5f12fe48d5a2d6b93e9017fe03n.jpg\" \/><\/p>\n<p><img decoding=\"async\" src=\"https:\/\/ae03.alicdn.com\/kf\/Sacbd69e102a14ec18547bb6e22aee8d9o.jpg\" \/><\/p>\n<p><img decoding=\"async\" src=\"https:\/\/ae03.alicdn.com\/kf\/S54e9dd30fae44ef99c4570407f48c95fL.jpg\" \/><\/p>\n<p><img decoding=\"async\" src=\"https:\/\/ae03.alicdn.com\/kf\/S6595bfa43083420b9cfee6eef8cc9936y.jpg\" \/><\/p>\n<p><img decoding=\"async\" src=\"https:\/\/ae03.alicdn.com\/kf\/S940ad7d547b1499081abbdb0cff9c2e41.jpg\" \/><\/p>\n<p>&nbsp;<\/p>","protected":false},"excerpt":{"rendered":"<p><strong>Mode d&#039;emploi :<\/strong>\u00a0Versez d\u2019abord le riz dans le r\u00e9cipient, puis lavez le riz avec un tamis et couvrez-le avec une cuill\u00e8re \u00e0 riz.<\/p>\n<p><strong>CONCEPTION PRATIQUE<\/strong>:Ce cuiseur \u00e0 riz \u00e0 micro-ondes a une capacit\u00e9 de 12 tasses de riz, ce qui est suffisant pour toute la famille, et \u00e0 la limite du cuiseur, il peut cuire 8 tasses de riz.<\/p>\n<p><strong>Facile \u00e0 utiliser<\/strong>:Versez le riz dans le corps principal, rincez avec une passoire, fixez le couvercle avec la cuill\u00e8re \u00e0 riz et faites cuire le riz au micro-ondes.<\/p>\n<p>Fabriqu\u00e9 en mat\u00e9riau PP r\u00e9sistant \u00e0 la chaleur, il r\u00e9siste \u00e0 des temp\u00e9ratures allant de -20\u00b0C \u00e0 120\u00b0C.<\/p>","protected":false},"featured_media":3736,"comment_status":"open","ping_status":"closed","template":"","meta":{"site-sidebar-layout":"default","site-content-layout":"","ast-site-content-layout":"default","site-content-style":"default","site-sidebar-style":"default","ast-global-header-display":"","ast-banner-title-visibility":"","ast-main-header-display":"","ast-hfb-above-header-display":"","ast-hfb-below-header-display":"","ast-hfb-mobile-header-display":"","site-post-title":"","ast-breadcrumbs-content":"","ast-featured-img":"","footer-sml-layout":"","ast-disable-related-posts":"","theme-transparent-header-meta":"default","adv-header-id-meta":"","stick-header-meta":"default","header-above-stick-meta":"","header-main-stick-meta":"","header-below-stick-meta":"","astra-migrate-meta-layouts":"set","ast-page-background-enabled":"default","ast-page-background-meta":{"desktop":{"background-color":"var(--ast-global-color-4)","background-image":"","background-repeat":"repeat","background-position":"center center","background-size":"auto","background-attachment":"scroll","background-type":"","background-media":"","overlay-type":"","overlay-color":"","overlay-opacity":"","overlay-gradient":""},"tablet":{"background-color":"","background-image":"","background-repeat":"repeat","background-position":"center center","background-size":"auto","background-attachment":"scroll","background-type":"","background-media":"","overlay-type":"","overlay-color":"","overlay-opacity":"","overlay-gradient":""},"mobile":{"background-color":"","background-image":"","background-repeat":"repeat","background-position":"center center","background-size":"auto","background-attachment":"scroll","background-type":"","background-media":"","overlay-type":"","overlay-color":"","overlay-opacity":"","overlay-gradient":""}},"ast-content-background-meta":{"desktop":{"background-color":"var(--ast-global-color-5)","background-image":"","background-repeat":"repeat","background-position":"center center","background-size":"auto","background-attachment":"scroll","background-type":"","background-media":"","overlay-type":"","overlay-color":"","overlay-opacity":"","overlay-gradient":""},"tablet":{"background-color":"var(--ast-global-color-5)","background-image":"","background-repeat":"repeat","background-position":"center center","background-size":"auto","background-attachment":"scroll","background-type":"","background-media":"","overlay-type":"","overlay-color":"","overlay-opacity":"","overlay-gradient":""},"mobile":{"background-color":"var(--ast-global-color-5)","background-image":"","background-repeat":"repeat","background-position":"center center","background-size":"auto","background-attachment":"scroll","background-type":"","background-media":"","overlay-type":"","overlay-color":"","overlay-opacity":"","overlay-gradient":""}}},"product_brand":[],"product_cat":[84],"product_tag":[],"class_list":{"0":"post-3742","1":"product","2":"type-product","3":"status-publish","4":"has-post-thumbnail","6":"product_cat-cookware","7":"product_shipping_class-shipping-time-15-20-days","8":"desktop-align-left","9":"tablet-align-left","10":"mobile-align-left","12":"first","13":"instock","14":"sale","15":"shipping-taxable","16":"purchasable","17":"product-type-variable"},"_links":{"self":[{"href":"https:\/\/kifood.cn\/fr\/wp-json\/wp\/v2\/product\/3742","targetHints":{"allow":["GET"]}}],"collection":[{"href":"https:\/\/kifood.cn\/fr\/wp-json\/wp\/v2\/product"}],"about":[{"href":"https:\/\/kifood.cn\/fr\/wp-json\/wp\/v2\/types\/product"}],"replies":[{"embeddable":true,"href":"https:\/\/kifood.cn\/fr\/wp-json\/wp\/v2\/comments?post=3742"}],"wp:featuredmedia":[{"embeddable":true,"href":"https:\/\/kifood.cn\/fr\/wp-json\/wp\/v2\/media\/3736"}],"wp:attachment":[{"href":"https:\/\/kifood.cn\/fr\/wp-json\/wp\/v2\/media?parent=3742"}],"wp:term":[{"taxonomy":"product_brand","embeddable":true,"href":"https:\/\/kifood.cn\/fr\/wp-json\/wp\/v2\/product_brand?post=3742"},{"taxonomy":"product_cat","embeddable":true,"href":"https:\/\/kifood.cn\/fr\/wp-json\/wp\/v2\/product_cat?post=3742"},{"taxonomy":"product_tag","embeddable":true,"href":"https:\/\/kifood.cn\/fr\/wp-json\/wp\/v2\/product_tag?post=3742"}],"curies":[{"name":"wp","href":"https:\/\/api.w.org\/{rel}","templated":true}]}}