{"id":3601,"date":"2024-04-25T12:59:00","date_gmt":"2024-04-25T12:59:00","guid":{"rendered":"https:\/\/kifood.cn\/?post_type=product&#038;p=3601"},"modified":"2024-05-09T06:30:31","modified_gmt":"2024-05-09T06:30:31","slug":"silicone-world-3-in-1-reusable-food-storage-keep-fresh-cover-pet-can-box-cover-silicone-can-lid-hot-kitchen-tools","status":"publish","type":"product","link":"https:\/\/kifood.cn\/fr\/produit\/silicone-world-3-in-1-reusable-food-storage-keep-fresh-cover-pet-can-box-cover-silicone-can-lid-hot-kitchen-tools\/","title":{"rendered":"Couvercles de conservation des aliments r\u00e9utilisables 3 en 1 Silicone World"},"content":{"rendered":"<p><strong>Points cl\u00e9s :<\/strong><\/p>\n<p>1. Excellente qualit\u00e9 \u2013 Ce couvercle pour bo\u00eete de nourriture pour animaux est fabriqu\u00e9 en silicone alimentaire d&#039;excellente qualit\u00e9. Il est durable et s\u00fbr. Il permet de couvrir les bo\u00eetes sans ab\u00eemer les aliments.<\/p>\n<p>2. Large gamme d&#039;applications \u2013 Ce couvercle pour bo\u00eete de nourriture pour chien offre de nombreuses possibilit\u00e9s d&#039;utilisation. Il est disponible en trois diam\u00e8tres int\u00e9rieurs diff\u00e9rents\u00a0: 6,5\u00a0cm, 7,5\u00a0cm et 8,5\u00a0cm. Il peut \u00eatre utilis\u00e9 pour couvrir diverses bo\u00eetes de nourriture pour animaux et autres.<\/p>\n<p>3. Excellente \u00e9tanch\u00e9it\u00e9 \u2013 Ce couvercle pour nourriture pour chat est efficace. Il permet de conserver les aliments frais plus longtemps. Il est inodore et permet de conserver les aliments herm\u00e9tiquement au r\u00e9frig\u00e9rateur.<\/p>\n<p>4. Facile \u00e0 nettoyer \u2013 Ce couvercle de bo\u00eete pour nourriture pour chien est tr\u00e8s facile \u00e0 nettoyer. Il passe au lave-vaisselle. Vous pouvez facilement le nettoyer dans l&#039;\u00e9vier ou le mettre au lave-vaisselle.<\/p>\n<p>5. Couleurs vives \u2013 Ce couvercle pour bo\u00eete de conserve pour chien est disponible en 6 couleurs pour r\u00e9pondre \u00e0 tous vos besoins. Il est id\u00e9al pour conserver l&#039;odeur des bo\u00eetes de nourriture ouvertes et pr\u00e9server la fra\u00eecheur des aliments.<\/p>\n<p>&nbsp;<\/p>\n<p><strong>Description:<\/strong><\/p>\n<p>Ce couvercle pour bo\u00eete de nourriture pour animaux est fabriqu\u00e9 en silicone alimentaire d&#039;excellente qualit\u00e9. Il est durable et s\u00fbr. Il permet de couvrir la bo\u00eete sans ab\u00eemer les aliments.<\/p>\n<p>Ce couvercle pour nourriture pour chat est efficace. Il permet de conserver les aliments frais plus longtemps. Il est inodore et permet de conserver les aliments herm\u00e9tiquement au r\u00e9frig\u00e9rateur.<\/p>\n<p>&nbsp;<\/p>\n<p><strong>Caract\u00e9ristiques:<\/strong><\/p>\n<p>Nom : Couvercles de bo\u00eetes de nourriture pour animaux de compagnie<\/p>\n<p>Mat\u00e9riel:Silicone<\/p>\n<p>Poids : environ 30 g<\/p>\n<p>Taille : environ 9 x 9 cm \/ 3,54 x 3,54 pouces<\/p>\n<p>&nbsp;<\/p>\n<p><strong>Caract\u00e9ristiques:<\/strong><\/p>\n<p>3 diam\u00e8tres int\u00e9rieurs diff\u00e9rents<\/p>\n<p>Convient \u00e0 diverses bo\u00eetes de conserve<\/p>\n<p>Excellente \u00e9tanch\u00e9it\u00e9<\/p>\n<p>Liste des paquets:<\/p>\n<p>Couvercle de bo\u00eete de nourriture pour animaux de compagnie * 1<\/p>\n<p><img decoding=\"async\" src=\"https:\/\/ae01.alicdn.com\/kf\/S5ebd1e1b4c214d63b3870092c7b9451b8.jpg\" \/><img decoding=\"async\" src=\"https:\/\/ae01.alicdn.com\/kf\/Sdd89b27a343f405aad1f6b521b3ad501M.jpg\" \/><img decoding=\"async\" src=\"https:\/\/ae01.alicdn.com\/kf\/S3fc55e63dac3452bae60540e15c7ddcez.jpg\" \/><img decoding=\"async\" src=\"https:\/\/ae01.alicdn.com\/kf\/S1aa43adfab894c479a063cdd8354e2a3L.jpg\" \/><img decoding=\"async\" src=\"https:\/\/ae01.alicdn.com\/kf\/S4b1b91e4857e4430be712e4ce40d84b2x.jpg\" \/><img decoding=\"async\" src=\"https:\/\/ae01.alicdn.com\/kf\/S74a378e943c74f2897f21faf17301444y.jpg\" \/><img decoding=\"async\" src=\"https:\/\/ae01.alicdn.com\/kf\/S20aa9f077ac443b89c08358f32097f26G.jpg\" \/><img decoding=\"async\" src=\"https:\/\/ae01.alicdn.com\/kf\/Sf57eea1514de4d4cbe123c8558529ab3F.jpg\" \/><img decoding=\"async\" src=\"https:\/\/ae01.alicdn.com\/kf\/Sc58d3fa521754b07b2ce04f2147f5d6bk.jpg\" \/><img decoding=\"async\" src=\"https:\/\/ae01.alicdn.com\/kf\/S9d37f11f9cc34eeb9e5f94a3cfdbab97A.jpg\" \/><img decoding=\"async\" src=\"https:\/\/ae01.alicdn.com\/kf\/S1528d7e8cd264ee69681651d923ee8b5i.jpg\" \/><\/p>\n<p>&nbsp;<\/p>","protected":false},"excerpt":{"rendered":"<p>Fente multi-boucle invers\u00e9e sans fuite : conception de joint int\u00e9gr\u00e9, isolation, absorption d&#039;air, bon emballage difficile \u00e0 fuir.<br \/>\nLa poign\u00e9e profil\u00e9e offre des aliments nutritifs et d\u00e9licieux : la conception de la poign\u00e9e profil\u00e9e, la longueur mod\u00e9r\u00e9e et la prise en main confortable.<br \/>\nConception r\u00e9fl\u00e9chie, couvercle \u00e0 ouverture facile : bord de saisie pratique, lisse, d\u00e9licat et confortable.<br \/>\nNettoyage facile, formant un seul corps : conception int\u00e9gr\u00e9e, nettoyage sans pression, nettoyage sans r\u00e9sidus.<br \/>\nLe gel de silice souple n&#039;est pas facile \u00e0 d\u00e9former : l&#039;assurance de vieillissement difficile \u00e0 d\u00e9former peut \u00eatre utilis\u00e9e pendant longtemps.<\/p>","protected":false},"featured_media":3595,"comment_status":"open","ping_status":"closed","template":"","meta":{"site-sidebar-layout":"default","site-content-layout":"","ast-site-content-layout":"default","site-content-style":"default","site-sidebar-style":"default","ast-global-header-display":"","ast-banner-title-visibility":"","ast-main-header-display":"","ast-hfb-above-header-display":"","ast-hfb-below-header-display":"","ast-hfb-mobile-header-display":"","site-post-title":"","ast-breadcrumbs-content":"","ast-featured-img":"","footer-sml-layout":"","ast-disable-related-posts":"","theme-transparent-header-meta":"default","adv-header-id-meta":"","stick-header-meta":"default","header-above-stick-meta":"","header-main-stick-meta":"","header-below-stick-meta":"","astra-migrate-meta-layouts":"set","ast-page-background-enabled":"default","ast-page-background-meta":{"desktop":{"background-color":"var(--ast-global-color-4)","background-image":"","background-repeat":"repeat","background-position":"center center","background-size":"auto","background-attachment":"scroll","background-type":"","background-media":"","overlay-type":"","overlay-color":"","overlay-opacity":"","overlay-gradient":""},"tablet":{"background-color":"","background-image":"","background-repeat":"repeat","background-position":"center center","background-size":"auto","background-attachment":"scroll","background-type":"","background-media":"","overlay-type":"","overlay-color":"","overlay-opacity":"","overlay-gradient":""},"mobile":{"background-color":"","background-image":"","background-repeat":"repeat","background-position":"center center","background-size":"auto","background-attachment":"scroll","background-type":"","background-media":"","overlay-type":"","overlay-color":"","overlay-opacity":"","overlay-gradient":""}},"ast-content-background-meta":{"desktop":{"background-color":"var(--ast-global-color-5)","background-image":"","background-repeat":"repeat","background-position":"center center","background-size":"auto","background-attachment":"scroll","background-type":"","background-media":"","overlay-type":"","overlay-color":"","overlay-opacity":"","overlay-gradient":""},"tablet":{"background-color":"var(--ast-global-color-5)","background-image":"","background-repeat":"repeat","background-position":"center center","background-size":"auto","background-attachment":"scroll","background-type":"","background-media":"","overlay-type":"","overlay-color":"","overlay-opacity":"","overlay-gradient":""},"mobile":{"background-color":"var(--ast-global-color-5)","background-image":"","background-repeat":"repeat","background-position":"center center","background-size":"auto","background-attachment":"scroll","background-type":"","background-media":"","overlay-type":"","overlay-color":"","overlay-opacity":"","overlay-gradient":""}}},"product_brand":[],"product_cat":[80],"product_tag":[],"class_list":{"0":"post-3601","1":"product","2":"type-product","3":"status-publish","4":"has-post-thumbnail","6":"product_cat-kitchen-gadgets","7":"product_shipping_class-shipping-time-15-20-days","8":"desktop-align-left","9":"tablet-align-left","10":"mobile-align-left","12":"first","13":"instock","14":"sale","15":"shipping-taxable","16":"purchasable","17":"product-type-variable"},"_links":{"self":[{"href":"https:\/\/kifood.cn\/fr\/wp-json\/wp\/v2\/product\/3601","targetHints":{"allow":["GET"]}}],"collection":[{"href":"https:\/\/kifood.cn\/fr\/wp-json\/wp\/v2\/product"}],"about":[{"href":"https:\/\/kifood.cn\/fr\/wp-json\/wp\/v2\/types\/product"}],"replies":[{"embeddable":true,"href":"https:\/\/kifood.cn\/fr\/wp-json\/wp\/v2\/comments?post=3601"}],"wp:featuredmedia":[{"embeddable":true,"href":"https:\/\/kifood.cn\/fr\/wp-json\/wp\/v2\/media\/3595"}],"wp:attachment":[{"href":"https:\/\/kifood.cn\/fr\/wp-json\/wp\/v2\/media?parent=3601"}],"wp:term":[{"taxonomy":"product_brand","embeddable":true,"href":"https:\/\/kifood.cn\/fr\/wp-json\/wp\/v2\/product_brand?post=3601"},{"taxonomy":"product_cat","embeddable":true,"href":"https:\/\/kifood.cn\/fr\/wp-json\/wp\/v2\/product_cat?post=3601"},{"taxonomy":"product_tag","embeddable":true,"href":"https:\/\/kifood.cn\/fr\/wp-json\/wp\/v2\/product_tag?post=3601"}],"curies":[{"name":"wp","href":"https:\/\/api.w.org\/{rel}","templated":true}]}}