{"id":3592,"date":"2024-04-25T12:56:00","date_gmt":"2024-04-25T12:56:00","guid":{"rendered":"https:\/\/kifood.cn\/?post_type=product&#038;p=3592"},"modified":"2024-05-09T06:22:38","modified_gmt":"2024-05-09T06:22:38","slug":"creative-silicone-toaster-silicone-bread-maker-steamer-bread-baking-pan-household-kitchen-baking-tools-1piece","status":"publish","type":"product","link":"https:\/\/kifood.cn\/fr\/produit\/creative-silicone-toaster-silicone-bread-maker-steamer-bread-baking-pan-household-kitchen-baking-tools-1piece\/","title":{"rendered":"Moule \u00e0 pain en silicone"},"content":{"rendered":"<p><img decoding=\"async\" src=\"https:\/\/ae03.alicdn.com\/kf\/Safab274a042349cf99977cce9e336665O.jpg\" \/> <img decoding=\"async\" src=\"https:\/\/ae03.alicdn.com\/kf\/S2b65d0ae49e349eca7e4db7bf5ee7feaf.jpg\" \/> <img decoding=\"async\" src=\"https:\/\/ae03.alicdn.com\/kf\/Saab8fa087498498cbbeb0864684436d17.jpg\" \/> <img decoding=\"async\" src=\"https:\/\/ae03.alicdn.com\/kf\/S8f4e445a84204c61b1109d45ac2da621A.jpg\" \/> <img decoding=\"async\" src=\"https:\/\/ae03.alicdn.com\/kf\/S1be20f5e7e5f4666a5b119da2edff304Y.jpg\" \/> <img decoding=\"async\" src=\"https:\/\/ae03.alicdn.com\/kf\/Se2ed363132a944768c6c0d5568aeb34es.jpg\" \/> <img decoding=\"async\" src=\"https:\/\/ae03.alicdn.com\/kf\/Sb67676affa364846a408305d13050970y.jpg\" \/> <img decoding=\"async\" src=\"https:\/\/ae03.alicdn.com\/kf\/Se11335bde7b1441b8ab8498725ab8f1bI.jpg\" \/><\/p>\n<p>&nbsp;<\/p>","protected":false},"excerpt":{"rendered":"<p>Sa conception polyvalente permet de cuire du vrai pain fait maison dans un seul r\u00e9cipient<\/p>\n<p>En forme de bol partiellement ferm\u00e9, la machine \u00e0 pain permet \u00e0 la vapeur de circuler \u00e0 l&#039;int\u00e9rieur, rendant la p\u00e2te humide et emp\u00eachant le pain de se dess\u00e9cher<\/p>\n<p>Les ouvertures lat\u00e9rales permettent \u00e0 l&#039;air chaud de circuler \u00e0 l&#039;int\u00e9rieur de la machine \u00e0 pain, donnant au pain une texture croustillante et dor\u00e9e<\/p>\n<p>Comprend des recettes faciles pour profiter du go\u00fbt et de l&#039;odeur du pain traditionnel fait maison<\/p>\n<p>Convient au micro-ondes et au lave-vaisselle\u00a0; fabriqu\u00e9 en silicone platine 100% pour r\u00e9sister \u00e0 des temp\u00e9ratures \u00e9lev\u00e9es allant jusqu&#039;\u00e0 428\u00a0\u00baF (220\u00a0\u00baC)<\/p>","protected":false},"featured_media":3586,"comment_status":"open","ping_status":"closed","template":"","meta":{"site-sidebar-layout":"default","site-content-layout":"","ast-site-content-layout":"default","site-content-style":"default","site-sidebar-style":"default","ast-global-header-display":"","ast-banner-title-visibility":"","ast-main-header-display":"","ast-hfb-above-header-display":"","ast-hfb-below-header-display":"","ast-hfb-mobile-header-display":"","site-post-title":"","ast-breadcrumbs-content":"","ast-featured-img":"","footer-sml-layout":"","ast-disable-related-posts":"","theme-transparent-header-meta":"default","adv-header-id-meta":"","stick-header-meta":"default","header-above-stick-meta":"","header-main-stick-meta":"","header-below-stick-meta":"","astra-migrate-meta-layouts":"set","ast-page-background-enabled":"default","ast-page-background-meta":{"desktop":{"background-color":"var(--ast-global-color-4)","background-image":"","background-repeat":"repeat","background-position":"center center","background-size":"auto","background-attachment":"scroll","background-type":"","background-media":"","overlay-type":"","overlay-color":"","overlay-opacity":"","overlay-gradient":""},"tablet":{"background-color":"","background-image":"","background-repeat":"repeat","background-position":"center center","background-size":"auto","background-attachment":"scroll","background-type":"","background-media":"","overlay-type":"","overlay-color":"","overlay-opacity":"","overlay-gradient":""},"mobile":{"background-color":"","background-image":"","background-repeat":"repeat","background-position":"center center","background-size":"auto","background-attachment":"scroll","background-type":"","background-media":"","overlay-type":"","overlay-color":"","overlay-opacity":"","overlay-gradient":""}},"ast-content-background-meta":{"desktop":{"background-color":"var(--ast-global-color-5)","background-image":"","background-repeat":"repeat","background-position":"center center","background-size":"auto","background-attachment":"scroll","background-type":"","background-media":"","overlay-type":"","overlay-color":"","overlay-opacity":"","overlay-gradient":""},"tablet":{"background-color":"var(--ast-global-color-5)","background-image":"","background-repeat":"repeat","background-position":"center center","background-size":"auto","background-attachment":"scroll","background-type":"","background-media":"","overlay-type":"","overlay-color":"","overlay-opacity":"","overlay-gradient":""},"mobile":{"background-color":"var(--ast-global-color-5)","background-image":"","background-repeat":"repeat","background-position":"center center","background-size":"auto","background-attachment":"scroll","background-type":"","background-media":"","overlay-type":"","overlay-color":"","overlay-opacity":"","overlay-gradient":""}}},"product_brand":[],"product_cat":[84],"product_tag":[],"class_list":{"0":"post-3592","1":"product","2":"type-product","3":"status-publish","4":"has-post-thumbnail","6":"product_cat-cookware","7":"product_shipping_class-shipping-time-15-20-days","8":"desktop-align-left","9":"tablet-align-left","10":"mobile-align-left","12":"first","13":"instock","14":"sale","15":"shipping-taxable","16":"purchasable","17":"product-type-simple"},"_links":{"self":[{"href":"https:\/\/kifood.cn\/fr\/wp-json\/wp\/v2\/product\/3592","targetHints":{"allow":["GET"]}}],"collection":[{"href":"https:\/\/kifood.cn\/fr\/wp-json\/wp\/v2\/product"}],"about":[{"href":"https:\/\/kifood.cn\/fr\/wp-json\/wp\/v2\/types\/product"}],"replies":[{"embeddable":true,"href":"https:\/\/kifood.cn\/fr\/wp-json\/wp\/v2\/comments?post=3592"}],"wp:featuredmedia":[{"embeddable":true,"href":"https:\/\/kifood.cn\/fr\/wp-json\/wp\/v2\/media\/3586"}],"wp:attachment":[{"href":"https:\/\/kifood.cn\/fr\/wp-json\/wp\/v2\/media?parent=3592"}],"wp:term":[{"taxonomy":"product_brand","embeddable":true,"href":"https:\/\/kifood.cn\/fr\/wp-json\/wp\/v2\/product_brand?post=3592"},{"taxonomy":"product_cat","embeddable":true,"href":"https:\/\/kifood.cn\/fr\/wp-json\/wp\/v2\/product_cat?post=3592"},{"taxonomy":"product_tag","embeddable":true,"href":"https:\/\/kifood.cn\/fr\/wp-json\/wp\/v2\/product_tag?post=3592"}],"curies":[{"name":"wp","href":"https:\/\/api.w.org\/{rel}","templated":true}]}}