{"id":3581,"date":"2024-04-25T12:49:00","date_gmt":"2024-04-25T12:49:00","guid":{"rendered":"https:\/\/kifood.cn\/?post_type=product&#038;p=3581"},"modified":"2024-06-05T08:17:01","modified_gmt":"2024-06-05T08:17:01","slug":"bbq-grill-tool-set-stainless-steel-barbecue-ing-tools-outdoor-camping-cooking-accessories-kit-with-bag","status":"publish","type":"product","link":"https:\/\/kifood.cn\/fr\/produit\/bbq-grill-tool-set-stainless-steel-barbecue-ing-tools-outdoor-camping-cooking-accessories-kit-with-bag\/","title":{"rendered":"Ensemble d&#039;outils pour barbecue en acier inoxydable avec sac de transport"},"content":{"rendered":"<p><strong>Sp\u00e9cifications du produit\u00a0:<\/strong><\/p>\n<p>Article\u00a0: Ensemble d\u2019ustensiles de barbecue en silicone 3 ou 5 pi\u00e8ces<\/p>\n<p>Mat\u00e9riaux : acier inoxydable, silicone<\/p>\n<p>Couleur : Argent<\/p>\n<p>Longueur\u00a0: environ 33 \u00e0 35\u00a0cm (voir photos ci-dessous)<\/p>\n<p>Utilisation : Barbecue, pique-nique, f\u00eate, camping, cuisine en plein air, etc.<\/p>\n<p>Emballage inclus:<\/p>\n<p>Option A : 1 x Ensemble d&#039;outils de barbecue 3 pi\u00e8ces (1 pince \u00e0 barbecue + 1 fourchette \u00e0 barbecue + 1 spatule \u00e0 griller)<\/p>\n<p>Option B\u00a0: 1 ensemble de 5 outils pour barbecue (1 pince \u00e0 barbecue + 1 fourchette \u00e0 barbecue + 1 spatule \u00e0 griller + 1 pinceau \u00e0 badigeonner + 1 couteau \u00e0 barbecue)<\/p>\n<p>&nbsp;<\/p>\n<p><img decoding=\"async\" src=\"https:\/\/ae01.alicdn.com\/kf\/S086426df68724e2f855eb75a9f96cf55l.jpg?width=800&amp;height=800&amp;hash=1600\" \/> <img decoding=\"async\" src=\"https:\/\/ae01.alicdn.com\/kf\/S92eebc7ee2764b5aa8effc6672685584n.jpg?width=800&amp;height=800&amp;hash=1600\" \/> <img decoding=\"async\" src=\"https:\/\/ae01.alicdn.com\/kf\/Sf52ac411ace046308bb90726c3f65b0fD.jpg?width=800&amp;height=800&amp;hash=1600\" \/> <img decoding=\"async\" src=\"https:\/\/ae01.alicdn.com\/kf\/S7c68a572cff549228fbdc5f54489f2194.jpg?width=800&amp;height=800&amp;hash=1600\" \/> <img decoding=\"async\" src=\"https:\/\/ae01.alicdn.com\/kf\/S35e942845fb949128f002d1f603ff223c.jpg?width=800&amp;height=800&amp;hash=1600\" \/> <img decoding=\"async\" src=\"https:\/\/ae01.alicdn.com\/kf\/S8f504af2a4fb4e45a987d2cb0db33d41L.jpg?width=800&amp;height=800&amp;hash=1600\" \/> <img decoding=\"async\" src=\"https:\/\/ae01.alicdn.com\/kf\/Sedd939fe4910449993295645b5350297j.jpg?width=800&amp;height=800&amp;hash=1600\" \/> <img decoding=\"async\" src=\"https:\/\/ae01.alicdn.com\/kf\/S81e77854dbcb43d98fedcffc7dfd52651.jpg?width=800&amp;height=800&amp;hash=1600\" \/> <img decoding=\"async\" src=\"https:\/\/ae01.alicdn.com\/kf\/Sc31ab2bb65f74e17b84c229a229987710.jpg?width=800&amp;height=800&amp;hash=1600\" \/> <img decoding=\"async\" src=\"https:\/\/ae01.alicdn.com\/kf\/S3929347c6245403db1c6ec153f80043fg.jpg?width=800&amp;height=800&amp;hash=1600\" \/> <img decoding=\"async\" src=\"https:\/\/ae01.alicdn.com\/kf\/S62dc7efdec514ff996f4a35a26ded7c6L.jpg?width=800&amp;height=800&amp;hash=1600\" \/> <img decoding=\"async\" src=\"https:\/\/ae01.alicdn.com\/kf\/S6855b8084fd348a0b0b9e25834b0becbb.jpg?width=800&amp;height=800&amp;hash=1600\" \/> <img decoding=\"async\" src=\"https:\/\/ae01.alicdn.com\/kf\/S8b64e23885ab481da425c9c8e1ee713ez.jpg?width=800&amp;height=800&amp;hash=1600\" \/> <img decoding=\"async\" src=\"https:\/\/ae01.alicdn.com\/kf\/Sa9d05ab17b5b4c9898eb8f6cbb5e86c7S.jpg?width=800&amp;height=800&amp;hash=1600\" \/> <img decoding=\"async\" src=\"https:\/\/ae01.alicdn.com\/kf\/Sea86aa4f90f842bb9f76fd25acbd33487.jpg?width=800&amp;height=800&amp;hash=1600\" \/> <img decoding=\"async\" src=\"https:\/\/ae01.alicdn.com\/kf\/Scb6e950b06734e299cc228038455587eA.jpg?width=800&amp;height=800&amp;hash=1600\" \/><\/p>\n<p>&nbsp;<\/p>","protected":false},"excerpt":{"rendered":"<p>Fabriqu\u00e9 en acier inoxydable de premi\u00e8re qualit\u00e9, robuste, durable et r\u00e9sistant.<\/p>\n<p>L&#039;ensemble d&#039;outils de barbecue professionnels comprend 3 ou 5 outils et accessoires pour le gril ainsi qu&#039;un sac de transport Oxford robuste.<\/p>\n<p>Kit d&#039;accessoires et d&#039;ustensiles de cuisine portables et multifonctionnels pour barbecue \u2013 id\u00e9al pour les grillades, le camping, les pique-niques, la cuisine en plein air et les f\u00eates dans le jardin.<\/p>\n<p>Tous les ustensiles de barbecue sont dot\u00e9s d&#039;une poign\u00e9e ergonomique antid\u00e9rapante et d&#039;un crochet de suspension \u00e0 l&#039;extr\u00e9mit\u00e9, pour une exp\u00e9rience de barbecue confortable.<\/p>\n<p>Les poign\u00e9es allong\u00e9es prot\u00e8gent vos mains de la chaleur.<\/p>\n<p>Un choix id\u00e9al pour les gourmets, les amateurs de barbecue, les cuisiniers et les passionn\u00e9s de camping.<\/p>\n<p>C&#039;est une excellente id\u00e9e cadeau pour la f\u00eate des p\u00e8res, la f\u00eate des m\u00e8res, la f\u00eate des grands-parents, un anniversaire, etc.<\/p>","protected":false},"featured_media":3575,"comment_status":"open","ping_status":"closed","template":"","meta":{"site-sidebar-layout":"default","site-content-layout":"","ast-site-content-layout":"default","site-content-style":"default","site-sidebar-style":"default","ast-global-header-display":"","ast-banner-title-visibility":"","ast-main-header-display":"","ast-hfb-above-header-display":"","ast-hfb-below-header-display":"","ast-hfb-mobile-header-display":"","site-post-title":"","ast-breadcrumbs-content":"","ast-featured-img":"","footer-sml-layout":"","ast-disable-related-posts":"","theme-transparent-header-meta":"default","adv-header-id-meta":"","stick-header-meta":"default","header-above-stick-meta":"","header-main-stick-meta":"","header-below-stick-meta":"","astra-migrate-meta-layouts":"set","ast-page-background-enabled":"default","ast-page-background-meta":{"desktop":{"background-color":"var(--ast-global-color-4)","background-image":"","background-repeat":"repeat","background-position":"center center","background-size":"auto","background-attachment":"scroll","background-type":"","background-media":"","overlay-type":"","overlay-color":"","overlay-opacity":"","overlay-gradient":""},"tablet":{"background-color":"","background-image":"","background-repeat":"repeat","background-position":"center center","background-size":"auto","background-attachment":"scroll","background-type":"","background-media":"","overlay-type":"","overlay-color":"","overlay-opacity":"","overlay-gradient":""},"mobile":{"background-color":"","background-image":"","background-repeat":"repeat","background-position":"center center","background-size":"auto","background-attachment":"scroll","background-type":"","background-media":"","overlay-type":"","overlay-color":"","overlay-opacity":"","overlay-gradient":""}},"ast-content-background-meta":{"desktop":{"background-color":"var(--ast-global-color-5)","background-image":"","background-repeat":"repeat","background-position":"center center","background-size":"auto","background-attachment":"scroll","background-type":"","background-media":"","overlay-type":"","overlay-color":"","overlay-opacity":"","overlay-gradient":""},"tablet":{"background-color":"var(--ast-global-color-5)","background-image":"","background-repeat":"repeat","background-position":"center center","background-size":"auto","background-attachment":"scroll","background-type":"","background-media":"","overlay-type":"","overlay-color":"","overlay-opacity":"","overlay-gradient":""},"mobile":{"background-color":"var(--ast-global-color-5)","background-image":"","background-repeat":"repeat","background-position":"center center","background-size":"auto","background-attachment":"scroll","background-type":"","background-media":"","overlay-type":"","overlay-color":"","overlay-opacity":"","overlay-gradient":""}}},"product_brand":[],"product_cat":[82],"product_tag":[],"class_list":{"0":"post-3581","1":"product","2":"type-product","3":"status-publish","4":"has-post-thumbnail","6":"product_cat-kitchen-utensil","7":"product_shipping_class-shipping-time-15-20-days","8":"desktop-align-left","9":"tablet-align-left","10":"mobile-align-left","12":"first","13":"instock","14":"sale","15":"shipping-taxable","16":"purchasable","17":"product-type-variable"},"_links":{"self":[{"href":"https:\/\/kifood.cn\/fr\/wp-json\/wp\/v2\/product\/3581","targetHints":{"allow":["GET"]}}],"collection":[{"href":"https:\/\/kifood.cn\/fr\/wp-json\/wp\/v2\/product"}],"about":[{"href":"https:\/\/kifood.cn\/fr\/wp-json\/wp\/v2\/types\/product"}],"replies":[{"embeddable":true,"href":"https:\/\/kifood.cn\/fr\/wp-json\/wp\/v2\/comments?post=3581"}],"wp:featuredmedia":[{"embeddable":true,"href":"https:\/\/kifood.cn\/fr\/wp-json\/wp\/v2\/media\/3575"}],"wp:attachment":[{"href":"https:\/\/kifood.cn\/fr\/wp-json\/wp\/v2\/media?parent=3581"}],"wp:term":[{"taxonomy":"product_brand","embeddable":true,"href":"https:\/\/kifood.cn\/fr\/wp-json\/wp\/v2\/product_brand?post=3581"},{"taxonomy":"product_cat","embeddable":true,"href":"https:\/\/kifood.cn\/fr\/wp-json\/wp\/v2\/product_cat?post=3581"},{"taxonomy":"product_tag","embeddable":true,"href":"https:\/\/kifood.cn\/fr\/wp-json\/wp\/v2\/product_tag?post=3581"}],"curies":[{"name":"wp","href":"https:\/\/api.w.org\/{rel}","templated":true}]}}