{"id":3290,"date":"2024-04-24T04:22:00","date_gmt":"2024-04-24T04:22:00","guid":{"rendered":"https:\/\/kifood.cn\/?post_type=product&#038;p=3290"},"modified":"2024-05-09T06:07:23","modified_gmt":"2024-05-09T06:07:23","slug":"double-wire-adjustable-cakes-cutter-stainless-steel-cupcakes-levelers-fondant-leveling-layer-slicer-baking-decorating-tool","status":"publish","type":"product","link":"https:\/\/kifood.cn\/fr\/produit\/double-wire-adjustable-cakes-cutter-stainless-steel-cupcakes-levelers-fondant-leveling-layer-slicer-baking-decorating-tool\/","title":{"rendered":"Double Stainless Steel  Wire Adjustable Cakes Cutter"},"content":{"rendered":"<h5 data-spm-anchor-id=\"0.0.0.i33.5a526a4fkULfzV\"><strong>About this item<\/strong><\/h5>\n<p>Adjustable Cake Cutter slices and levels batter-based cakes into even layers for creating professional-looking layer cakes at home<\/p>\n<p data-spm-anchor-id=\"0.0.0.i31.5a526a4fkULfzV\">Made from stainless steel and wire; strong and durable<\/p>\n<p>Evenly sliced cake layers ensure an equal cake-to-filling distribution for precision decorating, better taste, and professional presentation<\/p>\n<p>Simple to use; adjust wires to the same height on each side, gently pull through the cake to slice layers, and remove and level the top dome<\/p>\n<p data-spm-anchor-id=\"0.0.0.i32.5a526a4fkULfzV\">Easy to use; great for home bakers and professional decorators; dishwasher safe for easy cleanup.<\/p>\n<p data-spm-anchor-id=\"0.0.0.i35.5a526a4fkULfzV\"><img decoding=\"async\" src=\"https:\/\/ae01.alicdn.com\/kf\/S40dfc47f8e264731bb55a0c44e5a2d35j.jpg\" \/><img decoding=\"async\" src=\"https:\/\/ae01.alicdn.com\/kf\/S72468501604e4c9db589746177315dcdt.jpg\" \/><img decoding=\"async\" src=\"https:\/\/ae01.alicdn.com\/kf\/Secb518b92897492589847688a97a6663z.jpg\" \/><img decoding=\"async\" src=\"https:\/\/ae01.alicdn.com\/kf\/S29e9ae3b7e784a6a8dfb782690125248G.jpg\" \/><img decoding=\"async\" src=\"https:\/\/ae01.alicdn.com\/kf\/Sa87a5ea6fba9447d83c826fd2e969d1ck.jpg\" \/><\/p>\n<p>Noted:<\/p>\n<p>1. Veuillez pr\u00e9voir une petite marge d&#039;erreur dans la taille, car elle est mesur\u00e9e manuellement, mais cela n&#039;affectera pas l&#039;utilisation, je vous souhaite un bon shopping.<\/p>\n<p>2. En raison des diff\u00e9rences entre les diff\u00e9rents moniteurs, ou de la lumi\u00e8re de prise de vue et de l&#039;angle, les images peuvent ne pas refl\u00e9ter la couleur r\u00e9elle de l&#039;article, mais la diff\u00e9rence ne sera pas grande, merci de votre compr\u00e9hension.<\/p>\n<p>3. Si vous \u00eates satisfait de nos produits et services, veuillez laisser un commentaire positif, je vous souhaite une bonne journ\u00e9e !<\/p>\n<p>&nbsp;<\/p>","protected":false},"excerpt":{"rendered":"<p><strong>\u2022 Double Wire Design :<\/strong>The double wire design allows for precise and even slicing of cakes and cupcakes.<\/p>\n<p><strong>\u2022 Adjustable Cutter :<\/strong>The adjustable cutter allows for customizable sizing of cakes and cupcakes, making it perfect for any occasion.<\/p>\n<p><strong>\u2022 Stainless Steel Material :<\/strong>Made of durable stainless steel, this tool is rust-resistant and easy to clean, ensuring long-lasting use.<\/p>\n<p><strong>\u2022 Fondant Leveling Layer Slicer :<\/strong>This tool is perfect for creating beautiful and even fondant layers on cakes and cupcakes.<\/p>","protected":false},"featured_media":3284,"comment_status":"open","ping_status":"closed","template":"","meta":{"site-sidebar-layout":"default","site-content-layout":"","ast-site-content-layout":"default","site-content-style":"default","site-sidebar-style":"default","ast-global-header-display":"","ast-banner-title-visibility":"","ast-main-header-display":"","ast-hfb-above-header-display":"","ast-hfb-below-header-display":"","ast-hfb-mobile-header-display":"","site-post-title":"","ast-breadcrumbs-content":"","ast-featured-img":"","footer-sml-layout":"","ast-disable-related-posts":"","theme-transparent-header-meta":"default","adv-header-id-meta":"","stick-header-meta":"default","header-above-stick-meta":"","header-main-stick-meta":"","header-below-stick-meta":"","astra-migrate-meta-layouts":"set","ast-page-background-enabled":"default","ast-page-background-meta":{"desktop":{"background-color":"var(--ast-global-color-4)","background-image":"","background-repeat":"repeat","background-position":"center center","background-size":"auto","background-attachment":"scroll","background-type":"","background-media":"","overlay-type":"","overlay-color":"","overlay-opacity":"","overlay-gradient":""},"tablet":{"background-color":"","background-image":"","background-repeat":"repeat","background-position":"center center","background-size":"auto","background-attachment":"scroll","background-type":"","background-media":"","overlay-type":"","overlay-color":"","overlay-opacity":"","overlay-gradient":""},"mobile":{"background-color":"","background-image":"","background-repeat":"repeat","background-position":"center center","background-size":"auto","background-attachment":"scroll","background-type":"","background-media":"","overlay-type":"","overlay-color":"","overlay-opacity":"","overlay-gradient":""}},"ast-content-background-meta":{"desktop":{"background-color":"var(--ast-global-color-5)","background-image":"","background-repeat":"repeat","background-position":"center center","background-size":"auto","background-attachment":"scroll","background-type":"","background-media":"","overlay-type":"","overlay-color":"","overlay-opacity":"","overlay-gradient":""},"tablet":{"background-color":"var(--ast-global-color-5)","background-image":"","background-repeat":"repeat","background-position":"center center","background-size":"auto","background-attachment":"scroll","background-type":"","background-media":"","overlay-type":"","overlay-color":"","overlay-opacity":"","overlay-gradient":""},"mobile":{"background-color":"var(--ast-global-color-5)","background-image":"","background-repeat":"repeat","background-position":"center center","background-size":"auto","background-attachment":"scroll","background-type":"","background-media":"","overlay-type":"","overlay-color":"","overlay-opacity":"","overlay-gradient":""}}},"product_brand":[],"product_cat":[80],"product_tag":[],"class_list":{"0":"post-3290","1":"product","2":"type-product","3":"status-publish","4":"has-post-thumbnail","6":"product_cat-kitchen-gadgets","7":"product_shipping_class-shipping-time-15-20-days","8":"desktop-align-left","9":"tablet-align-left","10":"mobile-align-left","12":"first","13":"instock","14":"sale","15":"shipping-taxable","16":"purchasable","17":"product-type-variable"},"_links":{"self":[{"href":"https:\/\/kifood.cn\/fr\/wp-json\/wp\/v2\/product\/3290","targetHints":{"allow":["GET"]}}],"collection":[{"href":"https:\/\/kifood.cn\/fr\/wp-json\/wp\/v2\/product"}],"about":[{"href":"https:\/\/kifood.cn\/fr\/wp-json\/wp\/v2\/types\/product"}],"replies":[{"embeddable":true,"href":"https:\/\/kifood.cn\/fr\/wp-json\/wp\/v2\/comments?post=3290"}],"wp:featuredmedia":[{"embeddable":true,"href":"https:\/\/kifood.cn\/fr\/wp-json\/wp\/v2\/media\/3284"}],"wp:attachment":[{"href":"https:\/\/kifood.cn\/fr\/wp-json\/wp\/v2\/media?parent=3290"}],"wp:term":[{"taxonomy":"product_brand","embeddable":true,"href":"https:\/\/kifood.cn\/fr\/wp-json\/wp\/v2\/product_brand?post=3290"},{"taxonomy":"product_cat","embeddable":true,"href":"https:\/\/kifood.cn\/fr\/wp-json\/wp\/v2\/product_cat?post=3290"},{"taxonomy":"product_tag","embeddable":true,"href":"https:\/\/kifood.cn\/fr\/wp-json\/wp\/v2\/product_tag?post=3290"}],"curies":[{"name":"wp","href":"https:\/\/api.w.org\/{rel}","templated":true}]}}