{"id":3278,"date":"2024-04-24T04:17:00","date_gmt":"2024-04-24T04:17:00","guid":{"rendered":"https:\/\/kifood.cn\/?post_type=product&#038;p=3278"},"modified":"2024-05-09T06:07:23","modified_gmt":"2024-05-09T06:07:23","slug":"30x40cm-silicone-mat-baking-tray-baking-net-mat-breathable-non-stick-baking-mat-cookie-mat-high-temperature-oven-mat-g165","status":"publish","type":"product","link":"https:\/\/kifood.cn\/fr\/produit\/30x40cm-silicone-mat-baking-tray-baking-net-mat-breathable-non-stick-baking-mat-cookie-mat-high-temperature-oven-mat-g165\/","title":{"rendered":"Tapis de cuisson r\u00e9utilisables en silicone 30 x 40 cm"},"content":{"rendered":"<p><strong>Caract\u00e9ristiques:<\/strong><\/p>\n<p>Convient pour le micro-ondes de cuisine, le four, peut \u00eatre utilis\u00e9 pour la cuisson du pain, la fabrication de biscuits et la cuisson d&#039;autres aliments.<\/p>\n<p>1. Longue dur\u00e9e de vie, pas besoin de badigeonner d&#039;huile ou de poser du papier sulfuris\u00e9<\/p>\n<p>2. La conception des trous d&#039;a\u00e9ration rend la cuisson plus uniforme<\/p>\n<p>3. S\u00e9curit\u00e9 mat\u00e9rielle, vous pouvez toucher directement les aliments<\/p>\n<p><strong>Caract\u00e9ristiques:<\/strong><\/p>\n<p>Nom du produit : tapis de cuisson en silicone<\/p>\n<p>Num\u00e9ro d&#039;article : G165A<\/p>\n<p>Mat\u00e9riau : fibre de verre + rev\u00eatement en silicone de qualit\u00e9 alimentaire<\/p>\n<p>Poids : 76g<\/p>\n<p>Taille: 30*40cm<\/p>\n<p>Temp\u00e9rature de fonctionnement : inf\u00e9rieure \u00e0 230 degr\u00e9s Celsius<\/p>\n<p><strong>Le forfait comprend:<\/strong><\/p>\n<p>1 tapis de cuisson<\/p>\n<p>Remarque : 1. Avant la premi\u00e8re utilisation, il est recommand\u00e9 de faire tremper dans de l&#039;eau bouillante pendant une minute ou d&#039;utiliser un d\u00e9tergent pour nettoyer et d\u00e9sinfecter avant utilisation.<\/p>\n<p>2. Apr\u00e8s utilisation, veuillez laver et s\u00e9cher \u00e0 l&#039;eau ti\u00e8de, puis placer et ranger, ne pas entrer en contact direct avec la source de feu.<\/p>\n<p>3. Veuillez ne pas utiliser pendant une longue p\u00e9riode dans un environnement sup\u00e9rieur \u00e0 230 \u2103.<\/p>\n<p>4. Ne pas couper avec des couteaux ou des outils tranchants<\/p>\n<p><img decoding=\"async\" src=\"https:\/\/ae01.alicdn.com\/kf\/S55a29df0a1f24e04a779b1f67b4875b7V.jpg\" \/><img decoding=\"async\" src=\"https:\/\/ae01.alicdn.com\/kf\/Sdb52d5e502534c60b3d8951cfba99ed6g.jpg\" \/><img decoding=\"async\" src=\"https:\/\/ae01.alicdn.com\/kf\/S80c076fdbc8b4344b592893bcf570e4bx.jpg\" \/><img decoding=\"async\" src=\"https:\/\/ae01.alicdn.com\/kf\/Sc0a9572010734c8a80312af4fa32d4d6y.jpg\" \/><img decoding=\"async\" src=\"https:\/\/ae01.alicdn.com\/kf\/S9394598d889d47cb8552e7185f275b46i.jpg\" \/><img decoding=\"async\" src=\"https:\/\/ae01.alicdn.com\/kf\/S729cc9d77b9b4488b0e5b06d273cd1476.jpg\" \/><img decoding=\"async\" src=\"https:\/\/ae01.alicdn.com\/kf\/Sd4d0ce9157cd43c18882c5179219b08dP.jpg\" \/><img decoding=\"async\" src=\"https:\/\/ae01.alicdn.com\/kf\/Se37d5f7879af4b9491c4d2d5ccdc8732z.jpg\" \/><img decoding=\"async\" src=\"https:\/\/ae01.alicdn.com\/kf\/Sbe68bc017dbe478eb710e4d41e781a64G.jpg\" \/><\/p>\n<p><img decoding=\"async\" src=\"https:\/\/ae01.alicdn.com\/kf\/S0474835fb6f14b0fb7bc66596b9afe00u.jpg\" \/><\/p>\n<p>&nbsp;<\/p>\n<p>Avis:<\/p>\n<p>&nbsp;<\/p>\n<p>1. Veuillez pr\u00e9voir une petite marge d&#039;erreur dans la taille, car elle est mesur\u00e9e manuellement, mais cela n&#039;affectera pas l&#039;utilisation, je vous souhaite un bon shopping.<\/p>\n<p>2. En raison des diff\u00e9rences entre les diff\u00e9rents moniteurs, ou de la lumi\u00e8re de prise de vue et de l&#039;angle, les images peuvent ne pas refl\u00e9ter la couleur r\u00e9elle de l&#039;article, mais la diff\u00e9rence ne sera pas grande, merci de votre compr\u00e9hension.<\/p>\n<p>3. Si vous \u00eates satisfait de nos produits et services, veuillez laisser un commentaire positif, je vous souhaite une bonne journ\u00e9e !<\/p>\n<p>&nbsp;<\/p>","protected":false},"excerpt":{"rendered":"<p><strong>\u2022 Mat\u00e9riau en silicone de haute qualit\u00e9 :<\/strong>Fabriqu\u00e9 en silicone de haute qualit\u00e9, ce tapis de cuisson offre une durabilit\u00e9 et une r\u00e9sistance \u00e0 la chaleur sup\u00e9rieures, parfait pour les besoins de cuisson.<\/p>\n<p><strong>\u2022 Fonction antiadh\u00e9sive respirante :<\/strong>La fonction antiadh\u00e9sive respirante garantit que vos produits de boulangerie se d\u00e9moulent facilement sans coller, favorisant ainsi une exp\u00e9rience de cuisson plus saine.<\/p>\n<p><strong>\u2022 Utilisation polyvalente :<\/strong>Ce tapis polyvalent est id\u00e9al pour la cuisson de biscuits, d&#039;autres produits de boulangerie et m\u00eame de pizzas, ce qui en fait un outil indispensable pour toute cuisine.<\/p>\n<p><strong>\u2022 Conception \u00e9cologique :<\/strong>Gr\u00e2ce \u00e0 sa conception \u00e9cologique, ce tapis en silicone est r\u00e9utilisable, r\u00e9duisant ainsi les d\u00e9chets et contribuant \u00e0 une routine de cuisine plus durable.<\/p>\n<p><strong>\u2022 R\u00e9sistance aux hautes temp\u00e9ratures :<\/strong>Con\u00e7u pour r\u00e9sister \u00e0 des temp\u00e9ratures \u00e9lev\u00e9es, ce tapis est parfait pour une utilisation dans les fours, garantissant que vos produits de boulangerie cuisent uniform\u00e9ment et parfaitement \u00e0 chaque fois.<\/p>\n<p><strong>\u2022 Taille compacte :<\/strong>Mesurant 30x40 cm, ce tapis de cuisson est compact mais pratique, s&#039;adaptant parfaitement \u00e0 la plupart des plaques de cuisson et \u00e0 la plupart des fours.<\/p>","protected":false},"featured_media":3272,"comment_status":"open","ping_status":"closed","template":"","meta":{"site-sidebar-layout":"default","site-content-layout":"","ast-site-content-layout":"default","site-content-style":"default","site-sidebar-style":"default","ast-global-header-display":"","ast-banner-title-visibility":"","ast-main-header-display":"","ast-hfb-above-header-display":"","ast-hfb-below-header-display":"","ast-hfb-mobile-header-display":"","site-post-title":"","ast-breadcrumbs-content":"","ast-featured-img":"","footer-sml-layout":"","ast-disable-related-posts":"","theme-transparent-header-meta":"default","adv-header-id-meta":"","stick-header-meta":"default","header-above-stick-meta":"","header-main-stick-meta":"","header-below-stick-meta":"","astra-migrate-meta-layouts":"set","ast-page-background-enabled":"default","ast-page-background-meta":{"desktop":{"background-color":"var(--ast-global-color-4)","background-image":"","background-repeat":"repeat","background-position":"center center","background-size":"auto","background-attachment":"scroll","background-type":"","background-media":"","overlay-type":"","overlay-color":"","overlay-opacity":"","overlay-gradient":""},"tablet":{"background-color":"","background-image":"","background-repeat":"repeat","background-position":"center center","background-size":"auto","background-attachment":"scroll","background-type":"","background-media":"","overlay-type":"","overlay-color":"","overlay-opacity":"","overlay-gradient":""},"mobile":{"background-color":"","background-image":"","background-repeat":"repeat","background-position":"center center","background-size":"auto","background-attachment":"scroll","background-type":"","background-media":"","overlay-type":"","overlay-color":"","overlay-opacity":"","overlay-gradient":""}},"ast-content-background-meta":{"desktop":{"background-color":"var(--ast-global-color-5)","background-image":"","background-repeat":"repeat","background-position":"center center","background-size":"auto","background-attachment":"scroll","background-type":"","background-media":"","overlay-type":"","overlay-color":"","overlay-opacity":"","overlay-gradient":""},"tablet":{"background-color":"var(--ast-global-color-5)","background-image":"","background-repeat":"repeat","background-position":"center center","background-size":"auto","background-attachment":"scroll","background-type":"","background-media":"","overlay-type":"","overlay-color":"","overlay-opacity":"","overlay-gradient":""},"mobile":{"background-color":"var(--ast-global-color-5)","background-image":"","background-repeat":"repeat","background-position":"center center","background-size":"auto","background-attachment":"scroll","background-type":"","background-media":"","overlay-type":"","overlay-color":"","overlay-opacity":"","overlay-gradient":""}}},"product_brand":[],"product_cat":[80],"product_tag":[],"class_list":{"0":"post-3278","1":"product","2":"type-product","3":"status-publish","4":"has-post-thumbnail","6":"product_cat-kitchen-gadgets","7":"product_shipping_class-shipping-time-15-20-days","8":"desktop-align-left","9":"tablet-align-left","10":"mobile-align-left","12":"first","13":"instock","14":"sale","15":"shipping-taxable","16":"purchasable","17":"product-type-variable"},"_links":{"self":[{"href":"https:\/\/kifood.cn\/fr\/wp-json\/wp\/v2\/product\/3278","targetHints":{"allow":["GET"]}}],"collection":[{"href":"https:\/\/kifood.cn\/fr\/wp-json\/wp\/v2\/product"}],"about":[{"href":"https:\/\/kifood.cn\/fr\/wp-json\/wp\/v2\/types\/product"}],"replies":[{"embeddable":true,"href":"https:\/\/kifood.cn\/fr\/wp-json\/wp\/v2\/comments?post=3278"}],"wp:featuredmedia":[{"embeddable":true,"href":"https:\/\/kifood.cn\/fr\/wp-json\/wp\/v2\/media\/3272"}],"wp:attachment":[{"href":"https:\/\/kifood.cn\/fr\/wp-json\/wp\/v2\/media?parent=3278"}],"wp:term":[{"taxonomy":"product_brand","embeddable":true,"href":"https:\/\/kifood.cn\/fr\/wp-json\/wp\/v2\/product_brand?post=3278"},{"taxonomy":"product_cat","embeddable":true,"href":"https:\/\/kifood.cn\/fr\/wp-json\/wp\/v2\/product_cat?post=3278"},{"taxonomy":"product_tag","embeddable":true,"href":"https:\/\/kifood.cn\/fr\/wp-json\/wp\/v2\/product_tag?post=3278"}],"curies":[{"name":"wp","href":"https:\/\/api.w.org\/{rel}","templated":true}]}}