{"id":3127,"date":"2024-04-24T02:44:00","date_gmt":"2024-04-24T02:44:00","guid":{"rendered":"https:\/\/kifood.cn\/?post_type=product&#038;p=3127"},"modified":"2024-05-09T06:07:36","modified_gmt":"2024-05-09T06:07:36","slug":"1pcs-honeycomb-37-lattice-cube-tray-maker-with-lid-diy-ice-mold","status":"publish","type":"product","link":"https:\/\/kifood.cn\/fr\/produit\/1pcs-honeycomb-37-lattice-cube-tray-maker-with-lid-diy-ice-mold\/","title":{"rendered":"1 pi\u00e8ces nid d&#039;abeille 37 treillis Cube plateau fabricant avec couvercle bricolage moule \u00e0 glace"},"content":{"rendered":"<p><img decoding=\"async\" src=\"https:\/\/ae01.alicdn.com\/kf\/Sb1d05cc29b754ed390434e8b268ef378K.jpg\" \/><img decoding=\"async\" src=\"https:\/\/ae01.alicdn.com\/kf\/S543dfb81fb314682a4038dc5ca687409Y.jpg\" \/><img decoding=\"async\" src=\"https:\/\/ae01.alicdn.com\/kf\/S9b092336386e4c7d8450bfe80929097bp.jpg\" \/><img decoding=\"async\" src=\"https:\/\/ae01.alicdn.com\/kf\/Se9b07277f2ea4276b6bc081c9e883035Q.jpg\" \/><img decoding=\"async\" src=\"https:\/\/ae01.alicdn.com\/kf\/Se4eaa009b15940fd987be30079c183b2A.jpg\" \/><img fetchpriority=\"high\" decoding=\"async\" src=\"https:\/\/ae01.alicdn.com\/kf\/S20e600cdde2f46b9b4ceee8c03519aeaI.jpg\" width=\"800\" height=\"800\" \/><\/p>","protected":false},"excerpt":{"rendered":"<p>Nos bacs \u00e0 gla\u00e7ons sans BPA sont fabriqu\u00e9s en silicone de qualit\u00e9 alimentaire approuv\u00e9 par la FDA, garantissant la s\u00e9curit\u00e9 pour tous les \u00e2ges.<br \/>\nLe mat\u00e9riau en silicone souple permet un d\u00e9moulage facile de la glace et le design empilable s&#039;adapte \u00e0 n&#039;importe quel r\u00e9frig\u00e9rateur ou mini-r\u00e9frig\u00e9rateur.<br \/>\nLa housse amovible \u00e9vite les odeurs et \u00e9conomise de l&#039;espace.<br \/>\nFaciles \u00e0 nettoyer et lavables au lave-vaisselle, ces plateaux r\u00e9sistent \u00e0 des temp\u00e9ratures de -40 \u00b0F \u00e0 230 \u00b0F.<\/p>","protected":false},"featured_media":3121,"comment_status":"open","ping_status":"closed","template":"","meta":{"site-sidebar-layout":"default","site-content-layout":"","ast-site-content-layout":"default","site-content-style":"default","site-sidebar-style":"default","ast-global-header-display":"","ast-banner-title-visibility":"","ast-main-header-display":"","ast-hfb-above-header-display":"","ast-hfb-below-header-display":"","ast-hfb-mobile-header-display":"","site-post-title":"","ast-breadcrumbs-content":"","ast-featured-img":"","footer-sml-layout":"","ast-disable-related-posts":"","theme-transparent-header-meta":"default","adv-header-id-meta":"","stick-header-meta":"default","header-above-stick-meta":"","header-main-stick-meta":"","header-below-stick-meta":"","astra-migrate-meta-layouts":"set","ast-page-background-enabled":"default","ast-page-background-meta":{"desktop":{"background-color":"var(--ast-global-color-4)","background-image":"","background-repeat":"repeat","background-position":"center center","background-size":"auto","background-attachment":"scroll","background-type":"","background-media":"","overlay-type":"","overlay-color":"","overlay-opacity":"","overlay-gradient":""},"tablet":{"background-color":"","background-image":"","background-repeat":"repeat","background-position":"center center","background-size":"auto","background-attachment":"scroll","background-type":"","background-media":"","overlay-type":"","overlay-color":"","overlay-opacity":"","overlay-gradient":""},"mobile":{"background-color":"","background-image":"","background-repeat":"repeat","background-position":"center center","background-size":"auto","background-attachment":"scroll","background-type":"","background-media":"","overlay-type":"","overlay-color":"","overlay-opacity":"","overlay-gradient":""}},"ast-content-background-meta":{"desktop":{"background-color":"var(--ast-global-color-5)","background-image":"","background-repeat":"repeat","background-position":"center center","background-size":"auto","background-attachment":"scroll","background-type":"","background-media":"","overlay-type":"","overlay-color":"","overlay-opacity":"","overlay-gradient":""},"tablet":{"background-color":"var(--ast-global-color-5)","background-image":"","background-repeat":"repeat","background-position":"center center","background-size":"auto","background-attachment":"scroll","background-type":"","background-media":"","overlay-type":"","overlay-color":"","overlay-opacity":"","overlay-gradient":""},"mobile":{"background-color":"var(--ast-global-color-5)","background-image":"","background-repeat":"repeat","background-position":"center center","background-size":"auto","background-attachment":"scroll","background-type":"","background-media":"","overlay-type":"","overlay-color":"","overlay-opacity":"","overlay-gradient":""}}},"product_brand":[],"product_cat":[80],"product_tag":[],"class_list":{"0":"post-3127","1":"product","2":"type-product","3":"status-publish","4":"has-post-thumbnail","6":"product_cat-kitchen-gadgets","7":"product_shipping_class-shipping-time-15-20-days","8":"desktop-align-left","9":"tablet-align-left","10":"mobile-align-left","12":"first","13":"instock","14":"sale","15":"shipping-taxable","16":"purchasable","17":"product-type-simple"},"_links":{"self":[{"href":"https:\/\/kifood.cn\/fr\/wp-json\/wp\/v2\/product\/3127","targetHints":{"allow":["GET"]}}],"collection":[{"href":"https:\/\/kifood.cn\/fr\/wp-json\/wp\/v2\/product"}],"about":[{"href":"https:\/\/kifood.cn\/fr\/wp-json\/wp\/v2\/types\/product"}],"replies":[{"embeddable":true,"href":"https:\/\/kifood.cn\/fr\/wp-json\/wp\/v2\/comments?post=3127"}],"wp:featuredmedia":[{"embeddable":true,"href":"https:\/\/kifood.cn\/fr\/wp-json\/wp\/v2\/media\/3121"}],"wp:attachment":[{"href":"https:\/\/kifood.cn\/fr\/wp-json\/wp\/v2\/media?parent=3127"}],"wp:term":[{"taxonomy":"product_brand","embeddable":true,"href":"https:\/\/kifood.cn\/fr\/wp-json\/wp\/v2\/product_brand?post=3127"},{"taxonomy":"product_cat","embeddable":true,"href":"https:\/\/kifood.cn\/fr\/wp-json\/wp\/v2\/product_cat?post=3127"},{"taxonomy":"product_tag","embeddable":true,"href":"https:\/\/kifood.cn\/fr\/wp-json\/wp\/v2\/product_tag?post=3127"}],"curies":[{"name":"wp","href":"https:\/\/api.w.org\/{rel}","templated":true}]}}