{"id":2934,"date":"2024-04-23T10:48:00","date_gmt":"2024-04-23T10:48:00","guid":{"rendered":"https:\/\/kifood.cn\/product\/12pcs-silicone-kitchen-utensils-cooking-with-wooden-handle\/"},"modified":"2024-05-09T07:22:36","modified_gmt":"2024-05-09T07:22:36","slug":"12pcs-silicone-kitchen-utensils-cooking-with-wooden-handle","status":"publish","type":"product","link":"https:\/\/kifood.cn\/fr\/produit\/12pcs-silicone-kitchen-utensils-cooking-with-wooden-handle\/","title":{"rendered":"Ustensiles de cuisine en Silicone avec manche en bois, 12 pi\u00e8ces"},"content":{"rendered":"<p>&nbsp;<\/p>\n<p class=\"ql-align-center\"><img decoding=\"async\" src=\"https:\/\/ae01.alicdn.com\/kf\/S353de92180264c6ea187369afc2898abT.jpg\" \/><\/p>\n<p class=\"ql-align-center\"><img decoding=\"async\" src=\"https:\/\/ae01.alicdn.com\/kf\/Sae26194802b14bb9ac990783ffc66777D.jpg\" \/><\/p>\n<p class=\"ql-align-center\"><img decoding=\"async\" src=\"https:\/\/ae01.alicdn.com\/kf\/S28987d9f09db47d1bf1aa0439443364fT.jpg\" \/><\/p>\n<p class=\"ql-align-center\"><img decoding=\"async\" src=\"https:\/\/ae01.alicdn.com\/kf\/S5cca995e80404b269e6dd43583950791n.jpg\" \/><\/p>\n<p class=\"ql-align-center\"><img decoding=\"async\" src=\"https:\/\/ae01.alicdn.com\/kf\/S67772977b9b94895865d3b30624a7ec2T.jpg\" \/><\/p>\n<p class=\"ql-align-center\"><img decoding=\"async\" src=\"https:\/\/ae01.alicdn.com\/kf\/S4937f68db2894b078ff69f3c349503bfb.jpg\" \/><\/p>\n<p class=\"ql-align-center\"><img decoding=\"async\" src=\"https:\/\/ae01.alicdn.com\/kf\/Sdbc4109b758f43e29a6ab707d0fc305d3.jpg\" \/><\/p>\n<p class=\"ql-align-center\"><img decoding=\"async\" src=\"https:\/\/ae01.alicdn.com\/kf\/S3ee49b313e714988a033d8b691820ce8i.jpg\" \/><\/p>\n<p class=\"ql-align-center\"><img decoding=\"async\" src=\"https:\/\/ae01.alicdn.com\/kf\/S6f12914020d046de8367f557692c47983.jpg\" \/><\/p>\n<p class=\"ql-align-center\"><img decoding=\"async\" src=\"https:\/\/ae01.alicdn.com\/kf\/S519c81f0cd224ea1b0be9f7a68a3c8cdo.jpg\" \/><\/p>\n<p>&nbsp;<\/p>","protected":false},"excerpt":{"rendered":"<p>Fabriqu\u00e9 en silicone de qualit\u00e9 alimentaire, sans BPA, totalement s\u00fbr pour la cuisson des aliments.<\/p>\n<p>R\u00e9sistance aux hautes temp\u00e9ratures, peut supporter la chaleur jusqu&#039;\u00e0 446\u00b0F et le code 40\u00b0F.<\/p>\n<p>Ce set de 12 pi\u00e8ces couvre quasiment tout ce dont vous avez besoin pour cuisiner.<\/p>\n<p>Antiadh\u00e9sif, compatible lave-vaisselle, facile \u00e0 laver et pratique \u00e0 ranger.<\/p>","protected":false},"featured_media":2928,"comment_status":"open","ping_status":"closed","template":"","meta":{"site-sidebar-layout":"default","site-content-layout":"","ast-site-content-layout":"default","site-content-style":"default","site-sidebar-style":"default","ast-global-header-display":"","ast-banner-title-visibility":"","ast-main-header-display":"","ast-hfb-above-header-display":"","ast-hfb-below-header-display":"","ast-hfb-mobile-header-display":"","site-post-title":"","ast-breadcrumbs-content":"","ast-featured-img":"","footer-sml-layout":"","ast-disable-related-posts":"","theme-transparent-header-meta":"default","adv-header-id-meta":"","stick-header-meta":"default","header-above-stick-meta":"","header-main-stick-meta":"","header-below-stick-meta":"","astra-migrate-meta-layouts":"set","ast-page-background-enabled":"default","ast-page-background-meta":{"desktop":{"background-color":"var(--ast-global-color-4)","background-image":"","background-repeat":"repeat","background-position":"center center","background-size":"auto","background-attachment":"scroll","background-type":"","background-media":"","overlay-type":"","overlay-color":"","overlay-opacity":"","overlay-gradient":""},"tablet":{"background-color":"","background-image":"","background-repeat":"repeat","background-position":"center center","background-size":"auto","background-attachment":"scroll","background-type":"","background-media":"","overlay-type":"","overlay-color":"","overlay-opacity":"","overlay-gradient":""},"mobile":{"background-color":"","background-image":"","background-repeat":"repeat","background-position":"center center","background-size":"auto","background-attachment":"scroll","background-type":"","background-media":"","overlay-type":"","overlay-color":"","overlay-opacity":"","overlay-gradient":""}},"ast-content-background-meta":{"desktop":{"background-color":"var(--ast-global-color-5)","background-image":"","background-repeat":"repeat","background-position":"center center","background-size":"auto","background-attachment":"scroll","background-type":"","background-media":"","overlay-type":"","overlay-color":"","overlay-opacity":"","overlay-gradient":""},"tablet":{"background-color":"var(--ast-global-color-5)","background-image":"","background-repeat":"repeat","background-position":"center center","background-size":"auto","background-attachment":"scroll","background-type":"","background-media":"","overlay-type":"","overlay-color":"","overlay-opacity":"","overlay-gradient":""},"mobile":{"background-color":"var(--ast-global-color-5)","background-image":"","background-repeat":"repeat","background-position":"center center","background-size":"auto","background-attachment":"scroll","background-type":"","background-media":"","overlay-type":"","overlay-color":"","overlay-opacity":"","overlay-gradient":""}}},"product_brand":[],"product_cat":[82],"product_tag":[],"class_list":{"0":"post-2934","1":"product","2":"type-product","3":"status-publish","4":"has-post-thumbnail","6":"product_cat-kitchen-utensil","7":"product_shipping_class-shipping-time-15-20-days","8":"desktop-align-left","9":"tablet-align-left","10":"mobile-align-left","12":"first","13":"instock","14":"sale","15":"shipping-taxable","16":"purchasable","17":"product-type-variable"},"_links":{"self":[{"href":"https:\/\/kifood.cn\/fr\/wp-json\/wp\/v2\/product\/2934","targetHints":{"allow":["GET"]}}],"collection":[{"href":"https:\/\/kifood.cn\/fr\/wp-json\/wp\/v2\/product"}],"about":[{"href":"https:\/\/kifood.cn\/fr\/wp-json\/wp\/v2\/types\/product"}],"replies":[{"embeddable":true,"href":"https:\/\/kifood.cn\/fr\/wp-json\/wp\/v2\/comments?post=2934"}],"wp:featuredmedia":[{"embeddable":true,"href":"https:\/\/kifood.cn\/fr\/wp-json\/wp\/v2\/media\/2928"}],"wp:attachment":[{"href":"https:\/\/kifood.cn\/fr\/wp-json\/wp\/v2\/media?parent=2934"}],"wp:term":[{"taxonomy":"product_brand","embeddable":true,"href":"https:\/\/kifood.cn\/fr\/wp-json\/wp\/v2\/product_brand?post=2934"},{"taxonomy":"product_cat","embeddable":true,"href":"https:\/\/kifood.cn\/fr\/wp-json\/wp\/v2\/product_cat?post=2934"},{"taxonomy":"product_tag","embeddable":true,"href":"https:\/\/kifood.cn\/fr\/wp-json\/wp\/v2\/product_tag?post=2934"}],"curies":[{"name":"wp","href":"https:\/\/api.w.org\/{rel}","templated":true}]}}