{"id":2622,"date":"2024-04-23T02:16:00","date_gmt":"2024-04-23T02:16:00","guid":{"rendered":"https:\/\/kifood.cn\/?post_type=product&#038;p=2622"},"modified":"2024-05-09T06:08:05","modified_gmt":"2024-05-09T06:08:05","slug":"ergonomic-cast-iron-skillet-with-assist-handle","status":"publish","type":"product","link":"https:\/\/kifood.cn\/fr\/produit\/ergonomic-cast-iron-skillet-with-assist-handle\/","title":{"rendered":"Po\u00eale ergonomique en fonte avec poign\u00e9e d&#039;assistance \u2013 1 pi\u00e8ce"},"content":{"rendered":"<div style=\"width: 1280px;\" class=\"wp-video\"><video class=\"wp-video-shortcode\" id=\"video-2622-1\" width=\"1280\" height=\"720\" preload=\"metadata\" controls=\"controls\"><source type=\"video\/mp4\" src=\"https:\/\/kifood.cn\/wp-content\/uploads\/2024\/04\/\u89c6\u9891-407556341102.mp4?_=1\" \/><a href=\"https:\/\/kifood.cn\/wp-content\/uploads\/2024\/04\/\u89c6\u9891-407556341102.mp4\">https:\/\/kifood.cn\/wp-content\/uploads\/2024\/04\/\u89c6\u9891-407556341102.mp4<\/a><\/video><\/div>\n<p>PO\u00caLE EN FONTE. Cette po\u00eale assaisonn\u00e9e est pr\u00eate \u00e0 l\u2019emploi et est extr\u00eamement polyvalente. La conception ergonomique permet de transporter cette po\u00eale du feu de camp ou de la cuisini\u00e8re \u00e0 la table, ce qui la rend essentielle pour chaque cuisine.<br \/>\nBatterie de cuisine pr\u00e9-assaisonn\u00e9e. Un bon assaisonnement fait toute la diff\u00e9rence. Kifood fournit des ustensiles de cuisine pr\u00e9-assaisonn\u00e9s sans produits chimiques synth\u00e9tiques ; juste de l&#039;huile v\u00e9g\u00e9tale \u00e0 base de soja. Plus vous utilisez votre fer, meilleur sera l\u2019assaisonnement.<br \/>\nFAITES DE CHAQUE REPAS UN SOUVENIR. Lodge sait que la cuisine ne se limite pas \u00e0 la nourriture ; il s&#039;agit des souvenirs. Cette po\u00eale dynamique peut \u00eatre utilis\u00e9e pour les matin\u00e9es lentes du week-end avec du bacon et des \u0153ufs ou pour les barbecues d&#039;\u00e9t\u00e9 avec des l\u00e9gumes r\u00f4tis.<img fetchpriority=\"high\" decoding=\"async\" class=\"alignnone size-full wp-image-2634\" src=\"https:\/\/kifood.cn\/wp-content\/uploads\/2024\/04\/\u4e3b\u56fe-07-4.jpg\" alt=\"\" width=\"800\" height=\"800\" srcset=\"https:\/\/kifood.cn\/wp-content\/uploads\/2024\/04\/\u4e3b\u56fe-07-4.jpg 800w, https:\/\/kifood.cn\/wp-content\/uploads\/2024\/04\/\u4e3b\u56fe-07-4-300x300.jpg 300w, https:\/\/kifood.cn\/wp-content\/uploads\/2024\/04\/\u4e3b\u56fe-07-4-150x150.jpg 150w, https:\/\/kifood.cn\/wp-content\/uploads\/2024\/04\/\u4e3b\u56fe-07-4-768x768.jpg 768w, https:\/\/kifood.cn\/wp-content\/uploads\/2024\/04\/\u4e3b\u56fe-07-4-200x200.jpg 200w, https:\/\/kifood.cn\/wp-content\/uploads\/2024\/04\/\u4e3b\u56fe-07-4-100x100.jpg 100w, https:\/\/kifood.cn\/wp-content\/uploads\/2024\/04\/\u4e3b\u56fe-07-4-50x50.jpg 50w\" sizes=\"(max-width: 800px) 100vw, 800px\" \/><img decoding=\"async\" class=\"alignnone size-full wp-image-2628\" src=\"https:\/\/kifood.cn\/wp-content\/uploads\/2024\/04\/\u8be6\u60c5-04-1.jpg\" alt=\"\" width=\"800\" height=\"800\" srcset=\"https:\/\/kifood.cn\/wp-content\/uploads\/2024\/04\/\u8be6\u60c5-04-1.jpg 800w, https:\/\/kifood.cn\/wp-content\/uploads\/2024\/04\/\u8be6\u60c5-04-1-300x300.jpg 300w, https:\/\/kifood.cn\/wp-content\/uploads\/2024\/04\/\u8be6\u60c5-04-1-150x150.jpg 150w, https:\/\/kifood.cn\/wp-content\/uploads\/2024\/04\/\u8be6\u60c5-04-1-768x768.jpg 768w, https:\/\/kifood.cn\/wp-content\/uploads\/2024\/04\/\u8be6\u60c5-04-1-200x200.jpg 200w, https:\/\/kifood.cn\/wp-content\/uploads\/2024\/04\/\u8be6\u60c5-04-1-100x100.jpg 100w, https:\/\/kifood.cn\/wp-content\/uploads\/2024\/04\/\u8be6\u60c5-04-1-50x50.jpg 50w\" sizes=\"(max-width: 800px) 100vw, 800px\" \/><\/p>\n<p><img decoding=\"async\" class=\"alignnone size-full wp-image-2635\" src=\"https:\/\/kifood.cn\/wp-content\/uploads\/2024\/04\/\u8be6\u60c5-06-1.jpg\" alt=\"\" width=\"800\" height=\"1101\" srcset=\"https:\/\/kifood.cn\/wp-content\/uploads\/2024\/04\/\u8be6\u60c5-06-1.jpg 800w, https:\/\/kifood.cn\/wp-content\/uploads\/2024\/04\/\u8be6\u60c5-06-1-218x300.jpg 218w, https:\/\/kifood.cn\/wp-content\/uploads\/2024\/04\/\u8be6\u60c5-06-1-744x1024.jpg 744w, https:\/\/kifood.cn\/wp-content\/uploads\/2024\/04\/\u8be6\u60c5-06-1-768x1057.jpg 768w\" sizes=\"(max-width: 800px) 100vw, 800px\" \/> \u00a0\u00a0\u00a0<img loading=\"lazy\" decoding=\"async\" class=\"alignnone size-full wp-image-2624\" src=\"https:\/\/kifood.cn\/wp-content\/uploads\/2024\/04\/\u8be6\u60c5-07.jpg\" alt=\"\" width=\"800\" height=\"1113\" srcset=\"https:\/\/kifood.cn\/wp-content\/uploads\/2024\/04\/\u8be6\u60c5-07.jpg 800w, https:\/\/kifood.cn\/wp-content\/uploads\/2024\/04\/\u8be6\u60c5-07-216x300.jpg 216w, https:\/\/kifood.cn\/wp-content\/uploads\/2024\/04\/\u8be6\u60c5-07-736x1024.jpg 736w, https:\/\/kifood.cn\/wp-content\/uploads\/2024\/04\/\u8be6\u60c5-07-768x1068.jpg 768w\" sizes=\"(max-width: 800px) 100vw, 800px\" \/><\/p>","protected":false},"excerpt":{"rendered":"<p>Po\u00eale en fonte\u00a0: pr\u00eate \u00e0 l&#039;emploi, pr\u00e9-assaisonn\u00e9e et polyvalente. Son design ergonomique le rend adapt\u00e9 \u00e0 la fois pour cuisiner et pour servir, essentiel pour toute cuisine.<\/p>\n<p>Batterie de cuisine pr\u00e9-assaisonn\u00e9e : assaisonn\u00e9e avec une huile v\u00e9g\u00e9tale \u00e0 base de soja sans produits chimiques synth\u00e9tiques. L&#039;assaisonnement s&#039;am\u00e9liore \u00e0 chaque utilisation.<\/p>\n<p>Cuisine polyvalente\u00a0: Id\u00e9al pour divers repas, du bacon et des \u0153ufs cuits lentement aux l\u00e9gumes r\u00f4tis lors des barbecues d&#039;\u00e9t\u00e9. Parfait pour cr\u00e9er des souvenirs imp\u00e9rissables avec Kifood.<\/p>","protected":false},"featured_media":2632,"comment_status":"open","ping_status":"closed","template":"","meta":{"site-sidebar-layout":"default","site-content-layout":"","ast-site-content-layout":"default","site-content-style":"default","site-sidebar-style":"default","ast-global-header-display":"","ast-banner-title-visibility":"","ast-main-header-display":"","ast-hfb-above-header-display":"","ast-hfb-below-header-display":"","ast-hfb-mobile-header-display":"","site-post-title":"","ast-breadcrumbs-content":"","ast-featured-img":"","footer-sml-layout":"","ast-disable-related-posts":"","theme-transparent-header-meta":"default","adv-header-id-meta":"","stick-header-meta":"default","header-above-stick-meta":"","header-main-stick-meta":"","header-below-stick-meta":"","astra-migrate-meta-layouts":"set","ast-page-background-enabled":"default","ast-page-background-meta":{"desktop":{"background-color":"var(--ast-global-color-4)","background-image":"","background-repeat":"repeat","background-position":"center center","background-size":"auto","background-attachment":"scroll","background-type":"","background-media":"","overlay-type":"","overlay-color":"","overlay-opacity":"","overlay-gradient":""},"tablet":{"background-color":"","background-image":"","background-repeat":"repeat","background-position":"center center","background-size":"auto","background-attachment":"scroll","background-type":"","background-media":"","overlay-type":"","overlay-color":"","overlay-opacity":"","overlay-gradient":""},"mobile":{"background-color":"","background-image":"","background-repeat":"repeat","background-position":"center center","background-size":"auto","background-attachment":"scroll","background-type":"","background-media":"","overlay-type":"","overlay-color":"","overlay-opacity":"","overlay-gradient":""}},"ast-content-background-meta":{"desktop":{"background-color":"var(--ast-global-color-5)","background-image":"","background-repeat":"repeat","background-position":"center center","background-size":"auto","background-attachment":"scroll","background-type":"","background-media":"","overlay-type":"","overlay-color":"","overlay-opacity":"","overlay-gradient":""},"tablet":{"background-color":"var(--ast-global-color-5)","background-image":"","background-repeat":"repeat","background-position":"center center","background-size":"auto","background-attachment":"scroll","background-type":"","background-media":"","overlay-type":"","overlay-color":"","overlay-opacity":"","overlay-gradient":""},"mobile":{"background-color":"var(--ast-global-color-5)","background-image":"","background-repeat":"repeat","background-position":"center center","background-size":"auto","background-attachment":"scroll","background-type":"","background-media":"","overlay-type":"","overlay-color":"","overlay-opacity":"","overlay-gradient":""}}},"product_brand":[],"product_cat":[84],"product_tag":[],"class_list":{"0":"post-2622","1":"product","2":"type-product","3":"status-publish","4":"has-post-thumbnail","6":"product_cat-cookware","7":"product_shipping_class-shipping-time-15-20-days","8":"desktop-align-left","9":"tablet-align-left","10":"mobile-align-left","12":"first","13":"instock","14":"sale","15":"shipping-taxable","16":"purchasable","17":"product-type-variable"},"_links":{"self":[{"href":"https:\/\/kifood.cn\/fr\/wp-json\/wp\/v2\/product\/2622","targetHints":{"allow":["GET"]}}],"collection":[{"href":"https:\/\/kifood.cn\/fr\/wp-json\/wp\/v2\/product"}],"about":[{"href":"https:\/\/kifood.cn\/fr\/wp-json\/wp\/v2\/types\/product"}],"replies":[{"embeddable":true,"href":"https:\/\/kifood.cn\/fr\/wp-json\/wp\/v2\/comments?post=2622"}],"wp:featuredmedia":[{"embeddable":true,"href":"https:\/\/kifood.cn\/fr\/wp-json\/wp\/v2\/media\/2632"}],"wp:attachment":[{"href":"https:\/\/kifood.cn\/fr\/wp-json\/wp\/v2\/media?parent=2622"}],"wp:term":[{"taxonomy":"product_brand","embeddable":true,"href":"https:\/\/kifood.cn\/fr\/wp-json\/wp\/v2\/product_brand?post=2622"},{"taxonomy":"product_cat","embeddable":true,"href":"https:\/\/kifood.cn\/fr\/wp-json\/wp\/v2\/product_cat?post=2622"},{"taxonomy":"product_tag","embeddable":true,"href":"https:\/\/kifood.cn\/fr\/wp-json\/wp\/v2\/product_tag?post=2622"}],"curies":[{"name":"wp","href":"https:\/\/api.w.org\/{rel}","templated":true}]}}