{"id":2563,"date":"2024-04-22T09:11:00","date_gmt":"2024-04-22T09:11:00","guid":{"rendered":"https:\/\/kifood.cn\/?post_type=product&#038;p=2563"},"modified":"2024-05-09T06:08:05","modified_gmt":"2024-05-09T06:08:05","slug":"18-8-stainless-steel-thumb-press-ice-cream-scoop","status":"publish","type":"product","link":"https:\/\/kifood.cn\/fr\/produit\/18-8-stainless-steel-thumb-press-ice-cream-scoop\/","title":{"rendered":"Cuill\u00e8re \u00e0 glace \u00e0 pression en acier inoxydable 18\/8"},"content":{"rendered":"<ul>\n<li>Permet de pr\u00e9parer des portions pr\u00e9cises de 5\/8 tasse d&#039;aliments chauds ou froids dans votre restaurant, caf\u00e9t\u00e9ria ou boulangerie. Id\u00e9al pour le dosage d&#039;aliments mous comme la p\u00e2te \u00e0 biscuits, le yaourt, le riz et la cr\u00e8me glac\u00e9e.<\/li>\n<li>La poign\u00e9e \u00e0 code couleur permet d&#039;assurer une identification facile de la taille lors de la s\u00e9lection de la quantit\u00e9 de portion souhait\u00e9e<\/li>\n<li>Le bol et les composants en acier inoxydable 18-8 emp\u00eachent la corrosion pour une long\u00e9vit\u00e9 accrue dans un environnement \u00e0 volume \u00e9lev\u00e9.<\/li>\n<li>Qualit\u00e9 professionnelle durable pour les besoins commerciaux. Con\u00e7u pour une utilisation simple et de la main droite.<\/li>\n<li>Compatible lave-vaisselle \u2013 Cet article peut \u00eatre nettoy\u00e9 en toute s\u00e9curit\u00e9 dans un lave-vaisselle professionnel. \u00c9vitez les d\u00e9tergents agressifs.<\/li>\n<li><img fetchpriority=\"high\" decoding=\"async\" class=\"alignnone size-full wp-image-2584\" src=\"https:\/\/kifood.cn\/wp-content\/uploads\/2024\/04\/4.67-Oz-05.jpg\" alt=\"\" width=\"1000\" height=\"1000\" srcset=\"https:\/\/kifood.cn\/wp-content\/uploads\/2024\/04\/4.67-Oz-05.jpg 1000w, https:\/\/kifood.cn\/wp-content\/uploads\/2024\/04\/4.67-Oz-05-300x300.jpg 300w, https:\/\/kifood.cn\/wp-content\/uploads\/2024\/04\/4.67-Oz-05-150x150.jpg 150w, https:\/\/kifood.cn\/wp-content\/uploads\/2024\/04\/4.67-Oz-05-768x768.jpg 768w, https:\/\/kifood.cn\/wp-content\/uploads\/2024\/04\/4.67-Oz-05-200x200.jpg 200w, https:\/\/kifood.cn\/wp-content\/uploads\/2024\/04\/4.67-Oz-05-100x100.jpg 100w, https:\/\/kifood.cn\/wp-content\/uploads\/2024\/04\/4.67-Oz-05-50x50.jpg 50w\" sizes=\"(max-width: 1000px) 100vw, 1000px\" \/> <img decoding=\"async\" class=\"alignnone size-full wp-image-2583\" src=\"https:\/\/kifood.cn\/wp-content\/uploads\/2024\/04\/4.67-Oz-04.jpg\" alt=\"\" width=\"1000\" height=\"848\" srcset=\"https:\/\/kifood.cn\/wp-content\/uploads\/2024\/04\/4.67-Oz-04.jpg 1000w, https:\/\/kifood.cn\/wp-content\/uploads\/2024\/04\/4.67-Oz-04-300x254.jpg 300w, https:\/\/kifood.cn\/wp-content\/uploads\/2024\/04\/4.67-Oz-04-768x651.jpg 768w\" sizes=\"(max-width: 1000px) 100vw, 1000px\" \/> <img decoding=\"async\" class=\"alignnone size-full wp-image-2582\" src=\"https:\/\/kifood.cn\/wp-content\/uploads\/2024\/04\/4.67-Oz-03.jpg\" alt=\"\" width=\"1000\" height=\"1000\" srcset=\"https:\/\/kifood.cn\/wp-content\/uploads\/2024\/04\/4.67-Oz-03.jpg 1000w, https:\/\/kifood.cn\/wp-content\/uploads\/2024\/04\/4.67-Oz-03-300x300.jpg 300w, https:\/\/kifood.cn\/wp-content\/uploads\/2024\/04\/4.67-Oz-03-150x150.jpg 150w, https:\/\/kifood.cn\/wp-content\/uploads\/2024\/04\/4.67-Oz-03-768x768.jpg 768w, https:\/\/kifood.cn\/wp-content\/uploads\/2024\/04\/4.67-Oz-03-200x200.jpg 200w, https:\/\/kifood.cn\/wp-content\/uploads\/2024\/04\/4.67-Oz-03-100x100.jpg 100w, https:\/\/kifood.cn\/wp-content\/uploads\/2024\/04\/4.67-Oz-03-50x50.jpg 50w\" sizes=\"(max-width: 1000px) 100vw, 1000px\" \/> <img loading=\"lazy\" decoding=\"async\" class=\"alignnone size-full wp-image-2581\" src=\"https:\/\/kifood.cn\/wp-content\/uploads\/2024\/04\/4.67-Oz-06.jpg\" alt=\"\" width=\"1000\" height=\"746\" srcset=\"https:\/\/kifood.cn\/wp-content\/uploads\/2024\/04\/4.67-Oz-06.jpg 1000w, https:\/\/kifood.cn\/wp-content\/uploads\/2024\/04\/4.67-Oz-06-300x224.jpg 300w, https:\/\/kifood.cn\/wp-content\/uploads\/2024\/04\/4.67-Oz-06-768x573.jpg 768w\" sizes=\"(max-width: 1000px) 100vw, 1000px\" \/><\/li>\n<\/ul>","protected":false},"excerpt":{"rendered":"<p>**Portionnement pr\u00e9cis\u00a0:** Fournit des portions de 5\/8 tasse d&#039;aliments chauds ou froids, id\u00e9al pour les aliments mous dans les environnements commerciaux.<\/p>\n<p>**Poign\u00e9e \u00e0 code couleur\u00a0:** Facilite l&#039;identification rapide de la taille.<\/p>\n<p>**Acier inoxydable 18-8\u00a0:** R\u00e9sistant \u00e0 la corrosion, garantissant la long\u00e9vit\u00e9 dans les environnements \u00e0 volume \u00e9lev\u00e9.<\/p>\n<p>**Con\u00e7u pour les professionnels\u00a0:** Optimis\u00e9 pour une utilisation par les droitiers et durable.<\/p>\n<p>**Lave-vaisselle\u00a0:** Compatible avec les lave-vaisselle commerciaux\u00a0; d\u00e9tergents doux recommand\u00e9s.<\/p>","protected":false},"featured_media":2572,"comment_status":"open","ping_status":"closed","template":"","meta":{"site-sidebar-layout":"default","site-content-layout":"","ast-site-content-layout":"default","site-content-style":"default","site-sidebar-style":"default","ast-global-header-display":"","ast-banner-title-visibility":"","ast-main-header-display":"","ast-hfb-above-header-display":"","ast-hfb-below-header-display":"","ast-hfb-mobile-header-display":"","site-post-title":"","ast-breadcrumbs-content":"","ast-featured-img":"","footer-sml-layout":"","ast-disable-related-posts":"","theme-transparent-header-meta":"default","adv-header-id-meta":"","stick-header-meta":"default","header-above-stick-meta":"","header-main-stick-meta":"","header-below-stick-meta":"","astra-migrate-meta-layouts":"set","ast-page-background-enabled":"default","ast-page-background-meta":{"desktop":{"background-color":"var(--ast-global-color-4)","background-image":"","background-repeat":"repeat","background-position":"center center","background-size":"auto","background-attachment":"scroll","background-type":"","background-media":"","overlay-type":"","overlay-color":"","overlay-opacity":"","overlay-gradient":""},"tablet":{"background-color":"","background-image":"","background-repeat":"repeat","background-position":"center center","background-size":"auto","background-attachment":"scroll","background-type":"","background-media":"","overlay-type":"","overlay-color":"","overlay-opacity":"","overlay-gradient":""},"mobile":{"background-color":"","background-image":"","background-repeat":"repeat","background-position":"center center","background-size":"auto","background-attachment":"scroll","background-type":"","background-media":"","overlay-type":"","overlay-color":"","overlay-opacity":"","overlay-gradient":""}},"ast-content-background-meta":{"desktop":{"background-color":"var(--ast-global-color-5)","background-image":"","background-repeat":"repeat","background-position":"center center","background-size":"auto","background-attachment":"scroll","background-type":"","background-media":"","overlay-type":"","overlay-color":"","overlay-opacity":"","overlay-gradient":""},"tablet":{"background-color":"var(--ast-global-color-5)","background-image":"","background-repeat":"repeat","background-position":"center center","background-size":"auto","background-attachment":"scroll","background-type":"","background-media":"","overlay-type":"","overlay-color":"","overlay-opacity":"","overlay-gradient":""},"mobile":{"background-color":"var(--ast-global-color-5)","background-image":"","background-repeat":"repeat","background-position":"center center","background-size":"auto","background-attachment":"scroll","background-type":"","background-media":"","overlay-type":"","overlay-color":"","overlay-opacity":"","overlay-gradient":""}}},"product_brand":[],"product_cat":[80],"product_tag":[],"class_list":{"0":"post-2563","1":"product","2":"type-product","3":"status-publish","4":"has-post-thumbnail","6":"product_cat-kitchen-gadgets","7":"product_shipping_class-shipping-time-15-20-days","8":"desktop-align-left","9":"tablet-align-left","10":"mobile-align-left","12":"first","13":"instock","14":"sale","15":"shipping-taxable","16":"purchasable","17":"product-type-variable"},"_links":{"self":[{"href":"https:\/\/kifood.cn\/fr\/wp-json\/wp\/v2\/product\/2563","targetHints":{"allow":["GET"]}}],"collection":[{"href":"https:\/\/kifood.cn\/fr\/wp-json\/wp\/v2\/product"}],"about":[{"href":"https:\/\/kifood.cn\/fr\/wp-json\/wp\/v2\/types\/product"}],"replies":[{"embeddable":true,"href":"https:\/\/kifood.cn\/fr\/wp-json\/wp\/v2\/comments?post=2563"}],"wp:featuredmedia":[{"embeddable":true,"href":"https:\/\/kifood.cn\/fr\/wp-json\/wp\/v2\/media\/2572"}],"wp:attachment":[{"href":"https:\/\/kifood.cn\/fr\/wp-json\/wp\/v2\/media?parent=2563"}],"wp:term":[{"taxonomy":"product_brand","embeddable":true,"href":"https:\/\/kifood.cn\/fr\/wp-json\/wp\/v2\/product_brand?post=2563"},{"taxonomy":"product_cat","embeddable":true,"href":"https:\/\/kifood.cn\/fr\/wp-json\/wp\/v2\/product_cat?post=2563"},{"taxonomy":"product_tag","embeddable":true,"href":"https:\/\/kifood.cn\/fr\/wp-json\/wp\/v2\/product_tag?post=2563"}],"curies":[{"name":"wp","href":"https:\/\/api.w.org\/{rel}","templated":true}]}}