{"id":1289,"date":"2024-03-29T09:12:00","date_gmt":"2024-03-29T09:12:00","guid":{"rendered":"https:\/\/kifood.cn\/?post_type=product&#038;p=1289"},"modified":"2024-05-09T06:08:19","modified_gmt":"2024-05-09T06:08:19","slug":"kitchen-stainless-steel-potato-ricer-for-mashed-potatoes","status":"publish","type":"product","link":"https:\/\/kifood.cn\/fr\/produit\/kitchen-stainless-steel-potato-ricer-for-mashed-potatoes\/","title":{"rendered":"Pur\u00e9e de pommes de terre en acier inoxydable de cuisine"},"content":{"rendered":"<ul class=\"a-unordered-list a-vertical a-spacing-mini\">\n<li class=\"a-spacing-mini\"><span class=\"a-list-item\">OUTIL DE CUISINE SPUD-TACULAR : Faire une pur\u00e9e de pommes de terre l\u00e9g\u00e8re et moelleuse n&#039;a jamais \u00e9t\u00e9 aussi simple. Avec son mat\u00e9riau en acier inoxydable solide et durable, ce presse-pur\u00e9e r\u00e9sistant \u00e0 la rouille et \u00e0 la corrosion sera votre compagnon de vie dans la cuisine.<\/span><\/li>\n<li class=\"a-spacing-mini\"><span class=\"a-list-item\">GRAND PANIER PROFOND\u00a0: Ce presse-pur\u00e9e peut contenir jusqu&#039;\u00e0 15 oz de pommes de terre, parfait pour un grand festin, des occasions sp\u00e9ciales, Thanksgiving ou No\u00ebl. Obtenez une pur\u00e9e sans grumeaux \u00e0 chaque fois avec un trou de 3 mm\u00a0; vous pouvez \u00e9galement l&#039;utiliser comme presse-pur\u00e9e \u00e0 avocat ou avec de la courge, du chou-fleur, des ignames, de la nourriture pour b\u00e9b\u00e9 et bien plus encore.<\/span><\/li>\n<li class=\"a-spacing-mini\"><span class=\"a-list-item\">MOINS D&#039;EFFORT, PLUS DE P\u00c2TE : Nous avons con\u00e7u ce presse-pur\u00e9e en acier inoxydable avec une poign\u00e9e en silicone souple et antid\u00e9rapante qui vous permet de presser sans effort sans vous fatiguer le poignet. M\u00e9langez les morceaux de pommes de terre bouillis dans la chambre et d\u00e9couvrez la pur\u00e9e \u00e0 la texture velout\u00e9e qui glisse directement, pr\u00eate \u00e0 \u00eatre accompagn\u00e9e de votre repas.<\/span><\/li>\n<li class=\"a-spacing-mini\"><span class=\"a-list-item\">FACILE \u00c0 NETTOYER ET \u00c0 CONSERVER : Vous pouvez simplement mettre ce presse-pur\u00e9e au lave-vaisselle ou vous d\u00e9barrasser de tout r\u00e9sidu en le faisant passer sous l&#039;eau ; nettoyez-le juste apr\u00e8s utilisation pour \u00e9viter l\u2019accumulation d\u2019amidon et assurer la long\u00e9vit\u00e9 de votre pur\u00e9e de pommes de terre. Ne perdez pas de vue votre outil pr\u00e9f\u00e9r\u00e9 et accrochez-le \u00e0 l&#039;aide de l&#039;anneau en silicone.<\/span><\/li>\n<li class=\"a-spacing-mini\"><em><strong>Emballage personnalis\u00e9, LOGO, couleur et taille disponibles moyennant des frais suppl\u00e9mentaires.<\/strong><\/em><\/li>\n<\/ul>\n<p>&nbsp;<\/p>\n<div id=\"aplus\" class=\"a-section a-spacing-large bucket\">\n<hr class=\"bucketDivider\" noshade=\"noshade\" size=\"1\" \/>\n<h2>Description du produit<\/h2>\n<div class=\"aplus-v2 desktop celwidget\" data-csa-c-id=\"bt25yp-t46zkz-2cedna-uguns6\" data-cel-widget=\"aplus\">\n<div class=\"celwidget aplus-module premium-module-2-fullbackground-image aplus-premium\" data-csa-c-id=\"7hc7pa-14y595-usbhsv-xivvok\" data-cel-widget=\"aplus-premium-module-2-fullbackground-image\">\n<div class=\"a-section a-spacing-none premium-aplus premium-aplus-module-2\">\n<div class=\"a-section a-spacing-none premium-background-wrapper\">\n<div class=\"a-section a-spacing-none background-image\"><img fetchpriority=\"high\" decoding=\"async\" class=\"alignnone wp-image-1311 size-full\" src=\"https:\/\/kifood.cn\/wp-content\/uploads\/2024\/03\/5261c0ae-86a2-4146-be8c-8ea6dea28dc4.__CR001464600_PT0_SX1464_V1___.jpg\" alt=\"\" width=\"1464\" height=\"600\" srcset=\"https:\/\/kifood.cn\/wp-content\/uploads\/2024\/03\/5261c0ae-86a2-4146-be8c-8ea6dea28dc4.__CR001464600_PT0_SX1464_V1___.jpg 1464w, https:\/\/kifood.cn\/wp-content\/uploads\/2024\/03\/5261c0ae-86a2-4146-be8c-8ea6dea28dc4.__CR001464600_PT0_SX1464_V1___-300x123.jpg 300w, https:\/\/kifood.cn\/wp-content\/uploads\/2024\/03\/5261c0ae-86a2-4146-be8c-8ea6dea28dc4.__CR001464600_PT0_SX1464_V1___-1024x420.jpg 1024w, https:\/\/kifood.cn\/wp-content\/uploads\/2024\/03\/5261c0ae-86a2-4146-be8c-8ea6dea28dc4.__CR001464600_PT0_SX1464_V1___-768x315.jpg 768w, https:\/\/kifood.cn\/wp-content\/uploads\/2024\/03\/5261c0ae-86a2-4146-be8c-8ea6dea28dc4.__CR001464600_PT0_SX1464_V1___-600x246.jpg 600w\" sizes=\"(max-width: 1464px) 100vw, 1464px\" \/><img decoding=\"async\" class=\"alignnone wp-image-1312 size-full\" src=\"https:\/\/kifood.cn\/wp-content\/uploads\/2024\/03\/be7c8bbe-aeea-4e34-9860-50d6511259ae.__CR001464600_PT0_SX1464_V1___.jpg\" alt=\"\" width=\"1464\" height=\"600\" srcset=\"https:\/\/kifood.cn\/wp-content\/uploads\/2024\/03\/be7c8bbe-aeea-4e34-9860-50d6511259ae.__CR001464600_PT0_SX1464_V1___.jpg 1464w, https:\/\/kifood.cn\/wp-content\/uploads\/2024\/03\/be7c8bbe-aeea-4e34-9860-50d6511259ae.__CR001464600_PT0_SX1464_V1___-300x123.jpg 300w, https:\/\/kifood.cn\/wp-content\/uploads\/2024\/03\/be7c8bbe-aeea-4e34-9860-50d6511259ae.__CR001464600_PT0_SX1464_V1___-1024x420.jpg 1024w, https:\/\/kifood.cn\/wp-content\/uploads\/2024\/03\/be7c8bbe-aeea-4e34-9860-50d6511259ae.__CR001464600_PT0_SX1464_V1___-768x315.jpg 768w, https:\/\/kifood.cn\/wp-content\/uploads\/2024\/03\/be7c8bbe-aeea-4e34-9860-50d6511259ae.__CR001464600_PT0_SX1464_V1___-600x246.jpg 600w\" sizes=\"(max-width: 1464px) 100vw, 1464px\" \/><img decoding=\"async\" class=\"alignnone wp-image-1313 size-full\" src=\"https:\/\/kifood.cn\/wp-content\/uploads\/2024\/03\/b38935a3-855e-409f-a481-d0bdeec1661b.__CR001464600_PT0_SX1464_V1___.jpg\" alt=\"\" width=\"1464\" height=\"600\" srcset=\"https:\/\/kifood.cn\/wp-content\/uploads\/2024\/03\/b38935a3-855e-409f-a481-d0bdeec1661b.__CR001464600_PT0_SX1464_V1___.jpg 1464w, https:\/\/kifood.cn\/wp-content\/uploads\/2024\/03\/b38935a3-855e-409f-a481-d0bdeec1661b.__CR001464600_PT0_SX1464_V1___-300x123.jpg 300w, https:\/\/kifood.cn\/wp-content\/uploads\/2024\/03\/b38935a3-855e-409f-a481-d0bdeec1661b.__CR001464600_PT0_SX1464_V1___-1024x420.jpg 1024w, https:\/\/kifood.cn\/wp-content\/uploads\/2024\/03\/b38935a3-855e-409f-a481-d0bdeec1661b.__CR001464600_PT0_SX1464_V1___-768x315.jpg 768w, https:\/\/kifood.cn\/wp-content\/uploads\/2024\/03\/b38935a3-855e-409f-a481-d0bdeec1661b.__CR001464600_PT0_SX1464_V1___-600x246.jpg 600w\" sizes=\"(max-width: 1464px) 100vw, 1464px\" \/><\/div>\n<\/div>\n<\/div>\n<\/div>\n<div class=\"celwidget aplus-module premium-module-2-fullbackground-image aplus-premium\" data-csa-c-id=\"taxpvl-8nc1rq-qgfk4t-becz4k\" data-cel-widget=\"aplus-premium-module-2-fullbackground-image\">\n<div class=\"a-section a-spacing-none premium-aplus premium-aplus-module-2\">\n<div class=\"a-section a-spacing-none premium-background-wrapper\">\n<div class=\"a-section a-spacing-none background-image\"><img decoding=\"async\" class=\"\" style=\"font-style: inherit; font-weight: inherit;\" src=\"https:\/\/m.media-amazon.com\/images\/S\/aplus-media-library-service-media\/8a292744-50ae-4b6d-a81c-91e86c1abea4.__CR0,0,1464,600_PT0_SX1464_V1___.jpg\" alt=\"No more peeling \" data-src=\"https:\/\/m.media-amazon.com\/images\/S\/aplus-media-library-service-media\/8a292744-50ae-4b6d-a81c-91e86c1abea4.__CR0,0,1464,600_PT0_SX1464_V1___.jpg\" \/><\/div>\n<\/div>\n<\/div>\n<\/div>\n<div class=\"celwidget aplus-module premium-module-2-fullbackground-image aplus-premium\" data-csa-c-id=\"3th9a5-v5ctn1-yfaq6c-s0adw2\" data-cel-widget=\"aplus-premium-module-2-fullbackground-image\">\n<div class=\"a-section a-spacing-none premium-aplus premium-aplus-module-2\">\n<div class=\"a-section a-spacing-none premium-background-wrapper\">\n<div class=\"a-section a-spacing-none background-image\"><img decoding=\"async\" class=\"\" src=\"https:\/\/m.media-amazon.com\/images\/S\/aplus-media-library-service-media\/433ea1c4-a3be-4b82-9311-78087f713ea0.__CR0,0,1464,600_PT0_SX1464_V1___.jpg\" alt=\"Make your Favorite dishes \" data-src=\"https:\/\/m.media-amazon.com\/images\/S\/aplus-media-library-service-media\/433ea1c4-a3be-4b82-9311-78087f713ea0.__CR0,0,1464,600_PT0_SX1464_V1___.jpg\" \/><noscript><img decoding=\"async\" alt=\"Make your Favorite dishes \" src=\"https:\/\/m.media-amazon.com\/images\/S\/aplus-media-library-service-media\/433ea1c4-a3be-4b82-9311-78087f713ea0.__CR0,0,1464,600_PT0_SX1464_V1___.jpg\"\/><\/noscript><\/div>\n<\/div>\n<div class=\"a-section a-text-center\"><\/div>\n<\/div>\n<\/div>\n<div class=\"celwidget aplus-module premium-module-2-fullbackground-image aplus-premium\" data-csa-c-id=\"wekv6f-6kn7xu-ajjl9w-o65gwc\" data-cel-widget=\"aplus-premium-module-2-fullbackground-image\">\n<div class=\"a-section a-spacing-none premium-aplus premium-aplus-module-2\">\n<div class=\"a-section a-spacing-none premium-background-wrapper\">\n<div class=\"a-section a-spacing-none background-image\"><img decoding=\"async\" class=\"\" src=\"https:\/\/m.media-amazon.com\/images\/S\/aplus-media-library-service-media\/f5394e2b-af9f-4ceb-b155-12dfb51f58ab.__CR0,0,1464,600_PT0_SX1464_V1___.jpg\" alt=\"Homemade is the Best \" data-src=\"https:\/\/m.media-amazon.com\/images\/S\/aplus-media-library-service-media\/f5394e2b-af9f-4ceb-b155-12dfb51f58ab.__CR0,0,1464,600_PT0_SX1464_V1___.jpg\" \/><noscript><img decoding=\"async\" alt=\"Homemade is the Best \" src=\"https:\/\/m.media-amazon.com\/images\/S\/aplus-media-library-service-media\/f5394e2b-af9f-4ceb-b155-12dfb51f58ab.__CR0,0,1464,600_PT0_SX1464_V1___.jpg\"\/><\/noscript><\/div>\n<\/div>\n<div class=\"a-section a-text-center\"><\/div>\n<\/div>\n<\/div>\n<\/div>\n<\/div>","protected":false},"excerpt":{"rendered":"<ul>\n<li>Presse-pur\u00e9e en inox, un incontournable pour cr\u00e9er une pur\u00e9e de pommes de terre l\u00e9g\u00e8re et moelleuse sans effort.<\/li>\n<li>Son grand panier profond peut contenir jusqu&#039;\u00e0 15 oz de pommes de terre, garantissant une pur\u00e9e sans grumeaux \u00e0 chaque fois avec un trou de 3 mm. Cet outil polyvalent peut \u00e9galement \u00eatre utilis\u00e9 pour les avocats, les courges, le chou-fleur, les ignames, les aliments pour b\u00e9b\u00e9s et bien plus encore.<\/li>\n<li>Con\u00e7u avec une poign\u00e9e en silicone souple et antid\u00e9rapante, ce presse-pur\u00e9e r\u00e9duit la tension du poignet, rendant la pur\u00e9e de pommes de terre un jeu d&#039;enfant. Facile \u00e0 nettoyer et \u00e0 ranger, il passe au lave-vaisselle et comporte un anneau en silicone pour une suspension pratique.<\/li>\n<\/ul>","protected":false},"featured_media":1308,"comment_status":"open","ping_status":"closed","template":"","meta":{"site-sidebar-layout":"default","site-content-layout":"","ast-site-content-layout":"default","site-content-style":"default","site-sidebar-style":"default","ast-global-header-display":"","ast-banner-title-visibility":"","ast-main-header-display":"","ast-hfb-above-header-display":"","ast-hfb-below-header-display":"","ast-hfb-mobile-header-display":"","site-post-title":"","ast-breadcrumbs-content":"","ast-featured-img":"","footer-sml-layout":"","ast-disable-related-posts":"","theme-transparent-header-meta":"default","adv-header-id-meta":"","stick-header-meta":"","header-above-stick-meta":"","header-main-stick-meta":"","header-below-stick-meta":"","astra-migrate-meta-layouts":"set","ast-page-background-enabled":"default","ast-page-background-meta":{"desktop":{"background-color":"var(--ast-global-color-4)","background-image":"","background-repeat":"repeat","background-position":"center center","background-size":"auto","background-attachment":"scroll","background-type":"","background-media":"","overlay-type":"","overlay-color":"","overlay-opacity":"","overlay-gradient":""},"tablet":{"background-color":"","background-image":"","background-repeat":"repeat","background-position":"center center","background-size":"auto","background-attachment":"scroll","background-type":"","background-media":"","overlay-type":"","overlay-color":"","overlay-opacity":"","overlay-gradient":""},"mobile":{"background-color":"","background-image":"","background-repeat":"repeat","background-position":"center center","background-size":"auto","background-attachment":"scroll","background-type":"","background-media":"","overlay-type":"","overlay-color":"","overlay-opacity":"","overlay-gradient":""}},"ast-content-background-meta":{"desktop":{"background-color":"var(--ast-global-color-5)","background-image":"","background-repeat":"repeat","background-position":"center center","background-size":"auto","background-attachment":"scroll","background-type":"","background-media":"","overlay-type":"","overlay-color":"","overlay-opacity":"","overlay-gradient":""},"tablet":{"background-color":"var(--ast-global-color-5)","background-image":"","background-repeat":"repeat","background-position":"center center","background-size":"auto","background-attachment":"scroll","background-type":"","background-media":"","overlay-type":"","overlay-color":"","overlay-opacity":"","overlay-gradient":""},"mobile":{"background-color":"var(--ast-global-color-5)","background-image":"","background-repeat":"repeat","background-position":"center center","background-size":"auto","background-attachment":"scroll","background-type":"","background-media":"","overlay-type":"","overlay-color":"","overlay-opacity":"","overlay-gradient":""}}},"product_brand":[],"product_cat":[80],"product_tag":[],"class_list":{"0":"post-1289","1":"product","2":"type-product","3":"status-publish","4":"has-post-thumbnail","6":"product_cat-kitchen-gadgets","7":"product_shipping_class-shipping-time-15-20-days","8":"desktop-align-left","9":"tablet-align-left","10":"mobile-align-left","12":"first","13":"instock","14":"sale","15":"shipping-taxable","16":"purchasable","17":"product-type-variable"},"_links":{"self":[{"href":"https:\/\/kifood.cn\/fr\/wp-json\/wp\/v2\/product\/1289","targetHints":{"allow":["GET"]}}],"collection":[{"href":"https:\/\/kifood.cn\/fr\/wp-json\/wp\/v2\/product"}],"about":[{"href":"https:\/\/kifood.cn\/fr\/wp-json\/wp\/v2\/types\/product"}],"replies":[{"embeddable":true,"href":"https:\/\/kifood.cn\/fr\/wp-json\/wp\/v2\/comments?post=1289"}],"wp:featuredmedia":[{"embeddable":true,"href":"https:\/\/kifood.cn\/fr\/wp-json\/wp\/v2\/media\/1308"}],"wp:attachment":[{"href":"https:\/\/kifood.cn\/fr\/wp-json\/wp\/v2\/media?parent=1289"}],"wp:term":[{"taxonomy":"product_brand","embeddable":true,"href":"https:\/\/kifood.cn\/fr\/wp-json\/wp\/v2\/product_brand?post=1289"},{"taxonomy":"product_cat","embeddable":true,"href":"https:\/\/kifood.cn\/fr\/wp-json\/wp\/v2\/product_cat?post=1289"},{"taxonomy":"product_tag","embeddable":true,"href":"https:\/\/kifood.cn\/fr\/wp-json\/wp\/v2\/product_tag?post=1289"}],"curies":[{"name":"wp","href":"https:\/\/api.w.org\/{rel}","templated":true}]}}