{"id":1262,"date":"2024-03-28T08:47:00","date_gmt":"2024-03-28T08:47:00","guid":{"rendered":"https:\/\/kifood.cn\/?post_type=product&#038;p=1262"},"modified":"2024-05-09T06:08:18","modified_gmt":"2024-05-09T06:08:18","slug":"stainless-steel-hand-held-can-opener","status":"publish","type":"product","link":"https:\/\/kifood.cn\/fr\/produit\/stainless-steel-hand-held-can-opener\/","title":{"rendered":"Ouvre-bo\u00eete \u00e0 main en acier inoxydable"},"content":{"rendered":"<table id=\"productDetails_detailBullets_sections1\" class=\"a-keyvalue prodDetTable\" style=\"height: 409px;\" role=\"presentation\" width=\"593\">\n<tbody>\n<tr>\n<th class=\"a-color-secondary a-size-base prodDetSectionEntry\">Couleur<\/th>\n<td class=\"a-size-base prodDetAttrValue\">Noir<\/td>\n<\/tr>\n<tr>\n<th class=\"a-color-secondary a-size-base prodDetSectionEntry\">Mat\u00e9riel<\/th>\n<td class=\"a-size-base prodDetAttrValue\">Acier inoxydable<\/td>\n<\/tr>\n<tr>\n<th class=\"a-color-secondary a-size-base prodDetSectionEntry\">Taille<\/th>\n<td class=\"a-size-base prodDetAttrValue\">Grand<\/td>\n<\/tr>\n<tr>\n<th class=\"a-color-secondary a-size-base prodDetSectionEntry\">Mat\u00e9riau de la lame<\/th>\n<td class=\"a-size-base prodDetAttrValue\">Acier inoxydable<\/td>\n<\/tr>\n<tr>\n<th class=\"a-color-secondary a-size-base prodDetSectionEntry\">Poids de l&#039;article<\/th>\n<td class=\"a-size-base prodDetAttrValue\">0,53 livres<\/td>\n<\/tr>\n<tr>\n<th class=\"a-color-secondary a-size-base prodDetSectionEntry\">Mode de fonctionnement<\/th>\n<td class=\"a-size-base prodDetAttrValue\">Manuel<\/td>\n<\/tr>\n<tr>\n<th class=\"a-color-secondary a-size-base prodDetSectionEntry\">Dimensions du colis<\/th>\n<td class=\"a-size-base prodDetAttrValue\">8,03 x 2,6 x 2,13 pouces<\/td>\n<\/tr>\n<tr>\n<th class=\"a-color-secondary a-size-base prodDetSectionEntry\">Poids de l&#039;article<\/th>\n<td class=\"a-size-base prodDetAttrValue\">8,5 onces<\/td>\n<\/tr>\n<\/tbody>\n<\/table>\n<p>&nbsp;<\/p>","protected":false},"excerpt":{"rendered":"<ul>\n<li>Cet ouvre-bo\u00eete est dot\u00e9 d&#039;une lame en acier inoxydable 100% durable et tranchante qui perce facilement tous les types de canettes et r\u00e9siste \u00e0 la rouille pour plus de long\u00e9vit\u00e9.<\/li>\n<li>Sa construction robuste comprend un bouton tournant extra-large pour une ouverture sans effort, con\u00e7u pour suivre les mouvements de l&#039;utilisateur pour une exp\u00e9rience plus fluide.<\/li>\n<li>L&#039;ouvre-porte dispose \u00e9galement de poign\u00e9es surdimensionn\u00e9es et antid\u00e9rapantes avec une prise douce au toucher pour plus de confort et de facilit\u00e9 d&#039;utilisation. Ensemble, ces caract\u00e9ristiques garantissent une coupe nette et lisse sans bords irr\u00e9guliers.<\/li>\n<li>De plus, il est livr\u00e9 avec un ouvre-bouteille int\u00e9gr\u00e9, ce qui le rend polyvalent pour ouvrir diverses canettes et bouteilles. Mesurant sept pouces de long, il est id\u00e9alement dimensionn\u00e9 pour la plupart des besoins de cuisine.<\/li>\n<\/ul>","protected":false},"featured_media":1384,"comment_status":"open","ping_status":"closed","template":"","meta":{"site-sidebar-layout":"default","site-content-layout":"","ast-site-content-layout":"default","site-content-style":"default","site-sidebar-style":"default","ast-global-header-display":"","ast-banner-title-visibility":"","ast-main-header-display":"","ast-hfb-above-header-display":"","ast-hfb-below-header-display":"","ast-hfb-mobile-header-display":"","site-post-title":"","ast-breadcrumbs-content":"","ast-featured-img":"","footer-sml-layout":"","ast-disable-related-posts":"","theme-transparent-header-meta":"default","adv-header-id-meta":"","stick-header-meta":"","header-above-stick-meta":"","header-main-stick-meta":"","header-below-stick-meta":"","astra-migrate-meta-layouts":"set","ast-page-background-enabled":"default","ast-page-background-meta":{"desktop":{"background-color":"var(--ast-global-color-4)","background-image":"","background-repeat":"repeat","background-position":"center center","background-size":"auto","background-attachment":"scroll","background-type":"","background-media":"","overlay-type":"","overlay-color":"","overlay-opacity":"","overlay-gradient":""},"tablet":{"background-color":"","background-image":"","background-repeat":"repeat","background-position":"center center","background-size":"auto","background-attachment":"scroll","background-type":"","background-media":"","overlay-type":"","overlay-color":"","overlay-opacity":"","overlay-gradient":""},"mobile":{"background-color":"","background-image":"","background-repeat":"repeat","background-position":"center center","background-size":"auto","background-attachment":"scroll","background-type":"","background-media":"","overlay-type":"","overlay-color":"","overlay-opacity":"","overlay-gradient":""}},"ast-content-background-meta":{"desktop":{"background-color":"var(--ast-global-color-5)","background-image":"","background-repeat":"repeat","background-position":"center center","background-size":"auto","background-attachment":"scroll","background-type":"","background-media":"","overlay-type":"","overlay-color":"","overlay-opacity":"","overlay-gradient":""},"tablet":{"background-color":"var(--ast-global-color-5)","background-image":"","background-repeat":"repeat","background-position":"center center","background-size":"auto","background-attachment":"scroll","background-type":"","background-media":"","overlay-type":"","overlay-color":"","overlay-opacity":"","overlay-gradient":""},"mobile":{"background-color":"var(--ast-global-color-5)","background-image":"","background-repeat":"repeat","background-position":"center center","background-size":"auto","background-attachment":"scroll","background-type":"","background-media":"","overlay-type":"","overlay-color":"","overlay-opacity":"","overlay-gradient":""}}},"product_brand":[],"product_cat":[80],"product_tag":[],"class_list":{"0":"post-1262","1":"product","2":"type-product","3":"status-publish","4":"has-post-thumbnail","6":"product_cat-kitchen-gadgets","7":"product_shipping_class-shipping-time-15-20-days","8":"desktop-align-left","9":"tablet-align-left","10":"mobile-align-left","12":"first","13":"instock","14":"sale","15":"shipping-taxable","16":"purchasable","17":"product-type-simple"},"_links":{"self":[{"href":"https:\/\/kifood.cn\/fr\/wp-json\/wp\/v2\/product\/1262","targetHints":{"allow":["GET"]}}],"collection":[{"href":"https:\/\/kifood.cn\/fr\/wp-json\/wp\/v2\/product"}],"about":[{"href":"https:\/\/kifood.cn\/fr\/wp-json\/wp\/v2\/types\/product"}],"replies":[{"embeddable":true,"href":"https:\/\/kifood.cn\/fr\/wp-json\/wp\/v2\/comments?post=1262"}],"wp:featuredmedia":[{"embeddable":true,"href":"https:\/\/kifood.cn\/fr\/wp-json\/wp\/v2\/media\/1384"}],"wp:attachment":[{"href":"https:\/\/kifood.cn\/fr\/wp-json\/wp\/v2\/media?parent=1262"}],"wp:term":[{"taxonomy":"product_brand","embeddable":true,"href":"https:\/\/kifood.cn\/fr\/wp-json\/wp\/v2\/product_brand?post=1262"},{"taxonomy":"product_cat","embeddable":true,"href":"https:\/\/kifood.cn\/fr\/wp-json\/wp\/v2\/product_cat?post=1262"},{"taxonomy":"product_tag","embeddable":true,"href":"https:\/\/kifood.cn\/fr\/wp-json\/wp\/v2\/product_tag?post=1262"}],"curies":[{"name":"wp","href":"https:\/\/api.w.org\/{rel}","templated":true}]}}