{"id":3601,"date":"2024-04-25T12:59:00","date_gmt":"2024-04-25T12:59:00","guid":{"rendered":"https:\/\/kifood.cn\/?post_type=product&#038;p=3601"},"modified":"2024-05-09T06:30:31","modified_gmt":"2024-05-09T06:30:31","slug":"silicone-world-3-in-1-reusable-food-storage-keep-fresh-cover-pet-can-box-cover-silicone-can-lid-hot-kitchen-tools","status":"publish","type":"product","link":"https:\/\/kifood.cn\/es\/producto\/silicone-world-3-in-1-reusable-food-storage-keep-fresh-cover-pet-can-box-cover-silicone-can-lid-hot-kitchen-tools\/","title":{"rendered":"Fundas reutilizables para almacenamiento de alimentos 3 en 1 de Silicone World"},"content":{"rendered":"<p><strong>Puntos clave:<\/strong><\/p>\n<p>1. Excelente calidad: Esta tapa para latas de comida para mascotas est\u00e1 hecha de silicona de grado alimenticio de excelente calidad. Es duradera y segura. Sirve para cubrir la lata de comida sin que se estropee.<\/p>\n<p>2\u3001Amplia gama de aplicaciones: Esta funda para latas de comida para perros tiene una amplia gama de aplicaciones. Tiene 3 di\u00e1metros interiores diferentes: 6,5 cm, 7,5 cm y 8,5 cm. Sirve para cubrir diversas latas de comida para mascotas y otras latas.<\/p>\n<p>3\u3001Excelente sellado: Esta tapa para comida para gatos funciona eficazmente. Ayuda a mantener la comida fresca por m\u00e1s tiempo. No produce olores extra\u00f1os y permite mantener la comida herm\u00e9ticamente en el refrigerador.<\/p>\n<p>4\u3001F\u00e1cil de limpiar: Esta tapa para lata de comida para perros es muy f\u00e1cil de limpiar. Es apta para lavavajillas. Puede lavarla f\u00e1cilmente en el fregadero o en el lavavajillas.<\/p>\n<p>5. Colores brillantes: Esta tapa para latas de comida para perros est\u00e1 disponible en 6 colores para satisfacer tus necesidades. Es ideal para conservar el olor de las latas abiertas y mantener la comida fresca.<\/p>\n<p>&nbsp;<\/p>\n<p><strong>Descripci\u00f3n:<\/strong><\/p>\n<p>Esta tapa para latas de comida para mascotas est\u00e1 hecha de silicona de grado alimenticio de excelente calidad. Es duradera y segura. Sirve para cubrir la lata de comida sin que se estropee.<\/p>\n<p>Esta tapa para comida para gatos es eficaz. Ayuda a mantener la comida fresca por m\u00e1s tiempo. No desprende olores extra\u00f1os y permite mantener la comida herm\u00e9ticamente en el refrigerador.<\/p>\n<p>&nbsp;<\/p>\n<p><strong>Especificaciones:<\/strong><\/p>\n<p>Nombre: Tapas para latas de comida para mascotas<\/p>\n<p>Material: silicona<\/p>\n<p>Peso: unos 30 g<\/p>\n<p>Tama\u00f1o: aproximadamente 9x9cm \/ 3,54 * 3,54 pulgadas<\/p>\n<p>&nbsp;<\/p>\n<p><strong>Caracter\u00edsticas:<\/strong><\/p>\n<p>3 di\u00e1metros interiores diferentes<\/p>\n<p>Se adapta a varias latas de alimentos<\/p>\n<p>Excelente sellabilidad<\/p>\n<p>Lista de paquetes:<\/p>\n<p>Tapa para lata de comida para mascotas * 1<\/p>\n<p><img decoding=\"async\" src=\"https:\/\/ae01.alicdn.com\/kf\/S5ebd1e1b4c214d63b3870092c7b9451b8.jpg\" \/><img decoding=\"async\" src=\"https:\/\/ae01.alicdn.com\/kf\/Sdd89b27a343f405aad1f6b521b3ad501M.jpg\" \/><img decoding=\"async\" src=\"https:\/\/ae01.alicdn.com\/kf\/S3fc55e63dac3452bae60540e15c7ddcez.jpg\" \/><img decoding=\"async\" src=\"https:\/\/ae01.alicdn.com\/kf\/S1aa43adfab894c479a063cdd8354e2a3L.jpg\" \/><img decoding=\"async\" src=\"https:\/\/ae01.alicdn.com\/kf\/S4b1b91e4857e4430be712e4ce40d84b2x.jpg\" \/><img decoding=\"async\" src=\"https:\/\/ae01.alicdn.com\/kf\/S74a378e943c74f2897f21faf17301444y.jpg\" \/><img decoding=\"async\" src=\"https:\/\/ae01.alicdn.com\/kf\/S20aa9f077ac443b89c08358f32097f26G.jpg\" \/><img decoding=\"async\" src=\"https:\/\/ae01.alicdn.com\/kf\/Sf57eea1514de4d4cbe123c8558529ab3F.jpg\" \/><img decoding=\"async\" src=\"https:\/\/ae01.alicdn.com\/kf\/Sc58d3fa521754b07b2ce04f2147f5d6bk.jpg\" \/><img decoding=\"async\" src=\"https:\/\/ae01.alicdn.com\/kf\/S9d37f11f9cc34eeb9e5f94a3cfdbab97A.jpg\" \/><img decoding=\"async\" src=\"https:\/\/ae01.alicdn.com\/kf\/S1528d7e8cd264ee69681651d923ee8b5i.jpg\" \/><\/p>\n<p>&nbsp;<\/p>","protected":false},"excerpt":{"rendered":"<p>Ranura de m\u00faltiples bucles invertida sin fugas: dise\u00f1o de sello integrado, aislamiento de absorci\u00f3n de aire, buen paquete, dif\u00edcil de fugas.<br \/>\nMango aerodin\u00e1mico que proporciona una delicia nutritiva: dise\u00f1o de mango aerodin\u00e1mico de longitud moderada, agarre c\u00f3modo.<br \/>\nDise\u00f1o considerado, cubierta de f\u00e1cil apertura: borde de agarre conveniente, suave, delicado y c\u00f3modo.<br \/>\nF\u00e1cil limpieza, formando un solo cuerpo: Dise\u00f1o integrado, Limpia sin presi\u00f3n Limpia sin residuos.<br \/>\nEl gel de s\u00edlice suave no se deforma f\u00e1cilmente: el sello de seguridad antienvejecimiento es dif\u00edcil de deformar y se puede utilizar durante mucho tiempo.<\/p>","protected":false},"featured_media":3595,"comment_status":"open","ping_status":"closed","template":"","meta":{"site-sidebar-layout":"default","site-content-layout":"","ast-site-content-layout":"default","site-content-style":"default","site-sidebar-style":"default","ast-global-header-display":"","ast-banner-title-visibility":"","ast-main-header-display":"","ast-hfb-above-header-display":"","ast-hfb-below-header-display":"","ast-hfb-mobile-header-display":"","site-post-title":"","ast-breadcrumbs-content":"","ast-featured-img":"","footer-sml-layout":"","ast-disable-related-posts":"","theme-transparent-header-meta":"default","adv-header-id-meta":"","stick-header-meta":"default","header-above-stick-meta":"","header-main-stick-meta":"","header-below-stick-meta":"","astra-migrate-meta-layouts":"set","ast-page-background-enabled":"default","ast-page-background-meta":{"desktop":{"background-color":"var(--ast-global-color-4)","background-image":"","background-repeat":"repeat","background-position":"center center","background-size":"auto","background-attachment":"scroll","background-type":"","background-media":"","overlay-type":"","overlay-color":"","overlay-opacity":"","overlay-gradient":""},"tablet":{"background-color":"","background-image":"","background-repeat":"repeat","background-position":"center center","background-size":"auto","background-attachment":"scroll","background-type":"","background-media":"","overlay-type":"","overlay-color":"","overlay-opacity":"","overlay-gradient":""},"mobile":{"background-color":"","background-image":"","background-repeat":"repeat","background-position":"center center","background-size":"auto","background-attachment":"scroll","background-type":"","background-media":"","overlay-type":"","overlay-color":"","overlay-opacity":"","overlay-gradient":""}},"ast-content-background-meta":{"desktop":{"background-color":"var(--ast-global-color-5)","background-image":"","background-repeat":"repeat","background-position":"center center","background-size":"auto","background-attachment":"scroll","background-type":"","background-media":"","overlay-type":"","overlay-color":"","overlay-opacity":"","overlay-gradient":""},"tablet":{"background-color":"var(--ast-global-color-5)","background-image":"","background-repeat":"repeat","background-position":"center center","background-size":"auto","background-attachment":"scroll","background-type":"","background-media":"","overlay-type":"","overlay-color":"","overlay-opacity":"","overlay-gradient":""},"mobile":{"background-color":"var(--ast-global-color-5)","background-image":"","background-repeat":"repeat","background-position":"center center","background-size":"auto","background-attachment":"scroll","background-type":"","background-media":"","overlay-type":"","overlay-color":"","overlay-opacity":"","overlay-gradient":""}}},"product_brand":[],"product_cat":[80],"product_tag":[],"class_list":{"0":"post-3601","1":"product","2":"type-product","3":"status-publish","4":"has-post-thumbnail","6":"product_cat-kitchen-gadgets","7":"product_shipping_class-shipping-time-15-20-days","8":"desktop-align-left","9":"tablet-align-left","10":"mobile-align-left","12":"first","13":"instock","14":"sale","15":"shipping-taxable","16":"purchasable","17":"product-type-variable"},"_links":{"self":[{"href":"https:\/\/kifood.cn\/es\/wp-json\/wp\/v2\/product\/3601","targetHints":{"allow":["GET"]}}],"collection":[{"href":"https:\/\/kifood.cn\/es\/wp-json\/wp\/v2\/product"}],"about":[{"href":"https:\/\/kifood.cn\/es\/wp-json\/wp\/v2\/types\/product"}],"replies":[{"embeddable":true,"href":"https:\/\/kifood.cn\/es\/wp-json\/wp\/v2\/comments?post=3601"}],"wp:featuredmedia":[{"embeddable":true,"href":"https:\/\/kifood.cn\/es\/wp-json\/wp\/v2\/media\/3595"}],"wp:attachment":[{"href":"https:\/\/kifood.cn\/es\/wp-json\/wp\/v2\/media?parent=3601"}],"wp:term":[{"taxonomy":"product_brand","embeddable":true,"href":"https:\/\/kifood.cn\/es\/wp-json\/wp\/v2\/product_brand?post=3601"},{"taxonomy":"product_cat","embeddable":true,"href":"https:\/\/kifood.cn\/es\/wp-json\/wp\/v2\/product_cat?post=3601"},{"taxonomy":"product_tag","embeddable":true,"href":"https:\/\/kifood.cn\/es\/wp-json\/wp\/v2\/product_tag?post=3601"}],"curies":[{"name":"wp","href":"https:\/\/api.w.org\/{rel}","templated":true}]}}