{"id":3581,"date":"2024-04-25T12:49:00","date_gmt":"2024-04-25T12:49:00","guid":{"rendered":"https:\/\/kifood.cn\/?post_type=product&#038;p=3581"},"modified":"2024-06-05T08:17:01","modified_gmt":"2024-06-05T08:17:01","slug":"bbq-grill-tool-set-stainless-steel-barbecue-ing-tools-outdoor-camping-cooking-accessories-kit-with-bag","status":"publish","type":"product","link":"https:\/\/kifood.cn\/es\/producto\/bbq-grill-tool-set-stainless-steel-barbecue-ing-tools-outdoor-camping-cooking-accessories-kit-with-bag\/","title":{"rendered":"Juego de herramientas para parrilla de barbacoa de acero inoxidable con bolsa de transporte"},"content":{"rendered":"<p><strong>Especificaciones del producto:<\/strong><\/p>\n<p>Art\u00edculo: Juego de herramientas de silicona para parrilla de barbacoa (3\/5 piezas)<\/p>\n<p>Material: acero inoxidable, silicona.<\/p>\n<p>Color: Plata<\/p>\n<p>Longitud: Aprox. 33~35 cm (Consulte las fotos a continuaci\u00f3n)<\/p>\n<p>Aplicaci\u00f3n: parrilla de barbacoa, picnic, fiesta, camping y cocina al aire libre, etc.<\/p>\n<p>El paquete incluye:<\/p>\n<p>Opci\u00f3n A: 1 juego de 3 herramientas para barbacoa (1 pinza para barbacoa + 1 tenedor para barbacoa + 1 esp\u00e1tula para parrilla)<\/p>\n<p>Opci\u00f3n B: 1 juego de 5 herramientas para barbacoa (1 pinza para barbacoa + 1 tenedor para barbacoa + 1 esp\u00e1tula para parrilla + 1 cepillo para untar + 1 cuchillo para barbacoa)<\/p>\n<p>&nbsp;<\/p>\n<p><img decoding=\"async\" src=\"https:\/\/ae01.alicdn.com\/kf\/S086426df68724e2f855eb75a9f96cf55l.jpg?width=800&amp;height=800&amp;hash=1600\" \/> <img decoding=\"async\" src=\"https:\/\/ae01.alicdn.com\/kf\/S92eebc7ee2764b5aa8effc6672685584n.jpg?width=800&amp;height=800&amp;hash=1600\" \/> <img decoding=\"async\" src=\"https:\/\/ae01.alicdn.com\/kf\/Sf52ac411ace046308bb90726c3f65b0fD.jpg?width=800&amp;height=800&amp;hash=1600\" \/> <img decoding=\"async\" src=\"https:\/\/ae01.alicdn.com\/kf\/S7c68a572cff549228fbdc5f54489f2194.jpg?width=800&amp;height=800&amp;hash=1600\" \/> <img decoding=\"async\" src=\"https:\/\/ae01.alicdn.com\/kf\/S35e942845fb949128f002d1f603ff223c.jpg?width=800&amp;height=800&amp;hash=1600\" \/> <img decoding=\"async\" src=\"https:\/\/ae01.alicdn.com\/kf\/S8f504af2a4fb4e45a987d2cb0db33d41L.jpg?width=800&amp;height=800&amp;hash=1600\" \/> <img decoding=\"async\" src=\"https:\/\/ae01.alicdn.com\/kf\/Sedd939fe4910449993295645b5350297j.jpg?width=800&amp;height=800&amp;hash=1600\" \/> <img decoding=\"async\" src=\"https:\/\/ae01.alicdn.com\/kf\/S81e77854dbcb43d98fedcffc7dfd52651.jpg?width=800&amp;height=800&amp;hash=1600\" \/> <img decoding=\"async\" src=\"https:\/\/ae01.alicdn.com\/kf\/Sc31ab2bb65f74e17b84c229a229987710.jpg?width=800&amp;height=800&amp;hash=1600\" \/> <img decoding=\"async\" src=\"https:\/\/ae01.alicdn.com\/kf\/S3929347c6245403db1c6ec153f80043fg.jpg?width=800&amp;height=800&amp;hash=1600\" \/> <img decoding=\"async\" src=\"https:\/\/ae01.alicdn.com\/kf\/S62dc7efdec514ff996f4a35a26ded7c6L.jpg?width=800&amp;height=800&amp;hash=1600\" \/> <img decoding=\"async\" src=\"https:\/\/ae01.alicdn.com\/kf\/S6855b8084fd348a0b0b9e25834b0becbb.jpg?width=800&amp;height=800&amp;hash=1600\" \/> <img decoding=\"async\" src=\"https:\/\/ae01.alicdn.com\/kf\/S8b64e23885ab481da425c9c8e1ee713ez.jpg?width=800&amp;height=800&amp;hash=1600\" \/> <img decoding=\"async\" src=\"https:\/\/ae01.alicdn.com\/kf\/Sa9d05ab17b5b4c9898eb8f6cbb5e86c7S.jpg?width=800&amp;height=800&amp;hash=1600\" \/> <img decoding=\"async\" src=\"https:\/\/ae01.alicdn.com\/kf\/Sea86aa4f90f842bb9f76fd25acbd33487.jpg?width=800&amp;height=800&amp;hash=1600\" \/> <img decoding=\"async\" src=\"https:\/\/ae01.alicdn.com\/kf\/Scb6e950b06734e299cc228038455587eA.jpg?width=800&amp;height=800&amp;hash=1600\" \/><\/p>\n<p>&nbsp;<\/p>","protected":false},"excerpt":{"rendered":"<p>Hecho de materiales de acero inoxidable de primera calidad, resistente, duradero y de larga duraci\u00f3n.<\/p>\n<p>El juego de herramientas para barbacoa profesional incluye 3 o 5 herramientas y accesorios para parrilla y una resistente bolsa de transporte Oxford.<\/p>\n<p>Kit de accesorios y utensilios para parrilla port\u00e1til multiusos: perfecto para barbacoas, campamentos, picnics, cocina al aire libre y fiestas en el patio.<\/p>\n<p>Todas las herramientas para barbacoa vienen con un mango antideslizante de dise\u00f1o ergon\u00f3mico y un gancho para colgar en el extremo, lo que le brinda una c\u00f3moda experiencia de barbacoa.<\/p>\n<p>Los mangos alargados mantienen tus manos a salvo del calor.<\/p>\n<p>Una opci\u00f3n ideal para los amantes de la gastronom\u00eda, los aficionados a las barbacoas, los cocineros y los amantes del camping.<\/p>\n<p>Es la mejor idea de regalo para el d\u00eda del padre, el d\u00eda de la madre, el d\u00eda de los abuelos, cumplea\u00f1os, etc.<\/p>","protected":false},"featured_media":3575,"comment_status":"open","ping_status":"closed","template":"","meta":{"site-sidebar-layout":"default","site-content-layout":"","ast-site-content-layout":"default","site-content-style":"default","site-sidebar-style":"default","ast-global-header-display":"","ast-banner-title-visibility":"","ast-main-header-display":"","ast-hfb-above-header-display":"","ast-hfb-below-header-display":"","ast-hfb-mobile-header-display":"","site-post-title":"","ast-breadcrumbs-content":"","ast-featured-img":"","footer-sml-layout":"","ast-disable-related-posts":"","theme-transparent-header-meta":"default","adv-header-id-meta":"","stick-header-meta":"default","header-above-stick-meta":"","header-main-stick-meta":"","header-below-stick-meta":"","astra-migrate-meta-layouts":"set","ast-page-background-enabled":"default","ast-page-background-meta":{"desktop":{"background-color":"var(--ast-global-color-4)","background-image":"","background-repeat":"repeat","background-position":"center center","background-size":"auto","background-attachment":"scroll","background-type":"","background-media":"","overlay-type":"","overlay-color":"","overlay-opacity":"","overlay-gradient":""},"tablet":{"background-color":"","background-image":"","background-repeat":"repeat","background-position":"center center","background-size":"auto","background-attachment":"scroll","background-type":"","background-media":"","overlay-type":"","overlay-color":"","overlay-opacity":"","overlay-gradient":""},"mobile":{"background-color":"","background-image":"","background-repeat":"repeat","background-position":"center center","background-size":"auto","background-attachment":"scroll","background-type":"","background-media":"","overlay-type":"","overlay-color":"","overlay-opacity":"","overlay-gradient":""}},"ast-content-background-meta":{"desktop":{"background-color":"var(--ast-global-color-5)","background-image":"","background-repeat":"repeat","background-position":"center center","background-size":"auto","background-attachment":"scroll","background-type":"","background-media":"","overlay-type":"","overlay-color":"","overlay-opacity":"","overlay-gradient":""},"tablet":{"background-color":"var(--ast-global-color-5)","background-image":"","background-repeat":"repeat","background-position":"center center","background-size":"auto","background-attachment":"scroll","background-type":"","background-media":"","overlay-type":"","overlay-color":"","overlay-opacity":"","overlay-gradient":""},"mobile":{"background-color":"var(--ast-global-color-5)","background-image":"","background-repeat":"repeat","background-position":"center center","background-size":"auto","background-attachment":"scroll","background-type":"","background-media":"","overlay-type":"","overlay-color":"","overlay-opacity":"","overlay-gradient":""}}},"product_brand":[],"product_cat":[82],"product_tag":[],"class_list":{"0":"post-3581","1":"product","2":"type-product","3":"status-publish","4":"has-post-thumbnail","6":"product_cat-kitchen-utensil","7":"product_shipping_class-shipping-time-15-20-days","8":"desktop-align-left","9":"tablet-align-left","10":"mobile-align-left","12":"first","13":"instock","14":"sale","15":"shipping-taxable","16":"purchasable","17":"product-type-variable"},"_links":{"self":[{"href":"https:\/\/kifood.cn\/es\/wp-json\/wp\/v2\/product\/3581","targetHints":{"allow":["GET"]}}],"collection":[{"href":"https:\/\/kifood.cn\/es\/wp-json\/wp\/v2\/product"}],"about":[{"href":"https:\/\/kifood.cn\/es\/wp-json\/wp\/v2\/types\/product"}],"replies":[{"embeddable":true,"href":"https:\/\/kifood.cn\/es\/wp-json\/wp\/v2\/comments?post=3581"}],"wp:featuredmedia":[{"embeddable":true,"href":"https:\/\/kifood.cn\/es\/wp-json\/wp\/v2\/media\/3575"}],"wp:attachment":[{"href":"https:\/\/kifood.cn\/es\/wp-json\/wp\/v2\/media?parent=3581"}],"wp:term":[{"taxonomy":"product_brand","embeddable":true,"href":"https:\/\/kifood.cn\/es\/wp-json\/wp\/v2\/product_brand?post=3581"},{"taxonomy":"product_cat","embeddable":true,"href":"https:\/\/kifood.cn\/es\/wp-json\/wp\/v2\/product_cat?post=3581"},{"taxonomy":"product_tag","embeddable":true,"href":"https:\/\/kifood.cn\/es\/wp-json\/wp\/v2\/product_tag?post=3581"}],"curies":[{"name":"wp","href":"https:\/\/api.w.org\/{rel}","templated":true}]}}