{"id":3518,"date":"2024-04-25T12:36:00","date_gmt":"2024-04-25T12:36:00","guid":{"rendered":"https:\/\/kifood.cn\/?post_type=product&#038;p=3518"},"modified":"2024-05-09T06:07:09","modified_gmt":"2024-05-09T06:07:09","slug":"can-opener-multi-functional-four-in-one-beverage-bottle-opener-cap-twister-four-position-can-opener-anti-slip-cap-twister","status":"publish","type":"product","link":"https:\/\/kifood.cn\/es\/producto\/can-opener-multi-functional-four-in-one-beverage-bottle-opener-cap-twister-four-position-can-opener-anti-slip-cap-twister\/","title":{"rendered":"Abridor de botellas de bebidas multifuncional"},"content":{"rendered":"<p><strong>Descripci\u00f3n del Producto<\/strong><\/p>\n<p><strong>Caracter\u00edsticas:<\/strong><\/p>\n<p>Dise\u00f1o ergon\u00f3mico y antideslizante: dise\u00f1o ergon\u00f3mico, f\u00e1cil de operar y proporciona un agarre firme entre el abridor de botellas y la tapa\/mano. El mango antideslizante garantiza seguridad incluso en condiciones de humedad, lo que lo convierte en un abrelatas ideal para personas con manos d\u00e9biles.<\/p>\n<p>Ampliamente utilizado: abridor de botellas, adecuado para diferentes tipos de tapas de botellas, tapas de botellas, tapas de latas, latas de frijoles, tapas de botellas de kimchi, tapas de botellas de refresco y tapas de botellas. Bebidas sin alcohol. Estos abridores de botellas son muy duraderos y f\u00e1ciles de guardar en cualquier situaci\u00f3n de la cocina.<\/p>\n<p>F\u00e1cil de usar: coloque el abridor de botellas del tama\u00f1o correcto en la tapa, g\u00edrelo para abrir f\u00e1cilmente el sello o use el abridor para tirar de \u00e9l, no se deslizar\u00e1 y ahorrar\u00e1 esfuerzo. Adem\u00e1s, evita el riesgo de abrir la tapa con un cuchillo y reduce el riesgo de lesiones.<\/p>\n<p>Retire m\u00e1s tapas y tapas: este removedor de tapas es un abridor multifuncional de 5 v\u00edas. Se agreg\u00f3 un abridor asistente de alta resistencia para hacerlo m\u00e1s poderoso. El abridor de botellas de goma se puede utilizar como abridor de botellas, abridor de botellas de refresco y otras herramientas para abrir botellas.<\/p>\n<p>Ahorro de mano de obra: gira f\u00e1cilmente el abrelatas. Este abridor de botellas te hace la vida m\u00e1s f\u00e1cil. Es liviano y tiene un excelente agarre. Las herramientas de cocina esenciales reemplazar\u00e1n algunas herramientas voluminosas.<\/p>\n<p><strong>Especificaci\u00f3n:<\/strong><\/p>\n<p>Categor\u00eda de producto: Abridor de botellas<\/p>\n<p>Material: PP + TPR<\/p>\n<p>Funci\u00f3n: multifuncional<\/p>\n<p>Color: Negro\/Verde<\/p>\n<p>Tama\u00f1o: 22*9cm<\/p>\n<p>El paquete incluye:<\/p>\n<p>1 * abridor de botellas<\/p>\n<p><strong>Aviso:*<\/strong><\/p>\n<p>Las im\u00e1genes de esta p\u00e1gina son solo de referencia y el dise\u00f1o real del producto puede variar.<\/p>\n<p><img decoding=\"async\" src=\"https:\/\/ae01.alicdn.com\/kf\/Sd3193b5daa024656a31582cfaff01df06.jpg\" \/><img decoding=\"async\" src=\"https:\/\/ae01.alicdn.com\/kf\/S33a97a8c627c4ae1a6fa09d0d34adf33K.jpg\" \/><img decoding=\"async\" src=\"https:\/\/ae01.alicdn.com\/kf\/S38fa9ffaac184750a4a1373c1520747fz.jpg\" \/><img decoding=\"async\" src=\"https:\/\/ae01.alicdn.com\/kf\/Sdfde196871624f809b9cf5b74e9dc612L.jpg\" \/><img decoding=\"async\" src=\"https:\/\/ae01.alicdn.com\/kf\/Seeb8d8ec9930453b9a5d0ee2957553f9M.jpg\" \/><img decoding=\"async\" src=\"https:\/\/ae01.alicdn.com\/kf\/S32668679de28485ea3c77ac4294c598cX.jpg\" \/><img decoding=\"async\" src=\"https:\/\/ae01.alicdn.com\/kf\/S12b14c3b35b64da4a6f72247b57fcd5dQ.jpg\" \/><img decoding=\"async\" src=\"https:\/\/ae01.alicdn.com\/kf\/Sd89e6c3c043f40dcbf2289e3d4332a15J.jpg\" \/><img decoding=\"async\" src=\"https:\/\/ae01.alicdn.com\/kf\/Sbf6b09f3c3b14bb1b120c56335a8c120Y.jpg\" \/><img decoding=\"async\" src=\"https:\/\/ae01.alicdn.com\/kf\/S779bbad4ed3a4c8695cce7829dff81baM.jpg\" \/><\/p>\n<p><img decoding=\"async\" src=\"https:\/\/ae01.alicdn.com\/kf\/S124e347d09ab45fba33386df208b9abf3.jpg\" \/><img decoding=\"async\" src=\"https:\/\/ae01.alicdn.com\/kf\/S8758cafb789c40e6abf52a94971e15a2o.jpg\" \/><\/p>\n<p>&nbsp;<\/p>","protected":false},"excerpt":{"rendered":"<p><strong>\u2022 Dise\u00f1o multifuncional:<\/strong>Este abridor multifuncional no es s\u00f3lo un abrelatas. Tambi\u00e9n sirve como abridor de botellas, lo que lo convierte en una herramienta vers\u00e1til en tu cocina.<\/p>\n<p><strong>\u2022 Funci\u00f3n cuatro en uno:<\/strong>El dise\u00f1o cuatro en uno de este abridor lo convierte en una herramienta compacta y eficiente, que combina la funcionalidad de cuatro abridores diferentes en un solo dispositivo.<\/p>\n<p><strong>\u2022 Tornado de tapa antideslizante:<\/strong>Equipado con un tornador de tapas antideslizante, este abridor garantiza un agarre seguro y un funcionamiento suave, evitando accidentes y mejorando la usabilidad.<\/p>\n<p><strong>\u2022 Material de aleaci\u00f3n de aluminio:<\/strong>Hecho de aleaci\u00f3n de aluminio de alta calidad, este abridor es duradero y resistente al desgaste, lo que garantiza un rendimiento duradero.<\/p>\n<p><strong>\u2022 F\u00e1cil de usar :<\/strong>Con su dise\u00f1o f\u00e1cil de usar, este abridor es f\u00e1cil de usar, lo que lo hace ideal para personas de todas las edades y habilidades.<\/p>\n<p><strong>\u2022 Tama\u00f1o compacto :<\/strong>Su tama\u00f1o compacto facilita su almacenamiento en cualquier caj\u00f3n o armario de la cocina, lo que la convierte en una herramienta ideal para espacios peque\u00f1os.<\/p>\n<p>&nbsp;<\/p>","protected":false},"featured_media":3512,"comment_status":"open","ping_status":"closed","template":"","meta":{"site-sidebar-layout":"default","site-content-layout":"","ast-site-content-layout":"default","site-content-style":"default","site-sidebar-style":"default","ast-global-header-display":"","ast-banner-title-visibility":"","ast-main-header-display":"","ast-hfb-above-header-display":"","ast-hfb-below-header-display":"","ast-hfb-mobile-header-display":"","site-post-title":"","ast-breadcrumbs-content":"","ast-featured-img":"","footer-sml-layout":"","ast-disable-related-posts":"","theme-transparent-header-meta":"default","adv-header-id-meta":"","stick-header-meta":"default","header-above-stick-meta":"","header-main-stick-meta":"","header-below-stick-meta":"","astra-migrate-meta-layouts":"set","ast-page-background-enabled":"default","ast-page-background-meta":{"desktop":{"background-color":"var(--ast-global-color-4)","background-image":"","background-repeat":"repeat","background-position":"center center","background-size":"auto","background-attachment":"scroll","background-type":"","background-media":"","overlay-type":"","overlay-color":"","overlay-opacity":"","overlay-gradient":""},"tablet":{"background-color":"","background-image":"","background-repeat":"repeat","background-position":"center center","background-size":"auto","background-attachment":"scroll","background-type":"","background-media":"","overlay-type":"","overlay-color":"","overlay-opacity":"","overlay-gradient":""},"mobile":{"background-color":"","background-image":"","background-repeat":"repeat","background-position":"center center","background-size":"auto","background-attachment":"scroll","background-type":"","background-media":"","overlay-type":"","overlay-color":"","overlay-opacity":"","overlay-gradient":""}},"ast-content-background-meta":{"desktop":{"background-color":"var(--ast-global-color-5)","background-image":"","background-repeat":"repeat","background-position":"center center","background-size":"auto","background-attachment":"scroll","background-type":"","background-media":"","overlay-type":"","overlay-color":"","overlay-opacity":"","overlay-gradient":""},"tablet":{"background-color":"var(--ast-global-color-5)","background-image":"","background-repeat":"repeat","background-position":"center center","background-size":"auto","background-attachment":"scroll","background-type":"","background-media":"","overlay-type":"","overlay-color":"","overlay-opacity":"","overlay-gradient":""},"mobile":{"background-color":"var(--ast-global-color-5)","background-image":"","background-repeat":"repeat","background-position":"center center","background-size":"auto","background-attachment":"scroll","background-type":"","background-media":"","overlay-type":"","overlay-color":"","overlay-opacity":"","overlay-gradient":""}}},"product_brand":[],"product_cat":[80],"product_tag":[],"class_list":{"0":"post-3518","1":"product","2":"type-product","3":"status-publish","4":"has-post-thumbnail","6":"product_cat-kitchen-gadgets","7":"product_shipping_class-shipping-time-15-20-days","8":"desktop-align-left","9":"tablet-align-left","10":"mobile-align-left","12":"first","13":"instock","14":"sale","15":"shipping-taxable","16":"purchasable","17":"product-type-variable"},"_links":{"self":[{"href":"https:\/\/kifood.cn\/es\/wp-json\/wp\/v2\/product\/3518","targetHints":{"allow":["GET"]}}],"collection":[{"href":"https:\/\/kifood.cn\/es\/wp-json\/wp\/v2\/product"}],"about":[{"href":"https:\/\/kifood.cn\/es\/wp-json\/wp\/v2\/types\/product"}],"replies":[{"embeddable":true,"href":"https:\/\/kifood.cn\/es\/wp-json\/wp\/v2\/comments?post=3518"}],"wp:featuredmedia":[{"embeddable":true,"href":"https:\/\/kifood.cn\/es\/wp-json\/wp\/v2\/media\/3512"}],"wp:attachment":[{"href":"https:\/\/kifood.cn\/es\/wp-json\/wp\/v2\/media?parent=3518"}],"wp:term":[{"taxonomy":"product_brand","embeddable":true,"href":"https:\/\/kifood.cn\/es\/wp-json\/wp\/v2\/product_brand?post=3518"},{"taxonomy":"product_cat","embeddable":true,"href":"https:\/\/kifood.cn\/es\/wp-json\/wp\/v2\/product_cat?post=3518"},{"taxonomy":"product_tag","embeddable":true,"href":"https:\/\/kifood.cn\/es\/wp-json\/wp\/v2\/product_tag?post=3518"}],"curies":[{"name":"wp","href":"https:\/\/api.w.org\/{rel}","templated":true}]}}