{"id":3278,"date":"2024-04-24T04:17:00","date_gmt":"2024-04-24T04:17:00","guid":{"rendered":"https:\/\/kifood.cn\/?post_type=product&#038;p=3278"},"modified":"2024-05-09T06:07:23","modified_gmt":"2024-05-09T06:07:23","slug":"30x40cm-silicone-mat-baking-tray-baking-net-mat-breathable-non-stick-baking-mat-cookie-mat-high-temperature-oven-mat-g165","status":"publish","type":"product","link":"https:\/\/kifood.cn\/es\/producto\/30x40cm-silicone-mat-baking-tray-baking-net-mat-breathable-non-stick-baking-mat-cookie-mat-high-temperature-oven-mat-g165\/","title":{"rendered":"Tapetes reutilizables de silicona para hornear de 30 x 40 cm"},"content":{"rendered":"<p><strong>Caracter\u00edsticas:<\/strong><\/p>\n<p>Apto para microondas y horno de cocina, se puede utilizar para hornear pan, hacer galletas y hornear otros alimentos.<\/p>\n<p>1. Larga vida \u00fatil, sin necesidad de cepillar aceite ni colocar papel de hornear.<\/p>\n<p>2. El dise\u00f1o del orificio de aire hace que la cocci\u00f3n se caliente de manera m\u00e1s uniforme.<\/p>\n<p>3. Seguridad del material, puedes tocar directamente la comida.<\/p>\n<p><strong>Especificaciones:<\/strong><\/p>\n<p>Nombre del producto: tapete de silicona para hornear<\/p>\n<p>N.\u00ba de art\u00edculo: G165A<\/p>\n<p>Material: fibra de vidrio + revestimiento de silicona de grado alimenticio<\/p>\n<p>Peso: 76g<\/p>\n<p>Tama\u00f1o: 30*40cm<\/p>\n<p>Temperatura de trabajo: por debajo de 230 grados Celsius<\/p>\n<p><strong>El paquete incluye:<\/strong><\/p>\n<p>1 estera para hornear<\/p>\n<p>Nota: 1. Antes del primer uso, se recomienda remojar en agua hirviendo durante un minuto o usar detergente para limpiar y desinfectar antes de usar.<\/p>\n<p>2. Despu\u00e9s de su uso, l\u00e1velo y s\u00e9quelo con agua tibia y luego col\u00f3quelo y gu\u00e1rdelo, evitando el contacto directo con la fuente de fuego.<\/p>\n<p>3. No lo utilice durante mucho tiempo en un entorno con una temperatura superior a 230 \u2103.<\/p>\n<p>4. No cortar con cuchillos ni herramientas afiladas.<\/p>\n<p><img decoding=\"async\" src=\"https:\/\/ae01.alicdn.com\/kf\/S55a29df0a1f24e04a779b1f67b4875b7V.jpg\" \/><img decoding=\"async\" src=\"https:\/\/ae01.alicdn.com\/kf\/Sdb52d5e502534c60b3d8951cfba99ed6g.jpg\" \/><img decoding=\"async\" src=\"https:\/\/ae01.alicdn.com\/kf\/S80c076fdbc8b4344b592893bcf570e4bx.jpg\" \/><img decoding=\"async\" src=\"https:\/\/ae01.alicdn.com\/kf\/Sc0a9572010734c8a80312af4fa32d4d6y.jpg\" \/><img decoding=\"async\" src=\"https:\/\/ae01.alicdn.com\/kf\/S9394598d889d47cb8552e7185f275b46i.jpg\" \/><img decoding=\"async\" src=\"https:\/\/ae01.alicdn.com\/kf\/S729cc9d77b9b4488b0e5b06d273cd1476.jpg\" \/><img decoding=\"async\" src=\"https:\/\/ae01.alicdn.com\/kf\/Sd4d0ce9157cd43c18882c5179219b08dP.jpg\" \/><img decoding=\"async\" src=\"https:\/\/ae01.alicdn.com\/kf\/Se37d5f7879af4b9491c4d2d5ccdc8732z.jpg\" \/><img decoding=\"async\" src=\"https:\/\/ae01.alicdn.com\/kf\/Sbe68bc017dbe478eb710e4d41e781a64G.jpg\" \/><\/p>\n<p><img decoding=\"async\" src=\"https:\/\/ae01.alicdn.com\/kf\/S0474835fb6f14b0fb7bc66596b9afe00u.jpg\" \/><\/p>\n<p>&nbsp;<\/p>\n<p>Aviso:<\/p>\n<p>&nbsp;<\/p>\n<p>1. Permita un peque\u00f1o error en el tama\u00f1o, ya que se mide manualmente, pero no afectar\u00e1 el uso, le deseamos felices compras.<\/p>\n<p>2. Debido a las diferencias entre diferentes monitores, o la luz de disparo y las im\u00e1genes en \u00e1ngulo pueden no reflejar el color real del art\u00edculo, pero la diferencia no ser\u00e1 grande, gracias por su comprensi\u00f3n.<\/p>\n<p>3. Si est\u00e1 satisfecho con nuestros productos y servicios, deje un comentario positivo, \u00a1le deseo un feliz d\u00eda!<\/p>\n<p>&nbsp;<\/p>","protected":false},"excerpt":{"rendered":"<p><strong>\u2022 Material de silicona de alta calidad:<\/strong>Fabricada con silicona de alta calidad, esta estera para hornear ofrece una durabilidad superior y resistencia al calor, perfecta para las necesidades de horneado.<\/p>\n<p><strong>\u2022 Caracter\u00edstica antiadherente transpirable:<\/strong>La caracter\u00edstica antiadherente transpirable garantiza que sus productos horneados se liberen f\u00e1cilmente sin pegarse, lo que promueve una experiencia de cocci\u00f3n m\u00e1s saludable.<\/p>\n<p><strong>\u2022 Uso vers\u00e1til:<\/strong>Este tapete vers\u00e1til es ideal para hornear galletas, otros productos horneados e incluso pizza, lo que lo convierte en una herramienta imprescindible para cualquier cocina.<\/p>\n<p><strong>\u2022 Dise\u00f1o ecol\u00f3gico:<\/strong>Con su dise\u00f1o ecol\u00f3gico, este tapete de silicona es reutilizable, lo que reduce el desperdicio y contribuye a una rutina de cocina m\u00e1s sustentable.<\/p>\n<p><strong>\u2022 Resistencia a altas temperaturas:<\/strong>Dise\u00f1ado para soportar altas temperaturas, este tapete es perfecto para usar en hornos, asegurando que sus productos horneados se cocinen de manera uniforme y perfecta en todo momento.<\/p>\n<p><strong>\u2022 Tama\u00f1o compacto :<\/strong>Con unas medidas de 30 x 40 cm, esta estera para hornear es compacta pero pr\u00e1ctica y se adapta perfectamente a la mayor\u00eda de las bandejas para hornear y a la mayor\u00eda de los hornos.<\/p>","protected":false},"featured_media":3272,"comment_status":"open","ping_status":"closed","template":"","meta":{"site-sidebar-layout":"default","site-content-layout":"","ast-site-content-layout":"default","site-content-style":"default","site-sidebar-style":"default","ast-global-header-display":"","ast-banner-title-visibility":"","ast-main-header-display":"","ast-hfb-above-header-display":"","ast-hfb-below-header-display":"","ast-hfb-mobile-header-display":"","site-post-title":"","ast-breadcrumbs-content":"","ast-featured-img":"","footer-sml-layout":"","ast-disable-related-posts":"","theme-transparent-header-meta":"default","adv-header-id-meta":"","stick-header-meta":"default","header-above-stick-meta":"","header-main-stick-meta":"","header-below-stick-meta":"","astra-migrate-meta-layouts":"set","ast-page-background-enabled":"default","ast-page-background-meta":{"desktop":{"background-color":"var(--ast-global-color-4)","background-image":"","background-repeat":"repeat","background-position":"center center","background-size":"auto","background-attachment":"scroll","background-type":"","background-media":"","overlay-type":"","overlay-color":"","overlay-opacity":"","overlay-gradient":""},"tablet":{"background-color":"","background-image":"","background-repeat":"repeat","background-position":"center center","background-size":"auto","background-attachment":"scroll","background-type":"","background-media":"","overlay-type":"","overlay-color":"","overlay-opacity":"","overlay-gradient":""},"mobile":{"background-color":"","background-image":"","background-repeat":"repeat","background-position":"center center","background-size":"auto","background-attachment":"scroll","background-type":"","background-media":"","overlay-type":"","overlay-color":"","overlay-opacity":"","overlay-gradient":""}},"ast-content-background-meta":{"desktop":{"background-color":"var(--ast-global-color-5)","background-image":"","background-repeat":"repeat","background-position":"center center","background-size":"auto","background-attachment":"scroll","background-type":"","background-media":"","overlay-type":"","overlay-color":"","overlay-opacity":"","overlay-gradient":""},"tablet":{"background-color":"var(--ast-global-color-5)","background-image":"","background-repeat":"repeat","background-position":"center center","background-size":"auto","background-attachment":"scroll","background-type":"","background-media":"","overlay-type":"","overlay-color":"","overlay-opacity":"","overlay-gradient":""},"mobile":{"background-color":"var(--ast-global-color-5)","background-image":"","background-repeat":"repeat","background-position":"center center","background-size":"auto","background-attachment":"scroll","background-type":"","background-media":"","overlay-type":"","overlay-color":"","overlay-opacity":"","overlay-gradient":""}}},"product_brand":[],"product_cat":[80],"product_tag":[],"class_list":{"0":"post-3278","1":"product","2":"type-product","3":"status-publish","4":"has-post-thumbnail","6":"product_cat-kitchen-gadgets","7":"product_shipping_class-shipping-time-15-20-days","8":"desktop-align-left","9":"tablet-align-left","10":"mobile-align-left","12":"first","13":"instock","14":"sale","15":"shipping-taxable","16":"purchasable","17":"product-type-variable"},"_links":{"self":[{"href":"https:\/\/kifood.cn\/es\/wp-json\/wp\/v2\/product\/3278","targetHints":{"allow":["GET"]}}],"collection":[{"href":"https:\/\/kifood.cn\/es\/wp-json\/wp\/v2\/product"}],"about":[{"href":"https:\/\/kifood.cn\/es\/wp-json\/wp\/v2\/types\/product"}],"replies":[{"embeddable":true,"href":"https:\/\/kifood.cn\/es\/wp-json\/wp\/v2\/comments?post=3278"}],"wp:featuredmedia":[{"embeddable":true,"href":"https:\/\/kifood.cn\/es\/wp-json\/wp\/v2\/media\/3272"}],"wp:attachment":[{"href":"https:\/\/kifood.cn\/es\/wp-json\/wp\/v2\/media?parent=3278"}],"wp:term":[{"taxonomy":"product_brand","embeddable":true,"href":"https:\/\/kifood.cn\/es\/wp-json\/wp\/v2\/product_brand?post=3278"},{"taxonomy":"product_cat","embeddable":true,"href":"https:\/\/kifood.cn\/es\/wp-json\/wp\/v2\/product_cat?post=3278"},{"taxonomy":"product_tag","embeddable":true,"href":"https:\/\/kifood.cn\/es\/wp-json\/wp\/v2\/product_tag?post=3278"}],"curies":[{"name":"wp","href":"https:\/\/api.w.org\/{rel}","templated":true}]}}