{"id":3233,"date":"2024-04-24T04:03:00","date_gmt":"2024-04-24T04:03:00","guid":{"rendered":"https:\/\/kifood.cn\/?post_type=product&#038;p=3233"},"modified":"2024-05-09T06:07:22","modified_gmt":"2024-05-09T06:07:22","slug":"pot-mat-dish-placemat-coaster-folding-heat-insulation-high-temperature-pots-and-pans-kitchen-gadgets","status":"publish","type":"product","link":"https:\/\/kifood.cn\/es\/producto\/pot-mat-dish-placemat-coaster-folding-heat-insulation-high-temperature-pots-and-pans-kitchen-gadgets\/","title":{"rendered":"Folding Pot Mat Dish Placemat Coaster Heat Insulation"},"content":{"rendered":"<p><strong>Especificaciones:<\/strong><\/p>\n<p>Product name: Folding heat insulation mat<\/p>\n<p>Material: plastic<\/p>\n<p>Size: 19*19*2<\/p>\n<p>Weight: 60g<\/p>\n<p><strong>El paquete incluye:<\/strong><\/p>\n<p>1 black folding insulation pad<\/p>\n<p>Note: the thickness of the product is possible, rest assured that the use of<\/p>\n<p>&nbsp;<\/p>\n<p><img decoding=\"async\" src=\"https:\/\/ae01.alicdn.com\/kf\/S2a2af1d0ade34a819cb8539d46a347a7S.jpg\" \/><img decoding=\"async\" src=\"https:\/\/ae01.alicdn.com\/kf\/Sa2904667adae43d1a52d67d570b2ea94k.jpg\" \/><img decoding=\"async\" src=\"https:\/\/ae01.alicdn.com\/kf\/Sdda42606b1d54260b42fb14edd9a74bao.jpg\" \/><img decoding=\"async\" src=\"https:\/\/ae01.alicdn.com\/kf\/Sf7dc25338fa84944b3c261cd407e4ef8X.jpg\" \/><img decoding=\"async\" src=\"https:\/\/ae01.alicdn.com\/kf\/Sf169d5c53d4f4fc99174dfbdcb1022f85.jpg\" \/><img decoding=\"async\" src=\"https:\/\/ae01.alicdn.com\/kf\/Sead40c13bae54a45898c609977baa035b.jpg\" \/><img decoding=\"async\" src=\"https:\/\/ae01.alicdn.com\/kf\/S05755c1eee324e04b23bdcb67bd67140F.jpg\" \/><\/p>\n<p>&nbsp;<\/p>\n<p>Aviso<\/p>\n<p>&nbsp;<\/p>\n<p>1. Permita un peque\u00f1o error en el tama\u00f1o, ya que se mide manualmente, pero no afectar\u00e1 el uso, le deseamos felices compras.<\/p>\n<p>2. Debido a las diferencias entre diferentes monitores, o la luz de disparo y las im\u00e1genes en \u00e1ngulo pueden no reflejar el color real del art\u00edculo, pero la diferencia no ser\u00e1 grande, gracias por su comprensi\u00f3n.<\/p>\n<p>3. Si est\u00e1 satisfecho con nuestros productos y servicios, deje un comentario positivo, \u00a1le deseo un feliz d\u00eda!<\/p>\n<p>&nbsp;<\/p>\n<p>&nbsp;<\/p>\n<p>&nbsp;<\/p>\n<p>&nbsp;<\/p>","protected":false},"excerpt":{"rendered":"<p>Suitable for kitchen, can be used as pot mats, dish mats, coasters, etc. to prevent scalding the desktop<\/p>\n<p>1\u3001Foldable, small footprint<\/p>\n<p>2, washable, very easy to use, oil stains directly flush with water<\/p>\n<p>3, made of ABS raw material plating, smooth surface is not rough, durable, will not rust<\/p>","protected":false},"featured_media":3227,"comment_status":"open","ping_status":"closed","template":"","meta":{"site-sidebar-layout":"default","site-content-layout":"","ast-site-content-layout":"default","site-content-style":"default","site-sidebar-style":"default","ast-global-header-display":"","ast-banner-title-visibility":"","ast-main-header-display":"","ast-hfb-above-header-display":"","ast-hfb-below-header-display":"","ast-hfb-mobile-header-display":"","site-post-title":"","ast-breadcrumbs-content":"","ast-featured-img":"","footer-sml-layout":"","ast-disable-related-posts":"","theme-transparent-header-meta":"default","adv-header-id-meta":"","stick-header-meta":"default","header-above-stick-meta":"","header-main-stick-meta":"","header-below-stick-meta":"","astra-migrate-meta-layouts":"set","ast-page-background-enabled":"default","ast-page-background-meta":{"desktop":{"background-color":"var(--ast-global-color-4)","background-image":"","background-repeat":"repeat","background-position":"center center","background-size":"auto","background-attachment":"scroll","background-type":"","background-media":"","overlay-type":"","overlay-color":"","overlay-opacity":"","overlay-gradient":""},"tablet":{"background-color":"","background-image":"","background-repeat":"repeat","background-position":"center center","background-size":"auto","background-attachment":"scroll","background-type":"","background-media":"","overlay-type":"","overlay-color":"","overlay-opacity":"","overlay-gradient":""},"mobile":{"background-color":"","background-image":"","background-repeat":"repeat","background-position":"center center","background-size":"auto","background-attachment":"scroll","background-type":"","background-media":"","overlay-type":"","overlay-color":"","overlay-opacity":"","overlay-gradient":""}},"ast-content-background-meta":{"desktop":{"background-color":"var(--ast-global-color-5)","background-image":"","background-repeat":"repeat","background-position":"center center","background-size":"auto","background-attachment":"scroll","background-type":"","background-media":"","overlay-type":"","overlay-color":"","overlay-opacity":"","overlay-gradient":""},"tablet":{"background-color":"var(--ast-global-color-5)","background-image":"","background-repeat":"repeat","background-position":"center center","background-size":"auto","background-attachment":"scroll","background-type":"","background-media":"","overlay-type":"","overlay-color":"","overlay-opacity":"","overlay-gradient":""},"mobile":{"background-color":"var(--ast-global-color-5)","background-image":"","background-repeat":"repeat","background-position":"center center","background-size":"auto","background-attachment":"scroll","background-type":"","background-media":"","overlay-type":"","overlay-color":"","overlay-opacity":"","overlay-gradient":""}}},"product_brand":[],"product_cat":[80],"product_tag":[],"class_list":{"0":"post-3233","1":"product","2":"type-product","3":"status-publish","4":"has-post-thumbnail","6":"product_cat-kitchen-gadgets","7":"product_shipping_class-shipping-time-15-20-days","8":"desktop-align-left","9":"tablet-align-left","10":"mobile-align-left","12":"first","13":"instock","14":"sale","15":"shipping-taxable","16":"purchasable","17":"product-type-simple"},"_links":{"self":[{"href":"https:\/\/kifood.cn\/es\/wp-json\/wp\/v2\/product\/3233","targetHints":{"allow":["GET"]}}],"collection":[{"href":"https:\/\/kifood.cn\/es\/wp-json\/wp\/v2\/product"}],"about":[{"href":"https:\/\/kifood.cn\/es\/wp-json\/wp\/v2\/types\/product"}],"replies":[{"embeddable":true,"href":"https:\/\/kifood.cn\/es\/wp-json\/wp\/v2\/comments?post=3233"}],"wp:featuredmedia":[{"embeddable":true,"href":"https:\/\/kifood.cn\/es\/wp-json\/wp\/v2\/media\/3227"}],"wp:attachment":[{"href":"https:\/\/kifood.cn\/es\/wp-json\/wp\/v2\/media?parent=3233"}],"wp:term":[{"taxonomy":"product_brand","embeddable":true,"href":"https:\/\/kifood.cn\/es\/wp-json\/wp\/v2\/product_brand?post=3233"},{"taxonomy":"product_cat","embeddable":true,"href":"https:\/\/kifood.cn\/es\/wp-json\/wp\/v2\/product_cat?post=3233"},{"taxonomy":"product_tag","embeddable":true,"href":"https:\/\/kifood.cn\/es\/wp-json\/wp\/v2\/product_tag?post=3233"}],"curies":[{"name":"wp","href":"https:\/\/api.w.org\/{rel}","templated":true}]}}