{"id":3224,"date":"2024-04-24T04:02:00","date_gmt":"2024-04-24T04:02:00","guid":{"rendered":"https:\/\/kifood.cn\/?post_type=product&#038;p=3224"},"modified":"2024-05-09T06:54:27","modified_gmt":"2024-05-09T06:54:27","slug":"6pcs-silicone-bbq-oil-bottle-brush-with-flat-bottom-design-easy-to-clean-suitable-for-all-cookware-cookware-barbecue-tool","status":"publish","type":"product","link":"https:\/\/kifood.cn\/es\/producto\/6pcs-silicone-bbq-oil-bottle-brush-with-flat-bottom-design-easy-to-clean-suitable-for-all-cookware-cookware-barbecue-tool\/","title":{"rendered":"Cepillo de silicona para botella de aceite de barbacoa"},"content":{"rendered":"<p><strong>Descripci\u00f3n del Producto<\/strong><\/p>\n<p><strong>Caracter\u00edsticas:<\/strong><\/p>\n<p>1. Seguro de usar: cocinar con el cepillo para barbacoa sin preocuparse por las toxinas peligrosas.<\/p>\n<p>2. Ambiental y no venenoso, resistencia a altas temperaturas, apto para lavavajillas, inodoro, no deja mal sabor, no es t\u00f3xico.<\/p>\n<p>3.F\u00e1cil de limpiar: los utensilios de cocina de silicona son utensilios de cocina esenciales que no manchan ni retienen olores. Los cabezales de silicona se pueden quitar y los cepillos se pueden limpiar f\u00e1cilmente a mano, pero tambi\u00e9n son aptos para lavavajillas.<\/p>\n<p>4. Se puede utilizar en cualquier lugar, interior o exterior, porque son utensilios de cocina port\u00e1tiles, muy convenientes.<\/p>\n<p>5. Ideal para pescado, pollo, bistec, hamburguesas, pizza, palomitas de ma\u00edz, verduras, ensaladas, pasteles, panqueques y mucho m\u00e1s.<\/p>\n<p><strong>Especificaci\u00f3n:<\/strong><\/p>\n<p>Material: silicona de calidad alimentaria<\/p>\n<p>Tama\u00f1o (aprox.): 12*5,5 cm<\/p>\n<p><strong>El paquete incluye:<\/strong><\/p>\n<p>3 * cepillo de aceite para untar<\/p>\n<p><strong>Aviso<\/strong><\/p>\n<p>*La imagen es s\u00f3lo como referencia, el dise\u00f1o real del producto puede variar.<\/p>\n<p>*Debido a las diferencias de luz y configuraci\u00f3n de la pantalla, el color del art\u00edculo puede ser ligeramente diferente al de las im\u00e1genes.<\/p>\n<p>*Permita una ligera diferencia de dimensi\u00f3n debido a las diferentes medidas manuales.<\/p>\n<p>&nbsp;<\/p>\n<p><img decoding=\"async\" src=\"https:\/\/ae01.alicdn.com\/kf\/S7cabe40478564f8bb6942a4c83596927a.jpg\" \/><img decoding=\"async\" src=\"https:\/\/ae01.alicdn.com\/kf\/Sbb71b79f3ecf4c64aa13e1c6d544f0861.jpg\" \/><img decoding=\"async\" src=\"https:\/\/ae01.alicdn.com\/kf\/S3b46ecdce5dc4f3ea29b7ac8f2fff5e21.jpg\" \/><img decoding=\"async\" src=\"https:\/\/ae01.alicdn.com\/kf\/S64bd53f0c6284f0b89fd4111c1fe89a0d.jpg\" \/><img decoding=\"async\" src=\"https:\/\/ae01.alicdn.com\/kf\/S5040aa12265e4b978a897484bbc3b2944.jpg\" \/><img decoding=\"async\" src=\"https:\/\/ae01.alicdn.com\/kf\/Sadf286318aac4897a16f2f0023bb1a6eO.jpg\" \/><img decoding=\"async\" src=\"https:\/\/ae01.alicdn.com\/kf\/S0e885ff7c1fb4c1481f3a4f5db249083w.jpg\" \/><img decoding=\"async\" src=\"https:\/\/ae01.alicdn.com\/kf\/Sa147e7e7573a48c0bfd6f3f805bf2768q.jpg\" \/><\/p>\n<p><img decoding=\"async\" src=\"https:\/\/ae01.alicdn.com\/kf\/S06df3e32f5f74e34bf0768ff1d10754fz.jpg\" \/><\/p>","protected":false},"excerpt":{"rendered":"<p><strong>\u2022 Dise\u00f1o de fondo plano para una f\u00e1cil limpieza:<\/strong>El dise\u00f1o de fondo plano de este cepillo facilita la limpieza y evita que se acumulen residuos.<\/p>\n<p><strong>\u2022 Apto para todos los utensilios de cocina y utensilios de barbacoa:<\/strong>Este cepillo es vers\u00e1til y se puede utilizar con una variedad de utensilios de cocina y herramientas para barbacoa, lo que lo convierte en imprescindible para cualquier maestro de la parrilla.<\/p>\n<p><strong>\u2022 Caracter\u00edstica ecol\u00f3gica:<\/strong>Fabricado con materiales ecol\u00f3gicos, este cepillo es una opci\u00f3n sostenible para quienes se preocupan por el medio ambiente.<\/p>","protected":false},"featured_media":3218,"comment_status":"open","ping_status":"closed","template":"","meta":{"site-sidebar-layout":"default","site-content-layout":"","ast-site-content-layout":"default","site-content-style":"default","site-sidebar-style":"default","ast-global-header-display":"","ast-banner-title-visibility":"","ast-main-header-display":"","ast-hfb-above-header-display":"","ast-hfb-below-header-display":"","ast-hfb-mobile-header-display":"","site-post-title":"","ast-breadcrumbs-content":"","ast-featured-img":"","footer-sml-layout":"","ast-disable-related-posts":"","theme-transparent-header-meta":"default","adv-header-id-meta":"","stick-header-meta":"default","header-above-stick-meta":"","header-main-stick-meta":"","header-below-stick-meta":"","astra-migrate-meta-layouts":"set","ast-page-background-enabled":"default","ast-page-background-meta":{"desktop":{"background-color":"var(--ast-global-color-4)","background-image":"","background-repeat":"repeat","background-position":"center center","background-size":"auto","background-attachment":"scroll","background-type":"","background-media":"","overlay-type":"","overlay-color":"","overlay-opacity":"","overlay-gradient":""},"tablet":{"background-color":"","background-image":"","background-repeat":"repeat","background-position":"center center","background-size":"auto","background-attachment":"scroll","background-type":"","background-media":"","overlay-type":"","overlay-color":"","overlay-opacity":"","overlay-gradient":""},"mobile":{"background-color":"","background-image":"","background-repeat":"repeat","background-position":"center center","background-size":"auto","background-attachment":"scroll","background-type":"","background-media":"","overlay-type":"","overlay-color":"","overlay-opacity":"","overlay-gradient":""}},"ast-content-background-meta":{"desktop":{"background-color":"var(--ast-global-color-5)","background-image":"","background-repeat":"repeat","background-position":"center center","background-size":"auto","background-attachment":"scroll","background-type":"","background-media":"","overlay-type":"","overlay-color":"","overlay-opacity":"","overlay-gradient":""},"tablet":{"background-color":"var(--ast-global-color-5)","background-image":"","background-repeat":"repeat","background-position":"center center","background-size":"auto","background-attachment":"scroll","background-type":"","background-media":"","overlay-type":"","overlay-color":"","overlay-opacity":"","overlay-gradient":""},"mobile":{"background-color":"var(--ast-global-color-5)","background-image":"","background-repeat":"repeat","background-position":"center center","background-size":"auto","background-attachment":"scroll","background-type":"","background-media":"","overlay-type":"","overlay-color":"","overlay-opacity":"","overlay-gradient":""}}},"product_brand":[],"product_cat":[80],"product_tag":[],"class_list":{"0":"post-3224","1":"product","2":"type-product","3":"status-publish","4":"has-post-thumbnail","6":"product_cat-kitchen-gadgets","7":"product_shipping_class-shipping-time-15-20-days","8":"desktop-align-left","9":"tablet-align-left","10":"mobile-align-left","12":"first","13":"instock","14":"sale","15":"shipping-taxable","16":"purchasable","17":"product-type-variable"},"_links":{"self":[{"href":"https:\/\/kifood.cn\/es\/wp-json\/wp\/v2\/product\/3224","targetHints":{"allow":["GET"]}}],"collection":[{"href":"https:\/\/kifood.cn\/es\/wp-json\/wp\/v2\/product"}],"about":[{"href":"https:\/\/kifood.cn\/es\/wp-json\/wp\/v2\/types\/product"}],"replies":[{"embeddable":true,"href":"https:\/\/kifood.cn\/es\/wp-json\/wp\/v2\/comments?post=3224"}],"wp:featuredmedia":[{"embeddable":true,"href":"https:\/\/kifood.cn\/es\/wp-json\/wp\/v2\/media\/3218"}],"wp:attachment":[{"href":"https:\/\/kifood.cn\/es\/wp-json\/wp\/v2\/media?parent=3224"}],"wp:term":[{"taxonomy":"product_brand","embeddable":true,"href":"https:\/\/kifood.cn\/es\/wp-json\/wp\/v2\/product_brand?post=3224"},{"taxonomy":"product_cat","embeddable":true,"href":"https:\/\/kifood.cn\/es\/wp-json\/wp\/v2\/product_cat?post=3224"},{"taxonomy":"product_tag","embeddable":true,"href":"https:\/\/kifood.cn\/es\/wp-json\/wp\/v2\/product_tag?post=3224"}],"curies":[{"name":"wp","href":"https:\/\/api.w.org\/{rel}","templated":true}]}}