{"id":3044,"date":"2024-04-24T01:23:00","date_gmt":"2024-04-24T01:23:00","guid":{"rendered":"https:\/\/kifood.cn\/?post_type=product&#038;p=3044"},"modified":"2024-05-09T07:04:29","modified_gmt":"2024-05-09T07:04:29","slug":"utensils-set-serving-cooking-kitchen-cutlery-spoons-silicone-kit-spatula-tableware-portable-camping-plastic-slotted-flatware","status":"publish","type":"product","link":"https:\/\/kifood.cn\/es\/producto\/utensils-set-serving-cooking-kitchen-cutlery-spoons-silicone-kit-spatula-tableware-portable-camping-plastic-slotted-flatware\/","title":{"rendered":"Juego 3 en 1 de cubiertos de silicona para servir y cocinar en la cocina."},"content":{"rendered":"<p>Caracter\u00edsticas<\/p>\n<p>\u2013 Tama\u00f1o de la pala: aproximadamente 24,60 x 6,50 x 2,00 cm\/9,67 x 2,55 x 0,79 pulgadas<\/p>\n<p>\u2013 Tama\u00f1o de la cuchara: aproximadamente 23,8 \u00d7 4,8 cm\/9,37 \u00d7 1,89 pulgadas<\/p>\n<p>\u2013 Tama\u00f1o de la horquilla: aproximadamente 23,5 \u00d7 4,2 cm\/9,25 \u00d7 16,5 pulgadas<\/p>\n<p>\u2013 Color: Negro<\/p>\n<p>\u2013 Material: nailon<\/p>\n<p>1 juego (1 * pala + 1 * tenedor + 1 * cuchara)<\/p>\n<p>Tenga en cuenta:<\/p>\n<p>1. Debido a los diferentes monitores, puede haber diferencias de color.<\/p>\n<p>2. Debido a la medici\u00f3n manual, puede haber un error de 1-2 cm en el tama\u00f1o.<\/p>\n<p><img decoding=\"async\" src=\"https:\/\/ae01.alicdn.com\/kf\/S0a6a282ef613464ba07ea38b3b98db3cQ.jpg?width=800&amp;height=800&amp;hash=1600\" \/><img decoding=\"async\" src=\"https:\/\/ae01.alicdn.com\/kf\/S6f64520c77d541578cdf88657c3498e7Z.jpg?width=800&amp;height=800&amp;hash=1600\" \/><img decoding=\"async\" src=\"https:\/\/ae01.alicdn.com\/kf\/Sda8a5219c09d41a1a61ccd7aa5572ffbv.jpg?width=800&amp;height=800&amp;hash=1600\" \/><img decoding=\"async\" src=\"https:\/\/ae01.alicdn.com\/kf\/Sf8cdf8f0fee3466aa77dec07400a2861R.jpg?width=800&amp;height=800&amp;hash=1600\" \/><img decoding=\"async\" src=\"https:\/\/ae01.alicdn.com\/kf\/Sc9054b8fbc40439d86e26a8d9f10d01ea.jpg?width=800&amp;height=800&amp;hash=1600\" \/><img decoding=\"async\" src=\"https:\/\/ae01.alicdn.com\/kf\/S9b8a1c55f6ba4e00ab6b8ac2b1d60daaN.jpg?width=800&amp;height=800&amp;hash=1600\" \/><img decoding=\"async\" src=\"https:\/\/ae01.alicdn.com\/kf\/Sa9178cea8b7146edb2ad12d77cd19fdfm.jpg?width=800&amp;height=800&amp;hash=1600\" \/><img decoding=\"async\" src=\"https:\/\/ae01.alicdn.com\/kf\/S43db80ed07b64916bddd5948d19ea7dfF.jpg?width=800&amp;height=800&amp;hash=1600\" \/><img decoding=\"async\" src=\"https:\/\/ae01.alicdn.com\/kf\/S110e3ebe6c5f4017b5dcc0a09c977693J.jpg?width=800&amp;height=800&amp;hash=1600\" \/><\/p>\n<p>&nbsp;<\/p>\n<p>&nbsp;<\/p>","protected":false},"excerpt":{"rendered":"<p>\u2013 Los bordes de estos cubiertos est\u00e1n pulidos suavemente, no da\u00f1ar\u00e1n tu boca y son seguros y confiables de usar.<\/p>\n<p>\u2013 Adecuado y maravilloso para picnic, senderismo, camping, escalada, barbacoas y otras actividades, as\u00ed como para el hogar.<\/p>\n<p>\u2013 Son lo suficientemente fuertes, no se deforman ni se rompen f\u00e1cilmente y pueden servirle durante mucho tiempo.<\/p>\n<p>\u2013 Cuenta con un mango resistente al calor y antioxidante, robusto y hueco, simple y elegante.<\/p>\n<p>\u2013 Tama\u00f1o peque\u00f1o, peso ligero, f\u00e1cil de transportar, aligera la carga de su mochila o estuche de viaje.<\/p>","protected":false},"featured_media":3038,"comment_status":"open","ping_status":"closed","template":"","meta":{"site-sidebar-layout":"default","site-content-layout":"","ast-site-content-layout":"default","site-content-style":"default","site-sidebar-style":"default","ast-global-header-display":"","ast-banner-title-visibility":"","ast-main-header-display":"","ast-hfb-above-header-display":"","ast-hfb-below-header-display":"","ast-hfb-mobile-header-display":"","site-post-title":"","ast-breadcrumbs-content":"","ast-featured-img":"","footer-sml-layout":"","ast-disable-related-posts":"","theme-transparent-header-meta":"default","adv-header-id-meta":"","stick-header-meta":"default","header-above-stick-meta":"","header-main-stick-meta":"","header-below-stick-meta":"","astra-migrate-meta-layouts":"set","ast-page-background-enabled":"default","ast-page-background-meta":{"desktop":{"background-color":"var(--ast-global-color-4)","background-image":"","background-repeat":"repeat","background-position":"center center","background-size":"auto","background-attachment":"scroll","background-type":"","background-media":"","overlay-type":"","overlay-color":"","overlay-opacity":"","overlay-gradient":""},"tablet":{"background-color":"","background-image":"","background-repeat":"repeat","background-position":"center center","background-size":"auto","background-attachment":"scroll","background-type":"","background-media":"","overlay-type":"","overlay-color":"","overlay-opacity":"","overlay-gradient":""},"mobile":{"background-color":"","background-image":"","background-repeat":"repeat","background-position":"center center","background-size":"auto","background-attachment":"scroll","background-type":"","background-media":"","overlay-type":"","overlay-color":"","overlay-opacity":"","overlay-gradient":""}},"ast-content-background-meta":{"desktop":{"background-color":"var(--ast-global-color-5)","background-image":"","background-repeat":"repeat","background-position":"center center","background-size":"auto","background-attachment":"scroll","background-type":"","background-media":"","overlay-type":"","overlay-color":"","overlay-opacity":"","overlay-gradient":""},"tablet":{"background-color":"var(--ast-global-color-5)","background-image":"","background-repeat":"repeat","background-position":"center center","background-size":"auto","background-attachment":"scroll","background-type":"","background-media":"","overlay-type":"","overlay-color":"","overlay-opacity":"","overlay-gradient":""},"mobile":{"background-color":"var(--ast-global-color-5)","background-image":"","background-repeat":"repeat","background-position":"center center","background-size":"auto","background-attachment":"scroll","background-type":"","background-media":"","overlay-type":"","overlay-color":"","overlay-opacity":"","overlay-gradient":""}}},"product_brand":[],"product_cat":[82],"product_tag":[],"class_list":{"0":"post-3044","1":"product","2":"type-product","3":"status-publish","4":"has-post-thumbnail","6":"product_cat-kitchen-utensil","7":"product_shipping_class-shipping-time-15-20-days","8":"desktop-align-left","9":"tablet-align-left","10":"mobile-align-left","12":"first","13":"instock","14":"sale","15":"shipping-taxable","16":"purchasable","17":"product-type-variable"},"_links":{"self":[{"href":"https:\/\/kifood.cn\/es\/wp-json\/wp\/v2\/product\/3044","targetHints":{"allow":["GET"]}}],"collection":[{"href":"https:\/\/kifood.cn\/es\/wp-json\/wp\/v2\/product"}],"about":[{"href":"https:\/\/kifood.cn\/es\/wp-json\/wp\/v2\/types\/product"}],"replies":[{"embeddable":true,"href":"https:\/\/kifood.cn\/es\/wp-json\/wp\/v2\/comments?post=3044"}],"wp:featuredmedia":[{"embeddable":true,"href":"https:\/\/kifood.cn\/es\/wp-json\/wp\/v2\/media\/3038"}],"wp:attachment":[{"href":"https:\/\/kifood.cn\/es\/wp-json\/wp\/v2\/media?parent=3044"}],"wp:term":[{"taxonomy":"product_brand","embeddable":true,"href":"https:\/\/kifood.cn\/es\/wp-json\/wp\/v2\/product_brand?post=3044"},{"taxonomy":"product_cat","embeddable":true,"href":"https:\/\/kifood.cn\/es\/wp-json\/wp\/v2\/product_cat?post=3044"},{"taxonomy":"product_tag","embeddable":true,"href":"https:\/\/kifood.cn\/es\/wp-json\/wp\/v2\/product_tag?post=3044"}],"curies":[{"name":"wp","href":"https:\/\/api.w.org\/{rel}","templated":true}]}}