{"id":2659,"date":"2024-04-23T04:34:00","date_gmt":"2024-04-23T04:34:00","guid":{"rendered":"https:\/\/kifood.cn\/?post_type=product&#038;p=2659"},"modified":"2024-05-09T06:07:55","modified_gmt":"2024-05-09T06:07:55","slug":"large-chicken-breast-shredder-tool","status":"publish","type":"product","link":"https:\/\/kifood.cn\/es\/producto\/large-chicken-breast-shredder-tool\/","title":{"rendered":"Herramienta grande para triturar pechugas de pollo"},"content":{"rendered":"<ul class=\"a-unordered-list a-vertical a-spacing-mini\">\n<li class=\"a-spacing-mini\"><div style=\"width: 854px;\" class=\"wp-video\"><video class=\"wp-video-shortcode\" id=\"video-2659-1\" width=\"854\" height=\"480\" preload=\"metadata\" controls=\"controls\"><source type=\"video\/mp4\" src=\"https:\/\/kifood.cn\/wp-content\/uploads\/2024\/04\/\u89c6\u9891-default.jobte_.mp4?_=1\" \/><a href=\"https:\/\/kifood.cn\/wp-content\/uploads\/2024\/04\/\u89c6\u9891-default.jobte_.mp4\">https:\/\/kifood.cn\/wp-content\/uploads\/2024\/04\/\u89c6\u9891-default.jobte_.mp4<\/a><\/video><\/div>\n<p><span class=\"a-list-item\">DESHUMADORA DE POLLO MEJORADA: En comparaci\u00f3n con la antigua deshumadora de pollo, hemos modificado la estructura interna y la resistente banda antideslizante, lo que la hace m\u00e1s efectiva y ahorra tiempo. Olv\u00eddate de que se resbale de la mesa de la cocina. El dise\u00f1o floral y la tapa transparente con lunares le dan la impresi\u00f3n de una hermosa flor.<\/span><\/li>\n<li class=\"a-spacing-mini\"><span class=\"a-list-item\">CARNE DESMENUZADA EN SEGUNDOS: La m\u00e1quina para carne incorpora dientes de pl\u00e1stico que cubren toda el \u00e1rea, sujetando firmemente los alimentos. La tapa tiene p\u00faas adicionales en el borde que ayudan a que la carne deshebrada se adhiera al centro, cort\u00e1ndola uniformemente. La herramienta cuenta con un mango ergon\u00f3mico y una base antideslizante, lo que garantiza comodidad y facilidad de uso incluso con uso intensivo. Estos dise\u00f1os de estructura actualizados hacen que cocinar sea m\u00e1s eficiente.<\/span><\/li>\n<li class=\"a-spacing-mini\"><span class=\"a-list-item\">MATERIAL DE GRADO ALIMENTARIO Y APTO PARA LAVAVAJILLAS: El triturador de carne Twist est\u00e1 hecho de material de alta calidad apto para uso alimentario, libre de BPA y resistente al calor hasta 170 \u00b0C. No te preocupes de que tu triturador de pollo de pl\u00e1stico se derrita cerca de la parrilla o en el lavavajillas. El paquete incluye un cepillo de limpieza para que puedas lavarlo a mano y limpiarlo m\u00e1s f\u00e1cilmente.<\/span><\/li>\n<li class=\"a-spacing-mini\"><span class=\"a-list-item\">UN AYUDA EN LA COCINA: La desmenuzadora de carne es ideal para entusiastas del fitness, amantes de la barbacoa o quienes disfrutan de la cocina. Es ideal para desmenuzar pollo, cerdo, res y otras verduras eficientemente. Se usa ampliamente para enchiladas, tacos, cerdo desmenuzado a la barbacoa, ensalada de at\u00fan, ensalada de pollo b\u00fafalo y guisos. Adem\u00e1s, los amantes de las mascotas pueden usar la desmenuzada para desmenuzar pollo finamente y usarlo como alimento. Un regalo ideal para familiares o amigos en cualquier d\u00eda especial.<\/span><\/li>\n<li class=\"a-spacing-mini\"><span class=\"a-list-item\">MODO DE EMPLEO: Primero cocine la carne y c\u00f3rtela en trozos peque\u00f1os. No desmenuce carne cruda, ya que da\u00f1ar\u00e1 la punta. Divida los trozos en tres partes para colocarlas en el triturador, que tritura la carne fina y uniformemente. Si necesita diferentes grados de trituraci\u00f3n, g\u00edrelo varias veces. Una vez que la carne est\u00e9 lista, \u00e1brala y vierta la carne en el taz\u00f3n para disfrutar de una deliciosa comida.<\/span><\/li>\n<li><img fetchpriority=\"high\" decoding=\"async\" class=\"alignnone size-full wp-image-2672\" src=\"https:\/\/kifood.cn\/wp-content\/uploads\/2024\/04\/Orange-01.jpg\" alt=\"\" width=\"1000\" height=\"1000\" srcset=\"https:\/\/kifood.cn\/wp-content\/uploads\/2024\/04\/Orange-01.jpg 1000w, https:\/\/kifood.cn\/wp-content\/uploads\/2024\/04\/Orange-01-300x300.jpg 300w, https:\/\/kifood.cn\/wp-content\/uploads\/2024\/04\/Orange-01-150x150.jpg 150w, https:\/\/kifood.cn\/wp-content\/uploads\/2024\/04\/Orange-01-768x768.jpg 768w, https:\/\/kifood.cn\/wp-content\/uploads\/2024\/04\/Orange-01-200x200.jpg 200w, https:\/\/kifood.cn\/wp-content\/uploads\/2024\/04\/Orange-01-100x100.jpg 100w, https:\/\/kifood.cn\/wp-content\/uploads\/2024\/04\/Orange-01-50x50.jpg 50w\" sizes=\"(max-width: 1000px) 100vw, 1000px\" \/> <img decoding=\"async\" class=\"alignnone size-full wp-image-2668\" src=\"https:\/\/kifood.cn\/wp-content\/uploads\/2024\/04\/Orange-04.jpg\" alt=\"\" width=\"1000\" height=\"1000\" srcset=\"https:\/\/kifood.cn\/wp-content\/uploads\/2024\/04\/Orange-04.jpg 1000w, https:\/\/kifood.cn\/wp-content\/uploads\/2024\/04\/Orange-04-300x300.jpg 300w, https:\/\/kifood.cn\/wp-content\/uploads\/2024\/04\/Orange-04-150x150.jpg 150w, https:\/\/kifood.cn\/wp-content\/uploads\/2024\/04\/Orange-04-768x768.jpg 768w, https:\/\/kifood.cn\/wp-content\/uploads\/2024\/04\/Orange-04-200x200.jpg 200w, https:\/\/kifood.cn\/wp-content\/uploads\/2024\/04\/Orange-04-100x100.jpg 100w, https:\/\/kifood.cn\/wp-content\/uploads\/2024\/04\/Orange-04-50x50.jpg 50w\" sizes=\"(max-width: 1000px) 100vw, 1000px\" \/> <img decoding=\"async\" class=\"alignnone size-full wp-image-2669\" src=\"https:\/\/kifood.cn\/wp-content\/uploads\/2024\/04\/Orange-03.jpg\" alt=\"\" width=\"1000\" height=\"1000\" srcset=\"https:\/\/kifood.cn\/wp-content\/uploads\/2024\/04\/Orange-03.jpg 1000w, https:\/\/kifood.cn\/wp-content\/uploads\/2024\/04\/Orange-03-300x300.jpg 300w, https:\/\/kifood.cn\/wp-content\/uploads\/2024\/04\/Orange-03-150x150.jpg 150w, https:\/\/kifood.cn\/wp-content\/uploads\/2024\/04\/Orange-03-768x768.jpg 768w, https:\/\/kifood.cn\/wp-content\/uploads\/2024\/04\/Orange-03-200x200.jpg 200w, https:\/\/kifood.cn\/wp-content\/uploads\/2024\/04\/Orange-03-100x100.jpg 100w, https:\/\/kifood.cn\/wp-content\/uploads\/2024\/04\/Orange-03-50x50.jpg 50w\" sizes=\"(max-width: 1000px) 100vw, 1000px\" \/> <img loading=\"lazy\" decoding=\"async\" class=\"alignnone size-full wp-image-2670\" src=\"https:\/\/kifood.cn\/wp-content\/uploads\/2024\/04\/Orange-05.jpg\" alt=\"\" width=\"1000\" height=\"1000\" srcset=\"https:\/\/kifood.cn\/wp-content\/uploads\/2024\/04\/Orange-05.jpg 1000w, https:\/\/kifood.cn\/wp-content\/uploads\/2024\/04\/Orange-05-300x300.jpg 300w, https:\/\/kifood.cn\/wp-content\/uploads\/2024\/04\/Orange-05-150x150.jpg 150w, https:\/\/kifood.cn\/wp-content\/uploads\/2024\/04\/Orange-05-768x768.jpg 768w, https:\/\/kifood.cn\/wp-content\/uploads\/2024\/04\/Orange-05-200x200.jpg 200w, https:\/\/kifood.cn\/wp-content\/uploads\/2024\/04\/Orange-05-100x100.jpg 100w, https:\/\/kifood.cn\/wp-content\/uploads\/2024\/04\/Orange-05-50x50.jpg 50w\" sizes=\"(max-width: 1000px) 100vw, 1000px\" \/> <img loading=\"lazy\" decoding=\"async\" class=\"alignnone size-full wp-image-2671\" src=\"https:\/\/kifood.cn\/wp-content\/uploads\/2024\/04\/Orange-02.jpg\" alt=\"\" width=\"1000\" height=\"1000\" srcset=\"https:\/\/kifood.cn\/wp-content\/uploads\/2024\/04\/Orange-02.jpg 1000w, https:\/\/kifood.cn\/wp-content\/uploads\/2024\/04\/Orange-02-300x300.jpg 300w, https:\/\/kifood.cn\/wp-content\/uploads\/2024\/04\/Orange-02-150x150.jpg 150w, https:\/\/kifood.cn\/wp-content\/uploads\/2024\/04\/Orange-02-768x768.jpg 768w, https:\/\/kifood.cn\/wp-content\/uploads\/2024\/04\/Orange-02-200x200.jpg 200w, https:\/\/kifood.cn\/wp-content\/uploads\/2024\/04\/Orange-02-100x100.jpg 100w, https:\/\/kifood.cn\/wp-content\/uploads\/2024\/04\/Orange-02-50x50.jpg 50w\" sizes=\"(max-width: 1000px) 100vw, 1000px\" \/> <img loading=\"lazy\" decoding=\"async\" class=\"alignnone size-full wp-image-2674\" src=\"https:\/\/kifood.cn\/wp-content\/uploads\/2024\/04\/Orange-06-1.jpg\" alt=\"\" width=\"1000\" height=\"1000\" srcset=\"https:\/\/kifood.cn\/wp-content\/uploads\/2024\/04\/Orange-06-1.jpg 1000w, https:\/\/kifood.cn\/wp-content\/uploads\/2024\/04\/Orange-06-1-300x300.jpg 300w, https:\/\/kifood.cn\/wp-content\/uploads\/2024\/04\/Orange-06-1-150x150.jpg 150w, https:\/\/kifood.cn\/wp-content\/uploads\/2024\/04\/Orange-06-1-768x768.jpg 768w, https:\/\/kifood.cn\/wp-content\/uploads\/2024\/04\/Orange-06-1-200x200.jpg 200w, https:\/\/kifood.cn\/wp-content\/uploads\/2024\/04\/Orange-06-1-100x100.jpg 100w, https:\/\/kifood.cn\/wp-content\/uploads\/2024\/04\/Orange-06-1-50x50.jpg 50w\" sizes=\"(max-width: 1000px) 100vw, 1000px\" \/> <img loading=\"lazy\" decoding=\"async\" class=\"alignnone size-full wp-image-2673\" src=\"https:\/\/kifood.cn\/wp-content\/uploads\/2024\/04\/Orange-07-e1713846620856.jpg\" alt=\"\" width=\"1000\" height=\"708\" srcset=\"https:\/\/kifood.cn\/wp-content\/uploads\/2024\/04\/Orange-07-e1713846620856.jpg 1000w, https:\/\/kifood.cn\/wp-content\/uploads\/2024\/04\/Orange-07-e1713846620856-300x212.jpg 300w, https:\/\/kifood.cn\/wp-content\/uploads\/2024\/04\/Orange-07-e1713846620856-768x544.jpg 768w\" sizes=\"(max-width: 1000px) 100vw, 1000px\" \/><\/li>\n<\/ul>","protected":false},"excerpt":{"rendered":"<p>**Desmenuzador de pollos mejorado:** Mejorado con una nueva estructura interna y una resistente banda antideslizante para mayor eficiencia y estabilidad. Presenta un dise\u00f1o floral y una tapa transparente con lunares.<\/p>\n<p>**Desmenuzado R\u00e1pido:** Los dientes de pl\u00e1stico integrados y las p\u00faas adicionales en la tapa garantizan un desmenuzado uniforme y eficiente de la carne. El mango ergon\u00f3mico y la base antideslizante proporcionan comodidad y facilidad durante el uso intensivo.<\/p>\n<p>**Material apto para uso alimentario y apto para lavavajillas:** Fabricado con material de alta calidad, libre de BPA, resistente al calor hasta 170 \u00b0C. Incluye un cepillo de limpieza para facilitar el lavado a mano.<\/p>\n<p>**Utensilio de cocina vers\u00e1til:** Ideal para desmenuzar pollo, cerdo, res y verduras para preparar enchiladas, tacos y ensaladas. Tambi\u00e9n es \u00fatil para preparar alimento para mascotas.<\/p>\n<p>**Instrucciones de uso:** Cocine y corte la carne en trozos peque\u00f1os antes de desmenuzarla para evitar da\u00f1ar las p\u00faas. Para obtener resultados m\u00e1s finos, gire la carne varias veces y verifique el progreso a trav\u00e9s de la tapa transparente.<\/p>","protected":false},"featured_media":2672,"comment_status":"open","ping_status":"closed","template":"","meta":{"site-sidebar-layout":"default","site-content-layout":"","ast-site-content-layout":"default","site-content-style":"default","site-sidebar-style":"default","ast-global-header-display":"","ast-banner-title-visibility":"","ast-main-header-display":"","ast-hfb-above-header-display":"","ast-hfb-below-header-display":"","ast-hfb-mobile-header-display":"","site-post-title":"","ast-breadcrumbs-content":"","ast-featured-img":"","footer-sml-layout":"","ast-disable-related-posts":"","theme-transparent-header-meta":"default","adv-header-id-meta":"","stick-header-meta":"default","header-above-stick-meta":"","header-main-stick-meta":"","header-below-stick-meta":"","astra-migrate-meta-layouts":"set","ast-page-background-enabled":"default","ast-page-background-meta":{"desktop":{"background-color":"var(--ast-global-color-4)","background-image":"","background-repeat":"repeat","background-position":"center center","background-size":"auto","background-attachment":"scroll","background-type":"","background-media":"","overlay-type":"","overlay-color":"","overlay-opacity":"","overlay-gradient":""},"tablet":{"background-color":"","background-image":"","background-repeat":"repeat","background-position":"center center","background-size":"auto","background-attachment":"scroll","background-type":"","background-media":"","overlay-type":"","overlay-color":"","overlay-opacity":"","overlay-gradient":""},"mobile":{"background-color":"","background-image":"","background-repeat":"repeat","background-position":"center center","background-size":"auto","background-attachment":"scroll","background-type":"","background-media":"","overlay-type":"","overlay-color":"","overlay-opacity":"","overlay-gradient":""}},"ast-content-background-meta":{"desktop":{"background-color":"var(--ast-global-color-5)","background-image":"","background-repeat":"repeat","background-position":"center center","background-size":"auto","background-attachment":"scroll","background-type":"","background-media":"","overlay-type":"","overlay-color":"","overlay-opacity":"","overlay-gradient":""},"tablet":{"background-color":"var(--ast-global-color-5)","background-image":"","background-repeat":"repeat","background-position":"center center","background-size":"auto","background-attachment":"scroll","background-type":"","background-media":"","overlay-type":"","overlay-color":"","overlay-opacity":"","overlay-gradient":""},"mobile":{"background-color":"var(--ast-global-color-5)","background-image":"","background-repeat":"repeat","background-position":"center center","background-size":"auto","background-attachment":"scroll","background-type":"","background-media":"","overlay-type":"","overlay-color":"","overlay-opacity":"","overlay-gradient":""}}},"product_brand":[],"product_cat":[80],"product_tag":[],"class_list":{"0":"post-2659","1":"product","2":"type-product","3":"status-publish","4":"has-post-thumbnail","6":"product_cat-kitchen-gadgets","7":"product_shipping_class-shipping-time-15-20-days","8":"desktop-align-left","9":"tablet-align-left","10":"mobile-align-left","12":"first","13":"instock","14":"sale","15":"shipping-taxable","16":"purchasable","17":"product-type-variable"},"_links":{"self":[{"href":"https:\/\/kifood.cn\/es\/wp-json\/wp\/v2\/product\/2659","targetHints":{"allow":["GET"]}}],"collection":[{"href":"https:\/\/kifood.cn\/es\/wp-json\/wp\/v2\/product"}],"about":[{"href":"https:\/\/kifood.cn\/es\/wp-json\/wp\/v2\/types\/product"}],"replies":[{"embeddable":true,"href":"https:\/\/kifood.cn\/es\/wp-json\/wp\/v2\/comments?post=2659"}],"wp:featuredmedia":[{"embeddable":true,"href":"https:\/\/kifood.cn\/es\/wp-json\/wp\/v2\/media\/2672"}],"wp:attachment":[{"href":"https:\/\/kifood.cn\/es\/wp-json\/wp\/v2\/media?parent=2659"}],"wp:term":[{"taxonomy":"product_brand","embeddable":true,"href":"https:\/\/kifood.cn\/es\/wp-json\/wp\/v2\/product_brand?post=2659"},{"taxonomy":"product_cat","embeddable":true,"href":"https:\/\/kifood.cn\/es\/wp-json\/wp\/v2\/product_cat?post=2659"},{"taxonomy":"product_tag","embeddable":true,"href":"https:\/\/kifood.cn\/es\/wp-json\/wp\/v2\/product_tag?post=2659"}],"curies":[{"name":"wp","href":"https:\/\/api.w.org\/{rel}","templated":true}]}}