{"id":1289,"date":"2024-03-29T09:12:00","date_gmt":"2024-03-29T09:12:00","guid":{"rendered":"https:\/\/kifood.cn\/?post_type=product&#038;p=1289"},"modified":"2024-05-09T06:08:19","modified_gmt":"2024-05-09T06:08:19","slug":"kitchen-stainless-steel-potato-ricer-for-mashed-potatoes","status":"publish","type":"product","link":"https:\/\/kifood.cn\/es\/producto\/kitchen-stainless-steel-potato-ricer-for-mashed-potatoes\/","title":{"rendered":"Pur\u00e9 de papas de acero inoxidable para cocina"},"content":{"rendered":"<ul class=\"a-unordered-list a-vertical a-spacing-mini\">\n<li class=\"a-spacing-mini\"><span class=\"a-list-item\">UTENSILIO DE COCINA EXQUISITO: Preparar un pur\u00e9 de papas ligero y esponjoso nunca fue tan f\u00e1cil. Con su resistente y duradero acero inoxidable, este machacador resistente a la corrosi\u00f3n y al \u00f3xido ser\u00e1 tu compa\u00f1ero de cocina para toda la vida.<\/span><\/li>\n<li class=\"a-spacing-mini\"><span class=\"a-list-item\">CESTA GRANDE Y PROFUNDA: Este prensador tiene capacidad para hasta 400 g de papas, perfecto para una gran cena, ocasiones especiales, Acci\u00f3n de Gracias o Navidad. Consigue un pur\u00e9 sin grumos con un orificio de 3 mm; tambi\u00e9n puedes usarlo como machacador de aguacate, calabaza, coliflor, \u00f1ame, papilla y mucho m\u00e1s.<\/span><\/li>\n<li class=\"a-spacing-mini\"><span class=\"a-list-item\">MENOS ESFUERZO, M\u00c1S PUR\u00c9: Hemos dise\u00f1ado este prensapapas de acero inoxidable con un mango de silicona suave y antideslizante que te permite exprimir sin esfuerzo y sin forzar la mu\u00f1eca. Introduce trozos de patata hervida en la c\u00e1mara y disfruta de la textura aterciopelada del pur\u00e9, listo para acompa\u00f1ar tu comida.<\/span><\/li>\n<li class=\"a-spacing-mini\"><span class=\"a-list-item\">F\u00c1CIL DE LIMPIAR Y ALMACENAR: Simplemente coloque este machacador de papas en el lavavajillas o l\u00e1velo con agua para eliminar cualquier residuo. L\u00edmpielo inmediatamente despu\u00e9s de usarlo para evitar la acumulaci\u00f3n de almid\u00f3n y garantizar su larga vida \u00fatil. No pierda de vista su herramienta favorita y cu\u00e9lguela usando el anillo de silicona.<\/span><\/li>\n<li class=\"a-spacing-mini\"><em><strong>Embalaje, logotipo, color y tama\u00f1o personalizados disponibles a un costo adicional.<\/strong><\/em><\/li>\n<\/ul>\n<p>&nbsp;<\/p>\n<div id=\"aplus\" class=\"a-section a-spacing-large bucket\">\n<hr class=\"bucketDivider\" noshade=\"noshade\" size=\"1\" \/>\n<h2>Descripci\u00f3n del Producto<\/h2>\n<div class=\"aplus-v2 desktop celwidget\" data-csa-c-id=\"bt25yp-t46zkz-2cedna-uguns6\" data-cel-widget=\"aplus\">\n<div class=\"celwidget aplus-module premium-module-2-fullbackground-image aplus-premium\" data-csa-c-id=\"7hc7pa-14y595-usbhsv-xivvok\" data-cel-widget=\"aplus-premium-module-2-fullbackground-image\">\n<div class=\"a-section a-spacing-none premium-aplus premium-aplus-module-2\">\n<div class=\"a-section a-spacing-none premium-background-wrapper\">\n<div class=\"a-section a-spacing-none background-image\"><img fetchpriority=\"high\" decoding=\"async\" class=\"alignnone wp-image-1311 size-full\" src=\"https:\/\/kifood.cn\/wp-content\/uploads\/2024\/03\/5261c0ae-86a2-4146-be8c-8ea6dea28dc4.__CR001464600_PT0_SX1464_V1___.jpg\" alt=\"\" width=\"1464\" height=\"600\" srcset=\"https:\/\/kifood.cn\/wp-content\/uploads\/2024\/03\/5261c0ae-86a2-4146-be8c-8ea6dea28dc4.__CR001464600_PT0_SX1464_V1___.jpg 1464w, https:\/\/kifood.cn\/wp-content\/uploads\/2024\/03\/5261c0ae-86a2-4146-be8c-8ea6dea28dc4.__CR001464600_PT0_SX1464_V1___-300x123.jpg 300w, https:\/\/kifood.cn\/wp-content\/uploads\/2024\/03\/5261c0ae-86a2-4146-be8c-8ea6dea28dc4.__CR001464600_PT0_SX1464_V1___-1024x420.jpg 1024w, https:\/\/kifood.cn\/wp-content\/uploads\/2024\/03\/5261c0ae-86a2-4146-be8c-8ea6dea28dc4.__CR001464600_PT0_SX1464_V1___-768x315.jpg 768w, https:\/\/kifood.cn\/wp-content\/uploads\/2024\/03\/5261c0ae-86a2-4146-be8c-8ea6dea28dc4.__CR001464600_PT0_SX1464_V1___-600x246.jpg 600w\" sizes=\"(max-width: 1464px) 100vw, 1464px\" \/><img decoding=\"async\" class=\"alignnone wp-image-1312 size-full\" src=\"https:\/\/kifood.cn\/wp-content\/uploads\/2024\/03\/be7c8bbe-aeea-4e34-9860-50d6511259ae.__CR001464600_PT0_SX1464_V1___.jpg\" alt=\"\" width=\"1464\" height=\"600\" srcset=\"https:\/\/kifood.cn\/wp-content\/uploads\/2024\/03\/be7c8bbe-aeea-4e34-9860-50d6511259ae.__CR001464600_PT0_SX1464_V1___.jpg 1464w, https:\/\/kifood.cn\/wp-content\/uploads\/2024\/03\/be7c8bbe-aeea-4e34-9860-50d6511259ae.__CR001464600_PT0_SX1464_V1___-300x123.jpg 300w, https:\/\/kifood.cn\/wp-content\/uploads\/2024\/03\/be7c8bbe-aeea-4e34-9860-50d6511259ae.__CR001464600_PT0_SX1464_V1___-1024x420.jpg 1024w, https:\/\/kifood.cn\/wp-content\/uploads\/2024\/03\/be7c8bbe-aeea-4e34-9860-50d6511259ae.__CR001464600_PT0_SX1464_V1___-768x315.jpg 768w, https:\/\/kifood.cn\/wp-content\/uploads\/2024\/03\/be7c8bbe-aeea-4e34-9860-50d6511259ae.__CR001464600_PT0_SX1464_V1___-600x246.jpg 600w\" sizes=\"(max-width: 1464px) 100vw, 1464px\" \/><img decoding=\"async\" class=\"alignnone wp-image-1313 size-full\" src=\"https:\/\/kifood.cn\/wp-content\/uploads\/2024\/03\/b38935a3-855e-409f-a481-d0bdeec1661b.__CR001464600_PT0_SX1464_V1___.jpg\" alt=\"\" width=\"1464\" height=\"600\" srcset=\"https:\/\/kifood.cn\/wp-content\/uploads\/2024\/03\/b38935a3-855e-409f-a481-d0bdeec1661b.__CR001464600_PT0_SX1464_V1___.jpg 1464w, https:\/\/kifood.cn\/wp-content\/uploads\/2024\/03\/b38935a3-855e-409f-a481-d0bdeec1661b.__CR001464600_PT0_SX1464_V1___-300x123.jpg 300w, https:\/\/kifood.cn\/wp-content\/uploads\/2024\/03\/b38935a3-855e-409f-a481-d0bdeec1661b.__CR001464600_PT0_SX1464_V1___-1024x420.jpg 1024w, https:\/\/kifood.cn\/wp-content\/uploads\/2024\/03\/b38935a3-855e-409f-a481-d0bdeec1661b.__CR001464600_PT0_SX1464_V1___-768x315.jpg 768w, https:\/\/kifood.cn\/wp-content\/uploads\/2024\/03\/b38935a3-855e-409f-a481-d0bdeec1661b.__CR001464600_PT0_SX1464_V1___-600x246.jpg 600w\" sizes=\"(max-width: 1464px) 100vw, 1464px\" \/><\/div>\n<\/div>\n<\/div>\n<\/div>\n<div class=\"celwidget aplus-module premium-module-2-fullbackground-image aplus-premium\" data-csa-c-id=\"taxpvl-8nc1rq-qgfk4t-becz4k\" data-cel-widget=\"aplus-premium-module-2-fullbackground-image\">\n<div class=\"a-section a-spacing-none premium-aplus premium-aplus-module-2\">\n<div class=\"a-section a-spacing-none premium-background-wrapper\">\n<div class=\"a-section a-spacing-none background-image\"><img decoding=\"async\" class=\"\" style=\"font-style: inherit; font-weight: inherit;\" src=\"https:\/\/m.media-amazon.com\/images\/S\/aplus-media-library-service-media\/8a292744-50ae-4b6d-a81c-91e86c1abea4.__CR0,0,1464,600_PT0_SX1464_V1___.jpg\" alt=\"No more peeling \" data-src=\"https:\/\/m.media-amazon.com\/images\/S\/aplus-media-library-service-media\/8a292744-50ae-4b6d-a81c-91e86c1abea4.__CR0,0,1464,600_PT0_SX1464_V1___.jpg\" \/><\/div>\n<\/div>\n<\/div>\n<\/div>\n<div class=\"celwidget aplus-module premium-module-2-fullbackground-image aplus-premium\" data-csa-c-id=\"3th9a5-v5ctn1-yfaq6c-s0adw2\" data-cel-widget=\"aplus-premium-module-2-fullbackground-image\">\n<div class=\"a-section a-spacing-none premium-aplus premium-aplus-module-2\">\n<div class=\"a-section a-spacing-none premium-background-wrapper\">\n<div class=\"a-section a-spacing-none background-image\"><img decoding=\"async\" class=\"\" src=\"https:\/\/m.media-amazon.com\/images\/S\/aplus-media-library-service-media\/433ea1c4-a3be-4b82-9311-78087f713ea0.__CR0,0,1464,600_PT0_SX1464_V1___.jpg\" alt=\"Make your Favorite dishes \" data-src=\"https:\/\/m.media-amazon.com\/images\/S\/aplus-media-library-service-media\/433ea1c4-a3be-4b82-9311-78087f713ea0.__CR0,0,1464,600_PT0_SX1464_V1___.jpg\" \/><noscript><img decoding=\"async\" alt=\"Make your Favorite dishes \" src=\"https:\/\/m.media-amazon.com\/images\/S\/aplus-media-library-service-media\/433ea1c4-a3be-4b82-9311-78087f713ea0.__CR0,0,1464,600_PT0_SX1464_V1___.jpg\"\/><\/noscript><\/div>\n<\/div>\n<div class=\"a-section a-text-center\"><\/div>\n<\/div>\n<\/div>\n<div class=\"celwidget aplus-module premium-module-2-fullbackground-image aplus-premium\" data-csa-c-id=\"wekv6f-6kn7xu-ajjl9w-o65gwc\" data-cel-widget=\"aplus-premium-module-2-fullbackground-image\">\n<div class=\"a-section a-spacing-none premium-aplus premium-aplus-module-2\">\n<div class=\"a-section a-spacing-none premium-background-wrapper\">\n<div class=\"a-section a-spacing-none background-image\"><img decoding=\"async\" class=\"\" src=\"https:\/\/m.media-amazon.com\/images\/S\/aplus-media-library-service-media\/f5394e2b-af9f-4ceb-b155-12dfb51f58ab.__CR0,0,1464,600_PT0_SX1464_V1___.jpg\" alt=\"Homemade is the Best \" data-src=\"https:\/\/m.media-amazon.com\/images\/S\/aplus-media-library-service-media\/f5394e2b-af9f-4ceb-b155-12dfb51f58ab.__CR0,0,1464,600_PT0_SX1464_V1___.jpg\" \/><noscript><img decoding=\"async\" alt=\"Homemade is the Best \" src=\"https:\/\/m.media-amazon.com\/images\/S\/aplus-media-library-service-media\/f5394e2b-af9f-4ceb-b155-12dfb51f58ab.__CR0,0,1464,600_PT0_SX1464_V1___.jpg\"\/><\/noscript><\/div>\n<\/div>\n<div class=\"a-section a-text-center\"><\/div>\n<\/div>\n<\/div>\n<\/div>\n<\/div>","protected":false},"excerpt":{"rendered":"<ul>\n<li>Prensador de patatas de acero inoxidable, un accesorio imprescindible para crear un pur\u00e9 de patatas ligero y esponjoso sin esfuerzo.<\/li>\n<li>Su cesta grande y profunda tiene capacidad para hasta 400 g de papas, lo que garantiza un pur\u00e9 sin grumos gracias a su orificio de 3 mm. Esta vers\u00e1til herramienta tambi\u00e9n se puede usar para aguacates, calabazas, coliflor, \u00f1ame, papillas y m\u00e1s.<\/li>\n<li>Dise\u00f1ado con un mango de silicona suave y antideslizante, este prensapapas reduce la tensi\u00f3n en las mu\u00f1ecas, facilitando el proceso de machacar papas. F\u00e1cil de limpiar y guardar, es apto para lavavajillas y cuenta con un anillo de silicona para colgarlo c\u00f3modamente.<\/li>\n<\/ul>","protected":false},"featured_media":1308,"comment_status":"open","ping_status":"closed","template":"","meta":{"site-sidebar-layout":"default","site-content-layout":"","ast-site-content-layout":"default","site-content-style":"default","site-sidebar-style":"default","ast-global-header-display":"","ast-banner-title-visibility":"","ast-main-header-display":"","ast-hfb-above-header-display":"","ast-hfb-below-header-display":"","ast-hfb-mobile-header-display":"","site-post-title":"","ast-breadcrumbs-content":"","ast-featured-img":"","footer-sml-layout":"","ast-disable-related-posts":"","theme-transparent-header-meta":"default","adv-header-id-meta":"","stick-header-meta":"","header-above-stick-meta":"","header-main-stick-meta":"","header-below-stick-meta":"","astra-migrate-meta-layouts":"set","ast-page-background-enabled":"default","ast-page-background-meta":{"desktop":{"background-color":"var(--ast-global-color-4)","background-image":"","background-repeat":"repeat","background-position":"center center","background-size":"auto","background-attachment":"scroll","background-type":"","background-media":"","overlay-type":"","overlay-color":"","overlay-opacity":"","overlay-gradient":""},"tablet":{"background-color":"","background-image":"","background-repeat":"repeat","background-position":"center center","background-size":"auto","background-attachment":"scroll","background-type":"","background-media":"","overlay-type":"","overlay-color":"","overlay-opacity":"","overlay-gradient":""},"mobile":{"background-color":"","background-image":"","background-repeat":"repeat","background-position":"center center","background-size":"auto","background-attachment":"scroll","background-type":"","background-media":"","overlay-type":"","overlay-color":"","overlay-opacity":"","overlay-gradient":""}},"ast-content-background-meta":{"desktop":{"background-color":"var(--ast-global-color-5)","background-image":"","background-repeat":"repeat","background-position":"center center","background-size":"auto","background-attachment":"scroll","background-type":"","background-media":"","overlay-type":"","overlay-color":"","overlay-opacity":"","overlay-gradient":""},"tablet":{"background-color":"var(--ast-global-color-5)","background-image":"","background-repeat":"repeat","background-position":"center center","background-size":"auto","background-attachment":"scroll","background-type":"","background-media":"","overlay-type":"","overlay-color":"","overlay-opacity":"","overlay-gradient":""},"mobile":{"background-color":"var(--ast-global-color-5)","background-image":"","background-repeat":"repeat","background-position":"center center","background-size":"auto","background-attachment":"scroll","background-type":"","background-media":"","overlay-type":"","overlay-color":"","overlay-opacity":"","overlay-gradient":""}}},"product_brand":[],"product_cat":[80],"product_tag":[],"class_list":{"0":"post-1289","1":"product","2":"type-product","3":"status-publish","4":"has-post-thumbnail","6":"product_cat-kitchen-gadgets","7":"product_shipping_class-shipping-time-15-20-days","8":"desktop-align-left","9":"tablet-align-left","10":"mobile-align-left","12":"first","13":"instock","14":"sale","15":"shipping-taxable","16":"purchasable","17":"product-type-variable"},"_links":{"self":[{"href":"https:\/\/kifood.cn\/es\/wp-json\/wp\/v2\/product\/1289","targetHints":{"allow":["GET"]}}],"collection":[{"href":"https:\/\/kifood.cn\/es\/wp-json\/wp\/v2\/product"}],"about":[{"href":"https:\/\/kifood.cn\/es\/wp-json\/wp\/v2\/types\/product"}],"replies":[{"embeddable":true,"href":"https:\/\/kifood.cn\/es\/wp-json\/wp\/v2\/comments?post=1289"}],"wp:featuredmedia":[{"embeddable":true,"href":"https:\/\/kifood.cn\/es\/wp-json\/wp\/v2\/media\/1308"}],"wp:attachment":[{"href":"https:\/\/kifood.cn\/es\/wp-json\/wp\/v2\/media?parent=1289"}],"wp:term":[{"taxonomy":"product_brand","embeddable":true,"href":"https:\/\/kifood.cn\/es\/wp-json\/wp\/v2\/product_brand?post=1289"},{"taxonomy":"product_cat","embeddable":true,"href":"https:\/\/kifood.cn\/es\/wp-json\/wp\/v2\/product_cat?post=1289"},{"taxonomy":"product_tag","embeddable":true,"href":"https:\/\/kifood.cn\/es\/wp-json\/wp\/v2\/product_tag?post=1289"}],"curies":[{"name":"wp","href":"https:\/\/api.w.org\/{rel}","templated":true}]}}