{"id":528,"date":"2023-11-10T06:02:15","date_gmt":"2023-11-10T06:02:15","guid":{"rendered":"https:\/\/kifood.cn\/?page_id=528"},"modified":"2023-11-17T07:00:17","modified_gmt":"2023-11-17T07:00:17","slug":"create-an-account","status":"publish","type":"page","link":"https:\/\/kifood.cn\/es\/create-an-account\/","title":{"rendered":"Crear una cuenta"},"content":{"rendered":"<style>.elementor-528 .elementor-element.elementor-element-20adb633{--display:flex;}.elementor-528 .elementor-element.elementor-element-5d7d101{--display:flex;--flex-direction:column;--container-widget-width:100%;--container-widget-height:initial;--container-widget-flex-grow:0;--container-widget-align-self:initial;--flex-wrap-mobile:wrap;--margin-top:50px;--margin-bottom:0px;--margin-left:0px;--margin-right:0px;}.elementor-528 .elementor-element.elementor-element-2a0a4f5 .elementor-heading-title{font-size:40px;}.elementor-528 .elementor-element.elementor-element-cc82bed{line-height:1px;color:#161616;}.elementor-528 .elementor-element.elementor-element-c4b8d3f{text-align:center;font-size:14px;line-height:17px;color:#000000;}@media(min-width:768px){.elementor-528 .elementor-element.elementor-element-5d7d101{--content-width:739px;}}\/* Start custom CSS for wpforms, class: .elementor-element-b6370ee *\/#wpforms-submit-568 {\r\n  width: 420px;\r\n  height: 50px;\r\n  background-color: #DB5735;\r\n  color: #ffffff; \/* Text color *\/\r\n  border: none; \/* Remove button border *\/\r\n  display: block;\r\n  margin: 0 auto; \/* Centers the button horizontally *\/\r\n  text-align: center;\r\n  text-decoration: none;\r\n}\r\n\r\n\/* Change the background color on hover *\/\r\n#wpforms-submit-568:hover {\r\n  background-color: #000000;\r\n}\/* End custom CSS *\/<\/style>\t\t<div data-elementor-type=\"wp-page\" data-elementor-id=\"528\" class=\"elementor elementor-528\" data-elementor-post-type=\"page\">\n\t\t\t\t<div class=\"elementor-element elementor-element-20adb633 e-flex e-con-boxed e-con e-parent\" data-id=\"20adb633\" data-element_type=\"container\" data-e-type=\"container\">\n\t\t\t\t\t<div class=\"e-con-inner\">\n\t\t\t\t<div class=\"elementor-element elementor-element-32bb376f elementor-widget elementor-widget-text-editor\" data-id=\"32bb376f\" data-element_type=\"widget\" data-e-type=\"widget\" data-widget_type=\"text-editor.default\">\n\t\t\t\t<div class=\"elementor-widget-container\">\n\t\t\t\t\t\t\t\t\t<div data-block-name=\"woocommerce\/customer-account\" data-icon-class=\"wc-block-customer-account__account-icon\" class='wp-block-woocommerce-customer-account' style=''>\n\t\t\t<a  href='https:\/\/kifood.cn\/es\/my-account\/'>\n\t\t\t\t<svg class=\"wc-block-customer-account__account-icon\" xmlns=\"http:\/\/www.w3.org\/2000\/svg\" viewbox=\"-5 -5 25 25\">\n\t\t\t<path fill-rule=\"evenodd\" clip-rule=\"evenodd\" d=\"M8.00009 8.34785C10.3096 8.34785 12.1819 6.47909 12.1819 4.17393C12.1819 1.86876 10.3096 0 8.00009 0C5.69055 0 3.81824 1.86876 3.81824 4.17393C3.81824 6.47909 5.69055 8.34785 8.00009 8.34785ZM0.333496 15.6522C0.333496 15.8444 0.489412 16 0.681933 16H15.3184C15.5109 16 15.6668 15.8444 15.6668 15.6522V14.9565C15.6668 12.1428 13.7821 9.73911 10.0912 9.73911H5.90931C2.21828 9.73911 0.333645 12.1428 0.333645 14.9565L0.333496 15.6522Z\" fill=\"currentColor\" \/>\n\t\t<\/svg><span class=\"label\" data-no-translation=\"\" data-trp-gettext=\"\">Acceder<\/span>\n\t\t\t<\/a>\n\t\t<\/div>\t\t\t\t\t\t\t\t<\/div>\n\t\t\t\t<\/div>\n\t\t\t\t\t<\/div>\n\t\t\t\t<\/div>\n\t\t<div class=\"elementor-element elementor-element-5d7d101 e-flex e-con-boxed e-con e-parent\" data-id=\"5d7d101\" data-element_type=\"container\" data-e-type=\"container\">\n\t\t\t\t\t<div class=\"e-con-inner\">\n\t\t\t\t<div class=\"elementor-element elementor-element-2a0a4f5 elementor-widget elementor-widget-heading\" data-id=\"2a0a4f5\" data-element_type=\"widget\" data-e-type=\"widget\" data-widget_type=\"heading.default\">\n\t\t\t\t<div class=\"elementor-widget-container\">\n\t\t\t\t\t<h2 class=\"elementor-heading-title elementor-size-default\">Crear una cuenta\n<\/h2>\t\t\t\t<\/div>\n\t\t\t\t<\/div>\n\t\t\t\t<div class=\"elementor-element elementor-element-cc82bed elementor-widget elementor-widget-text-editor\" data-id=\"cc82bed\" data-element_type=\"widget\" data-e-type=\"widget\" data-widget_type=\"text-editor.default\">\n\t\t\t\t<div class=\"elementor-widget-container\">\n\t\t\t\t\t\t\t\t\t<p>Informaci\u00f3n personal<\/p>\t\t\t\t\t\t\t\t<\/div>\n\t\t\t\t<\/div>\n\t\t\t\t<div class=\"elementor-element elementor-element-b6370ee elementor-widget elementor-widget-wpforms\" data-id=\"b6370ee\" data-element_type=\"widget\" data-e-type=\"widget\" data-widget_type=\"wpforms.default\">\n\t\t\t\t<div class=\"elementor-widget-container\">\n\t\t\t\t\t<style id=\"wpforms-css-vars-root\">\n\t\t\t\t:root {\n\t\t\t\t\t--wpforms-field-border-radius: 3px;\n--wpforms-field-background-color: #ffffff;\n--wpforms-field-border-color: rgba( 0, 0, 0, 0.25 );\n--wpforms-field-text-color: rgba( 0, 0, 0, 0.7 );\n--wpforms-label-color: rgba( 0, 0, 0, 0.85 );\n--wpforms-label-sublabel-color: rgba( 0, 0, 0, 0.55 );\n--wpforms-label-error-color: #d63637;\n--wpforms-button-border-radius: 3px;\n--wpforms-button-background-color: #066aab;\n--wpforms-button-text-color: #ffffff;\n--wpforms-field-size-input-height: 43px;\n--wpforms-field-size-input-spacing: 15px;\n--wpforms-field-size-font-size: 16px;\n--wpforms-field-size-line-height: 19px;\n--wpforms-field-size-padding-h: 14px;\n--wpforms-field-size-checkbox-size: 16px;\n--wpforms-field-size-sublabel-spacing: 5px;\n--wpforms-field-size-icon-size: 1;\n--wpforms-label-size-font-size: 16px;\n--wpforms-label-size-line-height: 19px;\n--wpforms-label-size-sublabel-font-size: 14px;\n--wpforms-label-size-sublabel-line-height: 17px;\n--wpforms-button-size-font-size: 17px;\n--wpforms-button-size-height: 41px;\n--wpforms-button-size-padding-h: 15px;\n--wpforms-button-size-margin-top: 10px;\n\n\t\t\t\t}\n\t\t\t<\/style><style id=\"wpforms-css-vars-elementor-widget-b6370ee\">\n\t\t\t\t.elementor-widget-wpforms.elementor-element-b6370ee {\n\t\t\t\t\t--wpforms-field-border-radius: 10px;\n--wpforms-field-border-color: rgba( 0, 0, 0, 0.3);\n--wpforms-button-background-color: #DB5735;\n--wpforms-field-size-input-height: 43px;\n--wpforms-field-size-input-spacing: 15px;\n--wpforms-field-size-font-size: 16px;\n--wpforms-field-size-line-height: 19px;\n--wpforms-field-size-padding-h: 14px;\n--wpforms-field-size-checkbox-size: 16px;\n--wpforms-field-size-sublabel-spacing: 5px;\n--wpforms-field-size-icon-size: 1;\n--wpforms-label-size-font-size: 16px;\n--wpforms-label-size-line-height: 19px;\n--wpforms-label-size-sublabel-font-size: 14px;\n--wpforms-label-size-sublabel-line-height: 17px;\n--wpforms-button-size-font-size: 17px;\n--wpforms-button-size-height: 41px;\n--wpforms-button-size-padding-h: 15px;\n--wpforms-button-size-margin-top: 10px;\n\n\t\t\t\t}\n\t\t\t<\/style><div class=\"wpforms-container wpforms-container-full wpforms-render-modern\" id=\"wpforms-568\"><form id=\"wpforms-form-568\" class=\"wpforms-validate wpforms-form wpforms-ajax-form\" data-formid=\"568\" method=\"post\" enctype=\"multipart\/form-data\" action=\"\/es\/wp-json\/wp\/v2\/pages\/528\" data-token=\"757ed55ead4cff435818598d599c9562\" data-trp-original-action=\"\/es\/wp-json\/wp\/v2\/pages\/528\"><noscript class=\"wpforms-error-noscript\">Por favor, activa JavaScript en tu navegador para completar este formulario.<\/noscript><div class=\"wpforms-hidden\" id=\"wpforms-error-noscript\">Por favor, activa JavaScript en tu navegador para completar este formulario.<\/div><div class=\"wpforms-field-container\"><div id=\"wpforms-568-field_1-container\" class=\"wpforms-field wpforms-field-name\" data-field-id=\"1\"><fieldset><legend class=\"wpforms-field-label\">Primer nombre <span class=\"wpforms-required-label\" aria-hidden=\"true\">*<\/span><\/legend><div class=\"wpforms-field-row wpforms-field-large\"><div class=\"wpforms-field-row-block wpforms-first wpforms-one-half\"><input type=\"text\" id=\"wpforms-568-field_1\" class=\"wpforms-field-name-first wpforms-field-required\" name=\"wpforms[fields][1][first]\" placeholder=\"Primer nombre *\" aria-errormessage=\"wpforms-568-field_1-error\" required><label for=\"wpforms-568-field_1\" class=\"wpforms-field-sublabel after wpforms-sublabel-hide\">Nombre<\/label><\/div><div class=\"wpforms-field-row-block wpforms-one-half\"><input type=\"text\" id=\"wpforms-568-field_1-last\" class=\"wpforms-field-name-last wpforms-field-required\" name=\"wpforms[fields][1][last]\" placeholder=\"Apellido *\" aria-errormessage=\"wpforms-568-field_1-last-error\" required><label for=\"wpforms-568-field_1-last\" class=\"wpforms-field-sublabel after wpforms-sublabel-hide\">Apellidos<\/label><\/div><\/div><\/fieldset><\/div><div id=\"wpforms-568-field_2-container\" class=\"wpforms-field wpforms-field-text\" data-field-id=\"2\"><label class=\"wpforms-field-label\" for=\"wpforms-568-field_2\">Nombre de usuario <span class=\"wpforms-required-label\" aria-hidden=\"true\">*<\/span><\/label><input type=\"text\" id=\"wpforms-568-field_2\" class=\"wpforms-field-large wpforms-field-required wpforms-limit-characters-enabled\" data-form-id=\"568\" data-field-id=\"2\" data-text-limit=\"30\" name=\"wpforms[fields][2]\" placeholder=\"\u00bfC\u00f3mo prefieres que te llamemos?\" aria-errormessage=\"wpforms-568-field_2-error\" maxlength=\"30\" required><\/div><div id=\"wpforms-568-field_3-container\" class=\"wpforms-field wpforms-field-email\" data-field-id=\"3\"><label class=\"wpforms-field-label\" for=\"wpforms-568-field_3\">Correo electr\u00f3nico <span class=\"wpforms-required-label\" aria-hidden=\"true\">*<\/span><\/label><input type=\"email\" id=\"wpforms-568-field_3\" class=\"wpforms-field-large wpforms-field-required\" name=\"wpforms[fields][3]\" placeholder=\"Tu correo electr\u00f3nico\" spellcheck=\"false\" aria-errormessage=\"wpforms-568-field_3-error\" required><\/div><div id=\"wpforms-568-field_4-container\" class=\"wpforms-field wpforms-field-password\" data-field-id=\"4\"><fieldset><legend class=\"wpforms-field-label\">Contrase\u00f1a <span class=\"wpforms-required-label\" aria-hidden=\"true\">*<\/span><\/legend><div class=\"wpforms-field-row wpforms-field-large\"><div class=\"wpforms-field-row-block wpforms-one-half wpforms-first\"><input type=\"password\" id=\"wpforms-568-field_4\" class=\"wpforms-field-required wpforms-field-password-primary\" data-rule-password-strength=\"1\" data-password-strength-level=\"4\" name=\"wpforms[fields][4][primary]\" placeholder=\"Contrase\u00f1a * \" spellcheck=\"false\" aria-errormessage=\"wpforms-568-field_4-error\" aria-describedby=\"wpforms-568-field_4-description\" required><label for=\"wpforms-568-field_4\" class=\"wpforms-field-sublabel after wpforms-sublabel-hide\">Contrase\u00f1a<\/label><\/div><div class=\"wpforms-field-row-block wpforms-one-half\"><input type=\"password\" id=\"wpforms-568-field_4-secondary\" class=\"wpforms-field-password-secondary wpforms-field-required\" data-rule-confirm=\"#wpforms-568-field_4\" name=\"wpforms[fields][4][secondary]\" placeholder=\"Confirmar Contrase\u00f1a * \" spellcheck=\"false\" aria-errormessage=\"wpforms-568-field_4-secondary-error\" aria-describedby=\"wpforms-568-field_4-description\" required><label for=\"wpforms-568-field_4-secondary\" class=\"wpforms-field-sublabel after wpforms-sublabel-hide\">Confirm Password<\/label><\/div><\/div><div id=\"wpforms-568-field_4-description\" class=\"wpforms-field-description\">Para la seguridad de su cuenta, recomendamos que el m\u00ednimo de diferentes clases de caracteres en la contrase\u00f1a sea 3. Clases de caracteres: Min\u00fasculas, May\u00fasculas, D\u00edgitos, Caracteres especiales.<\/div><\/fieldset><\/div><div id=\"wpforms-568-field_9-container\" class=\"wpforms-field wpforms-field-checkbox\" data-field-id=\"9\"><fieldset><legend class=\"wpforms-field-label wpforms-label-hide\" aria-hidden=\"false\">\u591a\u9009\u6309\u94ae<\/legend><ul id=\"wpforms-568-field_9\"><li class=\"choice-1 depth-1\"><input type=\"checkbox\" id=\"wpforms-568-field_9_1\" name=\"wpforms[fields][9][]\" value=\"Yes, add me to the Kifood newsletter and marketing emails.\" aria-errormessage=\"wpforms-568-field_9_1-error\"  ><label class=\"wpforms-field-label-inline\" for=\"wpforms-568-field_9_1\">S\u00ed, agr\u00e9game al bolet\u00edn informativo y a los correos electr\u00f3nicos de marketing de Kifood.<\/label><\/li><\/ul><\/fieldset><\/div><\/div><!-- .wpforms-field-container --><div class=\"wpforms-submit-container\" ><input type=\"hidden\" name=\"wpforms[id]\" value=\"568\"><input type=\"hidden\" name=\"wpforms[author]\" value=\"1\"><button type=\"submit\" name=\"wpforms[submit]\" id=\"wpforms-submit-568\" class=\"wpforms-submit\" data-alt-text=\"\u53d1\u9001\u4e2d\u2026\" data-submit-text=\"Sign Up\" aria-live=\"assertive\" value=\"wpforms-submit\">Inscribirse<\/button><img decoding=\"async\" src=\"https:\/\/kifood.cn\/wp-content\/plugins\/wpforms\/assets\/images\/submit-spin.svg\" class=\"wpforms-submit-spinner\" style=\"display: none;\" width=\"26\" height=\"26\" alt=\"Cargando\"><\/div><input type=\"hidden\" name=\"trp-form-language\" value=\"es\"\/><\/form><\/div>  <!-- .wpforms-container -->\t\t\t\t<\/div>\n\t\t\t\t<\/div>\n\t\t\t\t<div class=\"elementor-element elementor-element-c4b8d3f elementor-widget elementor-widget-text-editor\" data-id=\"c4b8d3f\" data-element_type=\"widget\" data-e-type=\"widget\" data-widget_type=\"text-editor.default\">\n\t\t\t\t<div class=\"elementor-widget-container\">\n\t\t\t\t\t\t\t\t\t<div class=\"actions-toolbar\">\n<div class=\"secondary\">\n<p class=\"c-sign-in-form__secondary-section-text\">\u00bfYa tienes una cuenta?\u00a0<a class=\"a-btn a-btn--tertiary\" href=\"https:\/\/kifood.cn\/es\/sign-in\/\"><span class=\"a-btn-tertiary__label\">Iniciar sesi\u00f3n<\/span><\/a><\/p>\n<\/div>\n<\/div>\n<div class=\"agree-policy-and-terms\">Al crear una cuenta, usted acepta los t\u00e9rminos y condiciones de Kifood.<br \/><a class=\"a-btn a-btn--tertiary\" href=\"https:\/\/kifood.cn\/es\/privacy-policy\/\"><span class=\"a-btn-tertiary__label\">Pol\u00edtica de privacidad.<\/span><\/a><\/div>\t\t\t\t\t\t\t\t<\/div>\n\t\t\t\t<\/div>\n\t\t\t\t\t<\/div>\n\t\t\t\t<\/div>\n\t\t\t\t<\/div>","protected":false},"excerpt":{"rendered":"<p>Create an Account Personal Information \u8bf7\u5728\u6d4f\u89c8\u5668\u4e2d\u542f\u7528JavaScript\u6765\u5b8c\u6210\u6b64\u8868\u5355\u3002\u8bf7\u5728\u6d4f\u89c8\u5668\u4e2d\u542f\u7528JavaScript\u6765\u5b8c\u6210\u6b64\u8868\u5355\u3002 Frist Name * \u524d\u4e00\u9875\u540e\u4e00\u9875 Username *Email * Password * \u5bc6\u7801\u786e\u8ba4\u5bc6\u7801For the security of your account, we recommend Minimum of different classes of characters in password is 3. Classes of characters: Lower Case, Upper Case, Digits, Special Characters. \u591a\u9009\u6309\u94ae Yes, add me to the Kifood newsletter and marketing emails. Sign [&hellip;]<\/p>","protected":false},"author":1,"featured_media":0,"parent":0,"menu_order":0,"comment_status":"closed","ping_status":"closed","template":"","meta":{"site-sidebar-layout":"no-sidebar","site-content-layout":"","ast-site-content-layout":"full-width-container","site-content-style":"default","site-sidebar-style":"default","ast-global-header-display":"","ast-banner-title-visibility":"","ast-main-header-display":"","ast-hfb-above-header-display":"","ast-hfb-below-header-display":"","ast-hfb-mobile-header-display":"","site-post-title":"disabled","ast-breadcrumbs-content":"","ast-featured-img":"disabled","footer-sml-layout":"","ast-disable-related-posts":"","theme-transparent-header-meta":"","adv-header-id-meta":"","stick-header-meta":"","header-above-stick-meta":"","header-main-stick-meta":"","header-below-stick-meta":"","astra-migrate-meta-layouts":"default","ast-page-background-enabled":"default","ast-page-background-meta":{"desktop":{"background-color":"var(--ast-global-color-4)","background-image":"","background-repeat":"repeat","background-position":"center center","background-size":"auto","background-attachment":"scroll","background-type":"","background-media":"","overlay-type":"","overlay-color":"","overlay-opacity":"","overlay-gradient":""},"tablet":{"background-color":"","background-image":"","background-repeat":"repeat","background-position":"center center","background-size":"auto","background-attachment":"scroll","background-type":"","background-media":"","overlay-type":"","overlay-color":"","overlay-opacity":"","overlay-gradient":""},"mobile":{"background-color":"","background-image":"","background-repeat":"repeat","background-position":"center center","background-size":"auto","background-attachment":"scroll","background-type":"","background-media":"","overlay-type":"","overlay-color":"","overlay-opacity":"","overlay-gradient":""}},"ast-content-background-meta":{"desktop":{"background-color":"var(--ast-global-color-5)","background-image":"","background-repeat":"repeat","background-position":"center center","background-size":"auto","background-attachment":"scroll","background-type":"","background-media":"","overlay-type":"","overlay-color":"","overlay-opacity":"","overlay-gradient":""},"tablet":{"background-color":"var(--ast-global-color-5)","background-image":"","background-repeat":"repeat","background-position":"center center","background-size":"auto","background-attachment":"scroll","background-type":"","background-media":"","overlay-type":"","overlay-color":"","overlay-opacity":"","overlay-gradient":""},"mobile":{"background-color":"var(--ast-global-color-5)","background-image":"","background-repeat":"repeat","background-position":"center center","background-size":"auto","background-attachment":"scroll","background-type":"","background-media":"","overlay-type":"","overlay-color":"","overlay-opacity":"","overlay-gradient":""}},"footnotes":""},"class_list":["post-528","page","type-page","status-publish","hentry"],"_links":{"self":[{"href":"https:\/\/kifood.cn\/es\/wp-json\/wp\/v2\/pages\/528","targetHints":{"allow":["GET"]}}],"collection":[{"href":"https:\/\/kifood.cn\/es\/wp-json\/wp\/v2\/pages"}],"about":[{"href":"https:\/\/kifood.cn\/es\/wp-json\/wp\/v2\/types\/page"}],"author":[{"embeddable":true,"href":"https:\/\/kifood.cn\/es\/wp-json\/wp\/v2\/users\/1"}],"replies":[{"embeddable":true,"href":"https:\/\/kifood.cn\/es\/wp-json\/wp\/v2\/comments?post=528"}],"version-history":[{"count":0,"href":"https:\/\/kifood.cn\/es\/wp-json\/wp\/v2\/pages\/528\/revisions"}],"wp:attachment":[{"href":"https:\/\/kifood.cn\/es\/wp-json\/wp\/v2\/media?parent=528"}],"curies":[{"name":"wp","href":"https:\/\/api.w.org\/{rel}","templated":true}]}}