{"id":3816,"date":"2024-04-29T09:30:00","date_gmt":"2024-04-29T09:30:00","guid":{"rendered":"https:\/\/kifood.cn\/product\/zinc-alloy-multifunctional-vegetables-and-fruits-peeling-knife\/"},"modified":"2024-05-14T04:14:00","modified_gmt":"2024-05-14T04:14:00","slug":"zinc-alloy-multifunctional-vegetables-and-fruits-peeling-knife","status":"publish","type":"product","link":"https:\/\/kifood.cn\/de\/produkt\/zinc-alloy-multifunctional-vegetables-and-fruits-peeling-knife\/","title":{"rendered":"Multifunktionales Sch\u00e4lmesser f\u00fcr Obst und Gem\u00fcse aus Zinklegierung"},"content":{"rendered":"<p>&nbsp;<\/p>\n<p><img decoding=\"async\" src=\"https:\/\/ae01.alicdn.com\/kf\/S4e887056ab6f473992eb16b986fa3c56j.jpg\" \/><img decoding=\"async\" src=\"https:\/\/ae01.alicdn.com\/kf\/Sd423211d75074e17a9fbd8ca429e75dad.jpg\" \/><img decoding=\"async\" src=\"https:\/\/ae01.alicdn.com\/kf\/S72bfd6a96aaa47198ad775c3dde90049b.jpg\" \/><img decoding=\"async\" src=\"https:\/\/ae01.alicdn.com\/kf\/S3a61047947ef492b85da8c4d66c87558w.jpg\" \/><img decoding=\"async\" src=\"https:\/\/ae01.alicdn.com\/kf\/S8bbdd071fdfd4b2b8e3fae89112c5304n.jpg\" \/><img decoding=\"async\" src=\"https:\/\/ae01.alicdn.com\/kf\/S25b13fe244aa4497abd79edfa22237f45.jpg\" \/><img decoding=\"async\" src=\"https:\/\/ae01.alicdn.com\/kf\/Sd87d2523b24249aa90b0396b6cfeb1fbU.jpg\" \/><img decoding=\"async\" src=\"https:\/\/ae01.alicdn.com\/kf\/S33c2865b928046c5806731c3370fc4dfc.jpg\" \/><img decoding=\"async\" src=\"https:\/\/ae01.alicdn.com\/kf\/S1a02417a88f84c54b0f7bae7384bf39b8.jpg\" \/><img decoding=\"async\" src=\"https:\/\/ae01.alicdn.com\/kf\/S0bc3f60e4a4e40b09b3f7d7bc6f491aax.jpg\" \/><img decoding=\"async\" src=\"https:\/\/ae01.alicdn.com\/kf\/Sad0b1a8dc4ab405e851f33bd7844de67N.jpg\" \/><img decoding=\"async\" src=\"https:\/\/ae01.alicdn.com\/kf\/Sb801b6bdeb534dc2976ee29c4a69c2a7Q.jpg\" \/><img decoding=\"async\" src=\"https:\/\/ae01.alicdn.com\/kf\/Sab5933fdc1e140efa5ca9a2a40e298cfI.jpg\" \/><\/p>","protected":false},"excerpt":{"rendered":"<p>\u2022 Klinge aus Zinklegierung: Die aus einer Zinklegierung gefertigte Klinge dieses Sch\u00e4lers ist langlebig und rostbest\u00e4ndig, sodass eine lange Nutzungsdauer und jedes Mal ein sauberer Schnitt gew\u00e4hrleistet ist.<\/p>\n<p>\u2022 Zweiteiliges Design: Das zweiteilige Design dieses Sch\u00e4lers erm\u00f6glicht eine einfache Lagerung und einen einfachen Transport und macht ihn zu einem idealen Werkzeug f\u00fcr den Einsatz zu Hause und unterwegs.<\/p>\n<p>\u2022 Multifunktionale Verwendung: Dieser vielseitige Sch\u00e4ler eignet sich nicht nur f\u00fcr Gem\u00fcse, sondern auch f\u00fcr Obst und ist somit ein unverzichtbares K\u00fcchenwerkzeug f\u00fcr alle Ihre Sch\u00e4lanforderungen.<\/p>\n<p>\u2022 Umweltfreundlich: Als wiederverwendbares K\u00fcchenwerkzeug hilft dieser Sch\u00e4ler, Abfall zu reduzieren und tr\u00e4gt zu einer umweltfreundlichen K\u00fcche bei.<\/p>\n<p>\u2022 CE-\/EU-zertifiziert: Mit der CE-\/EU-Zertifizierung erf\u00fcllt dieser Sch\u00e4ler hohe Qualit\u00e4ts- und Sicherheitsstandards, sodass Sie sich auf seine Verwendung verlassen k\u00f6nnen.<\/p>\n<p>\u2022 Edelstahlmaterial: Dieser Sch\u00e4ler aus Edelstahl ist leicht zu reinigen, robust und f\u00fcr starke Beanspruchung ausgelegt.<\/p>","protected":false},"featured_media":3810,"comment_status":"open","ping_status":"closed","template":"","meta":{"site-sidebar-layout":"default","site-content-layout":"","ast-site-content-layout":"default","site-content-style":"default","site-sidebar-style":"default","ast-global-header-display":"","ast-banner-title-visibility":"","ast-main-header-display":"","ast-hfb-above-header-display":"","ast-hfb-below-header-display":"","ast-hfb-mobile-header-display":"","site-post-title":"","ast-breadcrumbs-content":"","ast-featured-img":"","footer-sml-layout":"","ast-disable-related-posts":"","theme-transparent-header-meta":"default","adv-header-id-meta":"","stick-header-meta":"default","header-above-stick-meta":"","header-main-stick-meta":"","header-below-stick-meta":"","astra-migrate-meta-layouts":"set","ast-page-background-enabled":"default","ast-page-background-meta":{"desktop":{"background-color":"var(--ast-global-color-4)","background-image":"","background-repeat":"repeat","background-position":"center center","background-size":"auto","background-attachment":"scroll","background-type":"","background-media":"","overlay-type":"","overlay-color":"","overlay-opacity":"","overlay-gradient":""},"tablet":{"background-color":"","background-image":"","background-repeat":"repeat","background-position":"center center","background-size":"auto","background-attachment":"scroll","background-type":"","background-media":"","overlay-type":"","overlay-color":"","overlay-opacity":"","overlay-gradient":""},"mobile":{"background-color":"","background-image":"","background-repeat":"repeat","background-position":"center center","background-size":"auto","background-attachment":"scroll","background-type":"","background-media":"","overlay-type":"","overlay-color":"","overlay-opacity":"","overlay-gradient":""}},"ast-content-background-meta":{"desktop":{"background-color":"var(--ast-global-color-5)","background-image":"","background-repeat":"repeat","background-position":"center center","background-size":"auto","background-attachment":"scroll","background-type":"","background-media":"","overlay-type":"","overlay-color":"","overlay-opacity":"","overlay-gradient":""},"tablet":{"background-color":"var(--ast-global-color-5)","background-image":"","background-repeat":"repeat","background-position":"center center","background-size":"auto","background-attachment":"scroll","background-type":"","background-media":"","overlay-type":"","overlay-color":"","overlay-opacity":"","overlay-gradient":""},"mobile":{"background-color":"var(--ast-global-color-5)","background-image":"","background-repeat":"repeat","background-position":"center center","background-size":"auto","background-attachment":"scroll","background-type":"","background-media":"","overlay-type":"","overlay-color":"","overlay-opacity":"","overlay-gradient":""}}},"product_brand":[],"product_cat":[80],"product_tag":[],"class_list":{"0":"post-3816","1":"product","2":"type-product","3":"status-publish","4":"has-post-thumbnail","6":"product_cat-kitchen-gadgets","7":"product_shipping_class-shipping-time-15-20-days","8":"desktop-align-left","9":"tablet-align-left","10":"mobile-align-left","12":"first","13":"instock","14":"sale","15":"featured","16":"shipping-taxable","17":"purchasable","18":"product-type-variable"},"_links":{"self":[{"href":"https:\/\/kifood.cn\/de\/wp-json\/wp\/v2\/product\/3816","targetHints":{"allow":["GET"]}}],"collection":[{"href":"https:\/\/kifood.cn\/de\/wp-json\/wp\/v2\/product"}],"about":[{"href":"https:\/\/kifood.cn\/de\/wp-json\/wp\/v2\/types\/product"}],"replies":[{"embeddable":true,"href":"https:\/\/kifood.cn\/de\/wp-json\/wp\/v2\/comments?post=3816"}],"wp:featuredmedia":[{"embeddable":true,"href":"https:\/\/kifood.cn\/de\/wp-json\/wp\/v2\/media\/3810"}],"wp:attachment":[{"href":"https:\/\/kifood.cn\/de\/wp-json\/wp\/v2\/media?parent=3816"}],"wp:term":[{"taxonomy":"product_brand","embeddable":true,"href":"https:\/\/kifood.cn\/de\/wp-json\/wp\/v2\/product_brand?post=3816"},{"taxonomy":"product_cat","embeddable":true,"href":"https:\/\/kifood.cn\/de\/wp-json\/wp\/v2\/product_cat?post=3816"},{"taxonomy":"product_tag","embeddable":true,"href":"https:\/\/kifood.cn\/de\/wp-json\/wp\/v2\/product_tag?post=3816"}],"curies":[{"name":"wp","href":"https:\/\/api.w.org\/{rel}","templated":true}]}}