{"id":3742,"date":"2024-04-25T13:12:00","date_gmt":"2024-04-25T13:12:00","guid":{"rendered":"https:\/\/kifood.cn\/?post_type=product&#038;p=3742"},"modified":"2024-05-09T06:22:41","modified_gmt":"2024-05-09T06:22:41","slug":"2l-microwave-rice-cooker-portable-bento-practical-lunch-box-multifunctional-rice-cooker-household-kitchen-tools","status":"publish","type":"product","link":"https:\/\/kifood.cn\/de\/produkt\/2l-microwave-rice-cooker-portable-bento-practical-lunch-box-multifunctional-rice-cooker-household-kitchen-tools\/","title":{"rendered":"Tragbarer multifunktionaler Reiskocher, 2 l"},"content":{"rendered":"<p>Produktbeschreibung<\/p>\n<p>Material: Kunststoff<\/p>\n<p>Paket enth\u00e4lt: 1 * Aufbewahrungsbox<\/p>\n<p>Anmerkungen:<\/p>\n<p>Aufgrund manueller Messung kann ein Fehler von 0 bis 1 cm auftreten. Warnung. Bitte \u00fcberpr\u00fcfen Sie dies sorgf\u00e4ltig, bevor Sie eine Kaufentscheidung treffen.<\/p>\n<p>Aufgrund unterschiedlicher Monitore kann die Farbe auf dem Produktfoto von der tats\u00e4chlichen Farbe abweichen.<\/p>\n<p><img decoding=\"async\" src=\"https:\/\/ae03.alicdn.com\/kf\/Scf764ef070e445ec93ed68b183929c207.jpg\" \/><\/p>\n<p><img decoding=\"async\" src=\"https:\/\/ae03.alicdn.com\/kf\/S895be8116f4842078c3c6d93b40b472fk.jpg\" \/><\/p>\n<p><img decoding=\"async\" src=\"https:\/\/ae03.alicdn.com\/kf\/Se1f136ec5cbc4039babf490752632a77H.jpg\" \/><\/p>\n<p><img decoding=\"async\" src=\"https:\/\/ae03.alicdn.com\/kf\/S994f3b5f12fe48d5a2d6b93e9017fe03n.jpg\" \/><\/p>\n<p><img decoding=\"async\" src=\"https:\/\/ae03.alicdn.com\/kf\/Sacbd69e102a14ec18547bb6e22aee8d9o.jpg\" \/><\/p>\n<p><img decoding=\"async\" src=\"https:\/\/ae03.alicdn.com\/kf\/S54e9dd30fae44ef99c4570407f48c95fL.jpg\" \/><\/p>\n<p><img decoding=\"async\" src=\"https:\/\/ae03.alicdn.com\/kf\/S6595bfa43083420b9cfee6eef8cc9936y.jpg\" \/><\/p>\n<p><img decoding=\"async\" src=\"https:\/\/ae03.alicdn.com\/kf\/S940ad7d547b1499081abbdb0cff9c2e41.jpg\" \/><\/p>\n<p>&nbsp;<\/p>","protected":false},"excerpt":{"rendered":"<p><strong>Anwendung:<\/strong>\u00a0Zuerst den Reis in den Beh\u00e4lter geben, dann den Reis mit einem Sieb waschen und mit einem Reisl\u00f6ffel bedecken.<\/p>\n<p><strong>PRAKTISCHES DESIGN<\/strong>: Dieser Mikrowellen-Reiskocher hat eine Kapazit\u00e4t von 12 Tassen Reis, was f\u00fcr die ganze Familie ausreicht, und bis zur Grenze des Kochers k\u00f6nnen 8 Tassen Reis gekocht werden.<\/p>\n<p><strong>Einfach zu verwenden<\/strong>: Reis in den Hauptbeh\u00e4lter geben, mit einem Sieb absp\u00fclen, den Deckel mit dem Reisl\u00f6ffel befestigen und den Reis in der Mikrowelle d\u00e4mpfen.<\/p>\n<p>Es besteht aus hitzebest\u00e4ndigem PP-Material und h\u00e4lt Temperaturen von -20 \u00b0C bis 120 \u00b0C stand.<\/p>","protected":false},"featured_media":3736,"comment_status":"open","ping_status":"closed","template":"","meta":{"site-sidebar-layout":"default","site-content-layout":"","ast-site-content-layout":"default","site-content-style":"default","site-sidebar-style":"default","ast-global-header-display":"","ast-banner-title-visibility":"","ast-main-header-display":"","ast-hfb-above-header-display":"","ast-hfb-below-header-display":"","ast-hfb-mobile-header-display":"","site-post-title":"","ast-breadcrumbs-content":"","ast-featured-img":"","footer-sml-layout":"","ast-disable-related-posts":"","theme-transparent-header-meta":"default","adv-header-id-meta":"","stick-header-meta":"default","header-above-stick-meta":"","header-main-stick-meta":"","header-below-stick-meta":"","astra-migrate-meta-layouts":"set","ast-page-background-enabled":"default","ast-page-background-meta":{"desktop":{"background-color":"var(--ast-global-color-4)","background-image":"","background-repeat":"repeat","background-position":"center center","background-size":"auto","background-attachment":"scroll","background-type":"","background-media":"","overlay-type":"","overlay-color":"","overlay-opacity":"","overlay-gradient":""},"tablet":{"background-color":"","background-image":"","background-repeat":"repeat","background-position":"center center","background-size":"auto","background-attachment":"scroll","background-type":"","background-media":"","overlay-type":"","overlay-color":"","overlay-opacity":"","overlay-gradient":""},"mobile":{"background-color":"","background-image":"","background-repeat":"repeat","background-position":"center center","background-size":"auto","background-attachment":"scroll","background-type":"","background-media":"","overlay-type":"","overlay-color":"","overlay-opacity":"","overlay-gradient":""}},"ast-content-background-meta":{"desktop":{"background-color":"var(--ast-global-color-5)","background-image":"","background-repeat":"repeat","background-position":"center center","background-size":"auto","background-attachment":"scroll","background-type":"","background-media":"","overlay-type":"","overlay-color":"","overlay-opacity":"","overlay-gradient":""},"tablet":{"background-color":"var(--ast-global-color-5)","background-image":"","background-repeat":"repeat","background-position":"center center","background-size":"auto","background-attachment":"scroll","background-type":"","background-media":"","overlay-type":"","overlay-color":"","overlay-opacity":"","overlay-gradient":""},"mobile":{"background-color":"var(--ast-global-color-5)","background-image":"","background-repeat":"repeat","background-position":"center center","background-size":"auto","background-attachment":"scroll","background-type":"","background-media":"","overlay-type":"","overlay-color":"","overlay-opacity":"","overlay-gradient":""}}},"product_brand":[],"product_cat":[84],"product_tag":[],"class_list":{"0":"post-3742","1":"product","2":"type-product","3":"status-publish","4":"has-post-thumbnail","6":"product_cat-cookware","7":"product_shipping_class-shipping-time-15-20-days","8":"desktop-align-left","9":"tablet-align-left","10":"mobile-align-left","12":"first","13":"instock","14":"sale","15":"shipping-taxable","16":"purchasable","17":"product-type-variable"},"_links":{"self":[{"href":"https:\/\/kifood.cn\/de\/wp-json\/wp\/v2\/product\/3742","targetHints":{"allow":["GET"]}}],"collection":[{"href":"https:\/\/kifood.cn\/de\/wp-json\/wp\/v2\/product"}],"about":[{"href":"https:\/\/kifood.cn\/de\/wp-json\/wp\/v2\/types\/product"}],"replies":[{"embeddable":true,"href":"https:\/\/kifood.cn\/de\/wp-json\/wp\/v2\/comments?post=3742"}],"wp:featuredmedia":[{"embeddable":true,"href":"https:\/\/kifood.cn\/de\/wp-json\/wp\/v2\/media\/3736"}],"wp:attachment":[{"href":"https:\/\/kifood.cn\/de\/wp-json\/wp\/v2\/media?parent=3742"}],"wp:term":[{"taxonomy":"product_brand","embeddable":true,"href":"https:\/\/kifood.cn\/de\/wp-json\/wp\/v2\/product_brand?post=3742"},{"taxonomy":"product_cat","embeddable":true,"href":"https:\/\/kifood.cn\/de\/wp-json\/wp\/v2\/product_cat?post=3742"},{"taxonomy":"product_tag","embeddable":true,"href":"https:\/\/kifood.cn\/de\/wp-json\/wp\/v2\/product_tag?post=3742"}],"curies":[{"name":"wp","href":"https:\/\/api.w.org\/{rel}","templated":true}]}}