{"id":3728,"date":"2024-04-25T13:02:00","date_gmt":"2024-04-25T13:02:00","guid":{"rendered":"https:\/\/kifood.cn\/?post_type=product&#038;p=3728"},"modified":"2024-05-09T06:22:41","modified_gmt":"2024-05-09T06:22:41","slug":"egg-frying-pot-pan-nonstick-pancake-pans-2-4-cups-cookware-pancake-pan-egg-pan-suitable-for-gas-stove-induction-cooker-3-styles","status":"publish","type":"product","link":"https:\/\/kifood.cn\/de\/produkt\/egg-frying-pot-pan-nonstick-pancake-pans-2-4-cups-cookware-pancake-pan-egg-pan-suitable-for-gas-stove-induction-cooker-3-styles\/","title":{"rendered":"Antihaftbeschichtete Eier-Pfannkuchenpfanne 2\/4-Tassen"},"content":{"rendered":"<p><img decoding=\"async\" src=\"https:\/\/ae01.alicdn.com\/kf\/S4a8bd104b21a4575991a0c5d0653aadcS.jpg\" \/><\/p>\n<ol>\n<li data-list=\"bullet\">100% brandneu und hochwertig<\/li>\n<li data-list=\"bullet\">Einfach zu bedienen, sicher und zuverl\u00e4ssig.<\/li>\n<li data-list=\"bullet\">Ein Muss und eine Notwendigkeit in der K\u00fcche.<\/li>\n<li data-list=\"bullet\">Artikeltyp: Eierbratpfanne<\/li>\n<li data-list=\"bullet\">Material: Medizinischer Stein<\/li>\n<li data-list=\"bullet\">Geeignet f\u00fcr: Eier usw.<\/li>\n<li data-list=\"bullet\">Gewicht: ca. 600 g<\/li>\n<li data-list=\"bullet\">Paket beinhaltet:\u00a0\u00a0<strong>1 x Eierpfanne<\/strong><\/li>\n<\/ol>\n<p><img decoding=\"async\" src=\"https:\/\/ae01.alicdn.com\/kf\/Sc195d7256d8f45c79d21d88e6def6c24N.jpg\" \/><img decoding=\"async\" src=\"https:\/\/cbu01.alicdn.com\/img\/ibank\/O1CN01n7FrII29XJmyIERzS_!!4161248077-0-cib.jpg?__r__=1658368274494\" \/><\/p>\n<p><img fetchpriority=\"high\" decoding=\"async\" src=\"https:\/\/ae01.alicdn.com\/kf\/S9350ec478c1943a8be267fd398a5bf0do.jpg\" width=\"944\" height=\"1000\" \/><\/p>\n<p><img decoding=\"async\" src=\"https:\/\/ae01.alicdn.com\/kf\/Scb8c9a6b4b004fb48dd401aa8443aea8u.jpg\" width=\"944\" height=\"944\" \/><img decoding=\"async\" src=\"https:\/\/ae01.alicdn.com\/kf\/S64b9e951168442bcbecccbc7c7a8c20cr.jpg\" width=\"944\" height=\"944\" \/><img loading=\"lazy\" decoding=\"async\" src=\"https:\/\/ae01.alicdn.com\/kf\/S30cbcfd72c3546d094e0828f24a2c715x.jpg\" width=\"944\" height=\"944\" \/><img loading=\"lazy\" decoding=\"async\" src=\"https:\/\/ae01.alicdn.com\/kf\/Sdcad5726d9df4307abfaf9a0bfe07bf83.jpg\" width=\"944\" height=\"944\" \/><img loading=\"lazy\" decoding=\"async\" src=\"https:\/\/ae01.alicdn.com\/kf\/S895aa53f25674e21b0d94da1c9e47b44s.jpg\" width=\"944\" height=\"944\" \/><img loading=\"lazy\" decoding=\"async\" src=\"https:\/\/ae01.alicdn.com\/kf\/Scdedf05b68794caea911ea3272a7d923O.jpg\" width=\"944\" height=\"944\" \/><\/p>\n<p>&nbsp;<\/p>\n<p>&nbsp;<\/p>\n<p>&nbsp;<\/p>\n<p>&nbsp;<\/p>","protected":false},"excerpt":{"rendered":"<p>Perfekt zum Zubereiten von Spiegeleiern, Omeletts, Schinken, Burgern, Pfannkuchen usw.<br \/>\nDer verdickte Aluminiumboden sorgt f\u00fcr eine gleichm\u00e4\u00dfige und schnelle Erw\u00e4rmung der Speisen.<br \/>\nDer lange Griff mit Kalkschutz sch\u00fctzt Ihre H\u00e4nde vor Verbrennungen.<br \/>\nNat\u00fcrliche Antihaftbeschichtung aus Maifanit, leicht zu verwenden.<br \/>\nF\u00fcr alle Herdarten geeignet, sowohl mit Gasherden als auch mit Induktionsherden kompatibel.<\/p>","protected":false},"featured_media":3722,"comment_status":"open","ping_status":"closed","template":"","meta":{"site-sidebar-layout":"default","site-content-layout":"","ast-site-content-layout":"default","site-content-style":"default","site-sidebar-style":"default","ast-global-header-display":"","ast-banner-title-visibility":"","ast-main-header-display":"","ast-hfb-above-header-display":"","ast-hfb-below-header-display":"","ast-hfb-mobile-header-display":"","site-post-title":"","ast-breadcrumbs-content":"","ast-featured-img":"","footer-sml-layout":"","ast-disable-related-posts":"","theme-transparent-header-meta":"default","adv-header-id-meta":"","stick-header-meta":"default","header-above-stick-meta":"","header-main-stick-meta":"","header-below-stick-meta":"","astra-migrate-meta-layouts":"set","ast-page-background-enabled":"default","ast-page-background-meta":{"desktop":{"background-color":"var(--ast-global-color-4)","background-image":"","background-repeat":"repeat","background-position":"center center","background-size":"auto","background-attachment":"scroll","background-type":"","background-media":"","overlay-type":"","overlay-color":"","overlay-opacity":"","overlay-gradient":""},"tablet":{"background-color":"","background-image":"","background-repeat":"repeat","background-position":"center center","background-size":"auto","background-attachment":"scroll","background-type":"","background-media":"","overlay-type":"","overlay-color":"","overlay-opacity":"","overlay-gradient":""},"mobile":{"background-color":"","background-image":"","background-repeat":"repeat","background-position":"center center","background-size":"auto","background-attachment":"scroll","background-type":"","background-media":"","overlay-type":"","overlay-color":"","overlay-opacity":"","overlay-gradient":""}},"ast-content-background-meta":{"desktop":{"background-color":"var(--ast-global-color-5)","background-image":"","background-repeat":"repeat","background-position":"center center","background-size":"auto","background-attachment":"scroll","background-type":"","background-media":"","overlay-type":"","overlay-color":"","overlay-opacity":"","overlay-gradient":""},"tablet":{"background-color":"var(--ast-global-color-5)","background-image":"","background-repeat":"repeat","background-position":"center center","background-size":"auto","background-attachment":"scroll","background-type":"","background-media":"","overlay-type":"","overlay-color":"","overlay-opacity":"","overlay-gradient":""},"mobile":{"background-color":"var(--ast-global-color-5)","background-image":"","background-repeat":"repeat","background-position":"center center","background-size":"auto","background-attachment":"scroll","background-type":"","background-media":"","overlay-type":"","overlay-color":"","overlay-opacity":"","overlay-gradient":""}}},"product_brand":[],"product_cat":[84],"product_tag":[],"class_list":{"0":"post-3728","1":"product","2":"type-product","3":"status-publish","4":"has-post-thumbnail","6":"product_cat-cookware","7":"product_shipping_class-shipping-time-15-20-days","8":"desktop-align-left","9":"tablet-align-left","10":"mobile-align-left","12":"first","13":"instock","14":"sale","15":"shipping-taxable","16":"purchasable","17":"product-type-variable"},"_links":{"self":[{"href":"https:\/\/kifood.cn\/de\/wp-json\/wp\/v2\/product\/3728","targetHints":{"allow":["GET"]}}],"collection":[{"href":"https:\/\/kifood.cn\/de\/wp-json\/wp\/v2\/product"}],"about":[{"href":"https:\/\/kifood.cn\/de\/wp-json\/wp\/v2\/types\/product"}],"replies":[{"embeddable":true,"href":"https:\/\/kifood.cn\/de\/wp-json\/wp\/v2\/comments?post=3728"}],"wp:featuredmedia":[{"embeddable":true,"href":"https:\/\/kifood.cn\/de\/wp-json\/wp\/v2\/media\/3722"}],"wp:attachment":[{"href":"https:\/\/kifood.cn\/de\/wp-json\/wp\/v2\/media?parent=3728"}],"wp:term":[{"taxonomy":"product_brand","embeddable":true,"href":"https:\/\/kifood.cn\/de\/wp-json\/wp\/v2\/product_brand?post=3728"},{"taxonomy":"product_cat","embeddable":true,"href":"https:\/\/kifood.cn\/de\/wp-json\/wp\/v2\/product_cat?post=3728"},{"taxonomy":"product_tag","embeddable":true,"href":"https:\/\/kifood.cn\/de\/wp-json\/wp\/v2\/product_tag?post=3728"}],"curies":[{"name":"wp","href":"https:\/\/api.w.org\/{rel}","templated":true}]}}