{"id":3601,"date":"2024-04-25T12:59:00","date_gmt":"2024-04-25T12:59:00","guid":{"rendered":"https:\/\/kifood.cn\/?post_type=product&#038;p=3601"},"modified":"2024-05-09T06:30:31","modified_gmt":"2024-05-09T06:30:31","slug":"silicone-world-3-in-1-reusable-food-storage-keep-fresh-cover-pet-can-box-cover-silicone-can-lid-hot-kitchen-tools","status":"publish","type":"product","link":"https:\/\/kifood.cn\/de\/produkt\/silicone-world-3-in-1-reusable-food-storage-keep-fresh-cover-pet-can-box-cover-silicone-can-lid-hot-kitchen-tools\/","title":{"rendered":"Silicone World 3-in-1 wiederverwendbare Frischhaltedeckel"},"content":{"rendered":"<p><strong>Aufz\u00e4hlungspunkte:<\/strong><\/p>\n<p>1. Hervorragende Qualit\u00e4t \u2013 Dieser Deckel f\u00fcr Tierfutterdosen besteht aus lebensmittelechtem Silikonmaterial von hervorragender Qualit\u00e4t. Er ist langlebig und sicher. Er kann zum Abdecken der Futterdose verwendet werden, ohne dass das Futter verdirbt.<\/p>\n<p>2. Breites Anwendungsspektrum \u2013 Dieser Hundefutterdosendeckel ist vielseitig einsetzbar. Er verf\u00fcgt \u00fcber drei verschiedene Innendurchmesser von ca. 6,5 cm, 7,5 cm und 8,5 cm. Er eignet sich zum Abdecken verschiedener Tierfutterdosen und anderer Dosen.<\/p>\n<p>3. Hervorragende Versiegelung \u2013 Dieser Katzenfutterdeckel funktioniert effektiv. Er kann dazu beitragen, Lebensmittel l\u00e4nger frisch zu halten. Er hat keinen seltsamen Geruch und kann verwendet werden, um Lebensmittel luftdicht im K\u00fchlschrank aufzubewahren.<\/p>\n<p>4. Leicht zu reinigen \u2013 Dieser Dosendeckel f\u00fcr Hundefutter ist sehr leicht zu reinigen. Er ist sp\u00fclmaschinenfest. Sie k\u00f6nnen ihn einfach im Sp\u00fclbecken oder in der Sp\u00fclmaschine reinigen.<\/p>\n<p>5. Leuchtende Farben \u2013 Dieser Hundedosendeckel ist in 6 Farboptionen erh\u00e4ltlich, um Ihren Bed\u00fcrfnissen gerecht zu werden. Und er ist ideal, um den Geruch ge\u00f6ffneter Tierfutterdosen in der Dose zu halten und das Futter frisch zu halten.<\/p>\n<p>&nbsp;<\/p>\n<p><strong>Beschreibung:<\/strong><\/p>\n<p>Dieser Deckel f\u00fcr Tierfutterdosen besteht aus lebensmittelechtem Silikonmaterial von h\u00f6chster Qualit\u00e4t. Er ist langlebig und sicher. Er kann zum Abdecken der Futterdose verwendet werden, ohne dass das Futter verdirbt.<\/p>\n<p>Dieser Katzenfutterdeckel ist effektiv. Er hilft, das Futter l\u00e4nger frisch zu halten. Er hat keinen unangenehmen Geruch und kann verwendet werden, um Futter luftdicht im K\u00fchlschrank aufzubewahren.<\/p>\n<p>&nbsp;<\/p>\n<p><strong>Spezifikationen:<\/strong><\/p>\n<p>Name: Deckel f\u00fcr Tierfutterdosen<\/p>\n<p>Material: Silikon<\/p>\n<p>Gewicht: ca. 30g<\/p>\n<p>Gr\u00f6\u00dfe: ca. 9 x 9 cm\/3,54 x 3,54 Zoll<\/p>\n<p>&nbsp;<\/p>\n<p><strong>Merkmale:<\/strong><\/p>\n<p>3 verschiedene Innendurchmesser<\/p>\n<p>Passend f\u00fcr verschiedene Konservendosen<\/p>\n<p>Hervorragende Versiegelbarkeit<\/p>\n<p>Paketliste:<\/p>\n<p>Deckel f\u00fcr Tierfutterdosen * 1<\/p>\n<p><img decoding=\"async\" src=\"https:\/\/ae01.alicdn.com\/kf\/S5ebd1e1b4c214d63b3870092c7b9451b8.jpg\" \/><img decoding=\"async\" src=\"https:\/\/ae01.alicdn.com\/kf\/Sdd89b27a343f405aad1f6b521b3ad501M.jpg\" \/><img decoding=\"async\" src=\"https:\/\/ae01.alicdn.com\/kf\/S3fc55e63dac3452bae60540e15c7ddcez.jpg\" \/><img decoding=\"async\" src=\"https:\/\/ae01.alicdn.com\/kf\/S1aa43adfab894c479a063cdd8354e2a3L.jpg\" \/><img decoding=\"async\" src=\"https:\/\/ae01.alicdn.com\/kf\/S4b1b91e4857e4430be712e4ce40d84b2x.jpg\" \/><img decoding=\"async\" src=\"https:\/\/ae01.alicdn.com\/kf\/S74a378e943c74f2897f21faf17301444y.jpg\" \/><img decoding=\"async\" src=\"https:\/\/ae01.alicdn.com\/kf\/S20aa9f077ac443b89c08358f32097f26G.jpg\" \/><img decoding=\"async\" src=\"https:\/\/ae01.alicdn.com\/kf\/Sf57eea1514de4d4cbe123c8558529ab3F.jpg\" \/><img decoding=\"async\" src=\"https:\/\/ae01.alicdn.com\/kf\/Sc58d3fa521754b07b2ce04f2147f5d6bk.jpg\" \/><img decoding=\"async\" src=\"https:\/\/ae01.alicdn.com\/kf\/S9d37f11f9cc34eeb9e5f94a3cfdbab97A.jpg\" \/><img decoding=\"async\" src=\"https:\/\/ae01.alicdn.com\/kf\/S1528d7e8cd264ee69681651d923ee8b5i.jpg\" \/><\/p>\n<p>&nbsp;<\/p>","protected":false},"excerpt":{"rendered":"<p>Mehrfachschleifenschlitz umgedreht, ohne Leckage: Eingebettetes Dichtungsdesign, Isolierung, Luftaufnahme, gute Verpackung, die kaum ausl\u00e4uft.<br \/>\nStromlinienf\u00f6rmiger Griff f\u00fcr nahrhafte K\u00f6stlichkeiten: Stromlinienf\u00f6rmiges Griffdesign mit moderater L\u00e4nge f\u00fcr bequemes Halten.<br \/>\nDurchdachtes Design, leicht zu \u00f6ffnende Abdeckung: praktische Greifkante, glatt, zart, bequem.<br \/>\nEinfache Reinigung, Formgebung eines K\u00f6rpers: Integriertes Design, Reinigung ohne Druck, Reinigung ohne R\u00fcckst\u00e4nde.<br \/>\nWeiches Kieselgel verformt sich nicht so leicht: Die schwer verformbare Alterungsdichtung kann lange verwendet werden.<\/p>","protected":false},"featured_media":3595,"comment_status":"open","ping_status":"closed","template":"","meta":{"site-sidebar-layout":"default","site-content-layout":"","ast-site-content-layout":"default","site-content-style":"default","site-sidebar-style":"default","ast-global-header-display":"","ast-banner-title-visibility":"","ast-main-header-display":"","ast-hfb-above-header-display":"","ast-hfb-below-header-display":"","ast-hfb-mobile-header-display":"","site-post-title":"","ast-breadcrumbs-content":"","ast-featured-img":"","footer-sml-layout":"","ast-disable-related-posts":"","theme-transparent-header-meta":"default","adv-header-id-meta":"","stick-header-meta":"default","header-above-stick-meta":"","header-main-stick-meta":"","header-below-stick-meta":"","astra-migrate-meta-layouts":"set","ast-page-background-enabled":"default","ast-page-background-meta":{"desktop":{"background-color":"var(--ast-global-color-4)","background-image":"","background-repeat":"repeat","background-position":"center center","background-size":"auto","background-attachment":"scroll","background-type":"","background-media":"","overlay-type":"","overlay-color":"","overlay-opacity":"","overlay-gradient":""},"tablet":{"background-color":"","background-image":"","background-repeat":"repeat","background-position":"center center","background-size":"auto","background-attachment":"scroll","background-type":"","background-media":"","overlay-type":"","overlay-color":"","overlay-opacity":"","overlay-gradient":""},"mobile":{"background-color":"","background-image":"","background-repeat":"repeat","background-position":"center center","background-size":"auto","background-attachment":"scroll","background-type":"","background-media":"","overlay-type":"","overlay-color":"","overlay-opacity":"","overlay-gradient":""}},"ast-content-background-meta":{"desktop":{"background-color":"var(--ast-global-color-5)","background-image":"","background-repeat":"repeat","background-position":"center center","background-size":"auto","background-attachment":"scroll","background-type":"","background-media":"","overlay-type":"","overlay-color":"","overlay-opacity":"","overlay-gradient":""},"tablet":{"background-color":"var(--ast-global-color-5)","background-image":"","background-repeat":"repeat","background-position":"center center","background-size":"auto","background-attachment":"scroll","background-type":"","background-media":"","overlay-type":"","overlay-color":"","overlay-opacity":"","overlay-gradient":""},"mobile":{"background-color":"var(--ast-global-color-5)","background-image":"","background-repeat":"repeat","background-position":"center center","background-size":"auto","background-attachment":"scroll","background-type":"","background-media":"","overlay-type":"","overlay-color":"","overlay-opacity":"","overlay-gradient":""}}},"product_brand":[],"product_cat":[80],"product_tag":[],"class_list":{"0":"post-3601","1":"product","2":"type-product","3":"status-publish","4":"has-post-thumbnail","6":"product_cat-kitchen-gadgets","7":"product_shipping_class-shipping-time-15-20-days","8":"desktop-align-left","9":"tablet-align-left","10":"mobile-align-left","12":"first","13":"instock","14":"sale","15":"shipping-taxable","16":"purchasable","17":"product-type-variable"},"_links":{"self":[{"href":"https:\/\/kifood.cn\/de\/wp-json\/wp\/v2\/product\/3601","targetHints":{"allow":["GET"]}}],"collection":[{"href":"https:\/\/kifood.cn\/de\/wp-json\/wp\/v2\/product"}],"about":[{"href":"https:\/\/kifood.cn\/de\/wp-json\/wp\/v2\/types\/product"}],"replies":[{"embeddable":true,"href":"https:\/\/kifood.cn\/de\/wp-json\/wp\/v2\/comments?post=3601"}],"wp:featuredmedia":[{"embeddable":true,"href":"https:\/\/kifood.cn\/de\/wp-json\/wp\/v2\/media\/3595"}],"wp:attachment":[{"href":"https:\/\/kifood.cn\/de\/wp-json\/wp\/v2\/media?parent=3601"}],"wp:term":[{"taxonomy":"product_brand","embeddable":true,"href":"https:\/\/kifood.cn\/de\/wp-json\/wp\/v2\/product_brand?post=3601"},{"taxonomy":"product_cat","embeddable":true,"href":"https:\/\/kifood.cn\/de\/wp-json\/wp\/v2\/product_cat?post=3601"},{"taxonomy":"product_tag","embeddable":true,"href":"https:\/\/kifood.cn\/de\/wp-json\/wp\/v2\/product_tag?post=3601"}],"curies":[{"name":"wp","href":"https:\/\/api.w.org\/{rel}","templated":true}]}}