{"id":3592,"date":"2024-04-25T12:56:00","date_gmt":"2024-04-25T12:56:00","guid":{"rendered":"https:\/\/kifood.cn\/?post_type=product&#038;p=3592"},"modified":"2024-05-09T06:22:38","modified_gmt":"2024-05-09T06:22:38","slug":"creative-silicone-toaster-silicone-bread-maker-steamer-bread-baking-pan-household-kitchen-baking-tools-1piece","status":"publish","type":"product","link":"https:\/\/kifood.cn\/de\/produkt\/creative-silicone-toaster-silicone-bread-maker-steamer-bread-baking-pan-household-kitchen-baking-tools-1piece\/","title":{"rendered":"Brotbackform aus Silikon"},"content":{"rendered":"<p><img decoding=\"async\" src=\"https:\/\/ae03.alicdn.com\/kf\/Safab274a042349cf99977cce9e336665O.jpg\" \/> <img decoding=\"async\" src=\"https:\/\/ae03.alicdn.com\/kf\/S2b65d0ae49e349eca7e4db7bf5ee7feaf.jpg\" \/> <img decoding=\"async\" src=\"https:\/\/ae03.alicdn.com\/kf\/Saab8fa087498498cbbeb0864684436d17.jpg\" \/> <img decoding=\"async\" src=\"https:\/\/ae03.alicdn.com\/kf\/S8f4e445a84204c61b1109d45ac2da621A.jpg\" \/> <img decoding=\"async\" src=\"https:\/\/ae03.alicdn.com\/kf\/S1be20f5e7e5f4666a5b119da2edff304Y.jpg\" \/> <img decoding=\"async\" src=\"https:\/\/ae03.alicdn.com\/kf\/Se2ed363132a944768c6c0d5568aeb34es.jpg\" \/> <img decoding=\"async\" src=\"https:\/\/ae03.alicdn.com\/kf\/Sb67676affa364846a408305d13050970y.jpg\" \/> <img decoding=\"async\" src=\"https:\/\/ae03.alicdn.com\/kf\/Se11335bde7b1441b8ab8498725ab8f1bI.jpg\" \/><\/p>\n<p>&nbsp;<\/p>","protected":false},"excerpt":{"rendered":"<p>Sein vielseitiges Design erm\u00f6glicht das Backen von echtem hausgemachtem Brot in einem einzigen Beh\u00e4lter<\/p>\n<p>Der Brotbackautomat hat die Form einer teilweise geschlossenen Sch\u00fcssel und l\u00e4sst den Dampf im Inneren zirkulieren, wodurch der Teig feucht bleibt und das Brot nicht austrocknet.<\/p>\n<p>Die seitlichen \u00d6ffnungen erm\u00f6glichen die Zirkulation hei\u00dfer Luft im Inneren des Brotbackautomaten und verleihen dem Brot eine knusprige, goldene Textur.<\/p>\n<p>Enth\u00e4lt einfache Rezepte, um den Geschmack und Duft von traditionellem selbstgebackenem Brot zu genie\u00dfen<\/p>\n<p>Geeignet f\u00fcr Mikrowelle und Sp\u00fclmaschine; aus 100% Platin-Silikon, um hohen Temperaturen von bis zu 220\u00a0\u00b0C standzuhalten<\/p>","protected":false},"featured_media":3586,"comment_status":"open","ping_status":"closed","template":"","meta":{"site-sidebar-layout":"default","site-content-layout":"","ast-site-content-layout":"default","site-content-style":"default","site-sidebar-style":"default","ast-global-header-display":"","ast-banner-title-visibility":"","ast-main-header-display":"","ast-hfb-above-header-display":"","ast-hfb-below-header-display":"","ast-hfb-mobile-header-display":"","site-post-title":"","ast-breadcrumbs-content":"","ast-featured-img":"","footer-sml-layout":"","ast-disable-related-posts":"","theme-transparent-header-meta":"default","adv-header-id-meta":"","stick-header-meta":"default","header-above-stick-meta":"","header-main-stick-meta":"","header-below-stick-meta":"","astra-migrate-meta-layouts":"set","ast-page-background-enabled":"default","ast-page-background-meta":{"desktop":{"background-color":"var(--ast-global-color-4)","background-image":"","background-repeat":"repeat","background-position":"center center","background-size":"auto","background-attachment":"scroll","background-type":"","background-media":"","overlay-type":"","overlay-color":"","overlay-opacity":"","overlay-gradient":""},"tablet":{"background-color":"","background-image":"","background-repeat":"repeat","background-position":"center center","background-size":"auto","background-attachment":"scroll","background-type":"","background-media":"","overlay-type":"","overlay-color":"","overlay-opacity":"","overlay-gradient":""},"mobile":{"background-color":"","background-image":"","background-repeat":"repeat","background-position":"center center","background-size":"auto","background-attachment":"scroll","background-type":"","background-media":"","overlay-type":"","overlay-color":"","overlay-opacity":"","overlay-gradient":""}},"ast-content-background-meta":{"desktop":{"background-color":"var(--ast-global-color-5)","background-image":"","background-repeat":"repeat","background-position":"center center","background-size":"auto","background-attachment":"scroll","background-type":"","background-media":"","overlay-type":"","overlay-color":"","overlay-opacity":"","overlay-gradient":""},"tablet":{"background-color":"var(--ast-global-color-5)","background-image":"","background-repeat":"repeat","background-position":"center center","background-size":"auto","background-attachment":"scroll","background-type":"","background-media":"","overlay-type":"","overlay-color":"","overlay-opacity":"","overlay-gradient":""},"mobile":{"background-color":"var(--ast-global-color-5)","background-image":"","background-repeat":"repeat","background-position":"center center","background-size":"auto","background-attachment":"scroll","background-type":"","background-media":"","overlay-type":"","overlay-color":"","overlay-opacity":"","overlay-gradient":""}}},"product_brand":[],"product_cat":[84],"product_tag":[],"class_list":{"0":"post-3592","1":"product","2":"type-product","3":"status-publish","4":"has-post-thumbnail","6":"product_cat-cookware","7":"product_shipping_class-shipping-time-15-20-days","8":"desktop-align-left","9":"tablet-align-left","10":"mobile-align-left","12":"first","13":"instock","14":"sale","15":"shipping-taxable","16":"purchasable","17":"product-type-simple"},"_links":{"self":[{"href":"https:\/\/kifood.cn\/de\/wp-json\/wp\/v2\/product\/3592","targetHints":{"allow":["GET"]}}],"collection":[{"href":"https:\/\/kifood.cn\/de\/wp-json\/wp\/v2\/product"}],"about":[{"href":"https:\/\/kifood.cn\/de\/wp-json\/wp\/v2\/types\/product"}],"replies":[{"embeddable":true,"href":"https:\/\/kifood.cn\/de\/wp-json\/wp\/v2\/comments?post=3592"}],"wp:featuredmedia":[{"embeddable":true,"href":"https:\/\/kifood.cn\/de\/wp-json\/wp\/v2\/media\/3586"}],"wp:attachment":[{"href":"https:\/\/kifood.cn\/de\/wp-json\/wp\/v2\/media?parent=3592"}],"wp:term":[{"taxonomy":"product_brand","embeddable":true,"href":"https:\/\/kifood.cn\/de\/wp-json\/wp\/v2\/product_brand?post=3592"},{"taxonomy":"product_cat","embeddable":true,"href":"https:\/\/kifood.cn\/de\/wp-json\/wp\/v2\/product_cat?post=3592"},{"taxonomy":"product_tag","embeddable":true,"href":"https:\/\/kifood.cn\/de\/wp-json\/wp\/v2\/product_tag?post=3592"}],"curies":[{"name":"wp","href":"https:\/\/api.w.org\/{rel}","templated":true}]}}