{"id":3548,"date":"2024-04-25T12:44:00","date_gmt":"2024-04-25T12:44:00","guid":{"rendered":"https:\/\/kifood.cn\/?post_type=product&#038;p=3548"},"modified":"2024-05-09T06:22:40","modified_gmt":"2024-05-09T06:22:40","slug":"new-summer-hot-sales-ice-cream-tools-with-wooden-sticks-silicone-popsicle-molds-custom-mini-silicone-ice-cream-popsicle-mold","status":"publish","type":"product","link":"https:\/\/kifood.cn\/de\/produkt\/new-summer-hot-sales-ice-cream-tools-with-wooden-sticks-silicone-popsicle-molds-custom-mini-silicone-ice-cream-popsicle-mold\/","title":{"rendered":"Silikon-Eisformen f\u00fcr Eis am Stiel mit Holzstielen"},"content":{"rendered":"<p><img decoding=\"async\" src=\"https:\/\/ae01.alicdn.com\/kf\/S1fde305e603f4e27a05aada4f70f53bb8.jpg\" \/><img decoding=\"async\" src=\"https:\/\/ae01.alicdn.com\/kf\/S7651db5607a4456e911154ea47f8999fs.jpg\" \/><img decoding=\"async\" src=\"https:\/\/ae01.alicdn.com\/kf\/S79b55657bb0b4c2d9e37690f73649fb4f.jpg\" \/><img decoding=\"async\" src=\"https:\/\/ae01.alicdn.com\/kf\/Sb0606dd185844c97a12d2601111e7fbdo.jpg\" \/><img decoding=\"async\" src=\"https:\/\/ae01.alicdn.com\/kf\/Sb89a31741f6d418b956898b4da026603v.jpg\" \/><img decoding=\"async\" src=\"https:\/\/ae01.alicdn.com\/kf\/S09a99b25b6ff4333ae209d8874a1343c0.jpg\" \/><img decoding=\"async\" src=\"https:\/\/ae01.alicdn.com\/kf\/Sa11f1c58d93b4b54924d82d8dae3816da.jpg\" \/><img decoding=\"async\" src=\"https:\/\/ae01.alicdn.com\/kf\/Se9abcfe1f9ab4a72b2be7fb8637c60dd3.jpg\" \/><img decoding=\"async\" src=\"https:\/\/ae01.alicdn.com\/kf\/Sf265a2ddf6254b7197a409f827aa56efX.jpg\" \/><img decoding=\"async\" src=\"https:\/\/ae01.alicdn.com\/kf\/S5558c3827feb4a8499ac340255ff2fb57.jpg\" \/><img decoding=\"async\" src=\"https:\/\/ae01.alicdn.com\/kf\/S942d56560754481dbd32766cb4fe1a37e.jpg\" \/><\/p>","protected":false},"excerpt":{"rendered":"<p>Neue Eisformen 12 St\u00fcck k\u00f6nnen mehrere Personen gleichzeitig zufriedenstellen<br \/>\nLebensmittelechtes Silikon, hohe Qualit\u00e4t: Die efly-Eis am Stiel-Form ist aus lebensmittelechtem Silikon (BPA-frei) hergestellt und kann sicher verwendet werden.<br \/>\nLeicht zu l\u00f6sende und leicht zu reinigende Eis am Stiel: Durch das Silikonmaterial lassen sich diese Eisformen leichter herausziehen als Eisformen aus Kunststoff oder Edelstahl und sind au\u00dferdem leicht zu reinigen.<br \/>\nGesunder Lebensstil: Sie k\u00f6nnen Saft, Milch, Fruchtp\u00fcree, Joghurt, Apfelmus oder Schokolade hinzuf\u00fcgen und jedes beliebige Eis am Stiel herstellen<\/p>","protected":false},"featured_media":3542,"comment_status":"open","ping_status":"closed","template":"","meta":{"site-sidebar-layout":"default","site-content-layout":"","ast-site-content-layout":"default","site-content-style":"default","site-sidebar-style":"default","ast-global-header-display":"","ast-banner-title-visibility":"","ast-main-header-display":"","ast-hfb-above-header-display":"","ast-hfb-below-header-display":"","ast-hfb-mobile-header-display":"","site-post-title":"","ast-breadcrumbs-content":"","ast-featured-img":"","footer-sml-layout":"","ast-disable-related-posts":"","theme-transparent-header-meta":"default","adv-header-id-meta":"","stick-header-meta":"default","header-above-stick-meta":"","header-main-stick-meta":"","header-below-stick-meta":"","astra-migrate-meta-layouts":"set","ast-page-background-enabled":"default","ast-page-background-meta":{"desktop":{"background-color":"var(--ast-global-color-4)","background-image":"","background-repeat":"repeat","background-position":"center center","background-size":"auto","background-attachment":"scroll","background-type":"","background-media":"","overlay-type":"","overlay-color":"","overlay-opacity":"","overlay-gradient":""},"tablet":{"background-color":"","background-image":"","background-repeat":"repeat","background-position":"center center","background-size":"auto","background-attachment":"scroll","background-type":"","background-media":"","overlay-type":"","overlay-color":"","overlay-opacity":"","overlay-gradient":""},"mobile":{"background-color":"","background-image":"","background-repeat":"repeat","background-position":"center center","background-size":"auto","background-attachment":"scroll","background-type":"","background-media":"","overlay-type":"","overlay-color":"","overlay-opacity":"","overlay-gradient":""}},"ast-content-background-meta":{"desktop":{"background-color":"var(--ast-global-color-5)","background-image":"","background-repeat":"repeat","background-position":"center center","background-size":"auto","background-attachment":"scroll","background-type":"","background-media":"","overlay-type":"","overlay-color":"","overlay-opacity":"","overlay-gradient":""},"tablet":{"background-color":"var(--ast-global-color-5)","background-image":"","background-repeat":"repeat","background-position":"center center","background-size":"auto","background-attachment":"scroll","background-type":"","background-media":"","overlay-type":"","overlay-color":"","overlay-opacity":"","overlay-gradient":""},"mobile":{"background-color":"var(--ast-global-color-5)","background-image":"","background-repeat":"repeat","background-position":"center center","background-size":"auto","background-attachment":"scroll","background-type":"","background-media":"","overlay-type":"","overlay-color":"","overlay-opacity":"","overlay-gradient":""}}},"product_brand":[],"product_cat":[80],"product_tag":[],"class_list":{"0":"post-3548","1":"product","2":"type-product","3":"status-publish","4":"has-post-thumbnail","6":"product_cat-kitchen-gadgets","7":"product_shipping_class-shipping-time-15-20-days","8":"desktop-align-left","9":"tablet-align-left","10":"mobile-align-left","12":"first","13":"instock","14":"shipping-taxable","15":"purchasable","16":"product-type-variable"},"_links":{"self":[{"href":"https:\/\/kifood.cn\/de\/wp-json\/wp\/v2\/product\/3548","targetHints":{"allow":["GET"]}}],"collection":[{"href":"https:\/\/kifood.cn\/de\/wp-json\/wp\/v2\/product"}],"about":[{"href":"https:\/\/kifood.cn\/de\/wp-json\/wp\/v2\/types\/product"}],"replies":[{"embeddable":true,"href":"https:\/\/kifood.cn\/de\/wp-json\/wp\/v2\/comments?post=3548"}],"wp:featuredmedia":[{"embeddable":true,"href":"https:\/\/kifood.cn\/de\/wp-json\/wp\/v2\/media\/3542"}],"wp:attachment":[{"href":"https:\/\/kifood.cn\/de\/wp-json\/wp\/v2\/media?parent=3548"}],"wp:term":[{"taxonomy":"product_brand","embeddable":true,"href":"https:\/\/kifood.cn\/de\/wp-json\/wp\/v2\/product_brand?post=3548"},{"taxonomy":"product_cat","embeddable":true,"href":"https:\/\/kifood.cn\/de\/wp-json\/wp\/v2\/product_cat?post=3548"},{"taxonomy":"product_tag","embeddable":true,"href":"https:\/\/kifood.cn\/de\/wp-json\/wp\/v2\/product_tag?post=3548"}],"curies":[{"name":"wp","href":"https:\/\/api.w.org\/{rel}","templated":true}]}}