{"id":3540,"date":"2024-04-25T12:39:00","date_gmt":"2024-04-25T12:39:00","guid":{"rendered":"https:\/\/kifood.cn\/?post_type=product&#038;p=3540"},"modified":"2024-05-09T06:22:42","modified_gmt":"2024-05-09T06:22:42","slug":"six-piece-set-of-cheese-knife-box-stainless-steel-cheese-knife-set-of-six-piece-cheese-knife-cheese-knife-set","status":"publish","type":"product","link":"https:\/\/kifood.cn\/de\/produkt\/six-piece-set-of-cheese-knife-box-stainless-steel-cheese-knife-set-of-six-piece-cheese-knife-cheese-knife-set\/","title":{"rendered":"6-teiliges K\u00e4semesser-Set aus Edelstahl"},"content":{"rendered":"<p><img decoding=\"async\" src=\"https:\/\/ae01.alicdn.com\/kf\/S610574842a554c7a9e959284c51b2f4dw.jpg\" \/><img decoding=\"async\" src=\"https:\/\/ae01.alicdn.com\/kf\/S4ccfeb35d6dd483e8c8a771053cf5b633.jpg\" \/><img decoding=\"async\" src=\"https:\/\/ae01.alicdn.com\/kf\/S7b13c081c9894510b29175235805ecbbh.jpg\" \/><img decoding=\"async\" src=\"https:\/\/ae01.alicdn.com\/kf\/S37407c8d731448088577addfc78d4c64a.jpg\" \/><img decoding=\"async\" src=\"https:\/\/ae01.alicdn.com\/kf\/S87b91690b91b46e89cab0fcd2382699b1.jpg\" \/><img decoding=\"async\" src=\"https:\/\/ae01.alicdn.com\/kf\/Sf45206e729d24e8a8a338b9afb9c2c83m.jpg\" \/><img decoding=\"async\" src=\"https:\/\/ae01.alicdn.com\/kf\/Sc77ee8dd3a384fbdb76f1caa4503381eV.jpg\" \/><img decoding=\"async\" src=\"https:\/\/ae01.alicdn.com\/kf\/Sf2ab6d67bff9467cbb9c8126e2b21bd96.jpg\" \/><img decoding=\"async\" src=\"https:\/\/ae01.alicdn.com\/kf\/S051c963612cb406a8ed2e08e1968499fj.jpg\" \/><img decoding=\"async\" src=\"https:\/\/ae01.alicdn.com\/kf\/Sd861860fb8bf4d7a9041fb2a13a31c0d1.jpg\" \/><img decoding=\"async\" src=\"https:\/\/ae01.alicdn.com\/kf\/S3e09261d405f46d2bfc365885145bcf3Y.jpg\" \/><img decoding=\"async\" src=\"https:\/\/ae01.alicdn.com\/kf\/Sc4d2ebf6b2d748c19d29f55dcfb73782f.jpg\" \/><\/p>","protected":false},"excerpt":{"rendered":"<p><strong>\u2022 Sechsteiliges Set:<\/strong>Dieses K\u00e4semesserset besteht aus sechs Teilen und ist somit perfekt f\u00fcr gro\u00dfe Zusammenk\u00fcnfte oder Familien.<\/p>\n<p><strong>\u2022 Klinge aus rostfreiem Stahl:<\/strong>Die Klinge dieser K\u00e4semesser ist aus hochwertigem Edelstahl gefertigt, was Haltbarkeit und Langlebigkeit gew\u00e4hrleistet.<\/p>\n<p><strong>\u2022 Einfach zu verwenden :<\/strong>Diese K\u00e4semesser sind auf Benutzerfreundlichkeit ausgelegt und verf\u00fcgen \u00fcber einen bequemen Griff und eine scharfe Klinge f\u00fcr m\u00fcheloses Schneiden.<\/p>\n<p><strong>\u2022 Vielseitig :<\/strong>Diese K\u00e4semesser eignen sich nicht nur f\u00fcr K\u00e4se \u2013 sie k\u00f6nnen auch zum Schneiden von Brot, Obst und anderen Lebensmitteln verwendet werden.<\/p>","protected":false},"featured_media":3534,"comment_status":"open","ping_status":"closed","template":"","meta":{"site-sidebar-layout":"default","site-content-layout":"","ast-site-content-layout":"default","site-content-style":"default","site-sidebar-style":"default","ast-global-header-display":"","ast-banner-title-visibility":"","ast-main-header-display":"","ast-hfb-above-header-display":"","ast-hfb-below-header-display":"","ast-hfb-mobile-header-display":"","site-post-title":"","ast-breadcrumbs-content":"","ast-featured-img":"","footer-sml-layout":"","ast-disable-related-posts":"","theme-transparent-header-meta":"default","adv-header-id-meta":"","stick-header-meta":"default","header-above-stick-meta":"","header-main-stick-meta":"","header-below-stick-meta":"","astra-migrate-meta-layouts":"set","ast-page-background-enabled":"default","ast-page-background-meta":{"desktop":{"background-color":"var(--ast-global-color-4)","background-image":"","background-repeat":"repeat","background-position":"center center","background-size":"auto","background-attachment":"scroll","background-type":"","background-media":"","overlay-type":"","overlay-color":"","overlay-opacity":"","overlay-gradient":""},"tablet":{"background-color":"","background-image":"","background-repeat":"repeat","background-position":"center center","background-size":"auto","background-attachment":"scroll","background-type":"","background-media":"","overlay-type":"","overlay-color":"","overlay-opacity":"","overlay-gradient":""},"mobile":{"background-color":"","background-image":"","background-repeat":"repeat","background-position":"center center","background-size":"auto","background-attachment":"scroll","background-type":"","background-media":"","overlay-type":"","overlay-color":"","overlay-opacity":"","overlay-gradient":""}},"ast-content-background-meta":{"desktop":{"background-color":"var(--ast-global-color-5)","background-image":"","background-repeat":"repeat","background-position":"center center","background-size":"auto","background-attachment":"scroll","background-type":"","background-media":"","overlay-type":"","overlay-color":"","overlay-opacity":"","overlay-gradient":""},"tablet":{"background-color":"var(--ast-global-color-5)","background-image":"","background-repeat":"repeat","background-position":"center center","background-size":"auto","background-attachment":"scroll","background-type":"","background-media":"","overlay-type":"","overlay-color":"","overlay-opacity":"","overlay-gradient":""},"mobile":{"background-color":"var(--ast-global-color-5)","background-image":"","background-repeat":"repeat","background-position":"center center","background-size":"auto","background-attachment":"scroll","background-type":"","background-media":"","overlay-type":"","overlay-color":"","overlay-opacity":"","overlay-gradient":""}}},"product_brand":[],"product_cat":[82],"product_tag":[],"class_list":{"0":"post-3540","1":"product","2":"type-product","3":"status-publish","4":"has-post-thumbnail","6":"product_cat-kitchen-utensil","7":"product_shipping_class-shipping-time-15-20-days","8":"desktop-align-left","9":"tablet-align-left","10":"mobile-align-left","12":"first","13":"instock","14":"sale","15":"shipping-taxable","16":"purchasable","17":"product-type-variable"},"_links":{"self":[{"href":"https:\/\/kifood.cn\/de\/wp-json\/wp\/v2\/product\/3540","targetHints":{"allow":["GET"]}}],"collection":[{"href":"https:\/\/kifood.cn\/de\/wp-json\/wp\/v2\/product"}],"about":[{"href":"https:\/\/kifood.cn\/de\/wp-json\/wp\/v2\/types\/product"}],"replies":[{"embeddable":true,"href":"https:\/\/kifood.cn\/de\/wp-json\/wp\/v2\/comments?post=3540"}],"wp:featuredmedia":[{"embeddable":true,"href":"https:\/\/kifood.cn\/de\/wp-json\/wp\/v2\/media\/3534"}],"wp:attachment":[{"href":"https:\/\/kifood.cn\/de\/wp-json\/wp\/v2\/media?parent=3540"}],"wp:term":[{"taxonomy":"product_brand","embeddable":true,"href":"https:\/\/kifood.cn\/de\/wp-json\/wp\/v2\/product_brand?post=3540"},{"taxonomy":"product_cat","embeddable":true,"href":"https:\/\/kifood.cn\/de\/wp-json\/wp\/v2\/product_cat?post=3540"},{"taxonomy":"product_tag","embeddable":true,"href":"https:\/\/kifood.cn\/de\/wp-json\/wp\/v2\/product_tag?post=3540"}],"curies":[{"name":"wp","href":"https:\/\/api.w.org\/{rel}","templated":true}]}}