{"id":3529,"date":"2024-04-25T12:37:00","date_gmt":"2024-04-25T12:37:00","guid":{"rendered":"https:\/\/kifood.cn\/?post_type=product&#038;p=3529"},"modified":"2024-05-09T06:07:09","modified_gmt":"2024-05-09T06:07:09","slug":"dobeli-separable-stainless-steel-barbecue-steak-cutting-shear-household-vegetable-scissors-2-in-1-multi-kitchen-tool-fruit-knife","status":"publish","type":"product","link":"https:\/\/kifood.cn\/de\/produkt\/dobeli-separable-stainless-steel-barbecue-steak-cutting-shear-household-vegetable-scissors-2-in-1-multi-kitchen-tool-fruit-knife\/","title":{"rendered":"Cleverer Gem\u00fcseschneider aus Edelstahl"},"content":{"rendered":"<p>Produktname: 5-lagige Fr\u00fchlingszwiebelschere<\/p>\n<p>Schneidematerial: Edelstahl<\/p>\n<p>Griffmaterial: PP<\/p>\n<p>Gr\u00f6\u00dfe: 24,5 * 6,5 * 2,8 cm<\/p>\n<p>Gewicht: Feder 178g, Sicherungsring 187g<\/p>\n<p><img decoding=\"async\" src=\"https:\/\/ae01.alicdn.com\/kf\/Se5799f4797a042e3a739e89020cee09ei.jpg?width=1000&amp;height=1000&amp;hash=2000\" \/><img decoding=\"async\" src=\"https:\/\/ae01.alicdn.com\/kf\/Sd2ca360d8a6847368f06dfe94ac8d14cI.jpg?width=1000&amp;height=1000&amp;hash=2000\" \/><img decoding=\"async\" src=\"https:\/\/ae01.alicdn.com\/kf\/S467382eff04c40308e695d68a15a4cc9R.jpg?width=1000&amp;height=1000&amp;hash=2000\" \/><img decoding=\"async\" src=\"https:\/\/ae01.alicdn.com\/kf\/Sa762e9d1c93d472898311802e5d71c2eh.jpg?width=997&amp;height=1000&amp;hash=1997\" \/><img decoding=\"async\" src=\"https:\/\/ae01.alicdn.com\/kf\/Sea0e3f08aa4f4c8e85d0f6cb492bb12aH.jpg?width=750&amp;height=1149&amp;hash=1899\" \/><img decoding=\"async\" src=\"https:\/\/ae01.alicdn.com\/kf\/S742f3d669f8d4a7f837416e5a0cdc4b4o.jpg?width=750&amp;height=1300&amp;hash=2050\" \/><img decoding=\"async\" src=\"https:\/\/ae01.alicdn.com\/kf\/S1d7031bdcb404ab1873c7650e61806ecb.jpg?width=750&amp;height=750&amp;hash=1500\" \/><img decoding=\"async\" src=\"https:\/\/ae01.alicdn.com\/kf\/S0d132dd3bbb344a88913c79ec5a61cf85.jpg?width=615&amp;height=1800&amp;hash=2415\" \/><img decoding=\"async\" src=\"https:\/\/ae01.alicdn.com\/kf\/S25e7a95d9f024353bd17730f7459b007d.jpg?width=750&amp;height=1000&amp;hash=1750\" \/><img decoding=\"async\" src=\"https:\/\/ae01.alicdn.com\/kf\/Se28eeb146c05444faff5280461910e7cn.jpg?width=750&amp;height=1200&amp;hash=1950\" \/><img decoding=\"async\" src=\"https:\/\/ae01.alicdn.com\/kf\/S91d4a4f349b2497985a6defa967d707bU.jpg?width=1000&amp;height=1000&amp;hash=2000\" \/><img decoding=\"async\" src=\"https:\/\/ae03.alicdn.com\/kf\/S581b0fa4aebf424eb341aa4b5e1839507.jpg\" \/><img decoding=\"async\" src=\"https:\/\/ae03.alicdn.com\/kf\/S9e1e7b0f926640a8b236de183d174915e.jpg\" \/><img decoding=\"async\" src=\"https:\/\/ae01.alicdn.com\/kf\/S27873ae7b5504770ae6b570c2a312557h.jpg?width=1000&amp;height=1000&amp;hash=2000\" \/><img decoding=\"async\" src=\"https:\/\/ae01.alicdn.com\/kf\/S27873ae7b5504770ae6b570c2a312557h.jpg?width=1000&amp;height=1000&amp;hash=2000\" \/><img decoding=\"async\" src=\"https:\/\/ae03.alicdn.com\/kf\/S1966c0a564254542beb1c80b2ebc537ad.jpg\" \/><\/p>\n<p>&nbsp;<\/p>","protected":false},"excerpt":{"rendered":"<p>Der ergonomische Griff liegt gut in der Hand. Das clevere 2-in-1-Schneidebrett und der Druckgriff mit Feder erm\u00f6glichen schnelleres Schneiden.<br \/>\nSchneiden, Hobeln und Hacken werden mit dieser Kombination aus Lebensmittelzerkleinerer und Schneidebrett einfacher gemacht. Zerkleinert schnell Ihre Lieblingsspeisen, Gem\u00fcse in wenigen Sekunden<br \/>\nEinfach zu bedienen und zu reinigen. Dieser clevere 2-in-1-Cutter ist die erste Wahl f\u00fcr smarte Damen, die nach einem Mehrzweckwerkzeug suchen. \u00dcberlegen Sie nur, wie viele K\u00fcchenmesser und Besteck dieses einzelne Werkzeug ersetzen kann.<br \/>\nMit diesem Werkzeug k\u00f6nnen Sie schnell weiches und hartes Gem\u00fcse, Brot, Schokolade und Kekse usw. schneiden und hacken.<\/p>","protected":false},"featured_media":3523,"comment_status":"open","ping_status":"closed","template":"","meta":{"site-sidebar-layout":"default","site-content-layout":"","ast-site-content-layout":"default","site-content-style":"default","site-sidebar-style":"default","ast-global-header-display":"","ast-banner-title-visibility":"","ast-main-header-display":"","ast-hfb-above-header-display":"","ast-hfb-below-header-display":"","ast-hfb-mobile-header-display":"","site-post-title":"","ast-breadcrumbs-content":"","ast-featured-img":"","footer-sml-layout":"","ast-disable-related-posts":"","theme-transparent-header-meta":"default","adv-header-id-meta":"","stick-header-meta":"default","header-above-stick-meta":"","header-main-stick-meta":"","header-below-stick-meta":"","astra-migrate-meta-layouts":"set","ast-page-background-enabled":"default","ast-page-background-meta":{"desktop":{"background-color":"var(--ast-global-color-4)","background-image":"","background-repeat":"repeat","background-position":"center center","background-size":"auto","background-attachment":"scroll","background-type":"","background-media":"","overlay-type":"","overlay-color":"","overlay-opacity":"","overlay-gradient":""},"tablet":{"background-color":"","background-image":"","background-repeat":"repeat","background-position":"center center","background-size":"auto","background-attachment":"scroll","background-type":"","background-media":"","overlay-type":"","overlay-color":"","overlay-opacity":"","overlay-gradient":""},"mobile":{"background-color":"","background-image":"","background-repeat":"repeat","background-position":"center center","background-size":"auto","background-attachment":"scroll","background-type":"","background-media":"","overlay-type":"","overlay-color":"","overlay-opacity":"","overlay-gradient":""}},"ast-content-background-meta":{"desktop":{"background-color":"var(--ast-global-color-5)","background-image":"","background-repeat":"repeat","background-position":"center center","background-size":"auto","background-attachment":"scroll","background-type":"","background-media":"","overlay-type":"","overlay-color":"","overlay-opacity":"","overlay-gradient":""},"tablet":{"background-color":"var(--ast-global-color-5)","background-image":"","background-repeat":"repeat","background-position":"center center","background-size":"auto","background-attachment":"scroll","background-type":"","background-media":"","overlay-type":"","overlay-color":"","overlay-opacity":"","overlay-gradient":""},"mobile":{"background-color":"var(--ast-global-color-5)","background-image":"","background-repeat":"repeat","background-position":"center center","background-size":"auto","background-attachment":"scroll","background-type":"","background-media":"","overlay-type":"","overlay-color":"","overlay-opacity":"","overlay-gradient":""}}},"product_brand":[],"product_cat":[80],"product_tag":[],"class_list":{"0":"post-3529","1":"product","2":"type-product","3":"status-publish","4":"has-post-thumbnail","6":"product_cat-kitchen-gadgets","7":"product_shipping_class-shipping-time-15-20-days","8":"desktop-align-left","9":"tablet-align-left","10":"mobile-align-left","12":"first","13":"instock","14":"sale","15":"shipping-taxable","16":"purchasable","17":"product-type-variable"},"_links":{"self":[{"href":"https:\/\/kifood.cn\/de\/wp-json\/wp\/v2\/product\/3529","targetHints":{"allow":["GET"]}}],"collection":[{"href":"https:\/\/kifood.cn\/de\/wp-json\/wp\/v2\/product"}],"about":[{"href":"https:\/\/kifood.cn\/de\/wp-json\/wp\/v2\/types\/product"}],"replies":[{"embeddable":true,"href":"https:\/\/kifood.cn\/de\/wp-json\/wp\/v2\/comments?post=3529"}],"wp:featuredmedia":[{"embeddable":true,"href":"https:\/\/kifood.cn\/de\/wp-json\/wp\/v2\/media\/3523"}],"wp:attachment":[{"href":"https:\/\/kifood.cn\/de\/wp-json\/wp\/v2\/media?parent=3529"}],"wp:term":[{"taxonomy":"product_brand","embeddable":true,"href":"https:\/\/kifood.cn\/de\/wp-json\/wp\/v2\/product_brand?post=3529"},{"taxonomy":"product_cat","embeddable":true,"href":"https:\/\/kifood.cn\/de\/wp-json\/wp\/v2\/product_cat?post=3529"},{"taxonomy":"product_tag","embeddable":true,"href":"https:\/\/kifood.cn\/de\/wp-json\/wp\/v2\/product_tag?post=3529"}],"curies":[{"name":"wp","href":"https:\/\/api.w.org\/{rel}","templated":true}]}}