{"id":3473,"date":"2024-04-25T06:02:00","date_gmt":"2024-04-25T06:02:00","guid":{"rendered":"https:\/\/kifood.cn\/?post_type=product&#038;p=3473"},"modified":"2024-05-09T06:07:09","modified_gmt":"2024-05-09T06:07:09","slug":"timemore-chestnut-c3-manual-coffee-grinder-portable-pour-over-espresso-grinder-s2c-burr-inside-hand-grinder-with-double-bearing","status":"publish","type":"product","link":"https:\/\/kifood.cn\/de\/produkt\/timemore-chestnut-c3-manual-coffee-grinder-portable-pour-over-espresso-grinder-s2c-burr-inside-hand-grinder-with-double-bearing\/","title":{"rendered":"Manuelle, tragbare Espressom\u00fchle zum \u00dcbergie\u00dfen"},"content":{"rendered":"<p class=\"ql-align-center\"><img decoding=\"async\" src=\"https:\/\/ae01.alicdn.com\/kf\/S5828a44ebb7049d2a0e124168755e4afN.jpg\" \/><img decoding=\"async\" src=\"https:\/\/ae01.alicdn.com\/kf\/S290437f90a724006aa1c147d264ba751Q.jpg\" \/><img decoding=\"async\" src=\"https:\/\/ae01.alicdn.com\/kf\/S6a2f82da207c483baf3edca8205ea96dn.jpg\" \/><\/p>\n<p class=\"ql-align-center\"><img decoding=\"async\" src=\"https:\/\/ae01.alicdn.com\/kf\/S36738a9a6c684f8dace6cf580e313f2cl.jpg\" \/><img decoding=\"async\" src=\"https:\/\/ae01.alicdn.com\/kf\/S04c346424c96449e86f4adf7d18855f5v.jpg\" \/><img decoding=\"async\" src=\"https:\/\/ae01.alicdn.com\/kf\/S16dce813a31849bf89c6eec777c9c934N.jpg\" \/><img decoding=\"async\" src=\"https:\/\/ae01.alicdn.com\/kf\/S85a3ce7b838f40f4bbf6cc2e55c5b42eK.jpg\" \/><img decoding=\"async\" src=\"https:\/\/ae01.alicdn.com\/kf\/Scbfd988721e5443bace9d9d886e76ec8x.jpg\" \/><img decoding=\"async\" src=\"https:\/\/ae01.alicdn.com\/kf\/Sd849ef0aeb214cdcb9d018d89f236997v.jpg\" \/><img decoding=\"async\" src=\"https:\/\/ae01.alicdn.com\/kf\/Sd817147ec5904ea1bfa0ed21eae4459d6.jpg\" \/><img decoding=\"async\" src=\"https:\/\/ae01.alicdn.com\/kf\/Saeb5b94aa8f2498da2b5b2020c2edd27v.jpg\" \/><img decoding=\"async\" src=\"https:\/\/ae01.alicdn.com\/kf\/S41cdb3553e884435815bad81893baa716.jpg\" \/><\/p>\n<p class=\"ql-align-center\"><img decoding=\"async\" src=\"https:\/\/ae01.alicdn.com\/kf\/Se052229c52f24dc9985fe28fcecab745d.png\" \/><img decoding=\"async\" src=\"https:\/\/ae01.alicdn.com\/kf\/S51ff2099c95649278b0cc02e6cae70dey.png\" \/><img decoding=\"async\" src=\"https:\/\/ae01.alicdn.com\/kf\/Sc439c271d3644bc088860347bb969167t.png\" \/><\/p>\n<p class=\"ql-align-center\"><img decoding=\"async\" src=\"https:\/\/ae01.alicdn.com\/kf\/S00eb66accf3243ef88df0a667bd73e49T.jpg\" \/><img decoding=\"async\" src=\"https:\/\/ae01.alicdn.com\/kf\/Sd3de07b36d9541a4858001e42fe126b9L.jpg\" \/><img decoding=\"async\" src=\"https:\/\/ae01.alicdn.com\/kf\/S775df70df9894b91bf84a9b19c84ab15L.jpg\" \/><img decoding=\"async\" src=\"https:\/\/ae01.alicdn.com\/kf\/S7d1656efbdfd4b18a7c5f6c939dbda0bd.jpg\" \/><img decoding=\"async\" src=\"https:\/\/ae01.alicdn.com\/kf\/Sca13b15a9a0b41e8bcf0b8949344cc73P.jpg\" \/><img decoding=\"async\" src=\"https:\/\/ae01.alicdn.com\/kf\/S41830b84b5bb4aadaff8f5ed6bd5a163b.jpg\" \/><img decoding=\"async\" src=\"https:\/\/ae01.alicdn.com\/kf\/S48afff79b64a4d75b93ffd6331eb4144l.jpg\" \/><\/p>\n<p class=\"ql-align-center\"><img decoding=\"async\" src=\"https:\/\/ae01.alicdn.com\/kf\/S1cd545d6a01647df88d4392c768a7ff62.jpg\" \/><img decoding=\"async\" src=\"https:\/\/ae01.alicdn.com\/kf\/S25f176c5aff449538511d618b14323e8l.jpg\" \/><\/p>\n<p>&nbsp;<\/p>\n<p>&nbsp;<\/p>\n<p>&nbsp;<\/p>\n<p>&nbsp;<\/p>\n<p>&nbsp;<\/p>\n<p>&nbsp;<\/p>\n<p>&nbsp;<\/p>\n<p>&nbsp;<\/p>\n<p>&nbsp;<\/p>\n<p>&nbsp;<\/p>\n<p>&nbsp;<\/p>\n<p>&nbsp;<\/p>","protected":false},"excerpt":{"rendered":"<p>Entry-Level Espresso Hand Grinder: Efficiently grinds espresso with mini S2C burr. Produces 18g of espresso powder in 55s with 90% &lt;600\u03bcm particles. Even grind for pour-over in 23s. Elegant design with non-slip grip. Versatile for various brewing methods.<\/p>","protected":false},"featured_media":3467,"comment_status":"open","ping_status":"closed","template":"","meta":{"site-sidebar-layout":"default","site-content-layout":"","ast-site-content-layout":"default","site-content-style":"default","site-sidebar-style":"default","ast-global-header-display":"","ast-banner-title-visibility":"","ast-main-header-display":"","ast-hfb-above-header-display":"","ast-hfb-below-header-display":"","ast-hfb-mobile-header-display":"","site-post-title":"","ast-breadcrumbs-content":"","ast-featured-img":"","footer-sml-layout":"","ast-disable-related-posts":"","theme-transparent-header-meta":"default","adv-header-id-meta":"","stick-header-meta":"default","header-above-stick-meta":"","header-main-stick-meta":"","header-below-stick-meta":"","astra-migrate-meta-layouts":"set","ast-page-background-enabled":"default","ast-page-background-meta":{"desktop":{"background-color":"var(--ast-global-color-4)","background-image":"","background-repeat":"repeat","background-position":"center center","background-size":"auto","background-attachment":"scroll","background-type":"","background-media":"","overlay-type":"","overlay-color":"","overlay-opacity":"","overlay-gradient":""},"tablet":{"background-color":"","background-image":"","background-repeat":"repeat","background-position":"center center","background-size":"auto","background-attachment":"scroll","background-type":"","background-media":"","overlay-type":"","overlay-color":"","overlay-opacity":"","overlay-gradient":""},"mobile":{"background-color":"","background-image":"","background-repeat":"repeat","background-position":"center center","background-size":"auto","background-attachment":"scroll","background-type":"","background-media":"","overlay-type":"","overlay-color":"","overlay-opacity":"","overlay-gradient":""}},"ast-content-background-meta":{"desktop":{"background-color":"var(--ast-global-color-5)","background-image":"","background-repeat":"repeat","background-position":"center center","background-size":"auto","background-attachment":"scroll","background-type":"","background-media":"","overlay-type":"","overlay-color":"","overlay-opacity":"","overlay-gradient":""},"tablet":{"background-color":"var(--ast-global-color-5)","background-image":"","background-repeat":"repeat","background-position":"center center","background-size":"auto","background-attachment":"scroll","background-type":"","background-media":"","overlay-type":"","overlay-color":"","overlay-opacity":"","overlay-gradient":""},"mobile":{"background-color":"var(--ast-global-color-5)","background-image":"","background-repeat":"repeat","background-position":"center center","background-size":"auto","background-attachment":"scroll","background-type":"","background-media":"","overlay-type":"","overlay-color":"","overlay-opacity":"","overlay-gradient":""}}},"product_brand":[],"product_cat":[80],"product_tag":[],"class_list":{"0":"post-3473","1":"product","2":"type-product","3":"status-publish","4":"has-post-thumbnail","6":"product_cat-kitchen-gadgets","7":"product_shipping_class-shipping-time-15-20-days","8":"desktop-align-left","9":"tablet-align-left","10":"mobile-align-left","12":"first","13":"instock","14":"sale","15":"shipping-taxable","16":"purchasable","17":"product-type-variable"},"_links":{"self":[{"href":"https:\/\/kifood.cn\/de\/wp-json\/wp\/v2\/product\/3473","targetHints":{"allow":["GET"]}}],"collection":[{"href":"https:\/\/kifood.cn\/de\/wp-json\/wp\/v2\/product"}],"about":[{"href":"https:\/\/kifood.cn\/de\/wp-json\/wp\/v2\/types\/product"}],"replies":[{"embeddable":true,"href":"https:\/\/kifood.cn\/de\/wp-json\/wp\/v2\/comments?post=3473"}],"wp:featuredmedia":[{"embeddable":true,"href":"https:\/\/kifood.cn\/de\/wp-json\/wp\/v2\/media\/3467"}],"wp:attachment":[{"href":"https:\/\/kifood.cn\/de\/wp-json\/wp\/v2\/media?parent=3473"}],"wp:term":[{"taxonomy":"product_brand","embeddable":true,"href":"https:\/\/kifood.cn\/de\/wp-json\/wp\/v2\/product_brand?post=3473"},{"taxonomy":"product_cat","embeddable":true,"href":"https:\/\/kifood.cn\/de\/wp-json\/wp\/v2\/product_cat?post=3473"},{"taxonomy":"product_tag","embeddable":true,"href":"https:\/\/kifood.cn\/de\/wp-json\/wp\/v2\/product_tag?post=3473"}],"curies":[{"name":"wp","href":"https:\/\/api.w.org\/{rel}","templated":true}]}}