{"id":3395,"date":"2024-04-24T07:44:00","date_gmt":"2024-04-24T07:44:00","guid":{"rendered":"https:\/\/kifood.cn\/?post_type=product&#038;p=3395"},"modified":"2024-05-09T06:31:42","modified_gmt":"2024-05-09T06:31:42","slug":"3pcs-set-with-3-size-kitchen-funnel-silicone-folding-telescopic-funne-powder-liquid-wide-mouth-jam-funnel-kitchen-utensils","status":"publish","type":"product","link":"https:\/\/kifood.cn\/de\/produkt\/3pcs-set-with-3-size-kitchen-funnel-silicone-folding-telescopic-funne-powder-liquid-wide-mouth-jam-funnel-kitchen-utensils\/","title":{"rendered":"3-teiliges K\u00fcchentrichter-Set"},"content":{"rendered":"<div class=\"product-specs-list-container\">\n<ul class=\"product-specs-list util-clearfix\">\n<li class=\"product-prop line-limit-length\"><span class=\"property-title\">Besonderheit:\u00a0<\/span><span class=\"property-desc line-limit-length\">Lagernd<\/span><\/li>\n<li class=\"product-prop line-limit-length\"><span class=\"property-title\">Name:\u00a0<\/span><span class=\"property-desc line-limit-length\">K\u00fcchentrichter<\/span><\/li>\n<li class=\"product-prop line-limit-length\"><span class=\"property-title\">Material:\u00a0<\/span><span class=\"property-desc line-limit-length\">Silikon<\/span><\/li>\n<li class=\"product-prop line-limit-length\"><span class=\"property-title\">Merkmale:\u00a0<\/span><span class=\"property-desc line-limit-length\">Faltbares Teleskop mit 3 Gr\u00f6\u00dfen<\/span><\/li>\n<\/ul>\n<\/div>\n<div class=\"detailmodule_html\">\n<div class=\"detail-desc-decorate-richtext\">\n<div class=\"detailmodule_text\">\n<p class=\"detail-desc-decorate-title\" style=\"font-family: OpenSans; font-size: 20px; font-weight: 900; line-height: 28px; white-space: pre-wrap; color: #000000; margin-bottom: 12px;\">Produktbeschreibung:<\/p>\n<p>Spezifikation:<br \/>\nTyp: K\u00fcchentrichter<br \/>\nMaterial: Silikon<br \/>\nGr\u00f6\u00dfe: wie abgebildet<br \/>\nFarbe: wie abgebildet<br \/>\nAnwendbar f\u00fcr: Geeignet f\u00fcr Fl\u00fcssigkeiten, Pulver, Marmelade, Reismehl usw.<\/p>\n<p>Paket beinhaltet:<br \/>\n1*3 st\u00fccke k\u00fcche trichter<\/p>\n<p>Beachten:<br \/>\n1. Aufgrund unterschiedlicher Lichtverh\u00e4ltnisse und Monitoreinstellungen kann es zu leichten Farbabweichungen kommen.<br \/>\n2. Aufgrund manueller Messung ist eine Abweichung von 0,2\u20131 cm m\u00f6glich.<\/p>\n<\/div>\n<div class=\"detailmodule_image\"><img decoding=\"async\" class=\"detail-desc-decorate-image\" src=\"https:\/\/kifood.cn\/wp-content\/uploads\/2024\/04\/kf-S6d4beb5370c14fa3a2ba12ce24c03375B.webp\" \/><\/div>\n<div class=\"detailmodule_image\"><img decoding=\"async\" class=\"detail-desc-decorate-image\" src=\"https:\/\/kifood.cn\/wp-content\/uploads\/2024\/04\/kf-S102d7c5e7978485e80e0cca46da9d093L.webp\" \/><\/div>\n<div class=\"detailmodule_image\"><img decoding=\"async\" class=\"detail-desc-decorate-image\" src=\"https:\/\/kifood.cn\/wp-content\/uploads\/2024\/04\/kf-S553ea31217cf4e2989741154ffd89918r.webp\" \/><\/div>\n<div class=\"detailmodule_image\"><img decoding=\"async\" class=\"detail-desc-decorate-image\" src=\"https:\/\/kifood.cn\/wp-content\/uploads\/2024\/04\/kf-Sbe44f802c8df434caa3e5915968b0afa2.webp\" \/><\/div>\n<div class=\"detailmodule_image\"><img decoding=\"async\" class=\"detail-desc-decorate-image\" src=\"https:\/\/kifood.cn\/wp-content\/uploads\/2024\/04\/kf-S7c192b12400b4d808388b3353bb679149.webp\" \/><\/div>\n<div class=\"detailmodule_text-image\">\n<p class=\"detail-desc-decorate-title\" style=\"font-family: OpenSans; font-size: 20px; font-weight: 900; line-height: 28px; white-space: pre-wrap; color: #000000; margin-bottom: 12px;\">Gr\u00f6\u00dfe<\/p>\n<div><img decoding=\"async\" class=\"detail-desc-decorate-image\" src=\"https:\/\/kifood.cn\/wp-content\/uploads\/2024\/04\/kf-S420c5d7695164ac2af0f85739a90d9e2P.webp\" \/><\/div>\n<\/div>\n<div class=\"detailmodule_image\"><img decoding=\"async\" class=\"detail-desc-decorate-image\" src=\"https:\/\/kifood.cn\/wp-content\/uploads\/2024\/04\/kf-S153daf98f3eb4b96863e7a7eba947a51a.webp\" \/><\/div>\n<div class=\"detailmodule_image\"><img decoding=\"async\" class=\"detail-desc-decorate-image\" src=\"https:\/\/kifood.cn\/wp-content\/uploads\/2024\/04\/kf-Sd4e61712f9fc44dcb2ab2b056c1637a10.webp\" \/><\/div>\n<div class=\"detailmodule_image\"><img decoding=\"async\" class=\"detail-desc-decorate-image\" src=\"https:\/\/kifood.cn\/wp-content\/uploads\/2024\/04\/kf-S23cede2723cf4c099e240a628300ce00H.webp\" \/><\/div>\n<div class=\"detailmodule_image\"><img decoding=\"async\" class=\"detail-desc-decorate-image\" src=\"https:\/\/kifood.cn\/wp-content\/uploads\/2024\/04\/kf-S5a9c3ecf0eaa4fafbc006be3fbe1e22bf.webp\" \/><\/div>\n<p>&nbsp;<\/p>\n<\/div>\n<\/div>\n<p>&nbsp;<\/p>","protected":false},"excerpt":{"rendered":"<p>1. Der faltbare Teleskoptrichter besteht aus lebensmittelechtem Silikonmaterial, das sicher und gesund in direkten Kontakt mit Lebensmitteln kommen kann.<br \/>\n2. Der K\u00fcchentrichter ist in drei Mundformen gestaltet, die verschiedenen Anwendungsszenarien gerecht werden k\u00f6nnen, was praktisch und einfach ist.<br \/>\n3. Antihaftbeschichtung, leicht zu reinigen; platzsparendes H\u00e4ngeaufbewahrungsdesign.<\/p>","protected":false},"featured_media":3396,"comment_status":"open","ping_status":"closed","template":"","meta":{"site-sidebar-layout":"default","site-content-layout":"","ast-site-content-layout":"default","site-content-style":"default","site-sidebar-style":"default","ast-global-header-display":"","ast-banner-title-visibility":"","ast-main-header-display":"","ast-hfb-above-header-display":"","ast-hfb-below-header-display":"","ast-hfb-mobile-header-display":"","site-post-title":"","ast-breadcrumbs-content":"","ast-featured-img":"","footer-sml-layout":"","ast-disable-related-posts":"","theme-transparent-header-meta":"default","adv-header-id-meta":"","stick-header-meta":"default","header-above-stick-meta":"","header-main-stick-meta":"","header-below-stick-meta":"","astra-migrate-meta-layouts":"set","ast-page-background-enabled":"default","ast-page-background-meta":{"desktop":{"background-color":"var(--ast-global-color-4)","background-image":"","background-repeat":"repeat","background-position":"center center","background-size":"auto","background-attachment":"scroll","background-type":"","background-media":"","overlay-type":"","overlay-color":"","overlay-opacity":"","overlay-gradient":""},"tablet":{"background-color":"","background-image":"","background-repeat":"repeat","background-position":"center center","background-size":"auto","background-attachment":"scroll","background-type":"","background-media":"","overlay-type":"","overlay-color":"","overlay-opacity":"","overlay-gradient":""},"mobile":{"background-color":"","background-image":"","background-repeat":"repeat","background-position":"center center","background-size":"auto","background-attachment":"scroll","background-type":"","background-media":"","overlay-type":"","overlay-color":"","overlay-opacity":"","overlay-gradient":""}},"ast-content-background-meta":{"desktop":{"background-color":"var(--ast-global-color-5)","background-image":"","background-repeat":"repeat","background-position":"center center","background-size":"auto","background-attachment":"scroll","background-type":"","background-media":"","overlay-type":"","overlay-color":"","overlay-opacity":"","overlay-gradient":""},"tablet":{"background-color":"var(--ast-global-color-5)","background-image":"","background-repeat":"repeat","background-position":"center center","background-size":"auto","background-attachment":"scroll","background-type":"","background-media":"","overlay-type":"","overlay-color":"","overlay-opacity":"","overlay-gradient":""},"mobile":{"background-color":"var(--ast-global-color-5)","background-image":"","background-repeat":"repeat","background-position":"center center","background-size":"auto","background-attachment":"scroll","background-type":"","background-media":"","overlay-type":"","overlay-color":"","overlay-opacity":"","overlay-gradient":""}}},"product_brand":[],"product_cat":[80],"product_tag":[],"class_list":{"0":"post-3395","1":"product","2":"type-product","3":"status-publish","4":"has-post-thumbnail","6":"product_cat-kitchen-gadgets","7":"product_shipping_class-shipping-time-15-20-days","8":"desktop-align-left","9":"tablet-align-left","10":"mobile-align-left","12":"first","13":"instock","14":"sale","15":"shipping-taxable","16":"purchasable","17":"product-type-simple"},"_links":{"self":[{"href":"https:\/\/kifood.cn\/de\/wp-json\/wp\/v2\/product\/3395","targetHints":{"allow":["GET"]}}],"collection":[{"href":"https:\/\/kifood.cn\/de\/wp-json\/wp\/v2\/product"}],"about":[{"href":"https:\/\/kifood.cn\/de\/wp-json\/wp\/v2\/types\/product"}],"replies":[{"embeddable":true,"href":"https:\/\/kifood.cn\/de\/wp-json\/wp\/v2\/comments?post=3395"}],"wp:featuredmedia":[{"embeddable":true,"href":"https:\/\/kifood.cn\/de\/wp-json\/wp\/v2\/media\/3396"}],"wp:attachment":[{"href":"https:\/\/kifood.cn\/de\/wp-json\/wp\/v2\/media?parent=3395"}],"wp:term":[{"taxonomy":"product_brand","embeddable":true,"href":"https:\/\/kifood.cn\/de\/wp-json\/wp\/v2\/product_brand?post=3395"},{"taxonomy":"product_cat","embeddable":true,"href":"https:\/\/kifood.cn\/de\/wp-json\/wp\/v2\/product_cat?post=3395"},{"taxonomy":"product_tag","embeddable":true,"href":"https:\/\/kifood.cn\/de\/wp-json\/wp\/v2\/product_tag?post=3395"}],"curies":[{"name":"wp","href":"https:\/\/api.w.org\/{rel}","templated":true}]}}