{"id":3334,"date":"2024-04-24T06:12:00","date_gmt":"2024-04-24T06:12:00","guid":{"rendered":"https:\/\/kifood.cn\/?post_type=product&#038;p=3334"},"modified":"2024-05-09T06:39:47","modified_gmt":"2024-05-09T06:39:47","slug":"500-900ml-manual-meat-mincer-garlic-chopper-rotate-garlic-press-crusher-vegetable-onion-cutter-kitchen-cooking-accessories","status":"publish","type":"product","link":"https:\/\/kifood.cn\/de\/produkt\/500-900ml-manual-meat-mincer-garlic-chopper-rotate-garlic-press-crusher-vegetable-onion-cutter-kitchen-cooking-accessories\/","title":{"rendered":"500\/900 ml manueller Fleischwolf und Knoblauchzerkleinerer"},"content":{"rendered":"<p>Klingenmaterial: Edelstahl<\/p>\n<p>Obst- und Gem\u00fcsewerkzeuge Typ: Zerkleinerer und Schneidemaschinen<\/p>\n<p>Herkunft: Festlandchina<\/p>\n<p data-spm-anchor-id=\"0.0.0.i71.5a526a4fkULfzV\">Feature: Umweltfreundlich, Lagernd<\/p>\n<p>Typ: Obst- und Gem\u00fcsewerkzeuge<\/p>\n<p>Zertifizierung: CE \/ EU<\/p>\n<p>Material : Kunststoff<\/p>\n<p>Kunststofftyp: PP<\/p>\n<p>Knoblauchpresse: 500 ml\/900 ml<\/p>\n<p>Knoblauchpresse: Knoblauchzerkleinerer<\/p>\n<p>Knoblauchpresse: Knoblauchw\u00fcrfelschneider<\/p>\n<p data-spm-anchor-id=\"0.0.0.i75.5a526a4fkULfzV\"><img decoding=\"async\" src=\"https:\/\/ae03.alicdn.com\/kf\/Sef55f12ebf4a4f06ae0847ba17d6be47B.jpg\" \/> <img decoding=\"async\" src=\"https:\/\/ae03.alicdn.com\/kf\/S8abd9f2df3db437d9b5cc76a4a092addk.jpg\" \/> <img decoding=\"async\" src=\"https:\/\/ae03.alicdn.com\/kf\/S58556c6ca4a844f58073470cddf9f5c40.jpg\" \/> <img decoding=\"async\" src=\"https:\/\/ae03.alicdn.com\/kf\/S39470d9260aa4144b14d251a31f2827dS.jpg\" \/> <img decoding=\"async\" src=\"https:\/\/ae03.alicdn.com\/kf\/S97fa405b44b64fc080f8dcf45b07380ea.jpg\" \/> <img decoding=\"async\" src=\"https:\/\/ae03.alicdn.com\/kf\/Sbbfb3abe6dc14cd8b6b735a9fd052afcp.jpg\" \/><\/p>","protected":false},"excerpt":{"rendered":"<p>MANUELLER LEBENSMITTELZERKLEINER MIT 900 ML GROSSEM KAPAZIT\u00c4TSVERM\u00d6GEN: Dieser Lebensmittelzerkleinerer verf\u00fcgt \u00fcber ein gro\u00dfes Fassungsverm\u00f6gen von 900 ml und 5 scharfe Klingen f\u00fcr effizientes Zerkleinern.<br \/>\nSein wirbelartiger Mahlvorgang in mehreren Schichten sorgt f\u00fcr eine glatte Textur. Ideal f\u00fcr Zwiebeln, Knoblauch, Kohl und mehr. Mit seinem T-f\u00f6rmigen Kordelzugdesign vereinfacht es die K\u00fcchenarbeit.<\/p>","protected":false},"featured_media":3328,"comment_status":"open","ping_status":"closed","template":"","meta":{"site-sidebar-layout":"default","site-content-layout":"","ast-site-content-layout":"default","site-content-style":"default","site-sidebar-style":"default","ast-global-header-display":"","ast-banner-title-visibility":"","ast-main-header-display":"","ast-hfb-above-header-display":"","ast-hfb-below-header-display":"","ast-hfb-mobile-header-display":"","site-post-title":"","ast-breadcrumbs-content":"","ast-featured-img":"","footer-sml-layout":"","ast-disable-related-posts":"","theme-transparent-header-meta":"default","adv-header-id-meta":"","stick-header-meta":"default","header-above-stick-meta":"","header-main-stick-meta":"","header-below-stick-meta":"","astra-migrate-meta-layouts":"set","ast-page-background-enabled":"default","ast-page-background-meta":{"desktop":{"background-color":"var(--ast-global-color-4)","background-image":"","background-repeat":"repeat","background-position":"center center","background-size":"auto","background-attachment":"scroll","background-type":"","background-media":"","overlay-type":"","overlay-color":"","overlay-opacity":"","overlay-gradient":""},"tablet":{"background-color":"","background-image":"","background-repeat":"repeat","background-position":"center center","background-size":"auto","background-attachment":"scroll","background-type":"","background-media":"","overlay-type":"","overlay-color":"","overlay-opacity":"","overlay-gradient":""},"mobile":{"background-color":"","background-image":"","background-repeat":"repeat","background-position":"center center","background-size":"auto","background-attachment":"scroll","background-type":"","background-media":"","overlay-type":"","overlay-color":"","overlay-opacity":"","overlay-gradient":""}},"ast-content-background-meta":{"desktop":{"background-color":"var(--ast-global-color-5)","background-image":"","background-repeat":"repeat","background-position":"center center","background-size":"auto","background-attachment":"scroll","background-type":"","background-media":"","overlay-type":"","overlay-color":"","overlay-opacity":"","overlay-gradient":""},"tablet":{"background-color":"var(--ast-global-color-5)","background-image":"","background-repeat":"repeat","background-position":"center center","background-size":"auto","background-attachment":"scroll","background-type":"","background-media":"","overlay-type":"","overlay-color":"","overlay-opacity":"","overlay-gradient":""},"mobile":{"background-color":"var(--ast-global-color-5)","background-image":"","background-repeat":"repeat","background-position":"center center","background-size":"auto","background-attachment":"scroll","background-type":"","background-media":"","overlay-type":"","overlay-color":"","overlay-opacity":"","overlay-gradient":""}}},"product_brand":[],"product_cat":[80],"product_tag":[],"class_list":{"0":"post-3334","1":"product","2":"type-product","3":"status-publish","4":"has-post-thumbnail","6":"product_cat-kitchen-gadgets","7":"product_shipping_class-shipping-time-15-20-days","8":"desktop-align-left","9":"tablet-align-left","10":"mobile-align-left","12":"first","13":"instock","14":"sale","15":"shipping-taxable","16":"purchasable","17":"product-type-variable"},"_links":{"self":[{"href":"https:\/\/kifood.cn\/de\/wp-json\/wp\/v2\/product\/3334","targetHints":{"allow":["GET"]}}],"collection":[{"href":"https:\/\/kifood.cn\/de\/wp-json\/wp\/v2\/product"}],"about":[{"href":"https:\/\/kifood.cn\/de\/wp-json\/wp\/v2\/types\/product"}],"replies":[{"embeddable":true,"href":"https:\/\/kifood.cn\/de\/wp-json\/wp\/v2\/comments?post=3334"}],"wp:featuredmedia":[{"embeddable":true,"href":"https:\/\/kifood.cn\/de\/wp-json\/wp\/v2\/media\/3328"}],"wp:attachment":[{"href":"https:\/\/kifood.cn\/de\/wp-json\/wp\/v2\/media?parent=3334"}],"wp:term":[{"taxonomy":"product_brand","embeddable":true,"href":"https:\/\/kifood.cn\/de\/wp-json\/wp\/v2\/product_brand?post=3334"},{"taxonomy":"product_cat","embeddable":true,"href":"https:\/\/kifood.cn\/de\/wp-json\/wp\/v2\/product_cat?post=3334"},{"taxonomy":"product_tag","embeddable":true,"href":"https:\/\/kifood.cn\/de\/wp-json\/wp\/v2\/product_tag?post=3334"}],"curies":[{"name":"wp","href":"https:\/\/api.w.org\/{rel}","templated":true}]}}