{"id":3267,"date":"2024-04-24T04:15:00","date_gmt":"2024-04-24T04:15:00","guid":{"rendered":"https:\/\/kifood.cn\/?post_type=product&#038;p=3267"},"modified":"2024-05-09T06:07:23","modified_gmt":"2024-05-09T06:07:23","slug":"1-pc-portable-manual-can-opener-beer-can-do-compact-mini-kitchen-gadget-tool-easy-twist-release-safety-stainless-steel","status":"publish","type":"product","link":"https:\/\/kifood.cn\/de\/produkt\/1-pc-portable-manual-can-opener-beer-can-do-compact-mini-kitchen-gadget-tool-easy-twist-release-safety-stainless-steel\/","title":{"rendered":"Tragbarer manueller Dosen\u00f6ffner aus Edelstahl"},"content":{"rendered":"<p>Name: Dosen\u00f6ffner<\/p>\n<p>Farbe: gr\u00fcn mit wei\u00df\/rot mit wei\u00df<\/p>\n<p>Produktgr\u00f6\u00dfe: 6,8 x 4,8 cm.<\/p>\n<p>Material: ABC &amp; Edelstahl<\/p>\n<p>Merkmale:<\/p>\n<p>ANPASSBARES DESIGN: Passend f\u00fcr die meisten Motorrad-Weithalsflaschen mit einem Durchmesser von 2,4 cm bis 10,2 cm.<\/p>\n<p>LEICHT ZU SCHNEIDEN: Dosen\u00f6ffner mit Edelstahlklinge ist langlebig, scharf und leicht zu schneiden.<\/p>\n<p>\u00c4sthetisch ansprechend: Der einzigartige runde Kompaktdosen\u00f6ffner spart Platz und l\u00e4sst sich leicht transportieren.<\/p>\n<p>SPAREN SIE ARBEIT UND ZEIT: Das flexible Spiralgetriebe \u00f6ffnet Dosen m\u00fchelos durch eine einfache Drehung.<\/p>\n<p>VIELSEITIGE FUNKTION: Kann zum \u00d6ffnen von Bierflaschen, kohlens\u00e4urehaltigen Getr\u00e4nken, Erfrischungsgetr\u00e4nken und allen Dosen verwendet werden.<\/p>\n<p>Geeignet f\u00fcr Personen: \u00e4ltere Menschen mit schwachen H\u00e4nden und Arthritis.<\/p>\n<p>Rutschfester R\u00e4ndelgriff: Ergonomischer R\u00e4ndelgriff, rutscht nicht leicht ab, langlebiger.<\/p>\n<p>Verwendung:<\/p>\n<p>Schieben Sie es einfach auf den Deckel des Glases.<\/p>\n<p>Durch Drehen des Griffs k\u00f6nnen Sie den Deckel \u00f6ffnen und abschrauben.<\/p>\n<p>Das Set beinhaltet:<\/p>\n<p>1 * Dosen\u00f6ffner<\/p>\n<p>Notiz:<\/p>\n<p>1. Bitte rechnen Sie mit kleinen Abweichungen bei der Gr\u00f6\u00dfe, da diese manuell gemessen werden, aber keinen Einfluss auf die Nutzung haben. Wir w\u00fcnschen Ihnen ein angenehmes Einkaufserlebnis.<\/p>\n<p>2. Aufgrund der Unterschiede zwischen verschiedenen Monitoren oder der Beleuchtung und des Winkels spiegeln die aufgenommenen Bilder m\u00f6glicherweise nicht die tats\u00e4chliche Farbe des Artikels wider, die Unterschiede sind jedoch nicht signifikant. Vielen Dank f\u00fcr Ihr Verst\u00e4ndnis.<\/p>\n<p><img decoding=\"async\" src=\"https:\/\/ae01.alicdn.com\/kf\/Se76d0429fd9144cd9d42ec64d8352599i.jpg\" \/><img decoding=\"async\" src=\"https:\/\/ae01.alicdn.com\/kf\/Se3d91af6214e4959b471c6e4e71995d7h.jpg\" \/><img decoding=\"async\" src=\"https:\/\/ae01.alicdn.com\/kf\/Sc90843302a1342fca1cf57826bcc980cu.jpg\" \/><img decoding=\"async\" src=\"https:\/\/ae01.alicdn.com\/kf\/S34c2577ef1a142cfb8a6e858a89c1fcc3.jpg\" \/><img decoding=\"async\" src=\"https:\/\/ae01.alicdn.com\/kf\/S3fb650e6889f40b38dfe8bbfb2fbc2b3n.jpg\" \/><img decoding=\"async\" src=\"https:\/\/ae01.alicdn.com\/kf\/Sab9351c0d7184d45be1ae6836b744d13y.jpg\" \/><img decoding=\"async\" src=\"https:\/\/ae01.alicdn.com\/kf\/S09b10e8d363e4cf6a9e093b96820af54C.jpg\" \/><\/p>\n<p><img decoding=\"async\" src=\"https:\/\/ae01.alicdn.com\/kf\/Sabeac8534a0d47dcad8958992f6636a9u.jpg\" \/><img fetchpriority=\"high\" decoding=\"async\" src=\"https:\/\/ae01.alicdn.com\/kf\/S393a1033e11f46a693b835e1f575e070g.jpg\" width=\"800\" height=\"800\" \/><img decoding=\"async\" src=\"https:\/\/ae01.alicdn.com\/kf\/Sda0b4010ff554df5bcd223dd25908f240.jpg\" width=\"800\" height=\"800\" \/><\/p>","protected":false},"excerpt":{"rendered":"<ul class=\"a-unordered-list a-vertical a-spacing-mini\">\n<li class=\"a-spacing-mini\"><span class=\"a-list-item\">Sch\u00f6ne Optik: Der kompakte Dosen\u00f6ffner mit einzigartiger runder Form spart Platz und l\u00e4sst sich leicht tragen.<\/span><\/li>\n<li class=\"a-spacing-mini\"><span class=\"a-list-item\">Vielf\u00e4ltige Funktionen: Der Deckel kann sicher entfernt werden, ohne dass Ecken zur\u00fcckbleiben. Er kann f\u00fcr die meisten Getr\u00e4nkedosen mit 8-19 Unzen verwendet werden und eignet sich gut f\u00fcr Dosengetr\u00e4nke, Eiskaffee, Limonade usw. Dadurch wird Ihr Trinkerlebnis verbessert.<\/span><\/li>\n<li class=\"a-spacing-mini\"><span class=\"a-list-item\">Dekorieren Sie Ihr Getr\u00e4nk: Der Flaschen\u00f6ffner erleichtert Ihnen das Hinzuf\u00fcgen von etwas Ihrer Wahl zu Ihrem Dosengetr\u00e4nk.<\/span><\/li>\n<li class=\"a-spacing-mini\"><span class=\"a-list-item\">Rutschfester Rillengriff: Der ergonomisch geformte Rillengriff rutscht nicht so leicht ab und bietet gleichzeitig eine bessere Kraft.<\/span><\/li>\n<li class=\"a-spacing-mini\"><span class=\"a-list-item\">Leicht zu schneiden: Der Dosen\u00f6ffner mit Edelstahlklinge f\u00fcr starkes und leichtes Schneiden.<\/span><\/li>\n<\/ul>","protected":false},"featured_media":3262,"comment_status":"open","ping_status":"closed","template":"","meta":{"site-sidebar-layout":"default","site-content-layout":"","ast-site-content-layout":"default","site-content-style":"default","site-sidebar-style":"default","ast-global-header-display":"","ast-banner-title-visibility":"","ast-main-header-display":"","ast-hfb-above-header-display":"","ast-hfb-below-header-display":"","ast-hfb-mobile-header-display":"","site-post-title":"","ast-breadcrumbs-content":"","ast-featured-img":"","footer-sml-layout":"","ast-disable-related-posts":"","theme-transparent-header-meta":"default","adv-header-id-meta":"","stick-header-meta":"default","header-above-stick-meta":"","header-main-stick-meta":"","header-below-stick-meta":"","astra-migrate-meta-layouts":"set","ast-page-background-enabled":"default","ast-page-background-meta":{"desktop":{"background-color":"var(--ast-global-color-4)","background-image":"","background-repeat":"repeat","background-position":"center center","background-size":"auto","background-attachment":"scroll","background-type":"","background-media":"","overlay-type":"","overlay-color":"","overlay-opacity":"","overlay-gradient":""},"tablet":{"background-color":"","background-image":"","background-repeat":"repeat","background-position":"center center","background-size":"auto","background-attachment":"scroll","background-type":"","background-media":"","overlay-type":"","overlay-color":"","overlay-opacity":"","overlay-gradient":""},"mobile":{"background-color":"","background-image":"","background-repeat":"repeat","background-position":"center center","background-size":"auto","background-attachment":"scroll","background-type":"","background-media":"","overlay-type":"","overlay-color":"","overlay-opacity":"","overlay-gradient":""}},"ast-content-background-meta":{"desktop":{"background-color":"var(--ast-global-color-5)","background-image":"","background-repeat":"repeat","background-position":"center center","background-size":"auto","background-attachment":"scroll","background-type":"","background-media":"","overlay-type":"","overlay-color":"","overlay-opacity":"","overlay-gradient":""},"tablet":{"background-color":"var(--ast-global-color-5)","background-image":"","background-repeat":"repeat","background-position":"center center","background-size":"auto","background-attachment":"scroll","background-type":"","background-media":"","overlay-type":"","overlay-color":"","overlay-opacity":"","overlay-gradient":""},"mobile":{"background-color":"var(--ast-global-color-5)","background-image":"","background-repeat":"repeat","background-position":"center center","background-size":"auto","background-attachment":"scroll","background-type":"","background-media":"","overlay-type":"","overlay-color":"","overlay-opacity":"","overlay-gradient":""}}},"product_brand":[],"product_cat":[80],"product_tag":[],"class_list":{"0":"post-3267","1":"product","2":"type-product","3":"status-publish","4":"has-post-thumbnail","6":"product_cat-kitchen-gadgets","7":"product_shipping_class-shipping-time-15-20-days","8":"desktop-align-left","9":"tablet-align-left","10":"mobile-align-left","12":"first","13":"instock","14":"sale","15":"shipping-taxable","16":"purchasable","17":"product-type-variable"},"_links":{"self":[{"href":"https:\/\/kifood.cn\/de\/wp-json\/wp\/v2\/product\/3267","targetHints":{"allow":["GET"]}}],"collection":[{"href":"https:\/\/kifood.cn\/de\/wp-json\/wp\/v2\/product"}],"about":[{"href":"https:\/\/kifood.cn\/de\/wp-json\/wp\/v2\/types\/product"}],"replies":[{"embeddable":true,"href":"https:\/\/kifood.cn\/de\/wp-json\/wp\/v2\/comments?post=3267"}],"wp:featuredmedia":[{"embeddable":true,"href":"https:\/\/kifood.cn\/de\/wp-json\/wp\/v2\/media\/3262"}],"wp:attachment":[{"href":"https:\/\/kifood.cn\/de\/wp-json\/wp\/v2\/media?parent=3267"}],"wp:term":[{"taxonomy":"product_brand","embeddable":true,"href":"https:\/\/kifood.cn\/de\/wp-json\/wp\/v2\/product_brand?post=3267"},{"taxonomy":"product_cat","embeddable":true,"href":"https:\/\/kifood.cn\/de\/wp-json\/wp\/v2\/product_cat?post=3267"},{"taxonomy":"product_tag","embeddable":true,"href":"https:\/\/kifood.cn\/de\/wp-json\/wp\/v2\/product_tag?post=3267"}],"curies":[{"name":"wp","href":"https:\/\/api.w.org\/{rel}","templated":true}]}}