{"id":3240,"date":"2024-04-24T04:06:00","date_gmt":"2024-04-24T04:06:00","guid":{"rendered":"https:\/\/kifood.cn\/?post_type=product&#038;p=3240"},"modified":"2024-05-09T07:32:35","modified_gmt":"2024-05-09T07:32:35","slug":"3-pieces-silicone-folding-bowls-with-lid-foldable-lunch-box-portable-salad-bowl-sets","status":"publish","type":"product","link":"https:\/\/kifood.cn\/de\/produkt\/3-pieces-silicone-folding-bowls-with-lid-foldable-lunch-box-portable-salad-bowl-sets\/","title":{"rendered":"3 St\u00fcck Silikon-Faltsch\u00fcsseln mit Deckel"},"content":{"rendered":"<p><strong>Merkmale:<\/strong><\/p>\n<ol>\n<li data-list=\"bullet\">Ein Set aus 3 zusammenklappbaren Aufbewahrungssch\u00fcsseln mit durchsichtigem Deckel, perfekt zum Zubereiten oder Aufbewahren von Lebensmitteln.<\/li>\n<li data-list=\"bullet\">Damit k\u00f6nnen Sie Instantnudeln, Salate, Obst und Joghurt zubereiten und haben jederzeit und \u00fcberall den Geschmack von Zuhause.<\/li>\n<li data-list=\"bullet\">Die auslaufsichere, transparente Abdeckung liegt bequem an und verringert die M\u00f6glichkeit des Versch\u00fcttens.<\/li>\n<li data-list=\"bullet\">Einfach zusammenzufalten, leicht zu tragen, nimmt wenig Platz ein. Es ist auch ein tolles Geschenk f\u00fcr alle, die innovative Aufbewahrungsm\u00f6glichkeiten in der K\u00fcche m\u00f6gen.<\/li>\n<\/ol>\n<p><strong>Spezifikationen:<\/strong><\/p>\n<ol>\n<li data-list=\"bullet\">Gewicht: ca. 300g<\/li>\n<li data-list=\"bullet\">Geschirrtyp: Sch\u00fcsseln<\/li>\n<li data-list=\"bullet\">Mustertyp: Fest<\/li>\n<li data-list=\"bullet\">Farbe: blau\/rosa<\/li>\n<li data-list=\"bullet\">Material: PP + TPR<\/li>\n<li data-list=\"bullet\">Gr\u00f6\u00dfe: kleine Lunchbox: 12 x 6 cm; mittlere Lunchbox: 15 x 7,7 cm; gro\u00dfe Lunchbox: 19 x 8,5 cm<\/li>\n<\/ol>\n<p><strong>Lieferinhalt:<\/strong><\/p>\n<ol>\n<li data-list=\"bullet\">1 * kleine Lunchbox<\/li>\n<li data-list=\"bullet\">1 * mittelgro\u00dfe Lunchbox<\/li>\n<li data-list=\"bullet\">1 * gro\u00dfe Lunchbox<\/li>\n<\/ol>\n<p><img decoding=\"async\" src=\"https:\/\/ae01.alicdn.com\/kf\/Scb622e4fe3ea4851b5f576bd3e731d035.jpg\" \/><\/p>\n<p><img decoding=\"async\" src=\"https:\/\/ae01.alicdn.com\/kf\/S8a2815083bf945ebb65e4d67f8dd0c55o.jpg\" \/> <img decoding=\"async\" src=\"https:\/\/ae01.alicdn.com\/kf\/S7eebd35946614d7b8abf8ec0bf7fc3711.jpg\" \/> <img decoding=\"async\" src=\"https:\/\/ae01.alicdn.com\/kf\/Sbdb333a805944084a043028a5713e378b.jpg\" \/> <img decoding=\"async\" src=\"https:\/\/ae01.alicdn.com\/kf\/S0720c8d98e7941ae864edb2385dcb7e8C.jpg\" \/> <img decoding=\"async\" src=\"https:\/\/ae01.alicdn.com\/kf\/S878bde1237a54c95acd60d6c5f49bbd43.jpg\" \/> <img decoding=\"async\" src=\"https:\/\/ae01.alicdn.com\/kf\/Sc649653f0dae4c1ba347366b8c6cc5cfP.jpg\" \/> <img decoding=\"async\" src=\"https:\/\/ae01.alicdn.com\/kf\/Sc113dcbb3bab4f6eb5ed1d024deda149o.jpg\" \/> <img decoding=\"async\" src=\"https:\/\/ae01.alicdn.com\/kf\/S255007005fce471794d06d85452f4d02a.jpg\" \/> <img decoding=\"async\" src=\"https:\/\/ae01.alicdn.com\/kf\/Sd86d5142819a41e09176a8de48dfe4fbo.jpg\" \/><\/p>\n<p>&nbsp;<\/p>","protected":false},"excerpt":{"rendered":"<p><strong>\u2022 Umweltfreundliches Material:<\/strong>Diese aus umweltfreundlichem Silikon gefertigten Sch\u00fcsseln eignen sich sicher zur Aufbewahrung von Lebensmitteln und tragen zur \u00f6kologischen Nachhaltigkeit bei.<\/p>\n<p><strong>\u2022 Kompaktes Faltdesign:<\/strong>Die Sch\u00fcsseln lassen sich bei Nichtgebrauch einfach zusammenfalten und sind somit tragbar und platzsparend f\u00fcr die Lagerung und den Transport.<\/p>\n<p><strong>\u2022 Vielseitige Verwendung:<\/strong>Diese Sch\u00fcsseln eignen sich ideal zum Aufbewahren von Salaten, Sandwiches und anderen Mittagessen und sind perfekt f\u00fcr die Schule, die Arbeit oder Picknicks im Freien.<\/p>\n<p><strong>\u2022 Langlebiges Silikon:<\/strong> Die aus hochwertigem Silikon gefertigten Sch\u00fcsseln sind langlebig und verschlei\u00dffest und gew\u00e4hrleisten so eine lange Nutzungsdauer.<\/p>\n<p><strong>\u2022 Leicht zu reinigen:<\/strong>Durch die glatte Silikonoberfl\u00e4che sind diese Sch\u00fcsseln leicht zu reinigen und sparen Ihnen Zeit und M\u00fche in der K\u00fcche.<\/p>\n<p><strong>\u2022 Dreierset:<\/strong>Dieses Set umfasst drei Sch\u00fcsseln und bietet ausreichend Stauraum f\u00fcr Ihr gesamtes Mittagessen.<\/p>","protected":false},"featured_media":3234,"comment_status":"open","ping_status":"closed","template":"","meta":{"site-sidebar-layout":"default","site-content-layout":"","ast-site-content-layout":"default","site-content-style":"default","site-sidebar-style":"default","ast-global-header-display":"","ast-banner-title-visibility":"","ast-main-header-display":"","ast-hfb-above-header-display":"","ast-hfb-below-header-display":"","ast-hfb-mobile-header-display":"","site-post-title":"","ast-breadcrumbs-content":"","ast-featured-img":"","footer-sml-layout":"","ast-disable-related-posts":"","theme-transparent-header-meta":"default","adv-header-id-meta":"","stick-header-meta":"default","header-above-stick-meta":"","header-main-stick-meta":"","header-below-stick-meta":"","astra-migrate-meta-layouts":"set","ast-page-background-enabled":"default","ast-page-background-meta":{"desktop":{"background-color":"var(--ast-global-color-4)","background-image":"","background-repeat":"repeat","background-position":"center center","background-size":"auto","background-attachment":"scroll","background-type":"","background-media":"","overlay-type":"","overlay-color":"","overlay-opacity":"","overlay-gradient":""},"tablet":{"background-color":"","background-image":"","background-repeat":"repeat","background-position":"center center","background-size":"auto","background-attachment":"scroll","background-type":"","background-media":"","overlay-type":"","overlay-color":"","overlay-opacity":"","overlay-gradient":""},"mobile":{"background-color":"","background-image":"","background-repeat":"repeat","background-position":"center center","background-size":"auto","background-attachment":"scroll","background-type":"","background-media":"","overlay-type":"","overlay-color":"","overlay-opacity":"","overlay-gradient":""}},"ast-content-background-meta":{"desktop":{"background-color":"var(--ast-global-color-5)","background-image":"","background-repeat":"repeat","background-position":"center center","background-size":"auto","background-attachment":"scroll","background-type":"","background-media":"","overlay-type":"","overlay-color":"","overlay-opacity":"","overlay-gradient":""},"tablet":{"background-color":"var(--ast-global-color-5)","background-image":"","background-repeat":"repeat","background-position":"center center","background-size":"auto","background-attachment":"scroll","background-type":"","background-media":"","overlay-type":"","overlay-color":"","overlay-opacity":"","overlay-gradient":""},"mobile":{"background-color":"var(--ast-global-color-5)","background-image":"","background-repeat":"repeat","background-position":"center center","background-size":"auto","background-attachment":"scroll","background-type":"","background-media":"","overlay-type":"","overlay-color":"","overlay-opacity":"","overlay-gradient":""}}},"product_brand":[],"product_cat":[80],"product_tag":[],"class_list":{"0":"post-3240","1":"product","2":"type-product","3":"status-publish","4":"has-post-thumbnail","6":"product_cat-kitchen-gadgets","7":"product_shipping_class-shipping-time-15-20-days","8":"desktop-align-left","9":"tablet-align-left","10":"mobile-align-left","12":"first","13":"instock","14":"sale","15":"shipping-taxable","16":"purchasable","17":"product-type-variable"},"_links":{"self":[{"href":"https:\/\/kifood.cn\/de\/wp-json\/wp\/v2\/product\/3240","targetHints":{"allow":["GET"]}}],"collection":[{"href":"https:\/\/kifood.cn\/de\/wp-json\/wp\/v2\/product"}],"about":[{"href":"https:\/\/kifood.cn\/de\/wp-json\/wp\/v2\/types\/product"}],"replies":[{"embeddable":true,"href":"https:\/\/kifood.cn\/de\/wp-json\/wp\/v2\/comments?post=3240"}],"wp:featuredmedia":[{"embeddable":true,"href":"https:\/\/kifood.cn\/de\/wp-json\/wp\/v2\/media\/3234"}],"wp:attachment":[{"href":"https:\/\/kifood.cn\/de\/wp-json\/wp\/v2\/media?parent=3240"}],"wp:term":[{"taxonomy":"product_brand","embeddable":true,"href":"https:\/\/kifood.cn\/de\/wp-json\/wp\/v2\/product_brand?post=3240"},{"taxonomy":"product_cat","embeddable":true,"href":"https:\/\/kifood.cn\/de\/wp-json\/wp\/v2\/product_cat?post=3240"},{"taxonomy":"product_tag","embeddable":true,"href":"https:\/\/kifood.cn\/de\/wp-json\/wp\/v2\/product_tag?post=3240"}],"curies":[{"name":"wp","href":"https:\/\/api.w.org\/{rel}","templated":true}]}}