{"id":3192,"date":"2024-04-24T03:56:00","date_gmt":"2024-04-24T03:56:00","guid":{"rendered":"https:\/\/kifood.cn\/?post_type=product&#038;p=3192"},"modified":"2024-05-09T06:07:38","modified_gmt":"2024-05-09T06:07:38","slug":"stainless-steel-roller-cutter-multi-purpose-pizza-cake-dough-slicing-tool-baking-kitchen-accessories-with-sharp-blade-wheel","status":"publish","type":"product","link":"https:\/\/kifood.cn\/de\/produkt\/stainless-steel-roller-cutter-multi-purpose-pizza-cake-dough-slicing-tool-baking-kitchen-accessories-with-sharp-blade-wheel\/","title":{"rendered":"Mehrzweck-Rollschneider aus Edelstahl f\u00fcr Pizza und Kuchen"},"content":{"rendered":"<p>Produktbeschreibung<\/p>\n<p>Eigenschaften: 430 Edelstahl + ABS-Kunststoff (Schale) + PS-Kunststoff (Schutzh\u00fclle)<\/p>\n<p><strong>Spezifikationen:<\/strong>Durchmesser der Kunststoffschale: 10 cm, Durchmesser der Klinge: 7,5 cm; Gewicht: 65 Gramm<\/p>\n<p><img decoding=\"async\" src=\"https:\/\/ae01.alicdn.com\/kf\/S4d8ca29b0d904f069b4fa215ba97c13f4.jpg\" \/><\/p>\n<p><img decoding=\"async\" src=\"https:\/\/ae01.alicdn.com\/kf\/S5c96c540776c474d93f4ff6df947af2e0.jpg\" width=\"750\" height=\"auto\" \/><\/p>\n<p><img decoding=\"async\" src=\"https:\/\/ae01.alicdn.com\/kf\/Sc8df6f89ad99473d83789acf74f71797x.jpg\" \/><img decoding=\"async\" src=\"https:\/\/ae01.alicdn.com\/kf\/S7aa2a4f197e045eaa9bf7739be762574m.jpg\" \/><\/p>\n<p><img decoding=\"async\" src=\"https:\/\/ae01.alicdn.com\/kf\/S3fec8285ca0346b1aee5a2e2a0e232b3z.jpg\" \/><img decoding=\"async\" src=\"https:\/\/ae01.alicdn.com\/kf\/S02cef301ed0f454ca52f8ffbaefdb2e67.jpg\" \/><img decoding=\"async\" src=\"https:\/\/ae01.alicdn.com\/kf\/S08e04fa9c48b4175a29e530588a44693v.jpg\" \/><img decoding=\"async\" src=\"https:\/\/ae01.alicdn.com\/kf\/Sf5f90943999745f489dee89efcc660b0b.jpg\" \/><\/p>","protected":false},"excerpt":{"rendered":"<p><strong>\u2022 Edelstahlmaterial:<\/strong>Dieser aus robustem Edelstahl gefertigte Rollschneider ist langlebig und rostbest\u00e4ndig und somit ein zuverl\u00e4ssiges Werkzeug f\u00fcr Ihre Backbed\u00fcrfnisse.<\/p>\n<p><strong>\u2022 Mehrzweckwerkzeug:<\/strong>Dieses Werkzeug eignet sich nicht nur f\u00fcr Pizza! Es eignet sich perfekt zum Schneiden von Teig, Kuchen und anderen Backwaren und ist somit eine vielseitige Erg\u00e4nzung Ihres K\u00fcchenzubeh\u00f6rs.<\/p>\n<p><strong>\u2022 Scharfes Klingenrad:<\/strong>Ausgestattet mit einem scharfen Klingenrad, sorgt dieser Schneider jedes Mal f\u00fcr saubere und gleichm\u00e4\u00dfige Scheiben und verbessert so die Pr\u00e4sentation Ihrer Backwaren.<\/p>\n<p><strong>\u2022 Einfach zu verwenden :<\/strong>Dank seines Rollendesigns ist dieser Schneider einfach zu verwenden und erm\u00f6glicht Ihnen das schnelle und effiziente Schneiden von Teig und Kuchen.<\/p>\n<p><strong>\u2022 Kompakt und tragbar:<\/strong>Dank seiner kompakten Gr\u00f6\u00dfe und des leichten Designs l\u00e4sst sich dieser Cutter einfach verstauen und transportieren und ist somit ideal f\u00fcr den privaten und professionellen Einsatz.<\/p>","protected":false},"featured_media":3186,"comment_status":"open","ping_status":"closed","template":"","meta":{"site-sidebar-layout":"default","site-content-layout":"","ast-site-content-layout":"default","site-content-style":"default","site-sidebar-style":"default","ast-global-header-display":"","ast-banner-title-visibility":"","ast-main-header-display":"","ast-hfb-above-header-display":"","ast-hfb-below-header-display":"","ast-hfb-mobile-header-display":"","site-post-title":"","ast-breadcrumbs-content":"","ast-featured-img":"","footer-sml-layout":"","ast-disable-related-posts":"","theme-transparent-header-meta":"default","adv-header-id-meta":"","stick-header-meta":"default","header-above-stick-meta":"","header-main-stick-meta":"","header-below-stick-meta":"","astra-migrate-meta-layouts":"set","ast-page-background-enabled":"default","ast-page-background-meta":{"desktop":{"background-color":"var(--ast-global-color-4)","background-image":"","background-repeat":"repeat","background-position":"center center","background-size":"auto","background-attachment":"scroll","background-type":"","background-media":"","overlay-type":"","overlay-color":"","overlay-opacity":"","overlay-gradient":""},"tablet":{"background-color":"","background-image":"","background-repeat":"repeat","background-position":"center center","background-size":"auto","background-attachment":"scroll","background-type":"","background-media":"","overlay-type":"","overlay-color":"","overlay-opacity":"","overlay-gradient":""},"mobile":{"background-color":"","background-image":"","background-repeat":"repeat","background-position":"center center","background-size":"auto","background-attachment":"scroll","background-type":"","background-media":"","overlay-type":"","overlay-color":"","overlay-opacity":"","overlay-gradient":""}},"ast-content-background-meta":{"desktop":{"background-color":"var(--ast-global-color-5)","background-image":"","background-repeat":"repeat","background-position":"center center","background-size":"auto","background-attachment":"scroll","background-type":"","background-media":"","overlay-type":"","overlay-color":"","overlay-opacity":"","overlay-gradient":""},"tablet":{"background-color":"var(--ast-global-color-5)","background-image":"","background-repeat":"repeat","background-position":"center center","background-size":"auto","background-attachment":"scroll","background-type":"","background-media":"","overlay-type":"","overlay-color":"","overlay-opacity":"","overlay-gradient":""},"mobile":{"background-color":"var(--ast-global-color-5)","background-image":"","background-repeat":"repeat","background-position":"center center","background-size":"auto","background-attachment":"scroll","background-type":"","background-media":"","overlay-type":"","overlay-color":"","overlay-opacity":"","overlay-gradient":""}}},"product_brand":[],"product_cat":[80],"product_tag":[],"class_list":{"0":"post-3192","1":"product","2":"type-product","3":"status-publish","4":"has-post-thumbnail","6":"product_cat-kitchen-gadgets","7":"product_shipping_class-shipping-time-15-20-days","8":"desktop-align-left","9":"tablet-align-left","10":"mobile-align-left","12":"first","13":"instock","14":"sale","15":"shipping-taxable","16":"purchasable","17":"product-type-variable"},"_links":{"self":[{"href":"https:\/\/kifood.cn\/de\/wp-json\/wp\/v2\/product\/3192","targetHints":{"allow":["GET"]}}],"collection":[{"href":"https:\/\/kifood.cn\/de\/wp-json\/wp\/v2\/product"}],"about":[{"href":"https:\/\/kifood.cn\/de\/wp-json\/wp\/v2\/types\/product"}],"replies":[{"embeddable":true,"href":"https:\/\/kifood.cn\/de\/wp-json\/wp\/v2\/comments?post=3192"}],"wp:featuredmedia":[{"embeddable":true,"href":"https:\/\/kifood.cn\/de\/wp-json\/wp\/v2\/media\/3186"}],"wp:attachment":[{"href":"https:\/\/kifood.cn\/de\/wp-json\/wp\/v2\/media?parent=3192"}],"wp:term":[{"taxonomy":"product_brand","embeddable":true,"href":"https:\/\/kifood.cn\/de\/wp-json\/wp\/v2\/product_brand?post=3192"},{"taxonomy":"product_cat","embeddable":true,"href":"https:\/\/kifood.cn\/de\/wp-json\/wp\/v2\/product_cat?post=3192"},{"taxonomy":"product_tag","embeddable":true,"href":"https:\/\/kifood.cn\/de\/wp-json\/wp\/v2\/product_tag?post=3192"}],"curies":[{"name":"wp","href":"https:\/\/api.w.org\/{rel}","templated":true}]}}