{"id":3137,"date":"2024-04-24T02:46:00","date_gmt":"2024-04-24T02:46:00","guid":{"rendered":"https:\/\/kifood.cn\/?post_type=product&#038;p=3137"},"modified":"2024-05-09T06:07:38","modified_gmt":"2024-05-09T06:07:38","slug":"silicone-insulated-glove-anti-slip-lengthened-thickened-high-temperature-resistant-kitchen-anti-scalding-device","status":"publish","type":"product","link":"https:\/\/kifood.cn\/de\/produkt\/silicone-insulated-glove-anti-slip-lengthened-thickened-high-temperature-resistant-kitchen-anti-scalding-device\/","title":{"rendered":"Verl\u00e4ngerter, verdickter Hochtemperatur-Silikon-Anti-Rutsch-Isolierhandschuh"},"content":{"rendered":"<p><strong>Merkmale:<\/strong><\/p>\n<p>geeignet f\u00fcr Mikrowellenherde, zum Backen von Speisen im Ofen, zum Backen von Desserts, um Verbrennungen zu vermeiden usw.<\/p>\n<p>1. Hohe Temperaturbest\u00e4ndigkeit, Verbr\u00fchungsschutz<\/p>\n<p>2. silikon material, weich und nicht verformt<\/p>\n<p>3. die au\u00dfenseite der handschuh hat eine nicht-slip design, nicht leicht zu rutschen<\/p>\n<p>4. Leicht zu reinigen, Wassersp\u00fclen ist sehr bequem, sauber und hygienisch<\/p>\n<p>&nbsp;<\/p>\n<p><strong>Spezifikationen:<\/strong><\/p>\n<p>Warenname: W\u00e4rmeisolierende Ofenhandschuhe<\/p>\n<p>Material: Silikon + Baumwolle<\/p>\n<p>Gr\u00f6\u00dfe: 29\u00d718,5x16cm<\/p>\n<p>Farbe: Grau\/Schwarz\/Gr\u00fcn<\/p>\n<p>Das Paket beinhaltet: Ein einzelner Handschuh<\/p>\n<p>&nbsp;<\/p>\n<p><strong>Anmerkungen:<\/strong><\/p>\n<p>1. Handschuhe sind einzeln, nicht in linke und rechte Hand unterteilt, die Qualit\u00e4t ist sehr gut, bitte z\u00f6gern Sie nicht zu verwenden<\/p>\n<p>2. Wenn der Handschuh schmutzig ist, kann er mit Wasser gereinigt werden, Silikon Das Material ist sehr gut zu reinigen<\/p>\n<p>3. Die Gr\u00f6\u00dfe wird mit den H\u00e4nden gemessen, es kann zu Abweichungen kommen, die jedoch die Verwendung nicht beeintr\u00e4chtigen. Bitte lesen Sie die Produktgr\u00f6\u00dfe auf der Detailseite vor dem Kauf sorgf\u00e4ltig durch. Vielen Dank.<\/p>\n<p>4. Aufgrund unterschiedlicher Umgebungslichtverh\u00e4ltnisse und unterschiedlicher Anzeigeger\u00e4teeinstellungen kann es zu Abweichungen zwischen den angezeigten Bildern und den Artikeln selbst kommen. Bitte haben Sie Verst\u00e4ndnis.<\/p>\n<p>&nbsp;<\/p>\n<p><img decoding=\"async\" src=\"https:\/\/ae01.alicdn.com\/kf\/S50898af178174a82ae5fa3f9ad0be276A.jpg\" \/><\/p>\n<p><img decoding=\"async\" src=\"https:\/\/ae01.alicdn.com\/kf\/S7ead545a59c24c8f81097ac48a5b4565M.jpg\" width=\"750\" height=\"auto\" \/><\/p>\n<p><img decoding=\"async\" src=\"https:\/\/ae01.alicdn.com\/kf\/S74941abb79ae4e7f8e37fbd071874aa0I.jpg\" \/><img decoding=\"async\" src=\"https:\/\/ae01.alicdn.com\/kf\/S94498c4cb29347a4851a53fc346d8b5fD.jpg\" \/><img decoding=\"async\" src=\"https:\/\/ae01.alicdn.com\/kf\/S1b822d7172454c06a8fbee315bbef483I.jpg\" \/><img decoding=\"async\" src=\"https:\/\/ae01.alicdn.com\/kf\/S7f4ebe5c9dcb435aa0ea995fd2116d03q.jpg\" \/><img decoding=\"async\" src=\"https:\/\/ae01.alicdn.com\/kf\/Sbe4e0dd298d3424da93c5dccb3ec20aaQ.jpg\" \/><img decoding=\"async\" src=\"https:\/\/ae01.alicdn.com\/kf\/Sf5dc0dc88d7f4265ac8fca17eab8ec4aD.jpg\" \/><img decoding=\"async\" src=\"https:\/\/ae01.alicdn.com\/kf\/S3873c34ecf8a4632bd0750f7223819a44.jpg\" \/><img decoding=\"async\" src=\"https:\/\/ae01.alicdn.com\/kf\/Sc65ccf4103d442e4bc93f69a737adfb4O.jpg\" \/><img decoding=\"async\" src=\"https:\/\/ae01.alicdn.com\/kf\/S8427b9985a86404aa57d8ef22006ba1a6.jpg\" \/><img decoding=\"async\" src=\"https:\/\/ae01.alicdn.com\/kf\/S7b6e5156e6a14052a16b19cfab87b5ee5.jpg\" \/><\/p>\n<p>&nbsp;<\/p>","protected":false},"excerpt":{"rendered":"<p><strong>\u2022 Silikonisolierung:<\/strong>Erleben Sie die Vorteile der hervorragenden Silikonisolierung mit diesen Handschuhen, die Ihre H\u00e4nde vor den hohen Temperaturen im Ofen sch\u00fctzen.<\/p>\n<p><strong>\u2022 Anti-Rutsch-Funktion:<\/strong>Diese Handschuhe verf\u00fcgen \u00fcber ein integriertes Anti-Rutsch-Design, das eine sichere Verwendung auch bei Feuchtigkeit gew\u00e4hrleistet und das Risiko von Ausrutschern und St\u00fcrzen verringert.<\/p>\n<p><strong>\u2022 Verl\u00e4ngert und verdickt:<\/strong>Das verl\u00e4ngerte und verdickte Design dieser Handschuhe bietet zus\u00e4tzlichen Schutz f\u00fcr Ihre Handgelenke und H\u00e4nde und macht sie ideal f\u00fcr den Umgang mit hei\u00dfen T\u00f6pfen und Pfannen.<\/p>\n<p><strong>\u2022 Hochtemperaturbest\u00e4ndig:<\/strong>Diese Handschuhe sind f\u00fcr die Best\u00e4ndigkeit gegen hohe Temperaturen konzipiert und eignen sich perfekt zum Backen, Kochen und f\u00fcr andere K\u00fcchent\u00e4tigkeiten. Sie sch\u00fctzen Ihre Haut vor Verbrennungen.<\/p>\n<p><strong>\u2022 Bestickter Stil:<\/strong>Mit ihrem bestickten Stil erf\u00fcllen diese Handschuhe nicht nur einen praktischen Zweck, sondern verleihen Ihrem K\u00fcchengeschirr auch einen Hauch von Eleganz.<\/p>","protected":false},"featured_media":3131,"comment_status":"open","ping_status":"closed","template":"","meta":{"site-sidebar-layout":"default","site-content-layout":"","ast-site-content-layout":"default","site-content-style":"default","site-sidebar-style":"default","ast-global-header-display":"","ast-banner-title-visibility":"","ast-main-header-display":"","ast-hfb-above-header-display":"","ast-hfb-below-header-display":"","ast-hfb-mobile-header-display":"","site-post-title":"","ast-breadcrumbs-content":"","ast-featured-img":"","footer-sml-layout":"","ast-disable-related-posts":"","theme-transparent-header-meta":"default","adv-header-id-meta":"","stick-header-meta":"default","header-above-stick-meta":"","header-main-stick-meta":"","header-below-stick-meta":"","astra-migrate-meta-layouts":"set","ast-page-background-enabled":"default","ast-page-background-meta":{"desktop":{"background-color":"var(--ast-global-color-4)","background-image":"","background-repeat":"repeat","background-position":"center center","background-size":"auto","background-attachment":"scroll","background-type":"","background-media":"","overlay-type":"","overlay-color":"","overlay-opacity":"","overlay-gradient":""},"tablet":{"background-color":"","background-image":"","background-repeat":"repeat","background-position":"center center","background-size":"auto","background-attachment":"scroll","background-type":"","background-media":"","overlay-type":"","overlay-color":"","overlay-opacity":"","overlay-gradient":""},"mobile":{"background-color":"","background-image":"","background-repeat":"repeat","background-position":"center center","background-size":"auto","background-attachment":"scroll","background-type":"","background-media":"","overlay-type":"","overlay-color":"","overlay-opacity":"","overlay-gradient":""}},"ast-content-background-meta":{"desktop":{"background-color":"var(--ast-global-color-5)","background-image":"","background-repeat":"repeat","background-position":"center center","background-size":"auto","background-attachment":"scroll","background-type":"","background-media":"","overlay-type":"","overlay-color":"","overlay-opacity":"","overlay-gradient":""},"tablet":{"background-color":"var(--ast-global-color-5)","background-image":"","background-repeat":"repeat","background-position":"center center","background-size":"auto","background-attachment":"scroll","background-type":"","background-media":"","overlay-type":"","overlay-color":"","overlay-opacity":"","overlay-gradient":""},"mobile":{"background-color":"var(--ast-global-color-5)","background-image":"","background-repeat":"repeat","background-position":"center center","background-size":"auto","background-attachment":"scroll","background-type":"","background-media":"","overlay-type":"","overlay-color":"","overlay-opacity":"","overlay-gradient":""}}},"product_brand":[],"product_cat":[80],"product_tag":[],"class_list":{"0":"post-3137","1":"product","2":"type-product","3":"status-publish","4":"has-post-thumbnail","6":"product_cat-kitchen-gadgets","7":"product_shipping_class-shipping-time-15-20-days","8":"desktop-align-left","9":"tablet-align-left","10":"mobile-align-left","12":"first","13":"instock","14":"sale","15":"shipping-taxable","16":"purchasable","17":"product-type-variable"},"_links":{"self":[{"href":"https:\/\/kifood.cn\/de\/wp-json\/wp\/v2\/product\/3137","targetHints":{"allow":["GET"]}}],"collection":[{"href":"https:\/\/kifood.cn\/de\/wp-json\/wp\/v2\/product"}],"about":[{"href":"https:\/\/kifood.cn\/de\/wp-json\/wp\/v2\/types\/product"}],"replies":[{"embeddable":true,"href":"https:\/\/kifood.cn\/de\/wp-json\/wp\/v2\/comments?post=3137"}],"wp:featuredmedia":[{"embeddable":true,"href":"https:\/\/kifood.cn\/de\/wp-json\/wp\/v2\/media\/3131"}],"wp:attachment":[{"href":"https:\/\/kifood.cn\/de\/wp-json\/wp\/v2\/media?parent=3137"}],"wp:term":[{"taxonomy":"product_brand","embeddable":true,"href":"https:\/\/kifood.cn\/de\/wp-json\/wp\/v2\/product_brand?post=3137"},{"taxonomy":"product_cat","embeddable":true,"href":"https:\/\/kifood.cn\/de\/wp-json\/wp\/v2\/product_cat?post=3137"},{"taxonomy":"product_tag","embeddable":true,"href":"https:\/\/kifood.cn\/de\/wp-json\/wp\/v2\/product_tag?post=3137"}],"curies":[{"name":"wp","href":"https:\/\/api.w.org\/{rel}","templated":true}]}}