{"id":3000,"date":"2024-04-23T12:36:00","date_gmt":"2024-04-23T12:36:00","guid":{"rendered":"https:\/\/kifood.cn\/?post_type=product&#038;p=3000"},"modified":"2024-05-14T03:57:40","modified_gmt":"2024-05-14T03:57:40","slug":"12-pcs-non-stick-silicone-kitchen-utensils-set","status":"publish","type":"product","link":"https:\/\/kifood.cn\/de\/produkt\/12-pcs-non-stick-silicone-kitchen-utensils-set\/","title":{"rendered":"12-teiliges antihaftbeschichtetes K\u00fcchenutensilien-Set aus Silikon"},"content":{"rendered":"<p>PREMIUM-MATERIAL: Unser K\u00fcchenkochutensilien-Set besteht aus einem Kopf aus lebensmittelechtem Silikon und einem Griff aus Hartholz. Das Kochen mit dem antihaftbeschichteten Silikonutensilien-Set sch\u00fctzt Ihr Kochgeschirr vor Kratzern, l\u00e4sst sich gut verwenden, ohne zu schmelzen, ist umweltfreundlich und geruchslos, flexibel mit h\u00f6herer Festigkeit und kann lange verwendet werden.<\/p>\n<p>HITZEBEST\u00c4NDIGES DESIGN: Dieses Silikon-K\u00fcchenutensil ist temperaturbest\u00e4ndig bis 40 \u00b0C \u2013 230 \u00b0C (104 \u00b0F \u2013 446 \u00b0F) und somit f\u00fcr hei\u00dfe Speisen, Herd, Sp\u00fclmaschine usw. geeignet. Das weiche Silikondesign schadet der Beschichtung Ihres Topfes nicht und hinterl\u00e4sst keine Spuren. Es ist gesund und sicher in der Anwendung. Es nimmt weder Ger\u00fcche noch Farbe an.<\/p>\n<p>EINFACH ZU LAGERN UND ZU REINIGEN: Das K\u00fcchenutensilien-Set f\u00fcr antihaftbeschichtetes Kochgeschirr hat ein nahtloses Design, und das weiche Silikon und der Holzgriff machen es sch\u00f6n und stabil. L\u00e4sst sich in Sekundenschnelle mit warmem Wasser und Seife reinigen oder ist sp\u00fclmaschinenfest. Jedes Ende des Silikonspatels hat eine Aufh\u00e4ngeschlaufe, an der Sie ihn nach der Reinigung aufh\u00e4ngen k\u00f6nnen, damit er schnell trocknet.<\/p>\n<p>LIEFERUMFANG: Eine Aufbewahrungsdose f\u00fcr K\u00fcchenutensilien und ein Set mit 11 antihaftbeschichteten Silikonformen zum Kochen und Backen: sorgf\u00e4ltig ausgew\u00e4hlt f\u00fcr eine Vielzahl von K\u00fcchenaufgaben. Das Set enth\u00e4lt: Pfannenwender, Schauml\u00f6ffel, Sch\u00f6pfkelle, Pastagabel, Zange, Becher\/Sieb, Schneebesen, L\u00f6ffel, Fettpinsel, erh\u00e4ltlich in Schwarz, Grau und Salbeigr\u00fcn.<\/p>\n<p>VIELSEITIGE ANWENDUNGEN: Dieses Silikon-Kochutensilien-Set eignet sich f\u00fcr K\u00fcche, Restaurant, Camping, Grillpartys, Urlaub am Meer usw. Ideal f\u00fcr K\u00f6che, B\u00e4cker, Konditoren und Hobbyk\u00f6che. Das ideale Geschenk f\u00fcr jeden. Ideal zum R\u00fchren, Schaben, Falten, Kochen und D\u00e4mpfen aller Arten von Lebensmitteln. Das antihaftbeschichtete Silikon-Kochutensilien-Set ist ein Muss f\u00fcr Ihre K\u00fcche.<\/p>\n<p class=\"ql-align-center\"><img decoding=\"async\" src=\"https:\/\/ae01.alicdn.com\/kf\/Sa7edd34cef2d417d92b5f18c16c53d38R.jpg\" \/><\/p>\n<p class=\"ql-align-center\"><img decoding=\"async\" src=\"https:\/\/ae01.alicdn.com\/kf\/Sa438118ee63643a89acadde11e214e90k.jpg\" \/><\/p>\n<p class=\"ql-align-center\"><img decoding=\"async\" src=\"https:\/\/ae01.alicdn.com\/kf\/Sb285520f8fde4c9b800479a973cddee2d.jpg\" \/><\/p>\n<p class=\"ql-align-center\"><img decoding=\"async\" src=\"https:\/\/ae01.alicdn.com\/kf\/S7e8e4671143f49a38e7b409dc4d9164eG.jpg\" \/><\/p>\n<p class=\"ql-align-center\"><img decoding=\"async\" src=\"https:\/\/ae01.alicdn.com\/kf\/Sd61f5302ab564b178f1ef993343b4aebb.jpg\" \/><\/p>\n<p class=\"ql-align-center\"><img decoding=\"async\" src=\"https:\/\/ae01.alicdn.com\/kf\/Sbd57fc643c2248e4a9ed6d4f51411289t.jpg\" \/><\/p>\n<p class=\"ql-align-center\"><img decoding=\"async\" src=\"https:\/\/ae01.alicdn.com\/kf\/S4cb1b45e19bc4b20af66bcd681525f9aL.jpg\" \/><\/p>\n<p class=\"ql-align-center\"><img decoding=\"async\" src=\"https:\/\/ae01.alicdn.com\/kf\/S5cca995e80404b269e6dd43583950791n.jpg\" \/><\/p>\n<p class=\"ql-align-center\"><img decoding=\"async\" src=\"https:\/\/ae01.alicdn.com\/kf\/S67772977b9b94895865d3b30624a7ec2T.jpg\" \/><\/p>\n<p class=\"ql-align-center\"><img decoding=\"async\" src=\"https:\/\/ae01.alicdn.com\/kf\/S4937f68db2894b078ff69f3c349503bfb.jpg\" \/><\/p>\n<p class=\"ql-align-center\"><img decoding=\"async\" src=\"https:\/\/ae01.alicdn.com\/kf\/S89b3515b9abc4c15aa4b0ed7d8b181494.jpg\" \/><\/p>","protected":false},"excerpt":{"rendered":"<div class=\"chat_box\" data-v-14b09e78=\"\">\n<div class=\"chat\" data-v-14b09e78=\"\">\n<div class=\"v-note-wrapper markdown-body\" data-v-7a63e4b3=\"\" data-v-14b09e78=\"\">\n<div class=\"v-note-panel\" data-v-7a63e4b3=\"\">\n<div class=\"v-note-show single-show\" data-v-7a63e4b3=\"\">\n<div class=\"v-show-content scroll-style scroll-style-border-radius\" data-v-7a63e4b3=\"\">\n<p><strong>PREMIUM-MATERIAL:<\/strong>\u00a0Unsere Utensilien werden aus lebensmittelechtem Silikon und Hartholz hergestellt und sind langlebig, umweltfreundlich und sicher f\u00fcr antihaftbeschichtete Oberfl\u00e4chen.<\/p>\n<p><strong>HITZEBEST\u00c4NDIGES DESIGN:<\/strong>\u00a0Diese Werkzeuge sind hitzebest\u00e4ndig von 40 \u00b0C bis 230 \u00b0C (104 \u00b0F\u2013446 \u00b0F), sch\u00fctzen das Kochgeschirr und nehmen weder Ger\u00fcche noch Farben an.<\/p>\n<p><strong>EINFACH ZU LAGERN UND ZU REINIGEN:<\/strong>\u00a0Nahtlose, sp\u00fclmaschinenfeste Utensilien mit Aufh\u00e4nge\u00f6sen zur einfachen Aufbewahrung.<\/p>\n<p><strong>PAKET BEINHALTET:<\/strong>\u00a0Wird mit 11 K\u00fcchenutensilien aus Silikon und einer Aufbewahrungsdose geliefert und ist in drei Farben erh\u00e4ltlich.<\/p>\n<\/div>\n<\/div>\n<\/div>\n<\/div>\n<\/div>\n<\/div>","protected":false},"featured_media":2994,"comment_status":"open","ping_status":"closed","template":"","meta":{"site-sidebar-layout":"default","site-content-layout":"","ast-site-content-layout":"default","site-content-style":"default","site-sidebar-style":"default","ast-global-header-display":"","ast-banner-title-visibility":"","ast-main-header-display":"","ast-hfb-above-header-display":"","ast-hfb-below-header-display":"","ast-hfb-mobile-header-display":"","site-post-title":"","ast-breadcrumbs-content":"","ast-featured-img":"","footer-sml-layout":"","ast-disable-related-posts":"","theme-transparent-header-meta":"default","adv-header-id-meta":"","stick-header-meta":"default","header-above-stick-meta":"","header-main-stick-meta":"","header-below-stick-meta":"","astra-migrate-meta-layouts":"set","ast-page-background-enabled":"default","ast-page-background-meta":{"desktop":{"background-color":"var(--ast-global-color-4)","background-image":"","background-repeat":"repeat","background-position":"center center","background-size":"auto","background-attachment":"scroll","background-type":"","background-media":"","overlay-type":"","overlay-color":"","overlay-opacity":"","overlay-gradient":""},"tablet":{"background-color":"","background-image":"","background-repeat":"repeat","background-position":"center center","background-size":"auto","background-attachment":"scroll","background-type":"","background-media":"","overlay-type":"","overlay-color":"","overlay-opacity":"","overlay-gradient":""},"mobile":{"background-color":"","background-image":"","background-repeat":"repeat","background-position":"center center","background-size":"auto","background-attachment":"scroll","background-type":"","background-media":"","overlay-type":"","overlay-color":"","overlay-opacity":"","overlay-gradient":""}},"ast-content-background-meta":{"desktop":{"background-color":"var(--ast-global-color-5)","background-image":"","background-repeat":"repeat","background-position":"center center","background-size":"auto","background-attachment":"scroll","background-type":"","background-media":"","overlay-type":"","overlay-color":"","overlay-opacity":"","overlay-gradient":""},"tablet":{"background-color":"var(--ast-global-color-5)","background-image":"","background-repeat":"repeat","background-position":"center center","background-size":"auto","background-attachment":"scroll","background-type":"","background-media":"","overlay-type":"","overlay-color":"","overlay-opacity":"","overlay-gradient":""},"mobile":{"background-color":"var(--ast-global-color-5)","background-image":"","background-repeat":"repeat","background-position":"center center","background-size":"auto","background-attachment":"scroll","background-type":"","background-media":"","overlay-type":"","overlay-color":"","overlay-opacity":"","overlay-gradient":""}}},"product_brand":[],"product_cat":[82],"product_tag":[],"class_list":{"0":"post-3000","1":"product","2":"type-product","3":"status-publish","4":"has-post-thumbnail","6":"product_cat-kitchen-utensil","7":"product_shipping_class-shipping-time-15-20-days","8":"desktop-align-left","9":"tablet-align-left","10":"mobile-align-left","12":"first","13":"instock","14":"sale","15":"shipping-taxable","16":"purchasable","17":"product-type-variable"},"_links":{"self":[{"href":"https:\/\/kifood.cn\/de\/wp-json\/wp\/v2\/product\/3000","targetHints":{"allow":["GET"]}}],"collection":[{"href":"https:\/\/kifood.cn\/de\/wp-json\/wp\/v2\/product"}],"about":[{"href":"https:\/\/kifood.cn\/de\/wp-json\/wp\/v2\/types\/product"}],"replies":[{"embeddable":true,"href":"https:\/\/kifood.cn\/de\/wp-json\/wp\/v2\/comments?post=3000"}],"wp:featuredmedia":[{"embeddable":true,"href":"https:\/\/kifood.cn\/de\/wp-json\/wp\/v2\/media\/2994"}],"wp:attachment":[{"href":"https:\/\/kifood.cn\/de\/wp-json\/wp\/v2\/media?parent=3000"}],"wp:term":[{"taxonomy":"product_brand","embeddable":true,"href":"https:\/\/kifood.cn\/de\/wp-json\/wp\/v2\/product_brand?post=3000"},{"taxonomy":"product_cat","embeddable":true,"href":"https:\/\/kifood.cn\/de\/wp-json\/wp\/v2\/product_cat?post=3000"},{"taxonomy":"product_tag","embeddable":true,"href":"https:\/\/kifood.cn\/de\/wp-json\/wp\/v2\/product_tag?post=3000"}],"curies":[{"name":"wp","href":"https:\/\/api.w.org\/{rel}","templated":true}]}}