{"id":2659,"date":"2024-04-23T04:34:00","date_gmt":"2024-04-23T04:34:00","guid":{"rendered":"https:\/\/kifood.cn\/?post_type=product&#038;p=2659"},"modified":"2024-05-09T06:07:55","modified_gmt":"2024-05-09T06:07:55","slug":"large-chicken-breast-shredder-tool","status":"publish","type":"product","link":"https:\/\/kifood.cn\/de\/produkt\/large-chicken-breast-shredder-tool\/","title":{"rendered":"Gro\u00dfes H\u00e4hnchenbrust-Zerkleinerer-Werkzeug"},"content":{"rendered":"<ul class=\"a-unordered-list a-vertical a-spacing-mini\">\n<li class=\"a-spacing-mini\"><div style=\"width: 854px;\" class=\"wp-video\"><video class=\"wp-video-shortcode\" id=\"video-2659-1\" width=\"854\" height=\"480\" preload=\"metadata\" controls=\"controls\"><source type=\"video\/mp4\" src=\"https:\/\/kifood.cn\/wp-content\/uploads\/2024\/04\/\u89c6\u9891-default.jobte_.mp4?_=1\" \/><a href=\"https:\/\/kifood.cn\/wp-content\/uploads\/2024\/04\/\u89c6\u9891-default.jobte_.mp4\">https:\/\/kifood.cn\/wp-content\/uploads\/2024\/04\/\u89c6\u9891-default.jobte_.mp4<\/a><\/video><\/div>\n<p><span class=\"a-list-item\">Verbesserter H\u00fchnerfleischzerkleinerer: Im Vergleich zum Vorg\u00e4ngermodell haben wir die innere Zerkleinerungsstruktur und einen rutschfesten Streifen optimiert. Das Ger\u00e4t ist nun effizienter und zeitsparender und rutscht nicht mehr von der Arbeitsfl\u00e4che. Das blumenf\u00f6rmige Design und der transparente Deckel mit P\u00fcnktchenmuster erinnern an eine bl\u00fchende Blume.<\/span><\/li>\n<li class=\"a-spacing-mini\"><span class=\"a-list-item\">Zerkleinern Sie Fleisch in Sekundenschnelle: Die Fleischmaschine verf\u00fcgt \u00fcber integrierte Kunststoffz\u00e4hne, die die gesamte Fl\u00e4che abdecken und das Fleisch fest umschlie\u00dfen. Der Deckel ist mit zus\u00e4tzlichen Noppen am Rand versehen, die das zerkleinerte Fleisch in der Mitte zusammenhalten und so f\u00fcr gleichm\u00e4\u00dfiges Schneiden sorgen. Dank des ergonomischen Griffs und des rutschfesten Bodens ist die Maschine auch bei h\u00e4ufigem Gebrauch komfortabel und einfach zu bedienen. Diese optimierte Konstruktion macht Ihre Kochvorg\u00e4nge effizienter.<\/span><\/li>\n<li class=\"a-spacing-mini\"><span class=\"a-list-item\">LEBENSMITTELECHTES MATERIAL &amp; SP\u00dcLMASCHINENFEST: Der Fleischzerkleinerer ist aus hochwertigem, lebensmittelechtem Material gefertigt, BPA-frei und hitzebest\u00e4ndig bis 180 \u00b0C. Sie m\u00fcssen sich keine Sorgen machen, dass der Kunststoff-H\u00fchnerzerkleinerer in der N\u00e4he des Grills oder in der Sp\u00fclmaschine schmilzt. Im Lieferumfang ist eine Reinigungsb\u00fcrste enthalten, sodass Sie ihn auch von Hand leichter reinigen k\u00f6nnen.<\/span><\/li>\n<li class=\"a-spacing-mini\"><span class=\"a-list-item\">Eine unverzichtbare K\u00fcchenhilfe: Der Fleischzerkleinerer ist ideal f\u00fcr Fitnessbegeisterte, Grillfans und alle, die gerne kochen. Er zerkleinert H\u00e4hnchen, Schweinefleisch, Rindfleisch und Gem\u00fcse m\u00fchelos und eignet sich hervorragend f\u00fcr Enchiladas, Tacos, Pulled Pork, Thunfischsalat, Buffalo Chicken Salat und Aufl\u00e4ufe. Auch Tierliebhaber k\u00f6nnen ihn verwenden, um H\u00fchnerfleisch fein f\u00fcr Tierfutter zu zerkleinern. Ein ideales Geschenk f\u00fcr Familie und Freunde zu jedem Anlass.<\/span><\/li>\n<li class=\"a-spacing-mini\"><span class=\"a-list-item\">ANWENDUNG: Das Fleisch muss vorgegart und in kleine St\u00fccke geschnitten werden. Rohes Fleisch darf nicht verwendet werden, da es den Fleischwolf besch\u00e4digt. Die Fleischst\u00fccke werden in drei Portionen geteilt und auf den Fleischwolf gegeben, der das Fleisch fein und gleichm\u00e4\u00dfig zerkleinert. F\u00fcr einen anderen Zerkleinerungsgrad kann der Fleischwolf mehrmals gedreht werden. Sobald der gew\u00fcnschte Zerkleinerungsgrad durch den transparenten Deckel sichtbar ist, kann dieser ge\u00f6ffnet und das Fleisch in eine Sch\u00fcssel gegeben werden, um ein leckeres Gericht zuzubereiten.<\/span><\/li>\n<li><img fetchpriority=\"high\" decoding=\"async\" class=\"alignnone size-full wp-image-2672\" src=\"https:\/\/kifood.cn\/wp-content\/uploads\/2024\/04\/Orange-01.jpg\" alt=\"\" width=\"1000\" height=\"1000\" srcset=\"https:\/\/kifood.cn\/wp-content\/uploads\/2024\/04\/Orange-01.jpg 1000w, https:\/\/kifood.cn\/wp-content\/uploads\/2024\/04\/Orange-01-300x300.jpg 300w, https:\/\/kifood.cn\/wp-content\/uploads\/2024\/04\/Orange-01-150x150.jpg 150w, https:\/\/kifood.cn\/wp-content\/uploads\/2024\/04\/Orange-01-768x768.jpg 768w, https:\/\/kifood.cn\/wp-content\/uploads\/2024\/04\/Orange-01-200x200.jpg 200w, https:\/\/kifood.cn\/wp-content\/uploads\/2024\/04\/Orange-01-100x100.jpg 100w, https:\/\/kifood.cn\/wp-content\/uploads\/2024\/04\/Orange-01-50x50.jpg 50w\" sizes=\"(max-width: 1000px) 100vw, 1000px\" \/> <img decoding=\"async\" class=\"alignnone size-full wp-image-2668\" src=\"https:\/\/kifood.cn\/wp-content\/uploads\/2024\/04\/Orange-04.jpg\" alt=\"\" width=\"1000\" height=\"1000\" srcset=\"https:\/\/kifood.cn\/wp-content\/uploads\/2024\/04\/Orange-04.jpg 1000w, https:\/\/kifood.cn\/wp-content\/uploads\/2024\/04\/Orange-04-300x300.jpg 300w, https:\/\/kifood.cn\/wp-content\/uploads\/2024\/04\/Orange-04-150x150.jpg 150w, https:\/\/kifood.cn\/wp-content\/uploads\/2024\/04\/Orange-04-768x768.jpg 768w, https:\/\/kifood.cn\/wp-content\/uploads\/2024\/04\/Orange-04-200x200.jpg 200w, https:\/\/kifood.cn\/wp-content\/uploads\/2024\/04\/Orange-04-100x100.jpg 100w, https:\/\/kifood.cn\/wp-content\/uploads\/2024\/04\/Orange-04-50x50.jpg 50w\" sizes=\"(max-width: 1000px) 100vw, 1000px\" \/> <img decoding=\"async\" class=\"alignnone size-full wp-image-2669\" src=\"https:\/\/kifood.cn\/wp-content\/uploads\/2024\/04\/Orange-03.jpg\" alt=\"\" width=\"1000\" height=\"1000\" srcset=\"https:\/\/kifood.cn\/wp-content\/uploads\/2024\/04\/Orange-03.jpg 1000w, https:\/\/kifood.cn\/wp-content\/uploads\/2024\/04\/Orange-03-300x300.jpg 300w, https:\/\/kifood.cn\/wp-content\/uploads\/2024\/04\/Orange-03-150x150.jpg 150w, https:\/\/kifood.cn\/wp-content\/uploads\/2024\/04\/Orange-03-768x768.jpg 768w, https:\/\/kifood.cn\/wp-content\/uploads\/2024\/04\/Orange-03-200x200.jpg 200w, https:\/\/kifood.cn\/wp-content\/uploads\/2024\/04\/Orange-03-100x100.jpg 100w, https:\/\/kifood.cn\/wp-content\/uploads\/2024\/04\/Orange-03-50x50.jpg 50w\" sizes=\"(max-width: 1000px) 100vw, 1000px\" \/> <img loading=\"lazy\" decoding=\"async\" class=\"alignnone size-full wp-image-2670\" src=\"https:\/\/kifood.cn\/wp-content\/uploads\/2024\/04\/Orange-05.jpg\" alt=\"\" width=\"1000\" height=\"1000\" srcset=\"https:\/\/kifood.cn\/wp-content\/uploads\/2024\/04\/Orange-05.jpg 1000w, https:\/\/kifood.cn\/wp-content\/uploads\/2024\/04\/Orange-05-300x300.jpg 300w, https:\/\/kifood.cn\/wp-content\/uploads\/2024\/04\/Orange-05-150x150.jpg 150w, https:\/\/kifood.cn\/wp-content\/uploads\/2024\/04\/Orange-05-768x768.jpg 768w, https:\/\/kifood.cn\/wp-content\/uploads\/2024\/04\/Orange-05-200x200.jpg 200w, https:\/\/kifood.cn\/wp-content\/uploads\/2024\/04\/Orange-05-100x100.jpg 100w, https:\/\/kifood.cn\/wp-content\/uploads\/2024\/04\/Orange-05-50x50.jpg 50w\" sizes=\"(max-width: 1000px) 100vw, 1000px\" \/> <img loading=\"lazy\" decoding=\"async\" class=\"alignnone size-full wp-image-2671\" src=\"https:\/\/kifood.cn\/wp-content\/uploads\/2024\/04\/Orange-02.jpg\" alt=\"\" width=\"1000\" height=\"1000\" srcset=\"https:\/\/kifood.cn\/wp-content\/uploads\/2024\/04\/Orange-02.jpg 1000w, https:\/\/kifood.cn\/wp-content\/uploads\/2024\/04\/Orange-02-300x300.jpg 300w, https:\/\/kifood.cn\/wp-content\/uploads\/2024\/04\/Orange-02-150x150.jpg 150w, https:\/\/kifood.cn\/wp-content\/uploads\/2024\/04\/Orange-02-768x768.jpg 768w, https:\/\/kifood.cn\/wp-content\/uploads\/2024\/04\/Orange-02-200x200.jpg 200w, https:\/\/kifood.cn\/wp-content\/uploads\/2024\/04\/Orange-02-100x100.jpg 100w, https:\/\/kifood.cn\/wp-content\/uploads\/2024\/04\/Orange-02-50x50.jpg 50w\" sizes=\"(max-width: 1000px) 100vw, 1000px\" \/> <img loading=\"lazy\" decoding=\"async\" class=\"alignnone size-full wp-image-2674\" src=\"https:\/\/kifood.cn\/wp-content\/uploads\/2024\/04\/Orange-06-1.jpg\" alt=\"\" width=\"1000\" height=\"1000\" srcset=\"https:\/\/kifood.cn\/wp-content\/uploads\/2024\/04\/Orange-06-1.jpg 1000w, https:\/\/kifood.cn\/wp-content\/uploads\/2024\/04\/Orange-06-1-300x300.jpg 300w, https:\/\/kifood.cn\/wp-content\/uploads\/2024\/04\/Orange-06-1-150x150.jpg 150w, https:\/\/kifood.cn\/wp-content\/uploads\/2024\/04\/Orange-06-1-768x768.jpg 768w, https:\/\/kifood.cn\/wp-content\/uploads\/2024\/04\/Orange-06-1-200x200.jpg 200w, https:\/\/kifood.cn\/wp-content\/uploads\/2024\/04\/Orange-06-1-100x100.jpg 100w, https:\/\/kifood.cn\/wp-content\/uploads\/2024\/04\/Orange-06-1-50x50.jpg 50w\" sizes=\"(max-width: 1000px) 100vw, 1000px\" \/> <img loading=\"lazy\" decoding=\"async\" class=\"alignnone size-full wp-image-2673\" src=\"https:\/\/kifood.cn\/wp-content\/uploads\/2024\/04\/Orange-07-e1713846620856.jpg\" alt=\"\" width=\"1000\" height=\"708\" srcset=\"https:\/\/kifood.cn\/wp-content\/uploads\/2024\/04\/Orange-07-e1713846620856.jpg 1000w, https:\/\/kifood.cn\/wp-content\/uploads\/2024\/04\/Orange-07-e1713846620856-300x212.jpg 300w, https:\/\/kifood.cn\/wp-content\/uploads\/2024\/04\/Orange-07-e1713846620856-768x544.jpg 768w\" sizes=\"(max-width: 1000px) 100vw, 1000px\" \/><\/li>\n<\/ul>","protected":false},"excerpt":{"rendered":"<p>**Verbesserter H\u00e4hnchenzerkleinerer:** Optimiert mit einer neuen Innenstruktur und einem robusten Antirutschstreifen f\u00fcr mehr Effizienz und Stabilit\u00e4t. Mit floralem Design und einem transparenten Deckel mit Punkten.<\/p>\n<p>**Schnelles Zerkleinern:** Integrierte Kunststoffz\u00e4hne und zus\u00e4tzliche Spikes im Deckel sorgen f\u00fcr gleichm\u00e4\u00dfiges und effizientes Zerkleinern von Fleisch. Ergonomischer Griff und rutschfester Boden bieten Komfort und einfache Handhabung auch bei starker Beanspruchung.<\/p>\n<p>**Lebensmittelechtes Material &amp; sp\u00fclmaschinenfest:** Hergestellt aus hochwertigem, BPA-freiem Material, das bis 180 \u00b0C hitzebest\u00e4ndig ist. Inklusive Reinigungsb\u00fcrste f\u00fcr die einfache Handw\u00e4sche.<\/p>\n<p>**Vielseitiges K\u00fcchenger\u00e4t:** Ideal zum Zerkleinern von H\u00e4hnchen-, Schweine- und Rindfleisch sowie Gem\u00fcse f\u00fcr Gerichte wie Enchiladas, Tacos und Salate. Auch zur Zubereitung von Tierfutter geeignet.<\/p>\n<p>**Gebrauchsanweisung:** Fleisch vor dem Zerkleinern garen und in kleine St\u00fccke schneiden, um die Spie\u00dfe nicht zu besch\u00e4digen. F\u00fcr ein feineres Ergebnis mehrmals drehen und den Fortschritt durch den transparenten Deckel \u00fcberpr\u00fcfen.<\/p>","protected":false},"featured_media":2672,"comment_status":"open","ping_status":"closed","template":"","meta":{"site-sidebar-layout":"default","site-content-layout":"","ast-site-content-layout":"default","site-content-style":"default","site-sidebar-style":"default","ast-global-header-display":"","ast-banner-title-visibility":"","ast-main-header-display":"","ast-hfb-above-header-display":"","ast-hfb-below-header-display":"","ast-hfb-mobile-header-display":"","site-post-title":"","ast-breadcrumbs-content":"","ast-featured-img":"","footer-sml-layout":"","ast-disable-related-posts":"","theme-transparent-header-meta":"default","adv-header-id-meta":"","stick-header-meta":"default","header-above-stick-meta":"","header-main-stick-meta":"","header-below-stick-meta":"","astra-migrate-meta-layouts":"set","ast-page-background-enabled":"default","ast-page-background-meta":{"desktop":{"background-color":"var(--ast-global-color-4)","background-image":"","background-repeat":"repeat","background-position":"center center","background-size":"auto","background-attachment":"scroll","background-type":"","background-media":"","overlay-type":"","overlay-color":"","overlay-opacity":"","overlay-gradient":""},"tablet":{"background-color":"","background-image":"","background-repeat":"repeat","background-position":"center center","background-size":"auto","background-attachment":"scroll","background-type":"","background-media":"","overlay-type":"","overlay-color":"","overlay-opacity":"","overlay-gradient":""},"mobile":{"background-color":"","background-image":"","background-repeat":"repeat","background-position":"center center","background-size":"auto","background-attachment":"scroll","background-type":"","background-media":"","overlay-type":"","overlay-color":"","overlay-opacity":"","overlay-gradient":""}},"ast-content-background-meta":{"desktop":{"background-color":"var(--ast-global-color-5)","background-image":"","background-repeat":"repeat","background-position":"center center","background-size":"auto","background-attachment":"scroll","background-type":"","background-media":"","overlay-type":"","overlay-color":"","overlay-opacity":"","overlay-gradient":""},"tablet":{"background-color":"var(--ast-global-color-5)","background-image":"","background-repeat":"repeat","background-position":"center center","background-size":"auto","background-attachment":"scroll","background-type":"","background-media":"","overlay-type":"","overlay-color":"","overlay-opacity":"","overlay-gradient":""},"mobile":{"background-color":"var(--ast-global-color-5)","background-image":"","background-repeat":"repeat","background-position":"center center","background-size":"auto","background-attachment":"scroll","background-type":"","background-media":"","overlay-type":"","overlay-color":"","overlay-opacity":"","overlay-gradient":""}}},"product_brand":[],"product_cat":[80],"product_tag":[],"class_list":{"0":"post-2659","1":"product","2":"type-product","3":"status-publish","4":"has-post-thumbnail","6":"product_cat-kitchen-gadgets","7":"product_shipping_class-shipping-time-15-20-days","8":"desktop-align-left","9":"tablet-align-left","10":"mobile-align-left","12":"first","13":"instock","14":"sale","15":"shipping-taxable","16":"purchasable","17":"product-type-variable"},"_links":{"self":[{"href":"https:\/\/kifood.cn\/de\/wp-json\/wp\/v2\/product\/2659","targetHints":{"allow":["GET"]}}],"collection":[{"href":"https:\/\/kifood.cn\/de\/wp-json\/wp\/v2\/product"}],"about":[{"href":"https:\/\/kifood.cn\/de\/wp-json\/wp\/v2\/types\/product"}],"replies":[{"embeddable":true,"href":"https:\/\/kifood.cn\/de\/wp-json\/wp\/v2\/comments?post=2659"}],"wp:featuredmedia":[{"embeddable":true,"href":"https:\/\/kifood.cn\/de\/wp-json\/wp\/v2\/media\/2672"}],"wp:attachment":[{"href":"https:\/\/kifood.cn\/de\/wp-json\/wp\/v2\/media?parent=2659"}],"wp:term":[{"taxonomy":"product_brand","embeddable":true,"href":"https:\/\/kifood.cn\/de\/wp-json\/wp\/v2\/product_brand?post=2659"},{"taxonomy":"product_cat","embeddable":true,"href":"https:\/\/kifood.cn\/de\/wp-json\/wp\/v2\/product_cat?post=2659"},{"taxonomy":"product_tag","embeddable":true,"href":"https:\/\/kifood.cn\/de\/wp-json\/wp\/v2\/product_tag?post=2659"}],"curies":[{"name":"wp","href":"https:\/\/api.w.org\/{rel}","templated":true}]}}