{"id":2642,"date":"2024-04-23T03:49:00","date_gmt":"2024-04-23T03:49:00","guid":{"rendered":"https:\/\/kifood.cn\/?post_type=product&#038;p=2642"},"modified":"2024-05-09T06:08:00","modified_gmt":"2024-05-09T06:08:00","slug":"manual-large-salad-spinner-with-washer-6-qt","status":"publish","type":"product","link":"https:\/\/kifood.cn\/de\/produkt\/manual-large-salad-spinner-with-washer-6-qt\/","title":{"rendered":"Manuelle gro\u00dfe Salatschleuder mit Waschmaschine (6 Qt)"},"content":{"rendered":"<ul class=\"a-unordered-list a-vertical a-spacing-mini\">\n<li class=\"a-spacing-mini\"><div style=\"width: 1280px;\" class=\"wp-video\"><video class=\"wp-video-shortcode\" id=\"video-2642-1\" width=\"1280\" height=\"720\" preload=\"metadata\" controls=\"controls\"><source type=\"video\/mp4\" src=\"https:\/\/kifood.cn\/wp-content\/uploads\/2024\/04\/\u89c6\u9891-434964298058.mp4?_=1\" \/><a href=\"https:\/\/kifood.cn\/wp-content\/uploads\/2024\/04\/\u89c6\u9891-434964298058.mp4\">https:\/\/kifood.cn\/wp-content\/uploads\/2024\/04\/\u89c6\u9891-434964298058.mp4<\/a><\/video><\/div>\n<p><span class=\"a-list-item\">Ausreichend gro\u00dfe Salatschleuder: Die 6-Liter-Salatschleuder reicht f\u00fcr den Haushalt von 4\u20137 Personen. Die Salatschleuder kann auch als Gem\u00fcsewaschkorb verwendet werden, da alle Zubeh\u00f6rteile platzsparend zusammengesammelt sind. Die Salatschleuder eignet sich nicht nur zum Trocknen von Gem\u00fcse, sondern auch von Obst, sodass Sie trockenes und knackiges Obst und Gem\u00fcse genie\u00dfen k\u00f6nnen.<\/span><\/li>\n<li class=\"a-spacing-mini\"><span class=\"a-list-item\">Gutes Design: Die Gem\u00fcseschleuder l\u00e4sst sich mit nur einer Hand bedienen. Der rutschfeste Ring an der Unterseite verhindert effektiv ein Verrutschen der Salatschleuder. Die Salatschleuder verf\u00fcgt \u00fcber einen Bremsknopf, der die Schleuderfunktion auf Knopfdruck ohne Wartezeit stoppt. So wird Ihr Salat effektiv von \u00fcbersch\u00fcssigem Wasser befreit und ist in Sekundenschnelle bereit f\u00fcr Ihren Salat!<\/span><\/li>\n<li class=\"a-spacing-mini\"><span class=\"a-list-item\">Sicheres Material: Die gro\u00dfe Salatschleuder besteht aus ABS und lebensmittelechtem PP, ist langlebig, sturzsicher und h\u00e4lt hohen Rotationsgeschwindigkeiten stand. Mit einer Obsttrocknerschleuder brauchen Sie keine Papiert\u00fccher mehr zum Trocknen von geschnittenem Gem\u00fcse und k\u00f6nnen schnell einen leckeren Salat genie\u00dfen!<\/span><\/li>\n<li class=\"a-spacing-mini\"><span class=\"a-list-item\">Mehrzweck-Salatschleuder: Die gro\u00dfe Salatschleuder ist nicht nur eine Gem\u00fcseschleuder, sondern auch eine Obstschleuder. Der Innenkorb kann als Gem\u00fcsewaschkorb und die Au\u00dfensch\u00fcssel als R\u00fchr- und Serviersch\u00fcssel verwendet werden.<\/span><\/li>\n<\/ul>\n<p><img fetchpriority=\"high\" decoding=\"async\" class=\"alignnone size-full wp-image-2649\" src=\"https:\/\/kifood.cn\/wp-content\/uploads\/2024\/04\/61eJXpbwKjL.jpg\" alt=\"\" width=\"1000\" height=\"1000\" srcset=\"https:\/\/kifood.cn\/wp-content\/uploads\/2024\/04\/61eJXpbwKjL.jpg 1000w, https:\/\/kifood.cn\/wp-content\/uploads\/2024\/04\/61eJXpbwKjL-300x300.jpg 300w, https:\/\/kifood.cn\/wp-content\/uploads\/2024\/04\/61eJXpbwKjL-150x150.jpg 150w, https:\/\/kifood.cn\/wp-content\/uploads\/2024\/04\/61eJXpbwKjL-768x768.jpg 768w, https:\/\/kifood.cn\/wp-content\/uploads\/2024\/04\/61eJXpbwKjL-200x200.jpg 200w, https:\/\/kifood.cn\/wp-content\/uploads\/2024\/04\/61eJXpbwKjL-100x100.jpg 100w, https:\/\/kifood.cn\/wp-content\/uploads\/2024\/04\/61eJXpbwKjL-50x50.jpg 50w\" sizes=\"(max-width: 1000px) 100vw, 1000px\" \/> <img decoding=\"async\" class=\"alignnone size-full wp-image-2652\" src=\"https:\/\/kifood.cn\/wp-content\/uploads\/2024\/04\/610-r4VnRXL.jpg\" alt=\"\" width=\"1000\" height=\"1000\" srcset=\"https:\/\/kifood.cn\/wp-content\/uploads\/2024\/04\/610-r4VnRXL.jpg 1000w, https:\/\/kifood.cn\/wp-content\/uploads\/2024\/04\/610-r4VnRXL-300x300.jpg 300w, https:\/\/kifood.cn\/wp-content\/uploads\/2024\/04\/610-r4VnRXL-150x150.jpg 150w, https:\/\/kifood.cn\/wp-content\/uploads\/2024\/04\/610-r4VnRXL-768x768.jpg 768w, https:\/\/kifood.cn\/wp-content\/uploads\/2024\/04\/610-r4VnRXL-200x200.jpg 200w, https:\/\/kifood.cn\/wp-content\/uploads\/2024\/04\/610-r4VnRXL-100x100.jpg 100w, https:\/\/kifood.cn\/wp-content\/uploads\/2024\/04\/610-r4VnRXL-50x50.jpg 50w\" sizes=\"(max-width: 1000px) 100vw, 1000px\" \/> <img decoding=\"async\" class=\"alignnone size-full wp-image-2651\" src=\"https:\/\/kifood.cn\/wp-content\/uploads\/2024\/04\/61Ky-08wSKL.jpg\" alt=\"\" width=\"1000\" height=\"1000\" srcset=\"https:\/\/kifood.cn\/wp-content\/uploads\/2024\/04\/61Ky-08wSKL.jpg 1000w, https:\/\/kifood.cn\/wp-content\/uploads\/2024\/04\/61Ky-08wSKL-300x300.jpg 300w, https:\/\/kifood.cn\/wp-content\/uploads\/2024\/04\/61Ky-08wSKL-150x150.jpg 150w, https:\/\/kifood.cn\/wp-content\/uploads\/2024\/04\/61Ky-08wSKL-768x768.jpg 768w, https:\/\/kifood.cn\/wp-content\/uploads\/2024\/04\/61Ky-08wSKL-200x200.jpg 200w, https:\/\/kifood.cn\/wp-content\/uploads\/2024\/04\/61Ky-08wSKL-100x100.jpg 100w, https:\/\/kifood.cn\/wp-content\/uploads\/2024\/04\/61Ky-08wSKL-50x50.jpg 50w\" sizes=\"(max-width: 1000px) 100vw, 1000px\" \/> <img loading=\"lazy\" decoding=\"async\" class=\"alignnone size-full wp-image-2650\" src=\"https:\/\/kifood.cn\/wp-content\/uploads\/2024\/04\/61dJM3QF7qL.jpg\" alt=\"\" width=\"1000\" height=\"1000\" srcset=\"https:\/\/kifood.cn\/wp-content\/uploads\/2024\/04\/61dJM3QF7qL.jpg 1000w, https:\/\/kifood.cn\/wp-content\/uploads\/2024\/04\/61dJM3QF7qL-300x300.jpg 300w, https:\/\/kifood.cn\/wp-content\/uploads\/2024\/04\/61dJM3QF7qL-150x150.jpg 150w, https:\/\/kifood.cn\/wp-content\/uploads\/2024\/04\/61dJM3QF7qL-768x768.jpg 768w, https:\/\/kifood.cn\/wp-content\/uploads\/2024\/04\/61dJM3QF7qL-200x200.jpg 200w, https:\/\/kifood.cn\/wp-content\/uploads\/2024\/04\/61dJM3QF7qL-100x100.jpg 100w, https:\/\/kifood.cn\/wp-content\/uploads\/2024\/04\/61dJM3QF7qL-50x50.jpg 50w\" sizes=\"(max-width: 1000px) 100vw, 1000px\" \/> <img loading=\"lazy\" decoding=\"async\" class=\"alignnone size-full wp-image-2655\" src=\"https:\/\/kifood.cn\/wp-content\/uploads\/2024\/04\/71cYTlY7IGL.jpg\" alt=\"\" width=\"1000\" height=\"1000\" srcset=\"https:\/\/kifood.cn\/wp-content\/uploads\/2024\/04\/71cYTlY7IGL.jpg 1000w, https:\/\/kifood.cn\/wp-content\/uploads\/2024\/04\/71cYTlY7IGL-300x300.jpg 300w, https:\/\/kifood.cn\/wp-content\/uploads\/2024\/04\/71cYTlY7IGL-150x150.jpg 150w, https:\/\/kifood.cn\/wp-content\/uploads\/2024\/04\/71cYTlY7IGL-768x768.jpg 768w, https:\/\/kifood.cn\/wp-content\/uploads\/2024\/04\/71cYTlY7IGL-200x200.jpg 200w, https:\/\/kifood.cn\/wp-content\/uploads\/2024\/04\/71cYTlY7IGL-100x100.jpg 100w, https:\/\/kifood.cn\/wp-content\/uploads\/2024\/04\/71cYTlY7IGL-50x50.jpg 50w\" sizes=\"(max-width: 1000px) 100vw, 1000px\" \/> <img loading=\"lazy\" decoding=\"async\" class=\"alignnone size-full wp-image-2654\" src=\"https:\/\/kifood.cn\/wp-content\/uploads\/2024\/04\/61rlZnI-dmL.jpg\" alt=\"\" width=\"1000\" height=\"1000\" srcset=\"https:\/\/kifood.cn\/wp-content\/uploads\/2024\/04\/61rlZnI-dmL.jpg 1000w, https:\/\/kifood.cn\/wp-content\/uploads\/2024\/04\/61rlZnI-dmL-300x300.jpg 300w, https:\/\/kifood.cn\/wp-content\/uploads\/2024\/04\/61rlZnI-dmL-150x150.jpg 150w, https:\/\/kifood.cn\/wp-content\/uploads\/2024\/04\/61rlZnI-dmL-768x768.jpg 768w, https:\/\/kifood.cn\/wp-content\/uploads\/2024\/04\/61rlZnI-dmL-200x200.jpg 200w, https:\/\/kifood.cn\/wp-content\/uploads\/2024\/04\/61rlZnI-dmL-100x100.jpg 100w, https:\/\/kifood.cn\/wp-content\/uploads\/2024\/04\/61rlZnI-dmL-50x50.jpg 50w\" sizes=\"(max-width: 1000px) 100vw, 1000px\" \/> <img loading=\"lazy\" decoding=\"async\" class=\"alignnone size-full wp-image-2648\" src=\"https:\/\/kifood.cn\/wp-content\/uploads\/2024\/04\/81QckQHTJcL.jpg\" alt=\"\" width=\"1000\" height=\"1000\" srcset=\"https:\/\/kifood.cn\/wp-content\/uploads\/2024\/04\/81QckQHTJcL.jpg 1000w, https:\/\/kifood.cn\/wp-content\/uploads\/2024\/04\/81QckQHTJcL-300x300.jpg 300w, https:\/\/kifood.cn\/wp-content\/uploads\/2024\/04\/81QckQHTJcL-150x150.jpg 150w, https:\/\/kifood.cn\/wp-content\/uploads\/2024\/04\/81QckQHTJcL-768x768.jpg 768w, https:\/\/kifood.cn\/wp-content\/uploads\/2024\/04\/81QckQHTJcL-200x200.jpg 200w, https:\/\/kifood.cn\/wp-content\/uploads\/2024\/04\/81QckQHTJcL-100x100.jpg 100w, https:\/\/kifood.cn\/wp-content\/uploads\/2024\/04\/81QckQHTJcL-50x50.jpg 50w\" sizes=\"(max-width: 1000px) 100vw, 1000px\" \/> <img loading=\"lazy\" decoding=\"async\" class=\"alignnone size-full wp-image-2653\" src=\"https:\/\/kifood.cn\/wp-content\/uploads\/2024\/04\/71IvHY1ipLL.jpg\" alt=\"\" width=\"1000\" height=\"1000\" srcset=\"https:\/\/kifood.cn\/wp-content\/uploads\/2024\/04\/71IvHY1ipLL.jpg 1000w, https:\/\/kifood.cn\/wp-content\/uploads\/2024\/04\/71IvHY1ipLL-300x300.jpg 300w, https:\/\/kifood.cn\/wp-content\/uploads\/2024\/04\/71IvHY1ipLL-150x150.jpg 150w, https:\/\/kifood.cn\/wp-content\/uploads\/2024\/04\/71IvHY1ipLL-768x768.jpg 768w, https:\/\/kifood.cn\/wp-content\/uploads\/2024\/04\/71IvHY1ipLL-200x200.jpg 200w, https:\/\/kifood.cn\/wp-content\/uploads\/2024\/04\/71IvHY1ipLL-100x100.jpg 100w, https:\/\/kifood.cn\/wp-content\/uploads\/2024\/04\/71IvHY1ipLL-50x50.jpg 50w\" sizes=\"(max-width: 1000px) 100vw, 1000px\" \/> <img loading=\"lazy\" decoding=\"async\" class=\"alignnone size-full wp-image-2656\" src=\"https:\/\/kifood.cn\/wp-content\/uploads\/2024\/04\/O1CN01S9jRa31kSrb5f6XEL_968604683-0-cib.jpg\" alt=\"\" width=\"800\" height=\"365\" srcset=\"https:\/\/kifood.cn\/wp-content\/uploads\/2024\/04\/O1CN01S9jRa31kSrb5f6XEL_968604683-0-cib.jpg 800w, https:\/\/kifood.cn\/wp-content\/uploads\/2024\/04\/O1CN01S9jRa31kSrb5f6XEL_968604683-0-cib-300x137.jpg 300w, https:\/\/kifood.cn\/wp-content\/uploads\/2024\/04\/O1CN01S9jRa31kSrb5f6XEL_968604683-0-cib-768x350.jpg 768w\" sizes=\"(max-width: 800px) 100vw, 800px\" \/><\/p>\n<ul class=\"a-unordered-list a-vertical a-spacing-mini\">\n<li class=\"a-spacing-mini\"><\/li>\n<\/ul>","protected":false},"excerpt":{"rendered":"<p><strong>Gro\u00dfe Salatschleuder:<\/strong> 6 Liter Fassungsverm\u00f6gen, geeignet f\u00fcr 4\u20137 Personen. Dient auch als platzsparender Gem\u00fcsewaschkorb. Effizient zum Trocknen von Obst und Gem\u00fcse.<\/p>\n<p><strong>Effizientes Design:<\/strong> Einhandbedienung; verf\u00fcgt \u00fcber einen Anti-Rutsch-Ring und einen Bremsknopf zum schnellen Anhalten und schnellen Entfernen von \u00fcbersch\u00fcssigem Wasser.<\/p>\n<p><strong>Sicheres Material:<\/strong> Hergestellt aus ABS und lebensmittelechtem PP, langlebig und sicher f\u00fcr den direkten Kontakt mit Lebensmitteln, f\u00fcr Hochgeschwindigkeitsrotationen geeignet.<\/p>\n<p><strong>Vielseitig einsetzbar:<\/strong> Funktioniert als Gem\u00fcse- und Obsttrockner. Der innere Korb dient als Waschkorb und die \u00e4u\u00dfere Sch\u00fcssel kann zum Mischen und Servieren verwendet werden.<\/p>","protected":false},"featured_media":2649,"comment_status":"open","ping_status":"closed","template":"","meta":{"site-sidebar-layout":"default","site-content-layout":"","ast-site-content-layout":"default","site-content-style":"default","site-sidebar-style":"default","ast-global-header-display":"","ast-banner-title-visibility":"","ast-main-header-display":"","ast-hfb-above-header-display":"","ast-hfb-below-header-display":"","ast-hfb-mobile-header-display":"","site-post-title":"","ast-breadcrumbs-content":"","ast-featured-img":"","footer-sml-layout":"","ast-disable-related-posts":"","theme-transparent-header-meta":"default","adv-header-id-meta":"","stick-header-meta":"default","header-above-stick-meta":"","header-main-stick-meta":"","header-below-stick-meta":"","astra-migrate-meta-layouts":"set","ast-page-background-enabled":"default","ast-page-background-meta":{"desktop":{"background-color":"var(--ast-global-color-4)","background-image":"","background-repeat":"repeat","background-position":"center center","background-size":"auto","background-attachment":"scroll","background-type":"","background-media":"","overlay-type":"","overlay-color":"","overlay-opacity":"","overlay-gradient":""},"tablet":{"background-color":"","background-image":"","background-repeat":"repeat","background-position":"center center","background-size":"auto","background-attachment":"scroll","background-type":"","background-media":"","overlay-type":"","overlay-color":"","overlay-opacity":"","overlay-gradient":""},"mobile":{"background-color":"","background-image":"","background-repeat":"repeat","background-position":"center center","background-size":"auto","background-attachment":"scroll","background-type":"","background-media":"","overlay-type":"","overlay-color":"","overlay-opacity":"","overlay-gradient":""}},"ast-content-background-meta":{"desktop":{"background-color":"var(--ast-global-color-5)","background-image":"","background-repeat":"repeat","background-position":"center center","background-size":"auto","background-attachment":"scroll","background-type":"","background-media":"","overlay-type":"","overlay-color":"","overlay-opacity":"","overlay-gradient":""},"tablet":{"background-color":"var(--ast-global-color-5)","background-image":"","background-repeat":"repeat","background-position":"center center","background-size":"auto","background-attachment":"scroll","background-type":"","background-media":"","overlay-type":"","overlay-color":"","overlay-opacity":"","overlay-gradient":""},"mobile":{"background-color":"var(--ast-global-color-5)","background-image":"","background-repeat":"repeat","background-position":"center center","background-size":"auto","background-attachment":"scroll","background-type":"","background-media":"","overlay-type":"","overlay-color":"","overlay-opacity":"","overlay-gradient":""}}},"product_brand":[],"product_cat":[80],"product_tag":[],"class_list":{"0":"post-2642","1":"product","2":"type-product","3":"status-publish","4":"has-post-thumbnail","6":"product_cat-kitchen-gadgets","7":"product_shipping_class-shipping-time-15-20-days","8":"desktop-align-left","9":"tablet-align-left","10":"mobile-align-left","12":"first","13":"instock","14":"sale","15":"shipping-taxable","16":"purchasable","17":"product-type-simple"},"_links":{"self":[{"href":"https:\/\/kifood.cn\/de\/wp-json\/wp\/v2\/product\/2642","targetHints":{"allow":["GET"]}}],"collection":[{"href":"https:\/\/kifood.cn\/de\/wp-json\/wp\/v2\/product"}],"about":[{"href":"https:\/\/kifood.cn\/de\/wp-json\/wp\/v2\/types\/product"}],"replies":[{"embeddable":true,"href":"https:\/\/kifood.cn\/de\/wp-json\/wp\/v2\/comments?post=2642"}],"wp:featuredmedia":[{"embeddable":true,"href":"https:\/\/kifood.cn\/de\/wp-json\/wp\/v2\/media\/2649"}],"wp:attachment":[{"href":"https:\/\/kifood.cn\/de\/wp-json\/wp\/v2\/media?parent=2642"}],"wp:term":[{"taxonomy":"product_brand","embeddable":true,"href":"https:\/\/kifood.cn\/de\/wp-json\/wp\/v2\/product_brand?post=2642"},{"taxonomy":"product_cat","embeddable":true,"href":"https:\/\/kifood.cn\/de\/wp-json\/wp\/v2\/product_cat?post=2642"},{"taxonomy":"product_tag","embeddable":true,"href":"https:\/\/kifood.cn\/de\/wp-json\/wp\/v2\/product_tag?post=2642"}],"curies":[{"name":"wp","href":"https:\/\/api.w.org\/{rel}","templated":true}]}}