{"id":2502,"date":"2024-04-22T07:22:00","date_gmt":"2024-04-22T07:22:00","guid":{"rendered":"https:\/\/kifood.cn\/?post_type=product&#038;p=2502"},"modified":"2024-05-09T06:08:08","modified_gmt":"2024-05-09T06:08:08","slug":"3pcs-set-plastic-cutting-boards-with-holder","status":"publish","type":"product","link":"https:\/\/kifood.cn\/de\/produkt\/3pcs-set-plastic-cutting-boards-with-holder\/","title":{"rendered":"3-teiliges\/Set Kunststoff-Schneidebretter mit Halter"},"content":{"rendered":"<div><strong style=\"font-size: 16px;\">Beschreibung:<\/strong><\/div>\n<div>\n<p>Material: Kunststoff<\/p>\n<p>Gr\u00f6\u00dfe: siehe Abbildung<\/p>\n<p>Farbe: Grau<\/p>\n<p><strong>Spezifikation:<\/strong><\/p>\n<p>Pr\u00e4zise Schneidefl\u00e4che \u2013 Unsere Schneidebretter aus dickem, robustem Kunststoff sind BPA- und latexfrei und bieten eine saubere Oberfl\u00e4che f\u00fcr die Zubereitung von Speisen bei jeder Mahlzeit.<\/p>\n<p>Saftrillen &amp; Griffe \u2013 Diese wendbaren Schneidebretter verf\u00fcgen \u00fcber Saftrillen zum Auffangen klebriger oder s\u00e4urehaltiger Fl\u00fcssigkeiten sowie \u00fcber rutschfeste Griffe zum Schutz von Ihnen und Oberfl\u00e4chen.<\/p>\n<p>Sicher, langlebig und leicht zu reinigen \u2013 Die porenfreie, extrem robuste Schneidefl\u00e4che ist schonend zu Besteck und Messern und kann zur schnellen und einfachen Reinigung in die Sp\u00fclmaschine gegeben werden.<\/p>\n<p>Hacken, Schaben &amp; W\u00fcrfeln \u2013 Unsere Oberfl\u00e4che ist robust genug, um intensivem Hacken, Schneiden, W\u00fcrfeln und scharfen Messern standzuhalten und nimmt auch bei langfristiger Nutzung keine Flecken oder Ger\u00fcche an.<\/p>\n<p data-spm-anchor-id=\"a2g0o.detail.1000023.i0.7924S153S153Nu\">100% Zufriedenheitsgarantie: Sollten Sie weitere Fragen dazu haben, kontaktieren Sie uns bitte.<\/p>\n<\/div>","protected":false},"excerpt":{"rendered":"<p>**Pr\u00e4zise Schneidefl\u00e4che:** Dickes, BPA-freies Plastik, ideal f\u00fcr die Zubereitung aller Mahlzeiten.<\/p>\n<p>**Saftrillen &amp; Griffe:** Ausgestattet mit Rillen zum Auffangen von Tropfen und rutschfesten Griffen.<\/p>\n<p>**Langlebig und leicht zu reinigen:** Nicht por\u00f6s, messerschonend und sp\u00fclmaschinenfest.<\/p>\n<p>**Vielseitige Verwendung:** Flecken- und geruchsabweisend, geeignet zum Hacken, Schneiden und W\u00fcrfeln.<\/p>\n<p>**Zufriedenheitsgarantie:** Bei Fragen kontaktieren Sie uns bitte.<\/p>","protected":false},"featured_media":2507,"comment_status":"open","ping_status":"closed","template":"","meta":{"site-sidebar-layout":"default","site-content-layout":"","ast-site-content-layout":"default","site-content-style":"default","site-sidebar-style":"default","ast-global-header-display":"","ast-banner-title-visibility":"","ast-main-header-display":"","ast-hfb-above-header-display":"","ast-hfb-below-header-display":"","ast-hfb-mobile-header-display":"","site-post-title":"","ast-breadcrumbs-content":"","ast-featured-img":"","footer-sml-layout":"","ast-disable-related-posts":"","theme-transparent-header-meta":"default","adv-header-id-meta":"","stick-header-meta":"default","header-above-stick-meta":"","header-main-stick-meta":"","header-below-stick-meta":"","astra-migrate-meta-layouts":"set","ast-page-background-enabled":"default","ast-page-background-meta":{"desktop":{"background-color":"var(--ast-global-color-4)","background-image":"","background-repeat":"repeat","background-position":"center center","background-size":"auto","background-attachment":"scroll","background-type":"","background-media":"","overlay-type":"","overlay-color":"","overlay-opacity":"","overlay-gradient":""},"tablet":{"background-color":"","background-image":"","background-repeat":"repeat","background-position":"center center","background-size":"auto","background-attachment":"scroll","background-type":"","background-media":"","overlay-type":"","overlay-color":"","overlay-opacity":"","overlay-gradient":""},"mobile":{"background-color":"","background-image":"","background-repeat":"repeat","background-position":"center center","background-size":"auto","background-attachment":"scroll","background-type":"","background-media":"","overlay-type":"","overlay-color":"","overlay-opacity":"","overlay-gradient":""}},"ast-content-background-meta":{"desktop":{"background-color":"var(--ast-global-color-5)","background-image":"","background-repeat":"repeat","background-position":"center center","background-size":"auto","background-attachment":"scroll","background-type":"","background-media":"","overlay-type":"","overlay-color":"","overlay-opacity":"","overlay-gradient":""},"tablet":{"background-color":"var(--ast-global-color-5)","background-image":"","background-repeat":"repeat","background-position":"center center","background-size":"auto","background-attachment":"scroll","background-type":"","background-media":"","overlay-type":"","overlay-color":"","overlay-opacity":"","overlay-gradient":""},"mobile":{"background-color":"var(--ast-global-color-5)","background-image":"","background-repeat":"repeat","background-position":"center center","background-size":"auto","background-attachment":"scroll","background-type":"","background-media":"","overlay-type":"","overlay-color":"","overlay-opacity":"","overlay-gradient":""}}},"product_brand":[],"product_cat":[83],"product_tag":[],"class_list":{"0":"post-2502","1":"product","2":"type-product","3":"status-publish","4":"has-post-thumbnail","6":"product_cat-cutting-board","7":"product_shipping_class-shipping-time-15-20-days","8":"desktop-align-left","9":"tablet-align-left","10":"mobile-align-left","12":"first","13":"instock","14":"shipping-taxable","15":"purchasable","16":"product-type-variable"},"_links":{"self":[{"href":"https:\/\/kifood.cn\/de\/wp-json\/wp\/v2\/product\/2502","targetHints":{"allow":["GET"]}}],"collection":[{"href":"https:\/\/kifood.cn\/de\/wp-json\/wp\/v2\/product"}],"about":[{"href":"https:\/\/kifood.cn\/de\/wp-json\/wp\/v2\/types\/product"}],"replies":[{"embeddable":true,"href":"https:\/\/kifood.cn\/de\/wp-json\/wp\/v2\/comments?post=2502"}],"wp:featuredmedia":[{"embeddable":true,"href":"https:\/\/kifood.cn\/de\/wp-json\/wp\/v2\/media\/2507"}],"wp:attachment":[{"href":"https:\/\/kifood.cn\/de\/wp-json\/wp\/v2\/media?parent=2502"}],"wp:term":[{"taxonomy":"product_brand","embeddable":true,"href":"https:\/\/kifood.cn\/de\/wp-json\/wp\/v2\/product_brand?post=2502"},{"taxonomy":"product_cat","embeddable":true,"href":"https:\/\/kifood.cn\/de\/wp-json\/wp\/v2\/product_cat?post=2502"},{"taxonomy":"product_tag","embeddable":true,"href":"https:\/\/kifood.cn\/de\/wp-json\/wp\/v2\/product_tag?post=2502"}],"curies":[{"name":"wp","href":"https:\/\/api.w.org\/{rel}","templated":true}]}}