{"id":2423,"date":"2024-04-22T05:53:00","date_gmt":"2024-04-22T05:53:00","guid":{"rendered":"https:\/\/kifood.cn\/?post_type=product&#038;p=2423"},"modified":"2024-05-09T07:27:08","modified_gmt":"2024-05-09T07:27:08","slug":"thick-marble-cutting-board-for-meat-and-vegetable-chopping","status":"publish","type":"product","link":"https:\/\/kifood.cn\/de\/produkt\/thick-marble-cutting-board-for-meat-and-vegetable-chopping\/","title":{"rendered":"Dickes Marmor-Schneidebrett zum Fleisch- und Gem\u00fcseschneiden"},"content":{"rendered":"<div class=\"detailmodule_html\">\n<div class=\"detail-desc-decorate-richtext\">\n<p><strong>Beschreibung<\/strong><br \/>\nDiese Schneidematten sind preiswert und praktisch und besser als Ihr \u00fcbliches Schneidebrett. Hergestellt aus hochwertigem Material. Erm\u00f6glicht einfaches Hacken und Schneiden. Gro\u00df genug f\u00fcr eine betr\u00e4chtliche Menge, aber genau die richtige Gr\u00f6\u00dfe, um die Handhabung zu einem Kinderspiel zu machen.<\/p>\n<p><strong>Merkmale<\/strong><\/p>\n<p>\u2013 Unsere aus dickem, strapazierf\u00e4higem Kunststoff gefertigten Schneidebretter bieten bei jeder Mahlzeit eine saubere Oberfl\u00e4che zur Lebensmittelzubereitung.<\/p>\n<p>\u2013 Eine porenfreie, ultrastarke Schneidefl\u00e4che ist schonend f\u00fcr Besteck und Messer und kann f\u00fcr eine schnelle, einfache Reinigung in die Sp\u00fclmaschine gegeben werden.<\/p>\n<p>\u2013 F\u00fcr Lebensmittel geeignet: Aus robustem, langlebigem Kunststoff gefertigt. Die Schneidebretter verziehen sich nicht, bl\u00e4ttern nicht ab, rei\u00dfen nicht und verf\u00e4rben sich nicht.<\/p>\n<p>\u2013 Schneidebrett f\u00fcr die K\u00fcche: gro\u00df und bequem. Erleichtert den Transport des Schneidebretts zwischen Ihrer Schneidestation und Ihrem Herd. Tolle Geschenkidee f\u00fcr Weihnachten, Feiertage oder Camping. Perfekt f\u00fcr den Metzger oder jedes Haus.<\/p>\n<p>\u2013 Wenn Sie ein Problem mit Ihren Schneidebrettern haben, z\u00f6gern Sie nicht, uns zu kontaktieren \u2013 Ihre Zufriedenheit steht an erster Stelle!<\/p>\n<p>\u2013 Material: PP.<br \/>\n\u2013 Farbe: Wie abgebildet.<br \/>\n\u2013 Durchmesser: 31\/12,2 Zoll.<br \/>\n\u2013 Unsere Schneidebretter sind aus dickem, strapazierf\u00e4higem Material gefertigt und bieten eine saubere Zubereitungsfl\u00e4che f\u00fcr jede Mahlzeit.<br \/>\n\u2013 Eine nicht-por\u00f6se, robuste Schneidfl\u00e4che ist schonend zum Besteck und kann f\u00fcr eine schnelle, einfache Reinigung in die Sp\u00fclmaschine gegeben werden.<br \/>\n\u2013 abgestuft: hergestellt aus robustem, langlebigem Material <strong>Merkmale<\/strong><\/p>\n<p>\u2013 Unsere Schneidebretter sind aus dickem, strapazierf\u00e4higem Kunststoff gefertigt und bieten eine saubere Oberfl\u00e4che f\u00fcr die Zubereitung von Speisen bei jeder Mahlzeit.|- Eine porenfreie, ultrastarke Schneidefl\u00e4che ist sanft zu Besteck und Messern und kann f\u00fcr eine schnelle, einfache Reinigung in die Sp\u00fclmaschine gegeben werden.|- F\u00fcr Lebensmittel geeignet: Hergestellt aus Kunststoff mit robusten, langlebigen Eigenschaften. Die Schneidebretter verziehen sich nicht, bl\u00e4ttern nicht ab, rei\u00dfen nicht und verf\u00e4rben sich nicht.|- Schneidebrett f\u00fcr die K\u00fcche: gro\u00df und bequem. Erleichtert den Transport des Schneidebretts zwischen Ihrer Schneidestation und Ihrem Herd. Tolle Geschenkidee f\u00fcr Weihnachten, Feiertage oder Camping. Perfekt f\u00fcr den Metzger oder jedes Haus.|- Wenn Sie ein Problem mit Ihren Schneidebrettern haben, z\u00f6gern Sie nicht, uns zu kontaktieren \u2013 Ihre Zufriedenheit steht an erster Stelle!<strong>.Die Schneidebretter verziehen, bl\u00e4ttern oder verf\u00e4rben sich nicht.<br \/>\n\u2013 Schneidebrett f\u00fcr die K\u00fcche: gro\u00df und bequem. Erleichtert den Transport des Schneidebretts zwischen Ihrer Schneidestation und Ihrem Herd. Tolle Geschenkidee f\u00fcr Weihnachten, Feiertage oder Camping. Perfekt f\u00fcr den Metzger oder jedes Haus.<br \/>\n\u2013 Wenn Sie ein Problem mit Ihren Schneidebrettern haben, z\u00f6gern Sie nicht, uns zu kontaktieren \u2013 Ihre Zufriedenheit steht an erster Stelle!<\/strong><\/p>\n<p>Paket inklusive<br \/>\n1 x Schneidebrett<\/p>\n<p><img decoding=\"async\" src=\"https:\/\/ae01.alicdn.com\/kf\/S870e22397fc345ff98e8cabc72c811dad.jpg\" \/><\/p>\n<p><img decoding=\"async\" src=\"https:\/\/ae01.alicdn.com\/kf\/S344e89cd5f24455e93f4c49aedc8d984Z.jpg\" \/><\/p>\n<p><img decoding=\"async\" src=\"https:\/\/ae01.alicdn.com\/kf\/Sf7eab36c293549cf9b2079902e789e38J.jpg\" \/><\/p>\n<p><img decoding=\"async\" src=\"https:\/\/ae01.alicdn.com\/kf\/Sd9a22a9453924bde9e7d25cce51ed500G.jpg\" \/><\/p>\n<\/div>\n<\/div>","protected":false},"excerpt":{"rendered":"<p>\u2013 Unsere aus dickem, strapazierf\u00e4higem Kunststoff gefertigten Schneidebretter bieten bei jeder Mahlzeit eine saubere Oberfl\u00e4che zur Lebensmittelzubereitung.<\/p>\n<p>\u2013 Eine porenfreie, ultrastarke Schneidefl\u00e4che ist schonend f\u00fcr Besteck und Messer und kann f\u00fcr eine schnelle, einfache Reinigung in die Sp\u00fclmaschine gegeben werden.<\/p>\n<p>\u2013 F\u00fcr Lebensmittel geeignet: Aus robustem, langlebigem Kunststoff gefertigt. Die Schneidebretter verziehen sich nicht, bl\u00e4ttern nicht ab, rei\u00dfen nicht und verf\u00e4rben sich nicht.<\/p>\n<p>\u2013 Schneidebrett f\u00fcr die K\u00fcche: gro\u00df und bequem. Erleichtert den Transport des Schneidebretts zwischen Ihrer Schneidestation und Ihrem Herd. Tolle Geschenkidee f\u00fcr Weihnachten, Feiertage oder Camping. Perfekt f\u00fcr den Metzger oder jedes Haus.<\/p>\n<p>\u2013 Wenn Sie ein Problem mit Ihren Schneidebrettern haben, z\u00f6gern Sie nicht, uns zu kontaktieren \u2013 Ihre Zufriedenheit steht an erster Stelle!<\/p>","protected":false},"featured_media":2424,"comment_status":"open","ping_status":"closed","template":"","meta":{"site-sidebar-layout":"default","site-content-layout":"","ast-site-content-layout":"default","site-content-style":"default","site-sidebar-style":"default","ast-global-header-display":"","ast-banner-title-visibility":"","ast-main-header-display":"","ast-hfb-above-header-display":"","ast-hfb-below-header-display":"","ast-hfb-mobile-header-display":"","site-post-title":"","ast-breadcrumbs-content":"","ast-featured-img":"","footer-sml-layout":"","ast-disable-related-posts":"","theme-transparent-header-meta":"default","adv-header-id-meta":"","stick-header-meta":"default","header-above-stick-meta":"","header-main-stick-meta":"","header-below-stick-meta":"","astra-migrate-meta-layouts":"set","ast-page-background-enabled":"default","ast-page-background-meta":{"desktop":{"background-color":"var(--ast-global-color-4)","background-image":"","background-repeat":"repeat","background-position":"center center","background-size":"auto","background-attachment":"scroll","background-type":"","background-media":"","overlay-type":"","overlay-color":"","overlay-opacity":"","overlay-gradient":""},"tablet":{"background-color":"","background-image":"","background-repeat":"repeat","background-position":"center center","background-size":"auto","background-attachment":"scroll","background-type":"","background-media":"","overlay-type":"","overlay-color":"","overlay-opacity":"","overlay-gradient":""},"mobile":{"background-color":"","background-image":"","background-repeat":"repeat","background-position":"center center","background-size":"auto","background-attachment":"scroll","background-type":"","background-media":"","overlay-type":"","overlay-color":"","overlay-opacity":"","overlay-gradient":""}},"ast-content-background-meta":{"desktop":{"background-color":"var(--ast-global-color-5)","background-image":"","background-repeat":"repeat","background-position":"center center","background-size":"auto","background-attachment":"scroll","background-type":"","background-media":"","overlay-type":"","overlay-color":"","overlay-opacity":"","overlay-gradient":""},"tablet":{"background-color":"var(--ast-global-color-5)","background-image":"","background-repeat":"repeat","background-position":"center center","background-size":"auto","background-attachment":"scroll","background-type":"","background-media":"","overlay-type":"","overlay-color":"","overlay-opacity":"","overlay-gradient":""},"mobile":{"background-color":"var(--ast-global-color-5)","background-image":"","background-repeat":"repeat","background-position":"center center","background-size":"auto","background-attachment":"scroll","background-type":"","background-media":"","overlay-type":"","overlay-color":"","overlay-opacity":"","overlay-gradient":""}}},"product_brand":[],"product_cat":[83],"product_tag":[],"class_list":{"0":"post-2423","1":"product","2":"type-product","3":"status-publish","4":"has-post-thumbnail","6":"product_cat-cutting-board","7":"product_shipping_class-shipping-time-15-20-days","8":"desktop-align-left","9":"tablet-align-left","10":"mobile-align-left","12":"first","13":"instock","14":"sale","15":"shipping-taxable","16":"purchasable","17":"product-type-simple"},"_links":{"self":[{"href":"https:\/\/kifood.cn\/de\/wp-json\/wp\/v2\/product\/2423","targetHints":{"allow":["GET"]}}],"collection":[{"href":"https:\/\/kifood.cn\/de\/wp-json\/wp\/v2\/product"}],"about":[{"href":"https:\/\/kifood.cn\/de\/wp-json\/wp\/v2\/types\/product"}],"replies":[{"embeddable":true,"href":"https:\/\/kifood.cn\/de\/wp-json\/wp\/v2\/comments?post=2423"}],"wp:featuredmedia":[{"embeddable":true,"href":"https:\/\/kifood.cn\/de\/wp-json\/wp\/v2\/media\/2424"}],"wp:attachment":[{"href":"https:\/\/kifood.cn\/de\/wp-json\/wp\/v2\/media?parent=2423"}],"wp:term":[{"taxonomy":"product_brand","embeddable":true,"href":"https:\/\/kifood.cn\/de\/wp-json\/wp\/v2\/product_brand?post=2423"},{"taxonomy":"product_cat","embeddable":true,"href":"https:\/\/kifood.cn\/de\/wp-json\/wp\/v2\/product_cat?post=2423"},{"taxonomy":"product_tag","embeddable":true,"href":"https:\/\/kifood.cn\/de\/wp-json\/wp\/v2\/product_tag?post=2423"}],"curies":[{"name":"wp","href":"https:\/\/api.w.org\/{rel}","templated":true}]}}